{"id":1242,"date":"2021-08-26T19:50:51","date_gmt":"2021-08-26T19:50:51","guid":{"rendered":"https:\/\/garrcorpcomputer.com\/?post_type=product&#038;p=1242"},"modified":"2021-08-31T21:10:41","modified_gmt":"2021-09-01T02:10:41","slug":"paq-rollo-termico-para-impresora-pos-80mm-x-2","status":"publish","type":"product","link":"https:\/\/garrcorpcomputer.com\/index.php\/producto\/paq-rollo-termico-para-impresora-pos-80mm-x-2\/","title":{"rendered":"PAQ ROLLO TERMICO PARA IMPRESORA POS  80MM x 2"},"content":{"rendered":"","protected":false},"excerpt":{"rendered":"","protected":false},"featured_media":1245,"comment_status":"closed","ping_status":"closed","template":"","meta":{"om_disable_all_campaigns":false,"_mi_skip_tracking":false,"spay_email":"","jetpack_publicize_message":"","jetpack_is_tweetstorm":false},"product_cat":[70,21],"product_tag":[],"jetpack_publicize_connections":[],"jetpack-related-posts":[{"id":4125,"url":"https:\/\/garrcorpcomputer.com\/index.php\/producto\/impresora-ricoh-im-430f\/","url_meta":{"origin":1242,"position":0},"title":"Impresora Ricoh IM 430F","date":"27 de agosto de 2021","format":false,"excerpt":"Motor \/ Especificaciones generales Configuracion Escritorio Panel de control Panel de operaci\u00f3n inteligente de 10.1 \" Color \/ negro y blanco Blanco negro Velocidad de salida Copiar \/ Imprimir 45 ppm (formato carta) Tiempo de salida de la primera p\u00e1gina Menos de 5 segundos Tiempo de calentamiento 24 segundos Resoluci\u00f3n\u2026","rel":"","context":"Entrada similar","img":{"alt_text":"","src":"https:\/\/i2.wp.com\/garrcorpcomputer.com\/wp-content\/uploads\/2021\/08\/eqp-im-430F-10.png?fit=504%2C528&ssl=1&resize=350%2C200","width":350,"height":200},"classes":[]},{"id":4117,"url":"https:\/\/garrcorpcomputer.com\/index.php\/producto\/impresora-ricoh-mp-301spf-remanufacturada\/","url_meta":{"origin":1242,"position":1},"title":"IMPRESORA RICOH MP 301SPF (REMANUFACTURADA)","date":"27 de agosto de 2021","format":false,"excerpt":"Consumo t\u00edpico de energ\u00eda (TEC) 0,696 kWh \/ semana El valor TEC se mide en base al m\u00e9todo de prueba ENERGY STAR Ver.3.0. Motor \/ Especificaciones generales Configuracion Escritorio Elemento de escaneo Plataforma con elemento de sensor de imagen y conjunto CCD Proceso de impresi\u00f3n Impresi\u00f3n electrofotogr\u00e1fica y escaneo \/\u2026","rel":"","context":"Entrada similar","img":{"alt_text":"","src":"https:\/\/i0.wp.com\/garrcorpcomputer.com\/wp-content\/uploads\/2021\/08\/WhatsApp-Image-2021-08-27-at-4.04.37-PM.jpeg?fit=600%2C1200&ssl=1&resize=350%2C200","width":350,"height":200},"classes":[]},{"id":4445,"url":"https:\/\/garrcorpcomputer.com\/index.php\/producto\/portatil-asus-x509ua-ej345-core3-7020u-4gb-256gb-ssd-linux-m05910\/","url_meta":{"origin":1242,"position":2},"title":"Port\u00e1til Asus X509ua-ej345 Core!3- 7020u 4GB 256Gb Ssd Linux-M05910","date":"31 de agosto de 2021","format":false,"excerpt":"Procesador: Intel Core i3 7020U 2 N\u00facleos (DualCore) 2.30 GHz \u00a0Gr\u00e1ficos: Integrados Gr\u00e1ficos HD Intel\u00ae 620 Memoria RAM: 4GB OnBoard DDR4 2400 MHz Sistema operativo: Linux Disco Duro: 256GB SSD Conexi\u00f3n M2 PCIe Pantalla: 15.6 Pulgadas Full HD (1920 * 1080) con Bordes Reducidos (Nano Edge) Conectividad: Wi-Fi 5 (802.11\u2026","rel":"","context":"Entrada similar","img":{"alt_text":"","src":"https:\/\/i1.wp.com\/garrcorpcomputer.com\/wp-content\/uploads\/2021\/08\/portatil-1-1.png?fit=391%2C263&ssl=1&resize=350%2C200","width":350,"height":200},"classes":[]},{"id":4457,"url":"https:\/\/garrcorpcomputer.com\/index.php\/producto\/portatil-hp-15-da2027la-core5-10210u-4gb-256gb-m-2-freedos-2c6z2la\/","url_meta":{"origin":1242,"position":3},"title":"Port\u00e1til Hp 15-da2027la Core\u00a15 10210u 4GB 256GB M.2 Freedos-2C6Z2LA","date":"31 de agosto de 2021","format":false,"excerpt":"Procesador: Intel Core i5 10210U Quad Core 1.60 GHz a 4.20 GHz Memoria: 4 GB de SDRAM DDR4-2666 (1 x 4 GB) Almacenamiento: SSD 256GB DDR4-2666 Conexi\u00f3n M2 Gr\u00e1ficos: Gr\u00e1ficos Intel\u00ae UHD Pantalla: 15,6 \"en diagonal, HD (1366 x 768), BrightView, 220 nits, 45% NTSC Sistema Operativo: Free DOS (Sin\u2026","rel":"","context":"Entrada similar","img":{"alt_text":"","src":"https:\/\/i0.wp.com\/garrcorpcomputer.com\/wp-content\/uploads\/2021\/08\/portatil-5.png?fit=400%2C202&ssl=1&resize=350%2C200","width":350,"height":200},"classes":[]},{"id":4453,"url":"https:\/\/garrcorpcomputer.com\/index.php\/producto\/portatil-lenovo-v145-14ast-amd-a6-9225-4gb-500gb-win-10h-81ms000xlm\/","url_meta":{"origin":1242,"position":4},"title":"Port\u00e1til Lenovo V145-14ast Amd A6-9225 4GB 500GB Win 10H &#8211; 81MS000XLM","date":"31 de agosto de 2021","format":false,"excerpt":"Procesador: AMD A6-9225 2.6 GHz Memoria Ram: 4GB DDR4 Disco Duro: Disco duro de 500 Gb 5400 rpm Sistema Operativo de f\u00e1brica: Windows 10 Home Pantalla: 14 \"HD (1366 x 768) Teclado en espa\u00f1ol sin Teclado num\u00e9rico Audio: altavoces st\u00e9reo; Micr\u00f3fono Integrado Unidad de cd: No C\u00e1mara Web: Integrada Conectividad:\u2026","rel":"","context":"Entrada similar","img":{"alt_text":"","src":"https:\/\/i1.wp.com\/garrcorpcomputer.com\/wp-content\/uploads\/2021\/08\/portatil-4.png?fit=303%2C279&ssl=1&resize=350%2C200","width":350,"height":200},"classes":[]},{"id":4450,"url":"https:\/\/garrcorpcomputer.com\/index.php\/producto\/portatil-lenovo-thinkbook-14-core-i3-10110u-4gb-1tera-w10h-licencia-kaspersky-20rv00qulm\/","url_meta":{"origin":1242,"position":5},"title":"Portatil Lenovo Thinkbook 14 Core I3 10110u 4GB 1tera W10h + licencia kaspersky &#8211; 20RV00QULm","date":"31 de agosto de 2021","format":false,"excerpt":"\u00a0 \u00a0","rel":"","context":"Entrada similar","img":{"alt_text":"","src":"https:\/\/i1.wp.com\/garrcorpcomputer.com\/wp-content\/uploads\/2021\/08\/portatil-3.png?fit=371%2C246&ssl=1&resize=350%2C200","width":350,"height":200},"classes":[]}],"jetpack_sharing_enabled":true,"_links":{"self":[{"href":"https:\/\/garrcorpcomputer.com\/index.php\/wp-json\/wp\/v2\/product\/1242"}],"collection":[{"href":"https:\/\/garrcorpcomputer.com\/index.php\/wp-json\/wp\/v2\/product"}],"about":[{"href":"https:\/\/garrcorpcomputer.com\/index.php\/wp-json\/wp\/v2\/types\/product"}],"replies":[{"embeddable":true,"href":"https:\/\/garrcorpcomputer.com\/index.php\/wp-json\/wp\/v2\/comments?post=1242"}],"version-history":[{"count":0,"href":"https:\/\/garrcorpcomputer.com\/index.php\/wp-json\/wp\/v2\/product\/1242\/revisions"}],"wp:featuredmedia":[{"embeddable":true,"href":"https:\/\/garrcorpcomputer.com\/index.php\/wp-json\/wp\/v2\/media\/1245"}],"wp:attachment":[{"href":"https:\/\/garrcorpcomputer.com\/index.php\/wp-json\/wp\/v2\/media?parent=1242"}],"wp:term":[{"taxonomy":"product_cat","embeddable":true,"href":"https:\/\/garrcorpcomputer.com\/index.php\/wp-json\/wp\/v2\/product_cat?post=1242"},{"taxonomy":"product_tag","embeddable":true,"href":"https:\/\/garrcorpcomputer.com\/index.php\/wp-json\/wp\/v2\/product_tag?post=1242"}],"curies":[{"name":"wp","href":"https:\/\/api.w.org\/{rel}","templated":true}]}}