{"id":4091,"date":"2021-08-27T19:16:11","date_gmt":"2021-08-27T19:16:11","guid":{"rendered":"https:\/\/garrcorpcomputer.com\/?post_type=product&#038;p=4091"},"modified":"2021-08-27T23:08:16","modified_gmt":"2021-08-27T23:08:16","slug":"mouse-ref-01","status":"publish","type":"product","link":"https:\/\/garrcorpcomputer.com\/index.php\/producto\/mouse-ref-01\/","title":{"rendered":"Mouse  Genius Bluetooth Traveler 9005bt"},"content":{"rendered":"<ul>\n<li>Funciona sobre casi cualquier\u00a0 superficie<\/li>\n<li>Mouse Bluetooth EDR 2.0 con tecnolog\u00eda BlueEye<\/li>\n<li>Compatible con windows y MacOS<\/li>\n<li>Frecuencia 2.4 GHz BlueEye<\/li>\n<li>Sensor \u00f3ptico DPI 1200<\/li>\n<li>Botones 3 incluido scroll Dos pilas AA<\/li>\n<\/ul>\n","protected":false},"excerpt":{"rendered":"<p>Funciona sobre casi cualquier\u00a0 superficie Mouse Bluetooth EDR 2.0 con tecnolog\u00eda BlueEye Compatible con windows y MacOS Frecuencia 2.4 GHz BlueEye Sensor \u00f3ptico DPI 1200 Botones 3 incluido scroll Dos pilas AA<\/p>\n","protected":false},"featured_media":4092,"comment_status":"closed","ping_status":"closed","template":"","meta":{"om_disable_all_campaigns":false,"_mi_skip_tracking":false,"spay_email":"","jetpack_publicize_message":"","jetpack_is_tweetstorm":false},"product_cat":[51],"product_tag":[],"jetpack_publicize_connections":[],"jetpack-related-posts":[{"id":5694,"url":"https:\/\/garrcorpcomputer.com\/index.php\/producto\/mouse-logitech-inalambrico-bluetooth-m535\/","url_meta":{"origin":4091,"position":0},"title":"Mouse Logitech inal\u00e1mbrico bluetooth M535","date":"10 de septiembre de 2021","format":false,"excerpt":"","rel":"","context":"Entrada similar","img":{"alt_text":"","src":"https:\/\/i2.wp.com\/garrcorpcomputer.com\/wp-content\/uploads\/2021\/09\/mouse-18-2.png?fit=352%2C232&ssl=1&resize=350%2C200","width":350,"height":200},"classes":[]},{"id":4292,"url":"https:\/\/garrcorpcomputer.com\/index.php\/producto\/combo-gamer-4-en-1-teclado-pad-mouse-mouse-y-altavoces-jrgb-jr-ctmgjr-013\/","url_meta":{"origin":4091,"position":1},"title":"Combo Gamer 4 en 1 (Teclado, Pad Mouse, Mouse y altavoces JRGB J&#038;R CTMGJR-013","date":"29 de agosto de 2021","format":false,"excerpt":"11 TECLAS MULTIMEDIA MOUSE 7D 7BOTONES DPI AJUSTABLE (800 - 4800) MOUSE PAD PROFESIONAL ALTAVOCES USB CON EXCELENTE CALIDAD DE SONIDO E ILUMINACI\u00d3N","rel":"","context":"Entrada similar","img":{"alt_text":"","src":"https:\/\/i1.wp.com\/garrcorpcomputer.com\/wp-content\/uploads\/2021\/08\/combo-gamer-3.png?fit=582%2C393&ssl=1&resize=350%2C200","width":350,"height":200},"classes":[]},{"id":4332,"url":"https:\/\/garrcorpcomputer.com\/index.php\/producto\/combo-mouse-n3-gamer-mouse-a30-retroiluminado-ref-2020067\/","url_meta":{"origin":4091,"position":2},"title":"COMBO MOUSE N3 GAMER + MOUSE A30 RETROILUMINADO REF 2020067","date":"30 de agosto de 2021","format":false,"excerpt":"A30 LUCES MULTICOLOR CONEXI\u00d3N USB 3 BOTONES INCLUIDO SCROLL","rel":"","context":"Entrada similar","img":{"alt_text":"","src":"https:\/\/i2.wp.com\/garrcorpcomputer.com\/wp-content\/uploads\/2021\/08\/COMBO-GAMER-8-1.png?fit=382%2C443&ssl=1&resize=350%2C200","width":350,"height":200},"classes":[]},{"id":4380,"url":"https:\/\/garrcorpcomputer.com\/index.php\/producto\/mouse-usb-consmo-cp87\/","url_meta":{"origin":4091,"position":3},"title":"MOUSE USB CONSMO CP87","date":"30 de agosto de 2021","format":false,"excerpt":"Mouse con sensor \u00f3ptico 2 botones + scroll 1200 DPI Cable 1.5 mt Conexi\u00f3n USB plug and play","rel":"","context":"Entrada similar","img":{"alt_text":"","src":"https:\/\/i2.wp.com\/garrcorpcomputer.com\/wp-content\/uploads\/2021\/08\/mouse-10-1.png?fit=422%2C442&ssl=1&resize=350%2C200","width":350,"height":200},"classes":[]},{"id":4371,"url":"https:\/\/garrcorpcomputer.com\/index.php\/producto\/teclado-y-mouse-inalambrico-ws630\/","url_meta":{"origin":4091,"position":4},"title":"TECLADO Y MOUSE INAL\u00c1MBRICO WS630","date":"30 de agosto de 2021","format":false,"excerpt":"Teclado en espa\u00f1ol Conexi\u00f3n inal\u00e1mbrica 2.4 Ghz Teclado tipo mec\u00e1nico 108 teclas alfa num\u00e9ricas con impresi\u00f3n l\u00e1ser 1 bater\u00eda AA MOUSE Mouse de 1000 DPI Conexi\u00f3n inal\u00e1mbrica 2.4 Ghz 3 botones + scroll Alcance 10 mt 2 bater\u00edas \u00a0AAA","rel":"","context":"Entrada similar","img":{"alt_text":"","src":"https:\/\/i1.wp.com\/garrcorpcomputer.com\/wp-content\/uploads\/2021\/08\/combo-teclado-y-mouse-2.png?fit=752%2C213&ssl=1&resize=350%2C200","width":350,"height":200},"classes":[]},{"id":4377,"url":"https:\/\/garrcorpcomputer.com\/index.php\/producto\/mouse-sencillo-usb-consmo-mt-220\/","url_meta":{"origin":4091,"position":5},"title":"MOUSE SENCILLO USB CONSMO MT-220","date":"30 de agosto de 2021","format":false,"excerpt":"Mouse \u00f3ptico 2 botones + scroll 800 DPI Conexi\u00f3n USB plug and play","rel":"","context":"Entrada similar","img":{"alt_text":"","src":"https:\/\/i0.wp.com\/garrcorpcomputer.com\/wp-content\/uploads\/2021\/08\/mouse-9-1.png?fit=398%2C483&ssl=1&resize=350%2C200","width":350,"height":200},"classes":[]}],"jetpack_sharing_enabled":true,"_links":{"self":[{"href":"https:\/\/garrcorpcomputer.com\/index.php\/wp-json\/wp\/v2\/product\/4091"}],"collection":[{"href":"https:\/\/garrcorpcomputer.com\/index.php\/wp-json\/wp\/v2\/product"}],"about":[{"href":"https:\/\/garrcorpcomputer.com\/index.php\/wp-json\/wp\/v2\/types\/product"}],"replies":[{"embeddable":true,"href":"https:\/\/garrcorpcomputer.com\/index.php\/wp-json\/wp\/v2\/comments?post=4091"}],"version-history":[{"count":0,"href":"https:\/\/garrcorpcomputer.com\/index.php\/wp-json\/wp\/v2\/product\/4091\/revisions"}],"wp:featuredmedia":[{"embeddable":true,"href":"https:\/\/garrcorpcomputer.com\/index.php\/wp-json\/wp\/v2\/media\/4092"}],"wp:attachment":[{"href":"https:\/\/garrcorpcomputer.com\/index.php\/wp-json\/wp\/v2\/media?parent=4091"}],"wp:term":[{"taxonomy":"product_cat","embeddable":true,"href":"https:\/\/garrcorpcomputer.com\/index.php\/wp-json\/wp\/v2\/product_cat?post=4091"},{"taxonomy":"product_tag","embeddable":true,"href":"https:\/\/garrcorpcomputer.com\/index.php\/wp-json\/wp\/v2\/product_tag?post=4091"}],"curies":[{"name":"wp","href":"https:\/\/api.w.org\/{rel}","templated":true}]}}