{"id":4094,"date":"2021-08-27T19:29:41","date_gmt":"2021-08-27T19:29:41","guid":{"rendered":"https:\/\/garrcorpcomputer.com\/?post_type=product&#038;p=4094"},"modified":"2021-08-27T23:09:11","modified_gmt":"2021-08-27T23:09:11","slug":"mouse-genius-usb-dx-120","status":"publish","type":"product","link":"https:\/\/garrcorpcomputer.com\/index.php\/producto\/mouse-genius-usb-dx-120\/","title":{"rendered":"Mouse Genius USB DX-120"},"content":{"rendered":"<ul>\n<li><span style=\"vertical-align: inherit;\"><span style=\"vertical-align: inherit;\"><span style=\"vertical-align: inherit;\"><span style=\"vertical-align: inherit;\"><span style=\"vertical-align: inherit;\"><span style=\"vertical-align: inherit;\">Genial para ambas manos<\/span><\/span><\/span><\/span><\/span><\/span><\/li>\n<li><span style=\"vertical-align: inherit;\"><span style=\"vertical-align: inherit;\"><span style=\"vertical-align: inherit;\"><span style=\"vertical-align: inherit;\"><span style=\"vertical-align: inherit;\"><span style=\"vertical-align: inherit;\">Compatible con Windows y MacOS<\/span><\/span><\/span><\/span><\/span><\/span><\/li>\n<li><span style=\"vertical-align: inherit;\"><span style=\"vertical-align: inherit;\"><span style=\"vertical-align: inherit;\"><span style=\"vertical-align: inherit;\"><span style=\"vertical-align: inherit;\"><span style=\"vertical-align: inherit;\">Interfaz USB<\/span><\/span><\/span><\/span><\/span><\/span><\/li>\n<li><span style=\"vertical-align: inherit;\"><span style=\"vertical-align: inherit;\"><span style=\"vertical-align: inherit;\"><span style=\"vertical-align: inherit;\"><span style=\"vertical-align: inherit;\"><span style=\"vertical-align: inherit;\">Cable de 1,5 m<\/span><\/span><\/span><\/span><\/span><\/span><\/li>\n<li><span style=\"vertical-align: inherit;\"><span style=\"vertical-align: inherit;\"><span style=\"vertical-align: inherit;\"><span style=\"vertical-align: inherit;\"><span style=\"vertical-align: inherit;\"><span style=\"vertical-align: inherit;\">Sensor \u00f3ptico<\/span><\/span><\/span><\/span><\/span><\/span><\/li>\n<li><span style=\"vertical-align: inherit;\"><span style=\"vertical-align: inherit;\"><span style=\"vertical-align: inherit;\"><span style=\"vertical-align: inherit;\"><span style=\"vertical-align: inherit;\"><span style=\"vertical-align: inherit;\">DPI 1000<\/span><\/span><\/span><\/span><\/span><\/span><\/li>\n<li><span style=\"vertical-align: inherit;\"><span style=\"vertical-align: inherit;\"><span style=\"vertical-align: inherit;\"><span style=\"vertical-align: inherit;\"><span style=\"vertical-align: inherit;\"><span style=\"vertical-align: inherit;\">Botones 3 incluido scroll<\/span><\/span><\/span><\/span><\/span><\/span><\/li>\n<\/ul>\n","protected":false},"excerpt":{"rendered":"<p>Genial para ambas manos Compatible con Windows y MacOS Interfaz USB Cable de 1,5 m Sensor \u00f3ptico DPI 1000 Botones 3 incluido scroll<\/p>\n","protected":false},"featured_media":4095,"comment_status":"closed","ping_status":"closed","template":"","meta":{"om_disable_all_campaigns":false,"_mi_skip_tracking":false,"spay_email":"","jetpack_publicize_message":"","jetpack_is_tweetstorm":false},"product_cat":[51],"product_tag":[],"jetpack_publicize_connections":[],"jetpack-related-posts":[{"id":4108,"url":"https:\/\/garrcorpcomputer.com\/index.php\/producto\/mouse-retractil-usb-genius-micro-traveler\/","url_meta":{"origin":4094,"position":0},"title":"Mouse retractil USB Genius micro Traveler","date":"27 de agosto de 2021","format":false,"excerpt":"M\u00faltiples colores para combinar con su notebook Gran potabilidad con cable retr\u00e1ctil Compatible con Windows y MacOS Interfaz USB Sensor \u00f3ptico DPI 1000 Botones 3 incluido scroll Longitud de cable de alimentaci\u00f3n 0.86m","rel":"","context":"Entrada similar","img":{"alt_text":"","src":"https:\/\/i0.wp.com\/garrcorpcomputer.com\/wp-content\/uploads\/2021\/08\/mouse-7.png?fit=962%2C356&ssl=1&resize=350%2C200","width":350,"height":200},"classes":[]},{"id":4089,"url":"https:\/\/garrcorpcomputer.com\/index.php\/producto\/combo-teclado-y-mouse-ref-01\/","url_meta":{"origin":4094,"position":1},"title":"Combo Genius USB KM-160","date":"27 de agosto de 2021","format":false,"excerpt":"Mouse movimiento r\u00e1pido y sensible Teclado silencioso y suave Compatible con Windows y Mac OS Interfaz USB","rel":"","context":"Entrada similar","img":{"alt_text":"","src":"https:\/\/i2.wp.com\/garrcorpcomputer.com\/wp-content\/uploads\/2021\/08\/combo-teclado-mouse-1.png?fit=963%2C377&ssl=1&resize=350%2C200","width":350,"height":200},"classes":[]},{"id":4087,"url":"https:\/\/garrcorpcomputer.com\/index.php\/producto\/teclado-concavo-ref-03\/","url_meta":{"origin":4094,"position":2},"title":"Teclado USB negro Genius KB-100","date":"27 de agosto de 2021","format":false,"excerpt":"Personaliza tus necesidades, en la forma que lo requieras. Aumenta la eficiencia en un 20-30% O m\u00e1s ... Compatible con Windows y Mac OS Interfaz USB Cable teclado 1,5mt","rel":"","context":"Entrada similar","img":{"alt_text":"","src":"https:\/\/i0.wp.com\/garrcorpcomputer.com\/wp-content\/uploads\/2021\/08\/teclado-3.png?fit=986%2C406&ssl=1&resize=350%2C200","width":350,"height":200},"classes":[]},{"id":4157,"url":"https:\/\/garrcorpcomputer.com\/index.php\/producto\/camara-face-cam-1000x-genius\/","url_meta":{"origin":4094,"position":3},"title":"Camara Face Cam 1000X Genius","date":"27 de agosto de 2021","format":false,"excerpt":"El micr\u00f3fono sensible incorporado captura tu voz claramente. Clip universal para panel LCD y port\u00e1til. Compatible con Windows y Mac OS Interfaz USB Enfoque manual 720P HD, experimentar el chat en alta definici\u00f3n","rel":"","context":"Entrada similar","img":{"alt_text":"","src":"https:\/\/i1.wp.com\/garrcorpcomputer.com\/wp-content\/uploads\/2021\/08\/camara-1.png?fit=956%2C473&ssl=1&resize=350%2C200","width":350,"height":200},"classes":[]},{"id":1353,"url":"https:\/\/garrcorpcomputer.com\/index.php\/producto\/teclado-01\/","url_meta":{"origin":4094,"position":4},"title":"Teclado Numerico USB Genius PAD I &#8211; 120","date":"27 de agosto de 2021","format":false,"excerpt":"Teclado num\u00e9rico de dise\u00f1o ergon\u00f3mico de inclinaci\u00f3n, ofrece a la mano gran postura mecanogr\u00e1fica, conexi\u00f3n USB, 4 teclas de acceso r\u00e1pido. Ventanas compatibles 7, 8, 8.1, 10 o posterior Cable teclado 1,5mt Interfaz USB","rel":"","context":"Entrada similar","img":{"alt_text":"","src":"https:\/\/i2.wp.com\/garrcorpcomputer.com\/wp-content\/uploads\/2021\/08\/teclado-1.png?fit=909%2C396&ssl=1&resize=350%2C200","width":350,"height":200},"classes":[]},{"id":4096,"url":"https:\/\/garrcorpcomputer.com\/index.php\/producto\/mouse-inalambrico-genius-nx-7000\/","url_meta":{"origin":4094,"position":5},"title":"Mouse inalambrico Genius NX-7000","date":"27 de agosto de 2021","format":false,"excerpt":"El NX-7000 utiliza 1200 dpi para una alta precisi\u00f3n de rastreo y puede usarse sobre casi cualquier superficie, como vidrio biselado, un sof\u00e1 o hasta en la alfombra. Compatible con Windows y MacOS Frecuencia 2.4 GHz BlueEye Sensor \u00f3ptico DPI 1200 Botones 3 incluido scroll Una pila AA","rel":"","context":"Entrada similar","img":{"alt_text":"","src":"https:\/\/i2.wp.com\/garrcorpcomputer.com\/wp-content\/uploads\/2021\/08\/mouse-6.png?fit=985%2C312&ssl=1&resize=350%2C200","width":350,"height":200},"classes":[]}],"jetpack_sharing_enabled":true,"_links":{"self":[{"href":"https:\/\/garrcorpcomputer.com\/index.php\/wp-json\/wp\/v2\/product\/4094"}],"collection":[{"href":"https:\/\/garrcorpcomputer.com\/index.php\/wp-json\/wp\/v2\/product"}],"about":[{"href":"https:\/\/garrcorpcomputer.com\/index.php\/wp-json\/wp\/v2\/types\/product"}],"replies":[{"embeddable":true,"href":"https:\/\/garrcorpcomputer.com\/index.php\/wp-json\/wp\/v2\/comments?post=4094"}],"version-history":[{"count":0,"href":"https:\/\/garrcorpcomputer.com\/index.php\/wp-json\/wp\/v2\/product\/4094\/revisions"}],"wp:featuredmedia":[{"embeddable":true,"href":"https:\/\/garrcorpcomputer.com\/index.php\/wp-json\/wp\/v2\/media\/4095"}],"wp:attachment":[{"href":"https:\/\/garrcorpcomputer.com\/index.php\/wp-json\/wp\/v2\/media?parent=4094"}],"wp:term":[{"taxonomy":"product_cat","embeddable":true,"href":"https:\/\/garrcorpcomputer.com\/index.php\/wp-json\/wp\/v2\/product_cat?post=4094"},{"taxonomy":"product_tag","embeddable":true,"href":"https:\/\/garrcorpcomputer.com\/index.php\/wp-json\/wp\/v2\/product_tag?post=4094"}],"curies":[{"name":"wp","href":"https:\/\/api.w.org\/{rel}","templated":true}]}}