{"id":4096,"date":"2021-08-27T20:26:10","date_gmt":"2021-08-27T20:26:10","guid":{"rendered":"https:\/\/garrcorpcomputer.com\/?post_type=product&#038;p=4096"},"modified":"2021-08-27T23:10:24","modified_gmt":"2021-08-27T23:10:24","slug":"mouse-inalambrico-genius-nx-7000","status":"publish","type":"product","link":"https:\/\/garrcorpcomputer.com\/index.php\/producto\/mouse-inalambrico-genius-nx-7000\/","title":{"rendered":"Mouse inalambrico Genius NX-7000"},"content":{"rendered":"<p><span style=\"vertical-align: inherit;\"><span style=\"vertical-align: inherit;\">El NX-7000 utiliza 1200 dpi para una alta precisi\u00f3n de rastreo y puede usarse sobre casi cualquier superficie, como vidrio biselado, un sof\u00e1 o hasta en la alfombra. <\/span><\/span><\/p>\n<ul>\n<li><span style=\"vertical-align: inherit;\"><span style=\"vertical-align: inherit;\">Compatible con Windows y MacOS<\/span><\/span><\/li>\n<li><span style=\"vertical-align: inherit;\"><span style=\"vertical-align: inherit;\">Frecuencia 2.4 GHz BlueEye<\/span><\/span><\/li>\n<li><span style=\"vertical-align: inherit;\"><span style=\"vertical-align: inherit;\">Sensor \u00f3ptico DPI 1200<\/span><\/span><\/li>\n<li><span style=\"vertical-align: inherit;\"><span style=\"vertical-align: inherit;\">Botones 3 incluido scroll<\/span><\/span><\/li>\n<li><span style=\"vertical-align: inherit;\"><span style=\"vertical-align: inherit;\">Una pila AA<\/span><\/span><\/li>\n<\/ul>\n","protected":false},"excerpt":{"rendered":"<p>El NX-7000 utiliza 1200 dpi para una alta precisi\u00f3n de rastreo y puede usarse sobre casi cualquier superficie, como vidrio biselado, un sof\u00e1 o hasta en la alfombra. Compatible con Windows y MacOS Frecuencia 2.4 GHz BlueEye Sensor \u00f3ptico DPI 1200 Botones 3 incluido scroll Una pila AA<\/p>\n","protected":false},"featured_media":4097,"comment_status":"closed","ping_status":"closed","template":"","meta":{"om_disable_all_campaigns":false,"_mi_skip_tracking":false,"spay_email":"","jetpack_publicize_message":"","jetpack_is_tweetstorm":false},"product_cat":[51],"product_tag":[],"jetpack_publicize_connections":[],"jetpack-related-posts":[{"id":4380,"url":"https:\/\/garrcorpcomputer.com\/index.php\/producto\/mouse-usb-consmo-cp87\/","url_meta":{"origin":4096,"position":0},"title":"MOUSE USB CONSMO CP87","date":"30 de agosto de 2021","format":false,"excerpt":"Mouse con sensor \u00f3ptico 2 botones + scroll 1200 DPI Cable 1.5 mt Conexi\u00f3n USB plug and play","rel":"","context":"Entrada similar","img":{"alt_text":"","src":"https:\/\/i2.wp.com\/garrcorpcomputer.com\/wp-content\/uploads\/2021\/08\/mouse-10-1.png?fit=422%2C442&ssl=1&resize=350%2C200","width":350,"height":200},"classes":[]},{"id":5727,"url":"https:\/\/garrcorpcomputer.com\/index.php\/producto\/mouse-usb-gamer-tech-gt7\/","url_meta":{"origin":4096,"position":1},"title":"Mouse USB Gamer Tech GT7","date":"10 de septiembre de 2021","format":false,"excerpt":"Empaque de lujo 7 botones DPI 800 \/ 1200 \/ 1600 \/ 2400 \/ 3200 Interfaz USB Retroiluminado Multicolor Efectos luces LED Filtro de ferrita","rel":"","context":"Entrada similar","img":{"alt_text":"","src":"https:\/\/i1.wp.com\/garrcorpcomputer.com\/wp-content\/uploads\/2021\/09\/mouse-22.png?fit=223%2C332&ssl=1&resize=350%2C200","width":350,"height":200},"classes":[]},{"id":4091,"url":"https:\/\/garrcorpcomputer.com\/index.php\/producto\/mouse-ref-01\/","url_meta":{"origin":4096,"position":2},"title":"Mouse  Genius Bluetooth Traveler 9005bt","date":"27 de agosto de 2021","format":false,"excerpt":"Funciona sobre casi cualquier\u00a0 superficie Mouse Bluetooth EDR 2.0 con tecnolog\u00eda BlueEye Compatible con windows y MacOS Frecuencia 2.4 GHz BlueEye Sensor \u00f3ptico DPI 1200 Botones 3 incluido scroll Dos pilas AA","rel":"","context":"Entrada similar","img":{"alt_text":"","src":"https:\/\/i2.wp.com\/garrcorpcomputer.com\/wp-content\/uploads\/2021\/08\/teclado-4.png?fit=966%2C422&ssl=1&resize=350%2C200","width":350,"height":200},"classes":[]},{"id":662,"url":"https:\/\/garrcorpcomputer.com\/index.php\/producto\/mouse-usb-gamer-tech-gt2-ref-10891\/","url_meta":{"origin":4096,"position":3},"title":"MOUSE USB GAMER TECH GT2 Ref 10891","date":"12 de agosto de 2021","format":false,"excerpt":"Empaque de lujo 6 botones DPI 800 \/ 1200 \/ 1600 \/ 2400 Interfaz USB Retroiluminado Multicolor Efectos luces LED Filtro de ferrita","rel":"","context":"Entrada similar","img":{"alt_text":"","src":"https:\/\/i1.wp.com\/garrcorpcomputer.com\/wp-content\/uploads\/2021\/08\/MOUSE-COD-1007.png?fit=800%2C600&ssl=1&resize=350%2C200","width":350,"height":200},"classes":[]},{"id":5724,"url":"https:\/\/garrcorpcomputer.com\/index.php\/producto\/mouse-usb-gamer-tech-gt1-10890\/","url_meta":{"origin":4096,"position":4},"title":"Mouse USB Gamer Tech GT1 10890","date":"10 de septiembre de 2021","format":false,"excerpt":"Empaque de lujo 6 botones DPI 800 \/ 1200 \/ 1600 \/ 2400 \/ 3200 \/ 4800 Interfaz USB Retroiluminado Multicolor Efectos luces LED Filtro de ferrita","rel":"","context":"Entrada similar","img":{"alt_text":"","src":"https:\/\/i1.wp.com\/garrcorpcomputer.com\/wp-content\/uploads\/2021\/09\/mouse-21.png?fit=533%2C365&ssl=1&resize=350%2C200","width":350,"height":200},"classes":[]},{"id":694,"url":"https:\/\/garrcorpcomputer.com\/index.php\/producto\/mouse-usb-gamer-tech-gt4-gt4-ref-10893\/","url_meta":{"origin":4096,"position":5},"title":"MOUSE USBGAMER TECH GT4 REF 10893","date":"12 de agosto de 2021","format":false,"excerpt":"6 botones Mouse gamer Empaque de lujo DPI 800 \/ 1200 \/ 1600 \/ 2400 \/ 3200 Interfaz USB Retroiluminado Multicolor Efectos luces LED Filtro de ferrita","rel":"","context":"Entrada similar","img":{"alt_text":"","src":"https:\/\/i2.wp.com\/garrcorpcomputer.com\/wp-content\/uploads\/2021\/08\/mouse-1080.png?fit=800%2C600&ssl=1&resize=350%2C200","width":350,"height":200},"classes":[]}],"jetpack_sharing_enabled":true,"_links":{"self":[{"href":"https:\/\/garrcorpcomputer.com\/index.php\/wp-json\/wp\/v2\/product\/4096"}],"collection":[{"href":"https:\/\/garrcorpcomputer.com\/index.php\/wp-json\/wp\/v2\/product"}],"about":[{"href":"https:\/\/garrcorpcomputer.com\/index.php\/wp-json\/wp\/v2\/types\/product"}],"replies":[{"embeddable":true,"href":"https:\/\/garrcorpcomputer.com\/index.php\/wp-json\/wp\/v2\/comments?post=4096"}],"version-history":[{"count":0,"href":"https:\/\/garrcorpcomputer.com\/index.php\/wp-json\/wp\/v2\/product\/4096\/revisions"}],"wp:featuredmedia":[{"embeddable":true,"href":"https:\/\/garrcorpcomputer.com\/index.php\/wp-json\/wp\/v2\/media\/4097"}],"wp:attachment":[{"href":"https:\/\/garrcorpcomputer.com\/index.php\/wp-json\/wp\/v2\/media?parent=4096"}],"wp:term":[{"taxonomy":"product_cat","embeddable":true,"href":"https:\/\/garrcorpcomputer.com\/index.php\/wp-json\/wp\/v2\/product_cat?post=4096"},{"taxonomy":"product_tag","embeddable":true,"href":"https:\/\/garrcorpcomputer.com\/index.php\/wp-json\/wp\/v2\/product_tag?post=4096"}],"curies":[{"name":"wp","href":"https:\/\/api.w.org\/{rel}","templated":true}]}}