{"id":4108,"date":"2021-08-27T20:58:53","date_gmt":"2021-08-27T20:58:53","guid":{"rendered":"https:\/\/garrcorpcomputer.com\/?post_type=product&#038;p=4108"},"modified":"2021-08-27T23:04:49","modified_gmt":"2021-08-27T23:04:49","slug":"mouse-retractil-usb-genius-micro-traveler","status":"publish","type":"product","link":"https:\/\/garrcorpcomputer.com\/index.php\/producto\/mouse-retractil-usb-genius-micro-traveler\/","title":{"rendered":"Mouse retractil USB Genius micro Traveler"},"content":{"rendered":"<ul>\n<li>M\u00faltiples colores para combinar con su notebook<br \/>\nGran potabilidad con cable retr\u00e1ctil<br \/>\nCompatible con Windows y MacOS<\/li>\n<li>Interfaz USB<\/li>\n<li>Sensor \u00f3ptico DPI 1000<\/li>\n<li>Botones 3 incluido scroll<\/li>\n<li>Longitud de cable de alimentaci\u00f3n 0.86m<\/li>\n<\/ul>\n","protected":false},"excerpt":{"rendered":"<p>M\u00faltiples colores para combinar con su notebook Gran potabilidad con cable retr\u00e1ctil Compatible con Windows y MacOS Interfaz USB Sensor \u00f3ptico DPI 1000 Botones 3 incluido scroll Longitud de cable de alimentaci\u00f3n 0.86m<\/p>\n","protected":false},"featured_media":4109,"comment_status":"closed","ping_status":"closed","template":"","meta":{"om_disable_all_campaigns":false,"_mi_skip_tracking":false,"spay_email":"","jetpack_publicize_message":"","jetpack_is_tweetstorm":false},"product_cat":[51],"product_tag":[],"jetpack_publicize_connections":[],"jetpack-related-posts":[{"id":4234,"url":"https:\/\/garrcorpcomputer.com\/index.php\/producto\/diadema-usb-virtual-stereo-gamer-024-mv\/","url_meta":{"origin":4108,"position":0},"title":"Diadema USB virtual stereo Gamer 024-MV","date":"28 de agosto de 2021","format":false,"excerpt":"USB 7.1 canales Cable 2.4 metros\u00a0 Conector USB\u00a0 \u00a0Micr\u00f3fono escualizable Control de volumen en cable Aislamiento de sonido \u00a0","rel":"","context":"Entrada similar","img":{"alt_text":"","src":"https:\/\/i2.wp.com\/garrcorpcomputer.com\/wp-content\/uploads\/2021\/08\/diadema-14.png?fit=682%2C421&ssl=1&resize=350%2C200","width":350,"height":200},"classes":[]},{"id":5960,"url":"https:\/\/garrcorpcomputer.com\/index.php\/producto\/teclado-usb-forza\/","url_meta":{"origin":4108,"position":1},"title":"Teclado USB Forza","date":"15 de septiembre de 2021","format":false,"excerpt":"USB 2.0 104 Teclas suaves Cable 1.23 Mts Conexi\u00f3n USB sin ferrita Sistema antiderrame Teclas silenciosas Dise\u00f1o ergon\u00f3mico Empaque Premium","rel":"","context":"Entrada similar","img":{"alt_text":"","src":"https:\/\/i0.wp.com\/garrcorpcomputer.com\/wp-content\/uploads\/2021\/09\/teclado-14.png?fit=423%2C202&ssl=1&resize=350%2C200","width":350,"height":200},"classes":[]},{"id":4380,"url":"https:\/\/garrcorpcomputer.com\/index.php\/producto\/mouse-usb-consmo-cp87\/","url_meta":{"origin":4108,"position":2},"title":"MOUSE USB CONSMO CP87","date":"30 de agosto de 2021","format":false,"excerpt":"Mouse con sensor \u00f3ptico 2 botones + scroll 1200 DPI Cable 1.5 mt Conexi\u00f3n USB plug and play","rel":"","context":"Entrada similar","img":{"alt_text":"","src":"https:\/\/i2.wp.com\/garrcorpcomputer.com\/wp-content\/uploads\/2021\/08\/mouse-10-1.png?fit=422%2C442&ssl=1&resize=350%2C200","width":350,"height":200},"classes":[]},{"id":5884,"url":"https:\/\/garrcorpcomputer.com\/index.php\/producto\/diadema-usb-jaltech-ref-q2\/","url_meta":{"origin":4108,"position":3},"title":"Diadema USB Jaltech Ref Q2","date":"13 de septiembre de 2021","format":false,"excerpt":"Conexi\u00f3n USB Control de volumen en solapa Cable 2 mtr Cancelaci\u00f3n de ruido","rel":"","context":"Con 1 comentario","img":{"alt_text":"","src":"https:\/\/i0.wp.com\/garrcorpcomputer.com\/wp-content\/uploads\/2021\/09\/diadema-6.png?fit=373%2C413&ssl=1&resize=350%2C200","width":350,"height":200},"classes":[]},{"id":5741,"url":"https:\/\/garrcorpcomputer.com\/index.php\/producto\/teclado-usb-gamer-tech-gt816t\/","url_meta":{"origin":4108,"position":4},"title":"Teclado USB Gamer Tech GT816T","date":"10 de septiembre de 2021","format":false,"excerpt":"Teclado gamer eco Cable USB alta calidad 105 tecla Dise\u00f1o ligero \u00a0Teclas azules gamer para mayor durabilidad","rel":"","context":"Entrada similar","img":{"alt_text":"","src":"https:\/\/i2.wp.com\/garrcorpcomputer.com\/wp-content\/uploads\/2021\/09\/teclado-gamer-1.png?fit=392%2C223&ssl=1&resize=350%2C200","width":350,"height":200},"classes":[]},{"id":4089,"url":"https:\/\/garrcorpcomputer.com\/index.php\/producto\/combo-teclado-y-mouse-ref-01\/","url_meta":{"origin":4108,"position":5},"title":"Combo Genius USB KM-160","date":"27 de agosto de 2021","format":false,"excerpt":"Mouse movimiento r\u00e1pido y sensible Teclado silencioso y suave Compatible con Windows y Mac OS Interfaz USB","rel":"","context":"Entrada similar","img":{"alt_text":"","src":"https:\/\/i2.wp.com\/garrcorpcomputer.com\/wp-content\/uploads\/2021\/08\/combo-teclado-mouse-1.png?fit=963%2C377&ssl=1&resize=350%2C200","width":350,"height":200},"classes":[]}],"jetpack_sharing_enabled":true,"_links":{"self":[{"href":"https:\/\/garrcorpcomputer.com\/index.php\/wp-json\/wp\/v2\/product\/4108"}],"collection":[{"href":"https:\/\/garrcorpcomputer.com\/index.php\/wp-json\/wp\/v2\/product"}],"about":[{"href":"https:\/\/garrcorpcomputer.com\/index.php\/wp-json\/wp\/v2\/types\/product"}],"replies":[{"embeddable":true,"href":"https:\/\/garrcorpcomputer.com\/index.php\/wp-json\/wp\/v2\/comments?post=4108"}],"version-history":[{"count":0,"href":"https:\/\/garrcorpcomputer.com\/index.php\/wp-json\/wp\/v2\/product\/4108\/revisions"}],"wp:featuredmedia":[{"embeddable":true,"href":"https:\/\/garrcorpcomputer.com\/index.php\/wp-json\/wp\/v2\/media\/4109"}],"wp:attachment":[{"href":"https:\/\/garrcorpcomputer.com\/index.php\/wp-json\/wp\/v2\/media?parent=4108"}],"wp:term":[{"taxonomy":"product_cat","embeddable":true,"href":"https:\/\/garrcorpcomputer.com\/index.php\/wp-json\/wp\/v2\/product_cat?post=4108"},{"taxonomy":"product_tag","embeddable":true,"href":"https:\/\/garrcorpcomputer.com\/index.php\/wp-json\/wp\/v2\/product_tag?post=4108"}],"curies":[{"name":"wp","href":"https:\/\/api.w.org\/{rel}","templated":true}]}}