{"id":4113,"date":"2021-08-27T21:12:33","date_gmt":"2021-08-27T21:12:33","guid":{"rendered":"https:\/\/garrcorpcomputer.com\/?post_type=product&#038;p=4113"},"modified":"2021-08-27T23:33:25","modified_gmt":"2021-08-27T23:33:25","slug":"auriculares-ligeros-para-pc-hs-m200c","status":"publish","type":"product","link":"https:\/\/garrcorpcomputer.com\/index.php\/producto\/auriculares-ligeros-para-pc-hs-m200c\/","title":{"rendered":"Auriculares ligeros para PC HS-M200C"},"content":{"rendered":"<p>Tenga una gran conversaci\u00f3n, auriculares suaves y livianos le permiten hablar y escuchar c\u00f3modamente.<\/p>\n<ul>\n<li>Conexi\u00f3n: conector de 3.5 mm<\/li>\n<li>Frecuencia: 20Hz &#8211; 20KHz, 100Hz &#8211; 10KHz<\/li>\n<li>Longitud del cable 1.8<\/li>\n<li>Impedancia 32<\/li>\n<li>Microfono: si<\/li>\n<li>Sensibilidad: 105dB<\/li>\n<li>Tipo: vincha ajustable<\/li>\n<\/ul>\n<p>&nbsp;<\/p>\n","protected":false},"excerpt":{"rendered":"<p>Tenga una gran conversaci\u00f3n, auriculares suaves y livianos le permiten hablar y escuchar c\u00f3modamente. Conexi\u00f3n: conector de 3.5 mm Frecuencia: 20Hz &#8211; 20KHz, 100Hz &#8211; 10KHz Longitud del cable 1.8 Impedancia 32 Microfono: si Sensibilidad: 105dB Tipo: vincha ajustable &nbsp;<\/p>\n","protected":false},"featured_media":4114,"comment_status":"closed","ping_status":"closed","template":"","meta":{"om_disable_all_campaigns":false,"_mi_skip_tracking":false,"spay_email":"","jetpack_publicize_message":"","jetpack_is_tweetstorm":false},"product_cat":[26,75],"product_tag":[],"jetpack_publicize_connections":[],"jetpack-related-posts":[{"id":4143,"url":"https:\/\/garrcorpcomputer.com\/index.php\/producto\/diadema-con-microfono-genius-hs-400a\/","url_meta":{"origin":4113,"position":0},"title":"Diadema con micr\u00f3fono Genius HS-400A","date":"27 de agosto de 2021","format":false,"excerpt":"Los HS-400A tienen un dise\u00f1o estilo graffiti y un v\u00edvido contorno verde sumamente atractivo. Los auriculares permiten disfrutar de una excelente experiencia de sonido. Audio 3.5 mm Micr\u00f3fono 3.5 mm Longitud del cable 1.8 Control de volumen en cable Respuesta de frecuencia 20Hz- 20KHz Auricular y micr\u00f3fono ajustable Impeancia 32hm\u2026","rel":"","context":"Entrada similar","img":{"alt_text":"","src":"https:\/\/i2.wp.com\/garrcorpcomputer.com\/wp-content\/uploads\/2021\/08\/diadema2.png?fit=930%2C431&ssl=1&resize=350%2C200","width":350,"height":200},"classes":[]},{"id":4150,"url":"https:\/\/garrcorpcomputer.com\/index.php\/producto\/diadema-gamer-lychas-hs-g560\/","url_meta":{"origin":4113,"position":1},"title":"Diadema Gamer Lychas HS-G560","date":"27 de agosto de 2021","format":false,"excerpt":"Audio real durante el juego conductores potentes y sonido vivo. Gracias a la poderosa unidad de sonido de 40 mm, los auriculares le permiten determinar con precisi\u00f3n la posici\u00f3n de sus enemigos. Audio 3.5mm Micr\u00f3fono 3.5mm Control de volumen en cable Longitud del cable 2mt Unidad de potencia 40 Auricular\u2026","rel":"","context":"Entrada similar","img":{"alt_text":"","src":"https:\/\/i2.wp.com\/garrcorpcomputer.com\/wp-content\/uploads\/2021\/08\/diadema-2.png?fit=468%2C407&ssl=1&resize=350%2C200","width":350,"height":200},"classes":[]},{"id":4472,"url":"https:\/\/garrcorpcomputer.com\/index.php\/producto\/portatil-hp-14-cf3049la-core5-1035g1-4gb-256gb-solido-linux-18v59la\/","url_meta":{"origin":4113,"position":2},"title":"Port\u00e1til Hp 14-cf3049la Core\u00a15 1035g1 4GB 256GB solido Linux-18V59LA","date":"31 de agosto de 2021","format":false,"excerpt":"Procesador: Intel Core i5-1035G1 a 1,00 GHz Memoria: 4GB DDR4 Almacenamiento: 256 SSD Pantalla: 14 \"1366 x 768 Sistema Operativo: Linux Unidad DVD: No Color: Gris Dimensiones: 32,4 x 22,59 x 1,99 cm Peso: 1,52 kg Aproximadamente Puertos: 1 USB Type-C 2 USB 1 HDMI 1.4b 1 RJ-45 1 conector\u2026","rel":"","context":"Entrada similar","img":{"alt_text":"","src":"https:\/\/i2.wp.com\/garrcorpcomputer.com\/wp-content\/uploads\/2021\/08\/portatil-9.png?fit=400%2C217&ssl=1&resize=350%2C200","width":350,"height":200},"classes":[]},{"id":4437,"url":"https:\/\/garrcorpcomputer.com\/index.php\/producto\/portatil-hp-240-g7-celeron-n4020-4gb-500-gb-linux-1m9u3lt\/","url_meta":{"origin":4113,"position":3},"title":"Port\u00e1til Hp 240 G7 Celeron N4020 4GB 500 GB Linux-1M9U3LT","date":"31 de agosto de 2021","format":false,"excerpt":"Procesador: Intel Celeron N4020 1.10 GHz Memoria Ram: 4GB DDR4 a 2400 mhz Disco duro: 500 GB Sistema operativo: Linux Fedora Pantalla: 14 \"hd (1366 x 768) Conexi\u00f3n: wifi, bluetooth C\u00e1mara: Si Audio: Altavoces est\u00e9reos Color: gris oscuro Dimensiones: 33,5 x 23,4 x 1,99 cm Peso: 1,52 kg aproximadamente Bater\u00eda:\u2026","rel":"","context":"Entrada similar","img":{"alt_text":"","src":"https:\/\/i2.wp.com\/garrcorpcomputer.com\/wp-content\/uploads\/2021\/08\/portatil-2.png?fit=302%2C231&ssl=1&resize=350%2C200","width":350,"height":200},"classes":[]},{"id":4460,"url":"https:\/\/garrcorpcomputer.com\/index.php\/producto\/portatil-hp-240-g7-celeron-n4020-4gb-500gb-linux-1m9u3lt\/","url_meta":{"origin":4113,"position":4},"title":"Port\u00e1til Hp 240 G7 Celeron N4020 4GB 500GB Linux-1M9U3LT","date":"31 de agosto de 2021","format":false,"excerpt":"Procesador: Intel Celeron N4020 1.10 GHz Memoria Ram: 4GB DDR4 a 2400 mhz Disco duro: 500 GB Sistema operativo: Linux Fedora Pantalla: 14 \"hd (1366 x 768) Conexi\u00f3n: wifi, bluetooth C\u00e1mara: Si Audio: Altavoces est\u00e9reos Color: gris oscuro Dimensiones: 33,5 x 23,4 x 1,99 cm Peso: 1,52 kg Aproximadamente Bater\u00eda:\u2026","rel":"","context":"Entrada similar","img":{"alt_text":"","src":"","width":0,"height":0},"classes":[]},{"id":4463,"url":"https:\/\/garrcorpcomputer.com\/index.php\/producto\/portatil-hp-240g7-celeron-n4020-8gb-1t-linux-14p-223y6lt\/","url_meta":{"origin":4113,"position":5},"title":"Port\u00e1til Hp 240G7 Celeron N4020 8GB 1t Linux 14p &#8211; 223Y6LT","date":"31 de agosto de 2021","format":false,"excerpt":"Procesador: Intel Celeron N4020 1.10 GHz Memoria Ram: 8GB DDR4 a 2400 mhz Disco duro: 1TB SATA 7200 RPM Sistema operativo: Freedos (sin sistema operativo) Pantalla: 14 \"hd (1366 x 768) Conexi\u00f3n: wifi, bluetooth C\u00e1mara: Si Audio: Altavoces est\u00e9reos Color: gris oscuro Dimensiones: 33,5 x 23,4 x 1,99 cm Peso:\u2026","rel":"","context":"Entrada similar","img":{"alt_text":"","src":"https:\/\/i1.wp.com\/garrcorpcomputer.com\/wp-content\/uploads\/2021\/08\/portatil-6-1.png?fit=321%2C222&ssl=1&resize=350%2C200","width":350,"height":200},"classes":[]}],"jetpack_sharing_enabled":true,"_links":{"self":[{"href":"https:\/\/garrcorpcomputer.com\/index.php\/wp-json\/wp\/v2\/product\/4113"}],"collection":[{"href":"https:\/\/garrcorpcomputer.com\/index.php\/wp-json\/wp\/v2\/product"}],"about":[{"href":"https:\/\/garrcorpcomputer.com\/index.php\/wp-json\/wp\/v2\/types\/product"}],"replies":[{"embeddable":true,"href":"https:\/\/garrcorpcomputer.com\/index.php\/wp-json\/wp\/v2\/comments?post=4113"}],"version-history":[{"count":0,"href":"https:\/\/garrcorpcomputer.com\/index.php\/wp-json\/wp\/v2\/product\/4113\/revisions"}],"wp:featuredmedia":[{"embeddable":true,"href":"https:\/\/garrcorpcomputer.com\/index.php\/wp-json\/wp\/v2\/media\/4114"}],"wp:attachment":[{"href":"https:\/\/garrcorpcomputer.com\/index.php\/wp-json\/wp\/v2\/media?parent=4113"}],"wp:term":[{"taxonomy":"product_cat","embeddable":true,"href":"https:\/\/garrcorpcomputer.com\/index.php\/wp-json\/wp\/v2\/product_cat?post=4113"},{"taxonomy":"product_tag","embeddable":true,"href":"https:\/\/garrcorpcomputer.com\/index.php\/wp-json\/wp\/v2\/product_tag?post=4113"}],"curies":[{"name":"wp","href":"https:\/\/api.w.org\/{rel}","templated":true}]}}