{"id":4115,"date":"2021-08-27T21:24:13","date_gmt":"2021-08-27T21:24:13","guid":{"rendered":"https:\/\/garrcorpcomputer.com\/?post_type=product&#038;p=4115"},"modified":"2021-08-27T23:32:44","modified_gmt":"2021-08-27T23:32:44","slug":"diadema-con-microfono-genius-hs-m505x","status":"publish","type":"product","link":"https:\/\/garrcorpcomputer.com\/index.php\/producto\/diadema-con-microfono-genius-hs-m505x\/","title":{"rendered":"Diadema con microfono Genius Hs-m505x"},"content":{"rendered":"<p>Nuevo auricular HS-M505X, que proporciona comodidad y conveniencia.<\/p>\n<ul>\n<li>Conector de 3.5mm<\/li>\n<li>Control de volumen<\/li>\n<li>Vincha y micr\u00f3fono ajustable<\/li>\n<li>Longitud del cable 2mt<\/li>\n<li>Unidades de potencia de 40mm para graves potentes<\/li>\n<li>Frecuancia 20Hz-20K Hz<\/li>\n<li>Impedancia: 32hm<\/li>\n<li>Micr\u00f3fono omnidireccional incluido en el cable<\/li>\n<\/ul>\n<p>&nbsp;<\/p>\n<p>&nbsp;<\/p>\n","protected":false},"excerpt":{"rendered":"<p>Nuevo auricular HS-M505X, que proporciona comodidad y conveniencia. Conector de 3.5mm Control de volumen Vincha y micr\u00f3fono ajustable Longitud del cable 2mt Unidades de potencia de 40mm para graves potentes Frecuancia 20Hz-20K Hz Impedancia: 32hm Micr\u00f3fono omnidireccional incluido en el cable &nbsp; &nbsp;<\/p>\n","protected":false},"featured_media":4116,"comment_status":"closed","ping_status":"closed","template":"","meta":{"om_disable_all_campaigns":false,"_mi_skip_tracking":false,"spay_email":"","jetpack_publicize_message":"","jetpack_is_tweetstorm":false},"product_cat":[37,75],"product_tag":[],"jetpack_publicize_connections":[],"jetpack-related-posts":[{"id":4143,"url":"https:\/\/garrcorpcomputer.com\/index.php\/producto\/diadema-con-microfono-genius-hs-400a\/","url_meta":{"origin":4115,"position":0},"title":"Diadema con micr\u00f3fono Genius HS-400A","date":"27 de agosto de 2021","format":false,"excerpt":"Los HS-400A tienen un dise\u00f1o estilo graffiti y un v\u00edvido contorno verde sumamente atractivo. Los auriculares permiten disfrutar de una excelente experiencia de sonido. Audio 3.5 mm Micr\u00f3fono 3.5 mm Longitud del cable 1.8 Control de volumen en cable Respuesta de frecuencia 20Hz- 20KHz Auricular y micr\u00f3fono ajustable Impeancia 32hm\u2026","rel":"","context":"Entrada similar","img":{"alt_text":"","src":"https:\/\/i2.wp.com\/garrcorpcomputer.com\/wp-content\/uploads\/2021\/08\/diadema2.png?fit=930%2C431&ssl=1&resize=350%2C200","width":350,"height":200},"classes":[]},{"id":4150,"url":"https:\/\/garrcorpcomputer.com\/index.php\/producto\/diadema-gamer-lychas-hs-g560\/","url_meta":{"origin":4115,"position":1},"title":"Diadema Gamer Lychas HS-G560","date":"27 de agosto de 2021","format":false,"excerpt":"Audio real durante el juego conductores potentes y sonido vivo. Gracias a la poderosa unidad de sonido de 40 mm, los auriculares le permiten determinar con precisi\u00f3n la posici\u00f3n de sus enemigos. Audio 3.5mm Micr\u00f3fono 3.5mm Control de volumen en cable Longitud del cable 2mt Unidad de potencia 40 Auricular\u2026","rel":"","context":"Entrada similar","img":{"alt_text":"","src":"https:\/\/i2.wp.com\/garrcorpcomputer.com\/wp-content\/uploads\/2021\/08\/diadema-2.png?fit=468%2C407&ssl=1&resize=350%2C200","width":350,"height":200},"classes":[]},{"id":4276,"url":"https:\/\/garrcorpcomputer.com\/index.php\/producto\/diadema-gamer-hs-g560-genius\/","url_meta":{"origin":4115,"position":2},"title":"Diadema Gamer HS-G560 Genius","date":"29 de agosto de 2021","format":false,"excerpt":"2 conectores de 3.5 mm Micr\u00f3fono de brazo ajustable Control de volumen en cable Diadema ajustable Almohadillas suaves Reducci\u00f3n de ruido Cable de 2 mt","rel":"","context":"Entrada similar","img":{"alt_text":"","src":"https:\/\/i0.wp.com\/garrcorpcomputer.com\/wp-content\/uploads\/2021\/08\/diadema-18.png?fit=262%2C384&ssl=1&resize=350%2C200","width":350,"height":200},"classes":[]},{"id":4113,"url":"https:\/\/garrcorpcomputer.com\/index.php\/producto\/auriculares-ligeros-para-pc-hs-m200c\/","url_meta":{"origin":4115,"position":3},"title":"Auriculares ligeros para PC HS-M200C","date":"27 de agosto de 2021","format":false,"excerpt":"Tenga una gran conversaci\u00f3n, auriculares suaves y livianos le permiten hablar y escuchar c\u00f3modamente. Conexi\u00f3n: conector de 3.5 mm Frecuencia: 20Hz - 20KHz, 100Hz - 10KHz Longitud del cable 1.8 Impedancia 32 Microfono: si Sensibilidad: 105dB Tipo: vincha ajustable \u00a0","rel":"","context":"Entrada similar","img":{"alt_text":"","src":"https:\/\/i2.wp.com\/garrcorpcomputer.com\/wp-content\/uploads\/2021\/08\/auriculares.png?fit=346%2C353&ssl=1&resize=350%2C200","width":350,"height":200},"classes":[]},{"id":4279,"url":"https:\/\/garrcorpcomputer.com\/index.php\/producto\/diadema-c-microfono-gamer-headphones-p4-para-ps4-ref-mariola\/","url_meta":{"origin":4115,"position":4},"title":"Diadema C\/Microfono Gamer Headphones P4 para PS4 Ref Mariola","date":"29 de agosto de 2021","format":false,"excerpt":"Gaming Headset con micr\u00f3fono para PS4 Control de volumen y conmutador de silencio 1.3 mt de cable Micr\u00f3fono flexible con reducci\u00f3n de ruido Conector 3.5 mm","rel":"","context":"Entrada similar","img":{"alt_text":"","src":"https:\/\/i2.wp.com\/garrcorpcomputer.com\/wp-content\/uploads\/2021\/08\/diadema-19.png?fit=306%2C302&ssl=1&resize=350%2C200","width":350,"height":200},"classes":[]},{"id":4213,"url":"https:\/\/garrcorpcomputer.com\/index.php\/producto\/diadema-gamer-tech-rgb-ref-11010\/","url_meta":{"origin":4115,"position":5},"title":"Diadema Gamer Tech Clan RGB Ref 11010","date":"28 de agosto de 2021","format":false,"excerpt":"Iluminaci\u00f3n LED RGB Diadema para PS4, XBOX ONE y PC SUPER BASS Sonido envolvente Ajustable y ergon\u00f3mica Dise\u00f1o GAMER de lujo Material de alta calidad ABS Conexi\u00f3n 3,5 mm para audio USB para luces LED RGB Micr\u00f3fono ajustable de alta definici\u00f3n Control de volumen y silenciar micr\u00f3fono Di\u00e1metro del auricular:\u2026","rel":"","context":"Entrada similar","img":{"alt_text":"","src":"https:\/\/i1.wp.com\/garrcorpcomputer.com\/wp-content\/uploads\/2021\/08\/diadema-12.png?fit=459%2C373&ssl=1&resize=350%2C200","width":350,"height":200},"classes":[]}],"jetpack_sharing_enabled":true,"_links":{"self":[{"href":"https:\/\/garrcorpcomputer.com\/index.php\/wp-json\/wp\/v2\/product\/4115"}],"collection":[{"href":"https:\/\/garrcorpcomputer.com\/index.php\/wp-json\/wp\/v2\/product"}],"about":[{"href":"https:\/\/garrcorpcomputer.com\/index.php\/wp-json\/wp\/v2\/types\/product"}],"replies":[{"embeddable":true,"href":"https:\/\/garrcorpcomputer.com\/index.php\/wp-json\/wp\/v2\/comments?post=4115"}],"version-history":[{"count":0,"href":"https:\/\/garrcorpcomputer.com\/index.php\/wp-json\/wp\/v2\/product\/4115\/revisions"}],"wp:featuredmedia":[{"embeddable":true,"href":"https:\/\/garrcorpcomputer.com\/index.php\/wp-json\/wp\/v2\/media\/4116"}],"wp:attachment":[{"href":"https:\/\/garrcorpcomputer.com\/index.php\/wp-json\/wp\/v2\/media?parent=4115"}],"wp:term":[{"taxonomy":"product_cat","embeddable":true,"href":"https:\/\/garrcorpcomputer.com\/index.php\/wp-json\/wp\/v2\/product_cat?post=4115"},{"taxonomy":"product_tag","embeddable":true,"href":"https:\/\/garrcorpcomputer.com\/index.php\/wp-json\/wp\/v2\/product_tag?post=4115"}],"curies":[{"name":"wp","href":"https:\/\/api.w.org\/{rel}","templated":true}]}}