{"id":4117,"date":"2021-08-27T21:32:22","date_gmt":"2021-08-27T21:32:22","guid":{"rendered":"https:\/\/garrcorpcomputer.com\/?post_type=product&#038;p=4117"},"modified":"2021-08-31T21:07:55","modified_gmt":"2021-09-01T02:07:55","slug":"impresora-ricoh-mp-301spf-remanufacturada","status":"publish","type":"product","link":"https:\/\/garrcorpcomputer.com\/index.php\/producto\/impresora-ricoh-mp-301spf-remanufacturada\/","title":{"rendered":"IMPRESORA RICOH MP 301SPF (REMANUFACTURADA)"},"content":{"rendered":"<p><strong><span style=\"vertical-align: inherit;\"><span style=\"vertical-align: inherit;\">Consumo t\u00edpico de energ\u00eda (TEC)<\/span><\/span><\/strong><\/p>\n<p><strong><span style=\"vertical-align: inherit;\"><span style=\"vertical-align: inherit;\">0,696 kWh \/ semana <\/span><\/span><br \/>\n<span style=\"vertical-align: inherit;\"><span style=\"vertical-align: inherit;\">El valor TEC se mide en base al m\u00e9todo de prueba ENERGY STAR Ver.3.0.<\/span><\/span><\/strong><\/p>\n<p><span style=\"vertical-align: inherit;\"><span style=\"vertical-align: inherit;\">Motor \/ Especificaciones generales<\/span><\/span><\/p>\n<p><strong><span style=\"vertical-align: inherit;\"><span style=\"vertical-align: inherit;\">Configuracion<\/span><\/span><\/strong><\/p>\n<p><strong><span style=\"vertical-align: inherit;\"><span style=\"vertical-align: inherit;\">Escritorio<\/span><\/span><\/strong><\/p>\n<p><strong><span style=\"vertical-align: inherit;\"><span style=\"vertical-align: inherit;\">Elemento de escaneo<\/span><\/span><\/strong><\/p>\n<p><strong><span style=\"vertical-align: inherit;\"><span style=\"vertical-align: inherit;\">Plataforma con elemento de sensor de imagen y conjunto CCD<\/span><\/span><\/strong><\/p>\n<p><strong><span style=\"vertical-align: inherit;\"><span style=\"vertical-align: inherit;\">Proceso de impresi\u00f3n<\/span><\/span><\/strong><\/p>\n<p><strong><span style=\"vertical-align: inherit;\"><span style=\"vertical-align: inherit;\">Impresi\u00f3n electrofotogr\u00e1fica y escaneo \/ marcaci\u00f3n con rayo l\u00e1ser<\/span><\/span><\/strong><\/p>\n<p><strong><span style=\"vertical-align: inherit;\"><span style=\"vertical-align: inherit;\">Tipo de t\u00f3ner<\/span><\/span><\/strong><\/p>\n<p><strong><span style=\"vertical-align: inherit;\"><span style=\"vertical-align: inherit;\">Seco, de dos componentes<\/span><\/span><\/strong><\/p>\n<p><strong><span style=\"vertical-align: inherit;\"><span style=\"vertical-align: inherit;\">Panel de control<\/span><\/span><\/strong><\/p>\n<p><strong><span style=\"vertical-align: inherit;\"><span style=\"vertical-align: inherit;\">Pantalla t\u00e1ctil a color de 4.3 \u00ab<\/span><\/span><\/strong><\/p>\n<p><strong><span style=\"vertical-align: inherit;\"><span style=\"vertical-align: inherit;\">Color \/ negro y blanco<\/span><\/span><\/strong><\/p>\n<p><strong><span style=\"vertical-align: inherit;\"><span style=\"vertical-align: inherit;\">Preto e Branco<\/span><\/span><\/strong><\/p>\n<p><strong><span style=\"vertical-align: inherit;\"><span style=\"vertical-align: inherit;\">Velocidad de salida Copiar \/ Imprimir<\/span><\/span><\/strong><\/p>\n<p><strong><span style=\"vertical-align: inherit;\"><span style=\"vertical-align: inherit;\">31 ppm<\/span><\/span><\/strong><\/p>\n<p><strong><span style=\"vertical-align: inherit;\"><span style=\"vertical-align: inherit;\">Tiempo de salida de la primera p\u00e1gina<\/span><\/span><\/strong><\/p>\n<p><strong><span style=\"vertical-align: inherit;\"><span style=\"vertical-align: inherit;\">6 segundos o menos (B \/ N)<\/span><\/span><\/strong><\/p>\n<p><strong><span style=\"vertical-align: inherit;\"><span style=\"vertical-align: inherit;\">Tiempo de calentamiento<\/span><\/span><\/strong><\/p>\n<p><strong><span style=\"vertical-align: inherit;\"><span style=\"vertical-align: inherit;\">Menos de 23 segundos (desde el interruptor principal)<\/span><\/span><\/strong><\/p>\n<p><strong><span style=\"vertical-align: inherit;\"><span style=\"vertical-align: inherit;\">Tiempo de recuperaci\u00f3n desde el modo de suspensi\u00f3n<\/span><\/span><\/strong><\/p>\n<p><strong><span style=\"vertical-align: inherit;\"><span style=\"vertical-align: inherit;\">Menos de 10 segundos<\/span><\/span><\/strong><\/p>\n<p><strong><span style=\"vertical-align: inherit;\"><span style=\"vertical-align: inherit;\">Resoluci\u00f3n<\/span><\/span><\/strong><\/p>\n<p><strong><span style=\"vertical-align: inherit;\"><span style=\"vertical-align: inherit;\">600 x 600 ppp<\/span><\/span><\/strong><\/p>\n<p><strong><span style=\"vertical-align: inherit;\"><span style=\"vertical-align: inherit;\">Memoria del sistema<\/span><\/span><\/strong><\/p>\n<p><strong><span style=\"vertical-align: inherit;\"><span style=\"vertical-align: inherit;\">1 GB de RAM + 128 GB de disco duro opcional<\/span><\/span><\/strong><\/p>\n<p>&nbsp;<\/p>\n","protected":false},"excerpt":{"rendered":"<p>Consumo t\u00edpico de energ\u00eda (TEC) 0,696 kWh \/ semana El valor TEC se mide en base al m\u00e9todo de prueba ENERGY STAR Ver.3.0. Motor \/ Especificaciones generales Configuracion Escritorio Elemento de escaneo Plataforma con elemento de sensor de imagen y conjunto CCD Proceso de impresi\u00f3n Impresi\u00f3n electrofotogr\u00e1fica y escaneo \/ marcaci\u00f3n con rayo l\u00e1ser Tipo &hellip;<\/p>\n<p class=\"read-more\"> <a class=\"\" href=\"https:\/\/garrcorpcomputer.com\/index.php\/producto\/impresora-ricoh-mp-301spf-remanufacturada\/\"> <span class=\"screen-reader-text\">IMPRESORA RICOH MP 301SPF (REMANUFACTURADA)<\/span> Leer m\u00e1s &raquo;<\/a><\/p>\n","protected":false},"featured_media":4123,"comment_status":"closed","ping_status":"closed","template":"","meta":{"om_disable_all_campaigns":false,"_mi_skip_tracking":false,"spay_email":"","jetpack_publicize_message":"","jetpack_is_tweetstorm":false},"product_cat":[289,75],"product_tag":[],"jetpack_publicize_connections":[],"jetpack-related-posts":[{"id":4125,"url":"https:\/\/garrcorpcomputer.com\/index.php\/producto\/impresora-ricoh-im-430f\/","url_meta":{"origin":4117,"position":0},"title":"Impresora Ricoh IM 430F","date":"27 de agosto de 2021","format":false,"excerpt":"Motor \/ Especificaciones generales Configuracion Escritorio Panel de control Panel de operaci\u00f3n inteligente de 10.1 \" Color \/ negro y blanco Blanco negro Velocidad de salida Copiar \/ Imprimir 45 ppm (formato carta) Tiempo de salida de la primera p\u00e1gina Menos de 5 segundos Tiempo de calentamiento 24 segundos Resoluci\u00f3n\u2026","rel":"","context":"Entrada similar","img":{"alt_text":"","src":"https:\/\/i2.wp.com\/garrcorpcomputer.com\/wp-content\/uploads\/2021\/08\/eqp-im-430F-10.png?fit=504%2C528&ssl=1&resize=350%2C200","width":350,"height":200},"classes":[]}],"jetpack_sharing_enabled":true,"_links":{"self":[{"href":"https:\/\/garrcorpcomputer.com\/index.php\/wp-json\/wp\/v2\/product\/4117"}],"collection":[{"href":"https:\/\/garrcorpcomputer.com\/index.php\/wp-json\/wp\/v2\/product"}],"about":[{"href":"https:\/\/garrcorpcomputer.com\/index.php\/wp-json\/wp\/v2\/types\/product"}],"replies":[{"embeddable":true,"href":"https:\/\/garrcorpcomputer.com\/index.php\/wp-json\/wp\/v2\/comments?post=4117"}],"version-history":[{"count":0,"href":"https:\/\/garrcorpcomputer.com\/index.php\/wp-json\/wp\/v2\/product\/4117\/revisions"}],"wp:featuredmedia":[{"embeddable":true,"href":"https:\/\/garrcorpcomputer.com\/index.php\/wp-json\/wp\/v2\/media\/4123"}],"wp:attachment":[{"href":"https:\/\/garrcorpcomputer.com\/index.php\/wp-json\/wp\/v2\/media?parent=4117"}],"wp:term":[{"taxonomy":"product_cat","embeddable":true,"href":"https:\/\/garrcorpcomputer.com\/index.php\/wp-json\/wp\/v2\/product_cat?post=4117"},{"taxonomy":"product_tag","embeddable":true,"href":"https:\/\/garrcorpcomputer.com\/index.php\/wp-json\/wp\/v2\/product_tag?post=4117"}],"curies":[{"name":"wp","href":"https:\/\/api.w.org\/{rel}","templated":true}]}}