{"id":4125,"date":"2021-08-27T21:55:46","date_gmt":"2021-08-27T21:55:46","guid":{"rendered":"https:\/\/garrcorpcomputer.com\/?post_type=product&#038;p=4125"},"modified":"2021-08-31T21:09:18","modified_gmt":"2021-09-01T02:09:18","slug":"impresora-ricoh-im-430f","status":"publish","type":"product","link":"https:\/\/garrcorpcomputer.com\/index.php\/producto\/impresora-ricoh-im-430f\/","title":{"rendered":"Impresora Ricoh IM 430F"},"content":{"rendered":"<h2><span style=\"vertical-align: inherit;\"><span style=\"vertical-align: inherit;\">Motor \/ Especificaciones generales<\/span><\/span><\/h2>\n<h2><span style=\"vertical-align: inherit;\"><span style=\"vertical-align: inherit;\">Configuracion<\/span><\/span><\/h2>\n<h3><span style=\"vertical-align: inherit;\"><span style=\"vertical-align: inherit;\">Escritorio<\/span><\/span><\/h3>\n<h2><span style=\"vertical-align: inherit;\"><span style=\"vertical-align: inherit;\">Panel de control<\/span><\/span><\/h2>\n<h3><span style=\"vertical-align: inherit;\"><span style=\"vertical-align: inherit;\">Panel de operaci\u00f3n inteligente de 10.1 \u00ab<\/span><\/span><\/h3>\n<h2><span style=\"vertical-align: inherit;\"><span style=\"vertical-align: inherit;\">Color \/ negro y blanco<\/span><\/span><\/h2>\n<h3><span style=\"vertical-align: inherit;\"><span style=\"vertical-align: inherit;\">Blanco negro<\/span><\/span><\/h3>\n<h2><span style=\"vertical-align: inherit;\"><span style=\"vertical-align: inherit;\">Velocidad de salida Copiar \/ Imprimir<\/span><\/span><\/h2>\n<h3><span style=\"vertical-align: inherit;\"><span style=\"vertical-align: inherit;\">45 ppm (formato carta)<\/span><\/span><\/h3>\n<h2><span style=\"vertical-align: inherit;\"><span style=\"vertical-align: inherit;\">Tiempo de salida de la primera p\u00e1gina<\/span><\/span><\/h2>\n<h3><span style=\"vertical-align: inherit;\"><span style=\"vertical-align: inherit;\">Menos de 5 segundos<\/span><\/span><\/h3>\n<h2><span style=\"vertical-align: inherit;\"><span style=\"vertical-align: inherit;\">Tiempo de calentamiento<\/span><\/span><\/h2>\n<h3><span style=\"vertical-align: inherit;\"><span style=\"vertical-align: inherit;\">24 segundos<\/span><\/span><\/h3>\n<h2><span style=\"vertical-align: inherit;\"><span style=\"vertical-align: inherit;\">Resoluci\u00f3n<\/span><\/span><\/h2>\n<h3><span style=\"vertical-align: inherit;\"><span style=\"vertical-align: inherit;\">1200 x 1200 ppp<\/span><\/span><\/h3>\n<h2><span style=\"vertical-align: inherit;\"><span style=\"vertical-align: inherit;\">Memoria del sistema<\/span><\/span><\/h2>\n<h3><span style=\"vertical-align: inherit;\"><span style=\"vertical-align: inherit;\">2 GB de RAM \/ 320 GB HDD<\/span><\/span><\/h3>\n<h2><span style=\"vertical-align: inherit;\"><span style=\"vertical-align: inherit;\">Cantidad m\u00e1xima de copias<\/span><\/span><\/h2>\n<h3><span style=\"vertical-align: inherit;\"><span style=\"vertical-align: inherit;\">Hasta 999 copias.<\/span><\/span><\/h3>\n<h2><span style=\"vertical-align: inherit;\"><span style=\"vertical-align: inherit;\">Tipo de alimentador de documentos<\/span><\/span><\/h2>\n<h3><span style=\"vertical-align: inherit;\"><span style=\"vertical-align: inherit;\">Alimentador de documentos de una sola pasada (SPDF)<\/span><\/span><\/h3>\n<h2><span style=\"vertical-align: inherit;\"><span style=\"vertical-align: inherit;\">Rango de Zoom<\/span><\/span><\/h2>\n<h3><span style=\"vertical-align: inherit;\"><span style=\"vertical-align: inherit;\">25% a 400% en incrementos de 1%<\/span><\/span><\/h3>\n<h2><span style=\"vertical-align: inherit;\"><span style=\"vertical-align: inherit;\">Tama\u00f1os de papel admitidos<\/span><\/span><\/h2>\n<h3><span style=\"vertical-align: inherit;\"><span style=\"vertical-align: inherit;\">Bandejas de papel est\u00e1ndar: 5.5 \u00abx 8.5\u00bb &#8211; 8.5 \u00abx 14\u00bb (A6-A4, B6-B5) <\/span><\/span><br \/>\n<span style=\"vertical-align: inherit;\"><span style=\"vertical-align: inherit;\">Bandejas de papel opcionales: 5.5 \u00abx 8.5\u00bb &#8211; 8.5 \u00abx 14\u00bb (A6-A4, B6-B5)<\/span><\/span><br \/>\n<span style=\"vertical-align: inherit;\"><span style=\"vertical-align: inherit;\"> Bandeja bypass: 5.5 \u00abx 8.5\u00bb &#8211; 8.5 \u00abx 14\u00bb (A6-A4, B6-B5) Tama\u00f1os personalizados &#8211; Ancho: 2.36 \u00ab- 8.5\u00bb (60 &#8211; 216 mm), Longitud: 5.0 \u00ab- 35.43 ?? (127 &#8211; 900 mm)<\/span><\/span><\/h3>\n<h2><span style=\"vertical-align: inherit;\"><span style=\"vertical-align: inherit;\">Pesos de papel admitidos<\/span><\/span><\/h2>\n<h3><span style=\"vertical-align: inherit;\"><span style=\"vertical-align: inherit;\">Bandejas: 14 &#8211; 58 lb. Bond (52 &#8211; 220 g \/ m\u00b2) <\/span><\/span><br \/>\n<span style=\"vertical-align: inherit;\"><span style=\"vertical-align: inherit;\">Derivaci\u00f3n: 14 &#8211; 68 lb. Bond (52 &#8211; 256 g \/ m\u00b2)<\/span><\/span><br \/>\n<span style=\"vertical-align: inherit;\"><span style=\"vertical-align: inherit;\"> D\u00faplex: 14 &#8211; 43 lb. Bond (52 &#8211; 162 g \/ m\u00b2)<\/span><\/span><\/h3>\n<h2><span style=\"vertical-align: inherit;\"><span style=\"vertical-align: inherit;\">Tipos de papel admitidos<\/span><\/span><\/h2>\n<h3><span style=\"vertical-align: inherit;\"><span style=\"vertical-align: inherit;\">Liso, Reciclado, Especial, Coloreado, Papel con membrete, Cartulina, Preimpreso, Bond, Revestido, Sobre, Etiqueta, OHP<\/span><\/span><\/h3>\n<h2><span style=\"vertical-align: inherit;\"><span style=\"vertical-align: inherit;\">Capacidad de papel est\u00e1ndar<\/span><\/span><\/h2>\n<h3><span style=\"vertical-align: inherit;\"><span style=\"vertical-align: inherit;\">500 hojas<\/span><\/span><\/h3>\n<h2><span style=\"vertical-align: inherit;\"><span style=\"vertical-align: inherit;\">Capacidad m\u00e1xima de papel<\/span><\/span><\/h2>\n<h3><span style=\"vertical-align: inherit;\"><span style=\"vertical-align: inherit;\">2,100 hojas<\/span><\/span><\/h3>\n<h2><span style=\"vertical-align: inherit;\"><span style=\"vertical-align: inherit;\">Capacidad de salida est\u00e1ndar<\/span><\/span><\/h2>\n<h3><span style=\"vertical-align: inherit;\"><span style=\"vertical-align: inherit;\">250 hojas<\/span><\/span><\/h3>\n<h2><span style=\"vertical-align: inherit;\"><span style=\"vertical-align: inherit;\">Fuente de alimentaci\u00f3n<\/span><\/span><\/h2>\n<h3><span style=\"vertical-align: inherit;\"><span style=\"vertical-align: inherit;\">120 V &#8211; 127 V \/ 12 A 60 Hz<\/span><\/span><\/h3>\n<h2><span style=\"vertical-align: inherit;\"><span style=\"vertical-align: inherit;\">Consumo t\u00edpico de electricidad (TEC)<\/span><\/span><\/h2>\n<h3><span style=\"vertical-align: inherit;\"><span style=\"vertical-align: inherit;\">1,9 kWh \/ semana<\/span><\/span><\/h3>\n<h2><span style=\"vertical-align: inherit;\"><span style=\"vertical-align: inherit;\">El consumo de energ\u00eda<\/span><\/span><\/h2>\n<h3><span style=\"vertical-align: inherit;\"><span style=\"vertical-align: inherit;\">M\u00e1ximo: Menos de 1,380W <\/span><\/span><br \/>\n<span style=\"vertical-align: inherit;\"><span style=\"vertical-align: inherit;\">Operaci\u00f3n: 628 W <\/span><\/span><br \/>\n<span style=\"vertical-align: inherit;\"><span style=\"vertical-align: inherit;\">Listo: 91 W <\/span><\/span><br \/>\n<span style=\"vertical-align: inherit;\"><span style=\"vertical-align: inherit;\">Sue\u00f1o: 0,74 W<\/span><\/span><\/h3>\n","protected":false},"excerpt":{"rendered":"<p>Motor \/ Especificaciones generales Configuracion Escritorio Panel de control Panel de operaci\u00f3n inteligente de 10.1 \u00ab Color \/ negro y blanco Blanco negro Velocidad de salida Copiar \/ Imprimir 45 ppm (formato carta) Tiempo de salida de la primera p\u00e1gina Menos de 5 segundos Tiempo de calentamiento 24 segundos Resoluci\u00f3n 1200 x 1200 ppp Memoria &hellip;<\/p>\n<p class=\"read-more\"> <a class=\"\" href=\"https:\/\/garrcorpcomputer.com\/index.php\/producto\/impresora-ricoh-im-430f\/\"> <span class=\"screen-reader-text\">Impresora Ricoh IM 430F<\/span> Leer m\u00e1s &raquo;<\/a><\/p>\n","protected":false},"featured_media":4126,"comment_status":"closed","ping_status":"closed","template":"","meta":{"om_disable_all_campaigns":false,"_mi_skip_tracking":false,"spay_email":"","jetpack_publicize_message":"","jetpack_is_tweetstorm":false},"product_cat":[289,75],"product_tag":[],"jetpack_publicize_connections":[],"jetpack-related-posts":[{"id":4117,"url":"https:\/\/garrcorpcomputer.com\/index.php\/producto\/impresora-ricoh-mp-301spf-remanufacturada\/","url_meta":{"origin":4125,"position":0},"title":"IMPRESORA RICOH MP 301SPF (REMANUFACTURADA)","date":"27 de agosto de 2021","format":false,"excerpt":"Consumo t\u00edpico de energ\u00eda (TEC) 0,696 kWh \/ semana El valor TEC se mide en base al m\u00e9todo de prueba ENERGY STAR Ver.3.0. Motor \/ Especificaciones generales Configuracion Escritorio Elemento de escaneo Plataforma con elemento de sensor de imagen y conjunto CCD Proceso de impresi\u00f3n Impresi\u00f3n electrofotogr\u00e1fica y escaneo \/\u2026","rel":"","context":"Entrada similar","img":{"alt_text":"","src":"https:\/\/i0.wp.com\/garrcorpcomputer.com\/wp-content\/uploads\/2021\/08\/WhatsApp-Image-2021-08-27-at-4.04.37-PM.jpeg?fit=600%2C1200&ssl=1&resize=350%2C200","width":350,"height":200},"classes":[]},{"id":5635,"url":"https:\/\/garrcorpcomputer.com\/index.php\/producto\/mastercase-h500-argb\/","url_meta":{"origin":4125,"position":1},"title":"MasterCase H500 ARGB","date":"9 de septiembre de 2021","format":false,"excerpt":"Panel frontal transparente y de malla Ventiladores compatibles: ARGB duales de 200 mm Sistema de iluminaci\u00f3n ARGB Panel lateral de vidrio templado Manija para f\u00e1cil transporte y levantamiento","rel":"","context":"Entrada similar","img":{"alt_text":"","src":"","width":0,"height":0},"classes":[]},{"id":5629,"url":"https:\/\/garrcorpcomputer.com\/index.php\/producto\/masterbox-mb320l-argb-con-controlador\/","url_meta":{"origin":4125,"position":2},"title":"MasterBox MB320L ARGB con controlador","date":"9 de septiembre de 2021","format":false,"excerpt":"Consultar disponibilidad","rel":"","context":"Entrada similar","img":{"alt_text":"","src":"","width":0,"height":0},"classes":[]},{"id":5605,"url":"https:\/\/garrcorpcomputer.com\/index.php\/producto\/monitor-gaming-curvo-lcd-aoc-32-cq32g2s\/","url_meta":{"origin":4125,"position":3},"title":"Monitor Gaming curvo LCD AOC 32&#8243; CQ32G2S","date":"8 de septiembre de 2021","format":false,"excerpt":"Frecuencia de actualizaci\u00f3n: 165 Hz Tiempo de respuesta: 1 ms Monitor de juegos de alto rendimiento con panel VA de resoluci\u00f3n QHD 2K Resoluci\u00f3n: 2560 x 1440 Tipo de panel: VA Brillo (t\u00edpico): 300","rel":"","context":"Entrada similar","img":{"alt_text":"","src":"https:\/\/i1.wp.com\/garrcorpcomputer.com\/wp-content\/uploads\/2021\/09\/monitor-gamer-9.png?fit=365%2C432&ssl=1&resize=350%2C200","width":350,"height":200},"classes":[]},{"id":5638,"url":"https:\/\/garrcorpcomputer.com\/index.php\/producto\/masterbox-mb520-rgb-mwe-white-full-range-650w\/","url_meta":{"origin":4125,"position":4},"title":"MasterBox MB520 RGB + MWE White Full Range 650W","date":"9 de septiembre de 2021","format":false,"excerpt":"Panel frontal DarkMirror Ventiladores LED RGB y control de iluminaci\u00f3n Ingestas de rendimiento Panel lateral de vidrio templado Soporte para un total de 6 ventiladores y refrigeraci\u00f3n por agua Soporte de tarjeta gr\u00e1fica de hasta 410 mm Bandejas de almacenamiento y cubierta de PSU completa","rel":"","context":"Entrada similar","img":{"alt_text":"","src":"","width":0,"height":0},"classes":[]},{"id":5596,"url":"https:\/\/garrcorpcomputer.com\/index.php\/producto\/monitor-gaming-32-curvo-asus-vg328h1b\/","url_meta":{"origin":4125,"position":5},"title":"Monitor Gaming 32&#8243; curvo ASUS VG328H1B","date":"8 de septiembre de 2021","format":false,"excerpt":"Frecuencia de refresco 165 Hz Tipo de pantalla LED Tipo de resoluci\u00f3n Full HD Pantalla 1920 x 1080 px Curvo: si Tipo de panel: VA","rel":"","context":"Entrada similar","img":{"alt_text":"","src":"https:\/\/i1.wp.com\/garrcorpcomputer.com\/wp-content\/uploads\/2021\/09\/monitor-gamer-6.png?fit=502%2C483&ssl=1&resize=350%2C200","width":350,"height":200},"classes":[]}],"jetpack_sharing_enabled":true,"_links":{"self":[{"href":"https:\/\/garrcorpcomputer.com\/index.php\/wp-json\/wp\/v2\/product\/4125"}],"collection":[{"href":"https:\/\/garrcorpcomputer.com\/index.php\/wp-json\/wp\/v2\/product"}],"about":[{"href":"https:\/\/garrcorpcomputer.com\/index.php\/wp-json\/wp\/v2\/types\/product"}],"replies":[{"embeddable":true,"href":"https:\/\/garrcorpcomputer.com\/index.php\/wp-json\/wp\/v2\/comments?post=4125"}],"version-history":[{"count":0,"href":"https:\/\/garrcorpcomputer.com\/index.php\/wp-json\/wp\/v2\/product\/4125\/revisions"}],"wp:featuredmedia":[{"embeddable":true,"href":"https:\/\/garrcorpcomputer.com\/index.php\/wp-json\/wp\/v2\/media\/4126"}],"wp:attachment":[{"href":"https:\/\/garrcorpcomputer.com\/index.php\/wp-json\/wp\/v2\/media?parent=4125"}],"wp:term":[{"taxonomy":"product_cat","embeddable":true,"href":"https:\/\/garrcorpcomputer.com\/index.php\/wp-json\/wp\/v2\/product_cat?post=4125"},{"taxonomy":"product_tag","embeddable":true,"href":"https:\/\/garrcorpcomputer.com\/index.php\/wp-json\/wp\/v2\/product_tag?post=4125"}],"curies":[{"name":"wp","href":"https:\/\/api.w.org\/{rel}","templated":true}]}}