{"id":4152,"date":"2021-08-27T23:22:01","date_gmt":"2021-08-27T23:22:01","guid":{"rendered":"https:\/\/garrcorpcomputer.com\/?post_type=product&#038;p=4152"},"modified":"2021-08-27T23:29:43","modified_gmt":"2021-08-27T23:29:43","slug":"altavoz-genius-sp-hf-180","status":"publish","type":"product","link":"https:\/\/garrcorpcomputer.com\/index.php\/producto\/altavoz-genius-sp-hf-180\/","title":{"rendered":"Altavoz Genius SP HF 180"},"content":{"rendered":"<p>Altavoces est\u00e9reo de madera USB. Dise\u00f1o compacto sencillo con elegancia y estilo.<\/p>\n<ul>\n<li>Potencia m\u00e1xima total 6W (3W x 2)<\/li>\n<li>Alimentaci\u00f3n Conector USB<\/li>\n<li>Frecuencia 160Hz &#8211; 18KHz<\/li>\n<li>Control de volumen en cable<\/li>\n<li>Entrada de audio 3.5 mm<br \/>\nLongitud de cable 1.2 m<\/li>\n<li>\u00a0Peso (g)\u00a0 Aprox. 644g<\/li>\n<li>Unidad de potencia 2<\/li>\n<\/ul>\n","protected":false},"excerpt":{"rendered":"<p>Altavoces est\u00e9reo de madera USB. Dise\u00f1o compacto sencillo con elegancia y estilo. Potencia m\u00e1xima total 6W (3W x 2) Alimentaci\u00f3n Conector USB Frecuencia 160Hz &#8211; 18KHz Control de volumen en cable Entrada de audio 3.5 mm Longitud de cable 1.2 m \u00a0Peso (g)\u00a0 Aprox. 644g Unidad de potencia 2<\/p>\n","protected":false},"featured_media":4153,"comment_status":"closed","ping_status":"closed","template":"","meta":{"om_disable_all_campaigns":false,"_mi_skip_tracking":false,"spay_email":"","jetpack_publicize_message":"","jetpack_is_tweetstorm":false},"product_cat":[21,75],"product_tag":[],"jetpack_publicize_connections":[],"jetpack-related-posts":[{"id":4434,"url":"https:\/\/garrcorpcomputer.com\/index.php\/producto\/parlantes-usb-de-w-consmo-a8\/","url_meta":{"origin":4152,"position":0},"title":"PARLANTES USB DE W CONSMO A8","date":"30 de agosto de 2021","format":false,"excerpt":"potencia 5w x 2 RMS Dimensiones 11 de alto x 10.5 cent\u00edmetros de ancho Control de volumen en cable Interfaz USB para corriente Plug de 3.5 mm para sonido","rel":"","context":"Entrada similar","img":{"alt_text":"","src":"https:\/\/i2.wp.com\/garrcorpcomputer.com\/wp-content\/uploads\/2021\/08\/parlantes-1.png?fit=502%2C223&ssl=1&resize=350%2C200","width":350,"height":200},"classes":[]},{"id":4213,"url":"https:\/\/garrcorpcomputer.com\/index.php\/producto\/diadema-gamer-tech-rgb-ref-11010\/","url_meta":{"origin":4152,"position":1},"title":"Diadema Gamer Tech Clan RGB Ref 11010","date":"28 de agosto de 2021","format":false,"excerpt":"Iluminaci\u00f3n LED RGB Diadema para PS4, XBOX ONE y PC SUPER BASS Sonido envolvente Ajustable y ergon\u00f3mica Dise\u00f1o GAMER de lujo Material de alta calidad ABS Conexi\u00f3n 3,5 mm para audio USB para luces LED RGB Micr\u00f3fono ajustable de alta definici\u00f3n Control de volumen y silenciar micr\u00f3fono Di\u00e1metro del auricular:\u2026","rel":"","context":"Entrada similar","img":{"alt_text":"","src":"https:\/\/i1.wp.com\/garrcorpcomputer.com\/wp-content\/uploads\/2021\/08\/diadema-12.png?fit=459%2C373&ssl=1&resize=350%2C200","width":350,"height":200},"classes":[]},{"id":4380,"url":"https:\/\/garrcorpcomputer.com\/index.php\/producto\/mouse-usb-consmo-cp87\/","url_meta":{"origin":4152,"position":2},"title":"MOUSE USB CONSMO CP87","date":"30 de agosto de 2021","format":false,"excerpt":"Mouse con sensor \u00f3ptico 2 botones + scroll 1200 DPI Cable 1.5 mt Conexi\u00f3n USB plug and play","rel":"","context":"Entrada similar","img":{"alt_text":"","src":"https:\/\/i2.wp.com\/garrcorpcomputer.com\/wp-content\/uploads\/2021\/08\/mouse-10-1.png?fit=422%2C442&ssl=1&resize=350%2C200","width":350,"height":200},"classes":[]},{"id":5884,"url":"https:\/\/garrcorpcomputer.com\/index.php\/producto\/diadema-usb-jaltech-ref-q2\/","url_meta":{"origin":4152,"position":3},"title":"Diadema USB Jaltech Ref Q2","date":"13 de septiembre de 2021","format":false,"excerpt":"Conexi\u00f3n USB Control de volumen en solapa Cable 2 mtr Cancelaci\u00f3n de ruido","rel":"","context":"Con 1 comentario","img":{"alt_text":"","src":"https:\/\/i0.wp.com\/garrcorpcomputer.com\/wp-content\/uploads\/2021\/09\/diadema-6.png?fit=373%2C413&ssl=1&resize=350%2C200","width":350,"height":200},"classes":[]},{"id":4362,"url":"https:\/\/garrcorpcomputer.com\/index.php\/producto\/combo-gamer-3-en-1-cp-02\/","url_meta":{"origin":4152,"position":4},"title":"COMBO GAMER 3 EN 1 CP-02","date":"30 de agosto de 2021","format":false,"excerpt":"Diadema 2 plug de 3.5 mm Iluminaci\u00f3n LED multicolor Micr\u00f3fono interno en auricular Cable 2 mt Conexi\u00f3n USB plug and play","rel":"","context":"Entrada similar","img":{"alt_text":"","src":"https:\/\/i2.wp.com\/garrcorpcomputer.com\/wp-content\/uploads\/2021\/08\/COMBO-GAMER-11.png?fit=514%2C473&ssl=1&resize=350%2C200","width":350,"height":200},"classes":[]},{"id":4414,"url":"https:\/\/garrcorpcomputer.com\/index.php\/producto\/diadema-usb-consmo-gh-15s\/","url_meta":{"origin":4152,"position":5},"title":"DIADEMA USB CONSMO GH-15S","date":"30 de agosto de 2021","format":false,"excerpt":"Interfaz 100% USB plug and play Cable de 2 mt Control y suspensi\u00f3n de audio y volumen Micr\u00f3fono escualizable de alta fidelidad Bocina y bandas ajustables","rel":"","context":"Entrada similar","img":{"alt_text":"","src":"https:\/\/i2.wp.com\/garrcorpcomputer.com\/wp-content\/uploads\/2021\/08\/diadema-26.png?fit=367%2C508&ssl=1&resize=350%2C200","width":350,"height":200},"classes":[]}],"jetpack_sharing_enabled":true,"_links":{"self":[{"href":"https:\/\/garrcorpcomputer.com\/index.php\/wp-json\/wp\/v2\/product\/4152"}],"collection":[{"href":"https:\/\/garrcorpcomputer.com\/index.php\/wp-json\/wp\/v2\/product"}],"about":[{"href":"https:\/\/garrcorpcomputer.com\/index.php\/wp-json\/wp\/v2\/types\/product"}],"replies":[{"embeddable":true,"href":"https:\/\/garrcorpcomputer.com\/index.php\/wp-json\/wp\/v2\/comments?post=4152"}],"version-history":[{"count":0,"href":"https:\/\/garrcorpcomputer.com\/index.php\/wp-json\/wp\/v2\/product\/4152\/revisions"}],"wp:featuredmedia":[{"embeddable":true,"href":"https:\/\/garrcorpcomputer.com\/index.php\/wp-json\/wp\/v2\/media\/4153"}],"wp:attachment":[{"href":"https:\/\/garrcorpcomputer.com\/index.php\/wp-json\/wp\/v2\/media?parent=4152"}],"wp:term":[{"taxonomy":"product_cat","embeddable":true,"href":"https:\/\/garrcorpcomputer.com\/index.php\/wp-json\/wp\/v2\/product_cat?post=4152"},{"taxonomy":"product_tag","embeddable":true,"href":"https:\/\/garrcorpcomputer.com\/index.php\/wp-json\/wp\/v2\/product_tag?post=4152"}],"curies":[{"name":"wp","href":"https:\/\/api.w.org\/{rel}","templated":true}]}}