{"id":4157,"date":"2021-08-27T23:46:56","date_gmt":"2021-08-27T23:46:56","guid":{"rendered":"https:\/\/garrcorpcomputer.com\/?post_type=product&#038;p=4157"},"modified":"2021-08-27T23:46:56","modified_gmt":"2021-08-27T23:46:56","slug":"camara-face-cam-1000x-genius","status":"publish","type":"product","link":"https:\/\/garrcorpcomputer.com\/index.php\/producto\/camara-face-cam-1000x-genius\/","title":{"rendered":"Camara Face Cam 1000X Genius"},"content":{"rendered":"<ul>\n<li>El micr\u00f3fono sensible incorporado captura tu voz claramente.<\/li>\n<li>Clip universal para panel LCD y port\u00e1til.<\/li>\n<li>Compatible con Windows y Mac OS<\/li>\n<li>Interfaz USB<\/li>\n<li>Enfoque manual<\/li>\n<li>720P HD, experimentar el chat en alta definici\u00f3n<\/li>\n<\/ul>\n","protected":false},"excerpt":{"rendered":"<p>El micr\u00f3fono sensible incorporado captura tu voz claramente. Clip universal para panel LCD y port\u00e1til. Compatible con Windows y Mac OS Interfaz USB Enfoque manual 720P HD, experimentar el chat en alta definici\u00f3n<\/p>\n","protected":false},"featured_media":4158,"comment_status":"closed","ping_status":"closed","template":"","meta":{"om_disable_all_campaigns":false,"_mi_skip_tracking":false,"spay_email":"","jetpack_publicize_message":"","jetpack_is_tweetstorm":false},"product_cat":[30,75],"product_tag":[],"jetpack_publicize_connections":[],"jetpack-related-posts":[{"id":937,"url":"https:\/\/garrcorpcomputer.com\/index.php\/producto\/camara-logitech-c920s-pro-full-hd\/","url_meta":{"origin":4157,"position":0},"title":"CAMARA LOGITECH C920S PRO FULL HD","date":"14 de agosto de 2021","format":false,"excerpt":"","rel":"","context":"Entrada similar","img":{"alt_text":"","src":"https:\/\/i0.wp.com\/garrcorpcomputer.com\/wp-content\/uploads\/2021\/08\/D_NQ_NP_812626-MCO46491660787_062021-O.png?fit=500%2C485&ssl=1&resize=350%2C200","width":350,"height":200},"classes":[]},{"id":4811,"url":"https:\/\/garrcorpcomputer.com\/index.php\/producto\/camara-turbo-720p-bala-0-01lux-f2-8-ir80m-ip66-hikvision\/","url_meta":{"origin":4157,"position":1},"title":"C\u00e1mara turbo 720P bala 0.01LUX F2.8 IR80m IP66 HIKVISION","date":"2 de septiembre de 2021","format":false,"excerpt":"DS-2CE16C0T-IT5F","rel":"","context":"Entrada similar","img":{"alt_text":"","src":"","width":0,"height":0},"classes":[]},{"id":4813,"url":"https:\/\/garrcorpcomputer.com\/index.php\/producto\/camara-turbo-720p-bala-varifocal-exir-ir40m-ip66-metal-hikvision\/","url_meta":{"origin":4157,"position":2},"title":"C\u00e1mara turbo 720P bala varifocal EXIR IR40m IP66 metal HIKVISION","date":"2 de septiembre de 2021","format":false,"excerpt":"DS-2CE16C0T-VFIR3F","rel":"","context":"Entrada similar","img":{"alt_text":"","src":"","width":0,"height":0},"classes":[]},{"id":4844,"url":"https:\/\/garrcorpcomputer.com\/index.php\/producto\/camara-turbo-1080p-turret-exir-0-01lux-ir40m-ip66-plastica-hikvision\/","url_meta":{"origin":4157,"position":3},"title":"C\u00e1mara turbo 1080P TURRET EXIR 0.01LUX IR40m IP66 pl\u00e1stica HIKVISION","date":"2 de septiembre de 2021","format":false,"excerpt":"DS-2CE56D0T-IT3F","rel":"","context":"Entrada similar","img":{"alt_text":"","src":"https:\/\/i2.wp.com\/garrcorpcomputer.com\/wp-content\/uploads\/2021\/09\/camara-02-1.png?fit=281%2C275&ssl=1&resize=350%2C200","width":350,"height":200},"classes":[]},{"id":4846,"url":"https:\/\/garrcorpcomputer.com\/index.php\/producto\/camara-turbo-1080p-turret-varifocal-0-01lux-f2-8-12mm-ir40m-ip66-hikvision\/","url_meta":{"origin":4157,"position":4},"title":"C\u00e1mara turbo 1080P TURRET varifocal 0.01LUX F2.8-12mm IR40m IP66 HIKVISION","date":"2 de septiembre de 2021","format":false,"excerpt":"DS-2CE56D0T-VFIR3F","rel":"","context":"Entrada similar","img":{"alt_text":"","src":"https:\/\/i0.wp.com\/garrcorpcomputer.com\/wp-content\/uploads\/2021\/09\/camara-14-1.png?fit=261%2C233&ssl=1&resize=350%2C200","width":350,"height":200},"classes":[]},{"id":4849,"url":"https:\/\/garrcorpcomputer.com\/index.php\/producto\/camara-turbo-1080p-bala-0-01lux-f2-8-ir20m-int-plastica-hikvision\/","url_meta":{"origin":4157,"position":5},"title":"C\u00e1mara turbo 1080P bala 0.01LUX F2.8 IR20m INT pl\u00e1stica HIKVISION","date":"2 de septiembre de 2021","format":false,"excerpt":"DS-2CE16D0T-IRPF","rel":"","context":"Entrada similar","img":{"alt_text":"","src":"","width":0,"height":0},"classes":[]}],"jetpack_sharing_enabled":true,"_links":{"self":[{"href":"https:\/\/garrcorpcomputer.com\/index.php\/wp-json\/wp\/v2\/product\/4157"}],"collection":[{"href":"https:\/\/garrcorpcomputer.com\/index.php\/wp-json\/wp\/v2\/product"}],"about":[{"href":"https:\/\/garrcorpcomputer.com\/index.php\/wp-json\/wp\/v2\/types\/product"}],"replies":[{"embeddable":true,"href":"https:\/\/garrcorpcomputer.com\/index.php\/wp-json\/wp\/v2\/comments?post=4157"}],"version-history":[{"count":0,"href":"https:\/\/garrcorpcomputer.com\/index.php\/wp-json\/wp\/v2\/product\/4157\/revisions"}],"wp:featuredmedia":[{"embeddable":true,"href":"https:\/\/garrcorpcomputer.com\/index.php\/wp-json\/wp\/v2\/media\/4158"}],"wp:attachment":[{"href":"https:\/\/garrcorpcomputer.com\/index.php\/wp-json\/wp\/v2\/media?parent=4157"}],"wp:term":[{"taxonomy":"product_cat","embeddable":true,"href":"https:\/\/garrcorpcomputer.com\/index.php\/wp-json\/wp\/v2\/product_cat?post=4157"},{"taxonomy":"product_tag","embeddable":true,"href":"https:\/\/garrcorpcomputer.com\/index.php\/wp-json\/wp\/v2\/product_tag?post=4157"}],"curies":[{"name":"wp","href":"https:\/\/api.w.org\/{rel}","templated":true}]}}