{"id":4163,"date":"2021-08-28T00:17:16","date_gmt":"2021-08-28T00:17:16","guid":{"rendered":"https:\/\/garrcorpcomputer.com\/?post_type=product&#038;p=4163"},"modified":"2021-09-15T12:27:31","modified_gmt":"2021-09-15T17:27:31","slug":"teclado-gamer-retroiluminado-dise-tgmjr","status":"publish","type":"product","link":"https:\/\/garrcorpcomputer.com\/index.php\/producto\/teclado-gamer-retroiluminado-dise-tgmjr\/","title":{"rendered":"Teclado Gamer Retroiluminado Dise TGMJR"},"content":{"rendered":"<ul>\n<li>Teclado USB<\/li>\n<li>104 Teclas<\/li>\n<li>12 Teclas multimedia<\/li>\n<li>Iluminaci\u00f3n LED<\/li>\n<li>Peso ligero<\/li>\n<li>\u00a0Ergon\u00f3mico<\/li>\n<\/ul>\n","protected":false},"excerpt":{"rendered":"<p>Teclado USB 104 Teclas 12 Teclas multimedia Iluminaci\u00f3n LED Peso ligero \u00a0Ergon\u00f3mico<\/p>\n","protected":false},"featured_media":4164,"comment_status":"closed","ping_status":"closed","template":"","meta":{"om_disable_all_campaigns":false,"_mi_skip_tracking":false,"spay_email":"","jetpack_publicize_message":"","jetpack_is_tweetstorm":false},"product_cat":[328,344],"product_tag":[],"jetpack_publicize_connections":[],"jetpack-related-posts":[{"id":4169,"url":"https:\/\/garrcorpcomputer.com\/index.php\/producto\/teclado-usb-gamer-tech-gt400t-10901\/","url_meta":{"origin":4163,"position":0},"title":"Teclado USB Gamer Tech GT400T 10901","date":"28 de agosto de 2021","format":false,"excerpt":"Teclado met\u00e1lico Retroiluminado con luz led RGB Cable USB de alta calidad con filtro 105 teclas 12 de ellas multimedia Teclas tipo tapa Antiderrame Opci\u00f3n de cambio de luces ON\/OFF","rel":"","context":"Entrada similar","img":{"alt_text":"","src":"https:\/\/i1.wp.com\/garrcorpcomputer.com\/wp-content\/uploads\/2021\/08\/teclado-4-1.png?fit=604%2C276&ssl=1&resize=350%2C200","width":350,"height":200},"classes":[]},{"id":4283,"url":"https:\/\/garrcorpcomputer.com\/index.php\/producto\/combo-gamer-metalico-alambrico-multimedia-ctmgjr-011\/","url_meta":{"origin":4163,"position":1},"title":"Combo Gamer Met\u00e1lico Alambrico Multimedia CTMGJR-011","date":"29 de agosto de 2021","format":false,"excerpt":"Teclado met\u00e1lico Teclas flotantes retroiluminadas 104 teclas 12 de ellas multimedia 3 colores Led Teclado latinoamericano Impresi\u00f3n l\u00e1ser sensible al tacto Mouse hasta 3200 DPI 6 botones","rel":"","context":"Entrada similar","img":{"alt_text":"","src":"https:\/\/i1.wp.com\/garrcorpcomputer.com\/wp-content\/uploads\/2021\/08\/combo-gamer.png?fit=543%2C242&ssl=1&resize=350%2C200","width":350,"height":200},"classes":[]},{"id":4179,"url":"https:\/\/garrcorpcomputer.com\/index.php\/producto\/teclado-usb-gamer-tech-gt700t-ref-1092\/","url_meta":{"origin":4163,"position":2},"title":"Teclado USB Gamer Tech GT700T Ref 1092","date":"28 de agosto de 2021","format":false,"excerpt":"Retroiluminado con luz Led RGB Excelente dise\u00f1o Cable USB de alta calidad con filtro 105 teclas, 12 de ellas con acceso r\u00e1pido a multimedia Teclas tipo tapa Opci\u00f3n de cambio de luces ON\/OFF Antiderrame","rel":"","context":"Entrada similar","img":{"alt_text":"","src":"https:\/\/i2.wp.com\/garrcorpcomputer.com\/wp-content\/uploads\/2021\/08\/teclado-8.png?fit=703%2C310&ssl=1&resize=350%2C200","width":350,"height":200},"classes":[]},{"id":4167,"url":"https:\/\/garrcorpcomputer.com\/index.php\/producto\/teclado-gamer-multimedia-glass-edition-rf-ctmgjr-010\/","url_meta":{"origin":4163,"position":3},"title":"Teclado Gamer Multimedia Glass edition RF-CTMGJR-010","date":"28 de agosto de 2021","format":false,"excerpt":"Teclado USB Teclas redondas tipo vidrio 104 teclas 11 teclas multimedia Tres modos de iluminaci\u00f3n Brillo ajustable Placa liviana","rel":"","context":"Entrada similar","img":{"alt_text":"","src":"https:\/\/i0.wp.com\/garrcorpcomputer.com\/wp-content\/uploads\/2021\/08\/teclado-3-1.png?fit=762%2C435&ssl=1&resize=350%2C200","width":350,"height":200},"classes":[]},{"id":4181,"url":"https:\/\/garrcorpcomputer.com\/index.php\/producto\/teclado-alambrico-gamer-usb-para-una-mano-retroiluminado\/","url_meta":{"origin":4163,"position":4},"title":"Teclado al\u00e1mbrico Gamer USB para una mano Retroiluminado","date":"28 de agosto de 2021","format":false,"excerpt":"5 teclas multimedia Cable de 1.5 mt 35 teclas Soporte para mu\u00f1eca Teclado retroiluminado Compatible con smartphone","rel":"","context":"Entrada similar","img":{"alt_text":"","src":"https:\/\/i2.wp.com\/garrcorpcomputer.com\/wp-content\/uploads\/2021\/08\/teclado-9.png?fit=374%2C503&ssl=1&resize=350%2C200","width":350,"height":200},"classes":[]},{"id":4183,"url":"https:\/\/garrcorpcomputer.com\/index.php\/producto\/teclado-gamer-retroiluminado-rgb-led-one-hand-jyr-technology\/","url_meta":{"origin":4163,"position":5},"title":"Teclado Gamer Retroiluminado RGB Led one Hand JyR Technology","date":"28 de agosto de 2021","format":false,"excerpt":"5 teclas multimedia Cable de 1.4 mt 35 teclas Soporte para mu\u00f1eca Teclado retroiluminado Compatible con smartphone","rel":"","context":"Entrada similar","img":{"alt_text":"","src":"https:\/\/i2.wp.com\/garrcorpcomputer.com\/wp-content\/uploads\/2021\/08\/teclado-10.png?fit=374%2C503&ssl=1&resize=350%2C200","width":350,"height":200},"classes":[]}],"jetpack_sharing_enabled":true,"_links":{"self":[{"href":"https:\/\/garrcorpcomputer.com\/index.php\/wp-json\/wp\/v2\/product\/4163"}],"collection":[{"href":"https:\/\/garrcorpcomputer.com\/index.php\/wp-json\/wp\/v2\/product"}],"about":[{"href":"https:\/\/garrcorpcomputer.com\/index.php\/wp-json\/wp\/v2\/types\/product"}],"replies":[{"embeddable":true,"href":"https:\/\/garrcorpcomputer.com\/index.php\/wp-json\/wp\/v2\/comments?post=4163"}],"version-history":[{"count":1,"href":"https:\/\/garrcorpcomputer.com\/index.php\/wp-json\/wp\/v2\/product\/4163\/revisions"}],"predecessor-version":[{"id":5966,"href":"https:\/\/garrcorpcomputer.com\/index.php\/wp-json\/wp\/v2\/product\/4163\/revisions\/5966"}],"wp:featuredmedia":[{"embeddable":true,"href":"https:\/\/garrcorpcomputer.com\/index.php\/wp-json\/wp\/v2\/media\/4164"}],"wp:attachment":[{"href":"https:\/\/garrcorpcomputer.com\/index.php\/wp-json\/wp\/v2\/media?parent=4163"}],"wp:term":[{"taxonomy":"product_cat","embeddable":true,"href":"https:\/\/garrcorpcomputer.com\/index.php\/wp-json\/wp\/v2\/product_cat?post=4163"},{"taxonomy":"product_tag","embeddable":true,"href":"https:\/\/garrcorpcomputer.com\/index.php\/wp-json\/wp\/v2\/product_tag?post=4163"}],"curies":[{"name":"wp","href":"https:\/\/api.w.org\/{rel}","templated":true}]}}