{"id":4167,"date":"2021-08-28T00:28:51","date_gmt":"2021-08-28T00:28:51","guid":{"rendered":"https:\/\/garrcorpcomputer.com\/?post_type=product&#038;p=4167"},"modified":"2021-09-15T12:33:21","modified_gmt":"2021-09-15T17:33:21","slug":"teclado-gamer-multimedia-glass-edition-rf-ctmgjr-010","status":"publish","type":"product","link":"https:\/\/garrcorpcomputer.com\/index.php\/producto\/teclado-gamer-multimedia-glass-edition-rf-ctmgjr-010\/","title":{"rendered":"Teclado Gamer Multimedia Glass edition RF-CTMGJR-010"},"content":{"rendered":"<ul>\n<li>Teclado USB<\/li>\n<li>Teclas redondas tipo vidrio<\/li>\n<li>104 teclas<\/li>\n<li>11 teclas multimedia<\/li>\n<li>Tres modos de iluminaci\u00f3n<\/li>\n<li>Brillo ajustable<\/li>\n<li>Placa liviana<\/li>\n<\/ul>\n","protected":false},"excerpt":{"rendered":"<p>Teclado USB Teclas redondas tipo vidrio 104 teclas 11 teclas multimedia Tres modos de iluminaci\u00f3n Brillo ajustable Placa liviana<\/p>\n","protected":false},"featured_media":4168,"comment_status":"closed","ping_status":"closed","template":"","meta":{"om_disable_all_campaigns":false,"_mi_skip_tracking":false,"spay_email":"","jetpack_publicize_message":"","jetpack_is_tweetstorm":false},"product_cat":[344,75],"product_tag":[],"jetpack_publicize_connections":[],"jetpack-related-posts":[{"id":5953,"url":"https:\/\/garrcorpcomputer.com\/index.php\/producto\/teclado-multimedia-jal-118\/","url_meta":{"origin":4167,"position":0},"title":"Teclado multimedia JAL 118","date":"15 de septiembre de 2021","format":false,"excerpt":"8 teclas multimedia Dise\u00f1o delgado y ergon\u00f3mico 112 teclas Resiste salpicadura Conexi\u00f3n USB Teclado num\u00e9rico Teclas anti-ruido Longitud del cable 1,5 m","rel":"","context":"Con 1 comentario","img":{"alt_text":"","src":"","width":0,"height":0},"classes":[]},{"id":4346,"url":"https:\/\/garrcorpcomputer.com\/index.php\/producto\/teclado-multimedia-usb-k52\/","url_meta":{"origin":4167,"position":1},"title":"TECLADO MULTIMEDIA USB K52","date":"30 de agosto de 2021","format":false,"excerpt":"TECLADO EN ESPA\u00d1OL 108 TECLAS ALFA NUM\u00c9RICAS 8 TECLAS FUNCI\u00d3N MULTIMEDIA CONEXI\u00d3N USB PLUG AND PLAY","rel":"","context":"Entrada similar","img":{"alt_text":"","src":"https:\/\/i1.wp.com\/garrcorpcomputer.com\/wp-content\/uploads\/2021\/08\/TECLADO-3-2.png?fit=693%2C296&ssl=1&resize=350%2C200","width":350,"height":200},"classes":[]},{"id":4343,"url":"https:\/\/garrcorpcomputer.com\/index.php\/producto\/teclado-multimedia-usb-consmo-k518\/","url_meta":{"origin":4167,"position":2},"title":"TECLADO MULTIMEDIA USB CONSMO K518","date":"30 de agosto de 2021","format":false,"excerpt":"108 TECLAS ALFA NUM\u00c9RICAS 10 TECLAS DE FUNCI\u00d3N MULTIMEDIA CON IMPRESI\u00d3N L\u00c1SER TECLADO EN ESPA\u00d1OL DISE\u00d1O TIPO GAMER CONEXI\u00d3N USB PLUG AND PLAY","rel":"","context":"Entrada similar","img":{"alt_text":"","src":"https:\/\/i1.wp.com\/garrcorpcomputer.com\/wp-content\/uploads\/2021\/08\/TECLADO-2-2.png?fit=680%2C290&ssl=1&resize=350%2C200","width":350,"height":200},"classes":[]},{"id":4283,"url":"https:\/\/garrcorpcomputer.com\/index.php\/producto\/combo-gamer-metalico-alambrico-multimedia-ctmgjr-011\/","url_meta":{"origin":4167,"position":3},"title":"Combo Gamer Met\u00e1lico Alambrico Multimedia CTMGJR-011","date":"29 de agosto de 2021","format":false,"excerpt":"Teclado met\u00e1lico Teclas flotantes retroiluminadas 104 teclas 12 de ellas multimedia 3 colores Led Teclado latinoamericano Impresi\u00f3n l\u00e1ser sensible al tacto Mouse hasta 3200 DPI 6 botones","rel":"","context":"Entrada similar","img":{"alt_text":"","src":"https:\/\/i1.wp.com\/garrcorpcomputer.com\/wp-content\/uploads\/2021\/08\/combo-gamer.png?fit=543%2C242&ssl=1&resize=350%2C200","width":350,"height":200},"classes":[]},{"id":4163,"url":"https:\/\/garrcorpcomputer.com\/index.php\/producto\/teclado-gamer-retroiluminado-dise-tgmjr\/","url_meta":{"origin":4167,"position":4},"title":"Teclado Gamer Retroiluminado Dise TGMJR","date":"28 de agosto de 2021","format":false,"excerpt":"Teclado USB 104 Teclas 12 Teclas multimedia Iluminaci\u00f3n LED Peso ligero \u00a0Ergon\u00f3mico","rel":"","context":"Entrada similar","img":{"alt_text":"","src":"https:\/\/i1.wp.com\/garrcorpcomputer.com\/wp-content\/uploads\/2021\/08\/teclado-1-2.png?fit=724%2C550&ssl=1&resize=350%2C200","width":350,"height":200},"classes":[]},{"id":4181,"url":"https:\/\/garrcorpcomputer.com\/index.php\/producto\/teclado-alambrico-gamer-usb-para-una-mano-retroiluminado\/","url_meta":{"origin":4167,"position":5},"title":"Teclado al\u00e1mbrico Gamer USB para una mano Retroiluminado","date":"28 de agosto de 2021","format":false,"excerpt":"5 teclas multimedia Cable de 1.5 mt 35 teclas Soporte para mu\u00f1eca Teclado retroiluminado Compatible con smartphone","rel":"","context":"Entrada similar","img":{"alt_text":"","src":"https:\/\/i2.wp.com\/garrcorpcomputer.com\/wp-content\/uploads\/2021\/08\/teclado-9.png?fit=374%2C503&ssl=1&resize=350%2C200","width":350,"height":200},"classes":[]}],"jetpack_sharing_enabled":true,"_links":{"self":[{"href":"https:\/\/garrcorpcomputer.com\/index.php\/wp-json\/wp\/v2\/product\/4167"}],"collection":[{"href":"https:\/\/garrcorpcomputer.com\/index.php\/wp-json\/wp\/v2\/product"}],"about":[{"href":"https:\/\/garrcorpcomputer.com\/index.php\/wp-json\/wp\/v2\/types\/product"}],"replies":[{"embeddable":true,"href":"https:\/\/garrcorpcomputer.com\/index.php\/wp-json\/wp\/v2\/comments?post=4167"}],"version-history":[{"count":1,"href":"https:\/\/garrcorpcomputer.com\/index.php\/wp-json\/wp\/v2\/product\/4167\/revisions"}],"predecessor-version":[{"id":5969,"href":"https:\/\/garrcorpcomputer.com\/index.php\/wp-json\/wp\/v2\/product\/4167\/revisions\/5969"}],"wp:featuredmedia":[{"embeddable":true,"href":"https:\/\/garrcorpcomputer.com\/index.php\/wp-json\/wp\/v2\/media\/4168"}],"wp:attachment":[{"href":"https:\/\/garrcorpcomputer.com\/index.php\/wp-json\/wp\/v2\/media?parent=4167"}],"wp:term":[{"taxonomy":"product_cat","embeddable":true,"href":"https:\/\/garrcorpcomputer.com\/index.php\/wp-json\/wp\/v2\/product_cat?post=4167"},{"taxonomy":"product_tag","embeddable":true,"href":"https:\/\/garrcorpcomputer.com\/index.php\/wp-json\/wp\/v2\/product_tag?post=4167"}],"curies":[{"name":"wp","href":"https:\/\/api.w.org\/{rel}","templated":true}]}}