{"id":4177,"date":"2021-08-28T01:03:46","date_gmt":"2021-08-28T01:03:46","guid":{"rendered":"https:\/\/garrcorpcomputer.com\/?post_type=product&#038;p=4177"},"modified":"2021-09-15T12:35:58","modified_gmt":"2021-09-15T17:35:58","slug":"teclado-kb-804-usb-omega-gaming-ref-268g43sr","status":"publish","type":"product","link":"https:\/\/garrcorpcomputer.com\/index.php\/producto\/teclado-kb-804-usb-omega-gaming-ref-268g43sr\/","title":{"rendered":"Teclado KB-804 USB omega Gaming Ref 268G43SR"},"content":{"rendered":"<ul>\n<li>Iluminado de sensaci\u00f3n mec\u00e1nica<\/li>\n<li>Recubrimiento met\u00e1lico<\/li>\n<li>12 teclas funci\u00f3n multimedia<\/li>\n<li>19 teclas anti-conflicto<\/li>\n<li>Antiderrame<\/li>\n<li>3 diferentes luces de fondo<\/li>\n<\/ul>\n","protected":false},"excerpt":{"rendered":"<p>Iluminado de sensaci\u00f3n mec\u00e1nica Recubrimiento met\u00e1lico 12 teclas funci\u00f3n multimedia 19 teclas anti-conflicto Antiderrame 3 diferentes luces de fondo<\/p>\n","protected":false},"featured_media":4178,"comment_status":"closed","ping_status":"closed","template":"","meta":{"om_disable_all_campaigns":false,"_mi_skip_tracking":false,"spay_email":"","jetpack_publicize_message":"","jetpack_is_tweetstorm":false},"product_cat":[344,75],"product_tag":[],"jetpack_publicize_connections":[],"jetpack-related-posts":[{"id":5956,"url":"https:\/\/garrcorpcomputer.com\/index.php\/producto\/teclado-slim-jal200\/","url_meta":{"origin":4177,"position":0},"title":"Teclado Slim JAL200","date":"15 de septiembre de 2021","format":false,"excerpt":"Dise\u00f1o ergon\u00f3mico y delgado Teclas en alto relieve 104 teclas Conexi\u00f3n USB Teclado num\u00e9rico Teclas anti-ruido Longitud del cable 1,5 m","rel":"","context":"Con 3 comentarios","img":{"alt_text":"","src":"","width":0,"height":0},"classes":[]},{"id":5751,"url":"https:\/\/garrcorpcomputer.com\/index.php\/producto\/teclado-usb-gamer-tech-gtx80t\/","url_meta":{"origin":4177,"position":1},"title":"Teclado USB Gamer Tech GTX80T","date":"10 de septiembre de 2021","format":false,"excerpt":"Teclado mec\u00e1nico gamer pro Retroiluminado super RGB Teclas de interruptor mec\u00e1nico de eje azul para juegos Teclas resistentes hasta 50 millones de pulsaciones \u00a0Letras grabadas para evitar desgaste Cambio de patr\u00f3n de luces hasta 10 modos Teclado a prueba de salpicaduras \u00c1ngulo ajustable 12 teclas de acceso directo a multimedia\u2026","rel":"","context":"Entrada similar","img":{"alt_text":"","src":"https:\/\/i0.wp.com\/garrcorpcomputer.com\/wp-content\/uploads\/2021\/09\/teclado-gamer-2.png?fit=432%2C281&ssl=1&resize=350%2C200","width":350,"height":200},"classes":[]},{"id":5953,"url":"https:\/\/garrcorpcomputer.com\/index.php\/producto\/teclado-multimedia-jal-118\/","url_meta":{"origin":4177,"position":2},"title":"Teclado multimedia JAL 118","date":"15 de septiembre de 2021","format":false,"excerpt":"8 teclas multimedia Dise\u00f1o delgado y ergon\u00f3mico 112 teclas Resiste salpicadura Conexi\u00f3n USB Teclado num\u00e9rico Teclas anti-ruido Longitud del cable 1,5 m","rel":"","context":"Con 1 comentario","img":{"alt_text":"","src":"","width":0,"height":0},"classes":[]},{"id":4167,"url":"https:\/\/garrcorpcomputer.com\/index.php\/producto\/teclado-gamer-multimedia-glass-edition-rf-ctmgjr-010\/","url_meta":{"origin":4177,"position":3},"title":"Teclado Gamer Multimedia Glass edition RF-CTMGJR-010","date":"28 de agosto de 2021","format":false,"excerpt":"Teclado USB Teclas redondas tipo vidrio 104 teclas 11 teclas multimedia Tres modos de iluminaci\u00f3n Brillo ajustable Placa liviana","rel":"","context":"Entrada similar","img":{"alt_text":"","src":"https:\/\/i0.wp.com\/garrcorpcomputer.com\/wp-content\/uploads\/2021\/08\/teclado-3-1.png?fit=762%2C435&ssl=1&resize=350%2C200","width":350,"height":200},"classes":[]},{"id":5963,"url":"https:\/\/garrcorpcomputer.com\/index.php\/producto\/teclado-retro-rgb-ref-m300\/","url_meta":{"origin":4177,"position":4},"title":"Teclado Retro RGB Ref M300","date":"15 de septiembre de 2021","format":false,"excerpt":"Teclas retro circulares Luces LED Cable 1 mts Conexi\u00f3n USB Sistema anti-derrame Teclas silenciosas Material ABS Teclado en ingles Funci\u00f3n 19 teclas activas sin conflicto","rel":"","context":"Con 3 comentarios","img":{"alt_text":"","src":"https:\/\/i2.wp.com\/garrcorpcomputer.com\/wp-content\/uploads\/2021\/09\/teclado-15.png?fit=383%2C368&ssl=1&resize=350%2C200","width":350,"height":200},"classes":[]},{"id":4163,"url":"https:\/\/garrcorpcomputer.com\/index.php\/producto\/teclado-gamer-retroiluminado-dise-tgmjr\/","url_meta":{"origin":4177,"position":5},"title":"Teclado Gamer Retroiluminado Dise TGMJR","date":"28 de agosto de 2021","format":false,"excerpt":"Teclado USB 104 Teclas 12 Teclas multimedia Iluminaci\u00f3n LED Peso ligero \u00a0Ergon\u00f3mico","rel":"","context":"Entrada similar","img":{"alt_text":"","src":"https:\/\/i1.wp.com\/garrcorpcomputer.com\/wp-content\/uploads\/2021\/08\/teclado-1-2.png?fit=724%2C550&ssl=1&resize=350%2C200","width":350,"height":200},"classes":[]}],"jetpack_sharing_enabled":true,"_links":{"self":[{"href":"https:\/\/garrcorpcomputer.com\/index.php\/wp-json\/wp\/v2\/product\/4177"}],"collection":[{"href":"https:\/\/garrcorpcomputer.com\/index.php\/wp-json\/wp\/v2\/product"}],"about":[{"href":"https:\/\/garrcorpcomputer.com\/index.php\/wp-json\/wp\/v2\/types\/product"}],"replies":[{"embeddable":true,"href":"https:\/\/garrcorpcomputer.com\/index.php\/wp-json\/wp\/v2\/comments?post=4177"}],"version-history":[{"count":1,"href":"https:\/\/garrcorpcomputer.com\/index.php\/wp-json\/wp\/v2\/product\/4177\/revisions"}],"predecessor-version":[{"id":5972,"href":"https:\/\/garrcorpcomputer.com\/index.php\/wp-json\/wp\/v2\/product\/4177\/revisions\/5972"}],"wp:featuredmedia":[{"embeddable":true,"href":"https:\/\/garrcorpcomputer.com\/index.php\/wp-json\/wp\/v2\/media\/4178"}],"wp:attachment":[{"href":"https:\/\/garrcorpcomputer.com\/index.php\/wp-json\/wp\/v2\/media?parent=4177"}],"wp:term":[{"taxonomy":"product_cat","embeddable":true,"href":"https:\/\/garrcorpcomputer.com\/index.php\/wp-json\/wp\/v2\/product_cat?post=4177"},{"taxonomy":"product_tag","embeddable":true,"href":"https:\/\/garrcorpcomputer.com\/index.php\/wp-json\/wp\/v2\/product_tag?post=4177"}],"curies":[{"name":"wp","href":"https:\/\/api.w.org\/{rel}","templated":true}]}}