{"id":4179,"date":"2021-08-28T01:20:27","date_gmt":"2021-08-28T01:20:27","guid":{"rendered":"https:\/\/garrcorpcomputer.com\/?post_type=product&#038;p=4179"},"modified":"2021-09-15T12:47:19","modified_gmt":"2021-09-15T17:47:19","slug":"teclado-usb-gamer-tech-gt700t-ref-1092","status":"publish","type":"product","link":"https:\/\/garrcorpcomputer.com\/index.php\/producto\/teclado-usb-gamer-tech-gt700t-ref-1092\/","title":{"rendered":"Teclado USB Gamer Tech GT700T Ref 1092"},"content":{"rendered":"<ul>\n<li>Retroiluminado con luz Led RGB<\/li>\n<li>Excelente dise\u00f1o<\/li>\n<li>Cable USB de alta calidad con filtro<\/li>\n<li>105 teclas, 12 de ellas con acceso r\u00e1pido a multimedia<\/li>\n<li>Teclas tipo tapa<\/li>\n<li>Opci\u00f3n de cambio de luces ON\/OFF<\/li>\n<li>Antiderrame<\/li>\n<\/ul>\n","protected":false},"excerpt":{"rendered":"<p>Retroiluminado con luz Led RGB Excelente dise\u00f1o Cable USB de alta calidad con filtro 105 teclas, 12 de ellas con acceso r\u00e1pido a multimedia Teclas tipo tapa Opci\u00f3n de cambio de luces ON\/OFF Antiderrame<\/p>\n","protected":false},"featured_media":4180,"comment_status":"closed","ping_status":"closed","template":"","meta":{"om_disable_all_campaigns":false,"_mi_skip_tracking":false,"spay_email":"","jetpack_publicize_message":"","jetpack_is_tweetstorm":false},"product_cat":[344,75],"product_tag":[],"jetpack_publicize_connections":[],"jetpack-related-posts":[{"id":5960,"url":"https:\/\/garrcorpcomputer.com\/index.php\/producto\/teclado-usb-forza\/","url_meta":{"origin":4179,"position":0},"title":"Teclado USB Forza","date":"15 de septiembre de 2021","format":false,"excerpt":"USB 2.0 104 Teclas suaves Cable 1.23 Mts Conexi\u00f3n USB sin ferrita Sistema antiderrame Teclas silenciosas Dise\u00f1o ergon\u00f3mico Empaque Premium","rel":"","context":"Entrada similar","img":{"alt_text":"","src":"https:\/\/i0.wp.com\/garrcorpcomputer.com\/wp-content\/uploads\/2021\/09\/teclado-14.png?fit=423%2C202&ssl=1&resize=350%2C200","width":350,"height":200},"classes":[]},{"id":4346,"url":"https:\/\/garrcorpcomputer.com\/index.php\/producto\/teclado-multimedia-usb-k52\/","url_meta":{"origin":4179,"position":1},"title":"TECLADO MULTIMEDIA USB K52","date":"30 de agosto de 2021","format":false,"excerpt":"TECLADO EN ESPA\u00d1OL 108 TECLAS ALFA NUM\u00c9RICAS 8 TECLAS FUNCI\u00d3N MULTIMEDIA CONEXI\u00d3N USB PLUG AND PLAY","rel":"","context":"Entrada similar","img":{"alt_text":"","src":"https:\/\/i1.wp.com\/garrcorpcomputer.com\/wp-content\/uploads\/2021\/08\/TECLADO-3-2.png?fit=693%2C296&ssl=1&resize=350%2C200","width":350,"height":200},"classes":[]},{"id":5741,"url":"https:\/\/garrcorpcomputer.com\/index.php\/producto\/teclado-usb-gamer-tech-gt816t\/","url_meta":{"origin":4179,"position":2},"title":"Teclado USB Gamer Tech GT816T","date":"10 de septiembre de 2021","format":false,"excerpt":"Teclado gamer eco Cable USB alta calidad 105 tecla Dise\u00f1o ligero \u00a0Teclas azules gamer para mayor durabilidad","rel":"","context":"Entrada similar","img":{"alt_text":"","src":"https:\/\/i2.wp.com\/garrcorpcomputer.com\/wp-content\/uploads\/2021\/09\/teclado-gamer-1.png?fit=392%2C223&ssl=1&resize=350%2C200","width":350,"height":200},"classes":[]},{"id":4356,"url":"https:\/\/garrcorpcomputer.com\/index.php\/producto\/teclado-retroiluminado-usb-k590\/","url_meta":{"origin":4179,"position":3},"title":"TECLADO RETROILUMINADO USB K590","date":"30 de agosto de 2021","format":false,"excerpt":"108 TECLAS CON IMPRESI\u00d3N L\u00c1SER CHASIS CON ILUMINACI\u00d3N RGB TECLADO TIPO MEC\u00c1NICO TECLA ENCENDIDO RGB BLOQ DESPL CONEXI\u00d3N USB PLUG AND PLAY","rel":"","context":"Entrada similar","img":{"alt_text":"","src":"https:\/\/i0.wp.com\/garrcorpcomputer.com\/wp-content\/uploads\/2021\/08\/TECLADO-6-1.png?fit=751%2C253&ssl=1&resize=350%2C200","width":350,"height":200},"classes":[]},{"id":4339,"url":"https:\/\/garrcorpcomputer.com\/index.php\/producto\/teclado-sencillo-usb-consmo-k13\/","url_meta":{"origin":4179,"position":4},"title":"TECLADO SENCILLO USB CONSMO K13","date":"30 de agosto de 2021","format":false,"excerpt":"Teclado en espa\u00f1ol 108 Teclas impresi\u00f3n l\u00e1ser Conexi\u00f3n USB plug and play","rel":"","context":"Entrada similar","img":{"alt_text":"","src":"https:\/\/i1.wp.com\/garrcorpcomputer.com\/wp-content\/uploads\/2021\/08\/TECLADO-1-4.png?fit=703%2C283&ssl=1&resize=350%2C200","width":350,"height":200},"classes":[]},{"id":4343,"url":"https:\/\/garrcorpcomputer.com\/index.php\/producto\/teclado-multimedia-usb-consmo-k518\/","url_meta":{"origin":4179,"position":5},"title":"TECLADO MULTIMEDIA USB CONSMO K518","date":"30 de agosto de 2021","format":false,"excerpt":"108 TECLAS ALFA NUM\u00c9RICAS 10 TECLAS DE FUNCI\u00d3N MULTIMEDIA CON IMPRESI\u00d3N L\u00c1SER TECLADO EN ESPA\u00d1OL DISE\u00d1O TIPO GAMER CONEXI\u00d3N USB PLUG AND PLAY","rel":"","context":"Entrada similar","img":{"alt_text":"","src":"https:\/\/i1.wp.com\/garrcorpcomputer.com\/wp-content\/uploads\/2021\/08\/TECLADO-2-2.png?fit=680%2C290&ssl=1&resize=350%2C200","width":350,"height":200},"classes":[]}],"jetpack_sharing_enabled":true,"_links":{"self":[{"href":"https:\/\/garrcorpcomputer.com\/index.php\/wp-json\/wp\/v2\/product\/4179"}],"collection":[{"href":"https:\/\/garrcorpcomputer.com\/index.php\/wp-json\/wp\/v2\/product"}],"about":[{"href":"https:\/\/garrcorpcomputer.com\/index.php\/wp-json\/wp\/v2\/types\/product"}],"replies":[{"embeddable":true,"href":"https:\/\/garrcorpcomputer.com\/index.php\/wp-json\/wp\/v2\/comments?post=4179"}],"version-history":[{"count":1,"href":"https:\/\/garrcorpcomputer.com\/index.php\/wp-json\/wp\/v2\/product\/4179\/revisions"}],"predecessor-version":[{"id":5974,"href":"https:\/\/garrcorpcomputer.com\/index.php\/wp-json\/wp\/v2\/product\/4179\/revisions\/5974"}],"wp:featuredmedia":[{"embeddable":true,"href":"https:\/\/garrcorpcomputer.com\/index.php\/wp-json\/wp\/v2\/media\/4180"}],"wp:attachment":[{"href":"https:\/\/garrcorpcomputer.com\/index.php\/wp-json\/wp\/v2\/media?parent=4179"}],"wp:term":[{"taxonomy":"product_cat","embeddable":true,"href":"https:\/\/garrcorpcomputer.com\/index.php\/wp-json\/wp\/v2\/product_cat?post=4179"},{"taxonomy":"product_tag","embeddable":true,"href":"https:\/\/garrcorpcomputer.com\/index.php\/wp-json\/wp\/v2\/product_tag?post=4179"}],"curies":[{"name":"wp","href":"https:\/\/api.w.org\/{rel}","templated":true}]}}