{"id":4181,"date":"2021-08-28T01:24:58","date_gmt":"2021-08-28T01:24:58","guid":{"rendered":"https:\/\/garrcorpcomputer.com\/?post_type=product&#038;p=4181"},"modified":"2021-09-15T12:38:10","modified_gmt":"2021-09-15T17:38:10","slug":"teclado-alambrico-gamer-usb-para-una-mano-retroiluminado","status":"publish","type":"product","link":"https:\/\/garrcorpcomputer.com\/index.php\/producto\/teclado-alambrico-gamer-usb-para-una-mano-retroiluminado\/","title":{"rendered":"Teclado al\u00e1mbrico Gamer USB para una mano Retroiluminado"},"content":{"rendered":"<ul>\n<li>5 teclas multimedia<\/li>\n<li>Cable de 1.5 mt<\/li>\n<li>35 teclas<\/li>\n<li>Soporte para mu\u00f1eca<\/li>\n<li>Teclado retroiluminado<\/li>\n<li>Compatible con smartphone<\/li>\n<\/ul>\n","protected":false},"excerpt":{"rendered":"<p>5 teclas multimedia Cable de 1.5 mt 35 teclas Soporte para mu\u00f1eca Teclado retroiluminado Compatible con smartphone<\/p>\n","protected":false},"featured_media":4182,"comment_status":"closed","ping_status":"closed","template":"","meta":{"om_disable_all_campaigns":false,"_mi_skip_tracking":false,"spay_email":"","jetpack_publicize_message":"","jetpack_is_tweetstorm":false},"product_cat":[344,75],"product_tag":[],"jetpack_publicize_connections":[],"jetpack-related-posts":[{"id":4183,"url":"https:\/\/garrcorpcomputer.com\/index.php\/producto\/teclado-gamer-retroiluminado-rgb-led-one-hand-jyr-technology\/","url_meta":{"origin":4181,"position":0},"title":"Teclado Gamer Retroiluminado RGB Led one Hand JyR Technology","date":"28 de agosto de 2021","format":false,"excerpt":"5 teclas multimedia Cable de 1.4 mt 35 teclas Soporte para mu\u00f1eca Teclado retroiluminado Compatible con smartphone","rel":"","context":"Entrada similar","img":{"alt_text":"","src":"https:\/\/i2.wp.com\/garrcorpcomputer.com\/wp-content\/uploads\/2021\/08\/teclado-10.png?fit=374%2C503&ssl=1&resize=350%2C200","width":350,"height":200},"classes":[]},{"id":4163,"url":"https:\/\/garrcorpcomputer.com\/index.php\/producto\/teclado-gamer-retroiluminado-dise-tgmjr\/","url_meta":{"origin":4181,"position":1},"title":"Teclado Gamer Retroiluminado Dise TGMJR","date":"28 de agosto de 2021","format":false,"excerpt":"Teclado USB 104 Teclas 12 Teclas multimedia Iluminaci\u00f3n LED Peso ligero \u00a0Ergon\u00f3mico","rel":"","context":"Entrada similar","img":{"alt_text":"","src":"https:\/\/i1.wp.com\/garrcorpcomputer.com\/wp-content\/uploads\/2021\/08\/teclado-1-2.png?fit=724%2C550&ssl=1&resize=350%2C200","width":350,"height":200},"classes":[]},{"id":4356,"url":"https:\/\/garrcorpcomputer.com\/index.php\/producto\/teclado-retroiluminado-usb-k590\/","url_meta":{"origin":4181,"position":2},"title":"TECLADO RETROILUMINADO USB K590","date":"30 de agosto de 2021","format":false,"excerpt":"108 TECLAS CON IMPRESI\u00d3N L\u00c1SER CHASIS CON ILUMINACI\u00d3N RGB TECLADO TIPO MEC\u00c1NICO TECLA ENCENDIDO RGB BLOQ DESPL CONEXI\u00d3N USB PLUG AND PLAY","rel":"","context":"Entrada similar","img":{"alt_text":"","src":"https:\/\/i0.wp.com\/garrcorpcomputer.com\/wp-content\/uploads\/2021\/08\/TECLADO-6-1.png?fit=751%2C253&ssl=1&resize=350%2C200","width":350,"height":200},"classes":[]},{"id":4359,"url":"https:\/\/garrcorpcomputer.com\/index.php\/producto\/combo-teclado-y-mouse-usb-gaming-retroiluminado-gk100\/","url_meta":{"origin":4181,"position":3},"title":"COMBO TECLADO Y MOUSE USB GAMING RETROILUMINADO GK100","date":"30 de agosto de 2021","format":false,"excerpt":"MOUSE ILUMINACI\u00d3N LED MULTICOLOR 2 BOTONES + SCROLL 1000 DPI CABLE 1.5 mt CONEXI\u00d3N USB PLUG AND PLAY","rel":"","context":"Entrada similar","img":{"alt_text":"","src":"https:\/\/i1.wp.com\/garrcorpcomputer.com\/wp-content\/uploads\/2021\/08\/TECLADO-7-1.png?fit=782%2C219&ssl=1&resize=350%2C200","width":350,"height":200},"classes":[]},{"id":4171,"url":"https:\/\/garrcorpcomputer.com\/index.php\/producto\/teclado-gamertech-noob-gt653t-ref-11009\/","url_meta":{"origin":4181,"position":4},"title":"Teclado Gamer Tech NOOB GT653T Ref 11009","date":"28 de agosto de 2021","format":false,"excerpt":"Interfaz USB Arquitectura: membrana Retroiluminado RGB Cambio de luz Teclas troqueladas Antiderrame 105 teclas, 12 teclas de acceso r\u00e1pido","rel":"","context":"Entrada similar","img":{"alt_text":"","src":"https:\/\/i2.wp.com\/garrcorpcomputer.com\/wp-content\/uploads\/2021\/08\/teclado-5.png?fit=507%2C206&ssl=1&resize=350%2C200","width":350,"height":200},"classes":[]},{"id":4175,"url":"https:\/\/garrcorpcomputer.com\/index.php\/producto\/teclado-usb-xenex-xcg-gkb20\/","url_meta":{"origin":4181,"position":5},"title":"Teclado USB XENEX XCG-GKB20","date":"28 de agosto de 2021","format":false,"excerpt":"Teclado de 104 teclas en espa\u00f1ol Conexi\u00f3n USB 2.0 Teclado con luz retroiluminado de 3 colores Largo del cable: 1.5 mt F\u00e1cil de instalar plug & play Admite 10 millones de pulsaciones","rel":"","context":"Entrada similar","img":{"alt_text":"","src":"https:\/\/i2.wp.com\/garrcorpcomputer.com\/wp-content\/uploads\/2021\/08\/teclado-6.png?fit=763%2C253&ssl=1&resize=350%2C200","width":350,"height":200},"classes":[]}],"jetpack_sharing_enabled":true,"_links":{"self":[{"href":"https:\/\/garrcorpcomputer.com\/index.php\/wp-json\/wp\/v2\/product\/4181"}],"collection":[{"href":"https:\/\/garrcorpcomputer.com\/index.php\/wp-json\/wp\/v2\/product"}],"about":[{"href":"https:\/\/garrcorpcomputer.com\/index.php\/wp-json\/wp\/v2\/types\/product"}],"replies":[{"embeddable":true,"href":"https:\/\/garrcorpcomputer.com\/index.php\/wp-json\/wp\/v2\/comments?post=4181"}],"version-history":[{"count":1,"href":"https:\/\/garrcorpcomputer.com\/index.php\/wp-json\/wp\/v2\/product\/4181\/revisions"}],"predecessor-version":[{"id":5973,"href":"https:\/\/garrcorpcomputer.com\/index.php\/wp-json\/wp\/v2\/product\/4181\/revisions\/5973"}],"wp:featuredmedia":[{"embeddable":true,"href":"https:\/\/garrcorpcomputer.com\/index.php\/wp-json\/wp\/v2\/media\/4182"}],"wp:attachment":[{"href":"https:\/\/garrcorpcomputer.com\/index.php\/wp-json\/wp\/v2\/media?parent=4181"}],"wp:term":[{"taxonomy":"product_cat","embeddable":true,"href":"https:\/\/garrcorpcomputer.com\/index.php\/wp-json\/wp\/v2\/product_cat?post=4181"},{"taxonomy":"product_tag","embeddable":true,"href":"https:\/\/garrcorpcomputer.com\/index.php\/wp-json\/wp\/v2\/product_tag?post=4181"}],"curies":[{"name":"wp","href":"https:\/\/api.w.org\/{rel}","templated":true}]}}