{"id":4189,"date":"2021-08-28T01:51:37","date_gmt":"2021-08-28T01:51:37","guid":{"rendered":"https:\/\/garrcorpcomputer.com\/?post_type=product&#038;p=4189"},"modified":"2021-09-13T17:15:39","modified_gmt":"2021-09-13T22:15:39","slug":"diadema-usb-7-1-gamertech-gt5000d-ref-10908","status":"publish","type":"product","link":"https:\/\/garrcorpcomputer.com\/index.php\/producto\/diadema-usb-7-1-gamertech-gt5000d-ref-10908\/","title":{"rendered":"Diadema USB 7.1 GamerTech GT5000D Ref 10908"},"content":{"rendered":"<ul>\n<li>Dise\u00f1o ergon\u00f3mico<\/li>\n<li>USB para luz Led y sonido<\/li>\n<li>Luz Led fija<\/li>\n<li>Micr\u00f3fono ajustable de alta definici\u00f3n<\/li>\n<li>Control de volumen<\/li>\n<li>Super Bass<\/li>\n<\/ul>\n","protected":false},"excerpt":{"rendered":"<p>Dise\u00f1o ergon\u00f3mico USB para luz Led y sonido Luz Led fija Micr\u00f3fono ajustable de alta definici\u00f3n Control de volumen Super Bass<\/p>\n","protected":false},"featured_media":4190,"comment_status":"closed","ping_status":"closed","template":"","meta":{"om_disable_all_campaigns":false,"_mi_skip_tracking":false,"spay_email":"","jetpack_publicize_message":"","jetpack_is_tweetstorm":false},"product_cat":[346,328],"product_tag":[],"jetpack_publicize_connections":[],"jetpack-related-posts":[{"id":5896,"url":"https:\/\/garrcorpcomputer.com\/index.php\/producto\/diadema-usb-7-1-gamer-tech-gt200d\/","url_meta":{"origin":4189,"position":0},"title":"Diadema USB 7.1 Gamer Tech GT200D","date":"13 de septiembre de 2021","format":false,"excerpt":"Diadema gamer 7.1 USB para luz LED y sonido Luz LED aleatoria Retroiluminado Multicolor Efectos luces LED Micr\u00f3fono ajustable de alta definici\u00f3n Filtro de ferrita Compatible con PLAY 4 y otras consolas","rel":"","context":"Con 2 comentarios","img":{"alt_text":"","src":"https:\/\/i2.wp.com\/garrcorpcomputer.com\/wp-content\/uploads\/2021\/09\/diadema-gamer-3.png?fit=367%2C414&ssl=1&resize=350%2C200","width":350,"height":200},"classes":[]},{"id":4185,"url":"https:\/\/garrcorpcomputer.com\/index.php\/producto\/diadema-usb-7-1-gamer-tech-g80\/","url_meta":{"origin":4189,"position":1},"title":"Diadema USB 7.1 Gamer Tech G80","date":"28 de agosto de 2021","format":false,"excerpt":"USB para la luz Led y sonido Luz Led aleatoria Micr\u00f3fono ajustable de alta definici\u00f3n Control de volumen Super Bass Dise\u00f1o ergon\u00f3mico","rel":"","context":"Entrada similar","img":{"alt_text":"","src":"https:\/\/i2.wp.com\/garrcorpcomputer.com\/wp-content\/uploads\/2021\/08\/diadema-2-1.png?fit=399%2C464&ssl=1&resize=350%2C200","width":350,"height":200},"classes":[]},{"id":5889,"url":"https:\/\/garrcorpcomputer.com\/index.php\/producto\/diadema-usb-7-1-gamer-tech-gt8d\/","url_meta":{"origin":4189,"position":2},"title":"Diadema USB 7.1 Gamer Tech GT8D","date":"13 de septiembre de 2021","format":false,"excerpt":"Diadema gamer 7.1 USB para luz LED y sonido Luz LED aleatoria Micr\u00f3fono ajustable de alta definici\u00f3n Control de volumen Super bass Dise\u00f1o ergon\u00f3mico Compatible con PLAY 4 y otras consolas","rel":"","context":"Con 3 comentarios","img":{"alt_text":"","src":"https:\/\/i2.wp.com\/garrcorpcomputer.com\/wp-content\/uploads\/2021\/09\/diadema-gamer-1.png?fit=370%2C386&ssl=1&resize=350%2C200","width":350,"height":200},"classes":[]},{"id":5893,"url":"https:\/\/garrcorpcomputer.com\/index.php\/producto\/diadema-usb-7-1-gamer-tech-gt10\/","url_meta":{"origin":4189,"position":3},"title":"Diadema USB 7.1 Gamer Tech GT10","date":"13 de septiembre de 2021","format":false,"excerpt":"Diadema gamer 7.1 USB para luz LED y sonido Luz LED fija Micr\u00f3fono ajustable de\u00a0alta definici\u00f3n Control de volumen Super bass Dise\u00f1o ergon\u00f3mico Compatible con PLAY 4 y otras consolas","rel":"","context":"Con 2 comentarios","img":{"alt_text":"","src":"https:\/\/i1.wp.com\/garrcorpcomputer.com\/wp-content\/uploads\/2021\/09\/diadema-gamer-2.png?fit=392%2C423&ssl=1&resize=350%2C200","width":350,"height":200},"classes":[]},{"id":5902,"url":"https:\/\/garrcorpcomputer.com\/index.php\/producto\/diadema-usb-gamer-tech-kx15\/","url_meta":{"origin":4189,"position":4},"title":"Diadema USB Gamer Tech KX15","date":"13 de septiembre de 2021","format":false,"excerpt":"Diadema gamer para PS4 USB para LED \/ Luz LED fija 1 plug 3.5 mm para ps4 Micr\u00f3fono fijo alta definici\u00f3n Control de volumen Super bass Dise\u00f1o ergon\u00f3mico Multiplataforma","rel":"","context":"Con 2 comentarios","img":{"alt_text":"","src":"https:\/\/i0.wp.com\/garrcorpcomputer.com\/wp-content\/uploads\/2021\/09\/diadema-gamer-4.png?fit=340%2C414&ssl=1&resize=350%2C200","width":350,"height":200},"classes":[]},{"id":4193,"url":"https:\/\/garrcorpcomputer.com\/index.php\/producto\/diadema-usb-gamer-tech-gt7vd-10914\/","url_meta":{"origin":4189,"position":5},"title":"Diadema USB Gamer Tech GT7VD 10914","date":"28 de agosto de 2021","format":false,"excerpt":"Diadema gamer con vibraci\u00f3n USB para LED y sonido 7.1 Luz LED aleatorio Micr\u00f3fono fijo alta definici\u00f3n Control de volumen Super bass Dise\u00f1o ergon\u00f3mico Compatible con PLAY 4, Xbox one y otras consolas","rel":"","context":"Entrada similar","img":{"alt_text":"","src":"https:\/\/i1.wp.com\/garrcorpcomputer.com\/wp-content\/uploads\/2021\/08\/diadema-5-1.png?fit=392%2C483&ssl=1&resize=350%2C200","width":350,"height":200},"classes":[]}],"jetpack_sharing_enabled":true,"_links":{"self":[{"href":"https:\/\/garrcorpcomputer.com\/index.php\/wp-json\/wp\/v2\/product\/4189"}],"collection":[{"href":"https:\/\/garrcorpcomputer.com\/index.php\/wp-json\/wp\/v2\/product"}],"about":[{"href":"https:\/\/garrcorpcomputer.com\/index.php\/wp-json\/wp\/v2\/types\/product"}],"replies":[{"embeddable":true,"href":"https:\/\/garrcorpcomputer.com\/index.php\/wp-json\/wp\/v2\/comments?post=4189"}],"version-history":[{"count":2,"href":"https:\/\/garrcorpcomputer.com\/index.php\/wp-json\/wp\/v2\/product\/4189\/revisions"}],"predecessor-version":[{"id":5888,"href":"https:\/\/garrcorpcomputer.com\/index.php\/wp-json\/wp\/v2\/product\/4189\/revisions\/5888"}],"wp:featuredmedia":[{"embeddable":true,"href":"https:\/\/garrcorpcomputer.com\/index.php\/wp-json\/wp\/v2\/media\/4190"}],"wp:attachment":[{"href":"https:\/\/garrcorpcomputer.com\/index.php\/wp-json\/wp\/v2\/media?parent=4189"}],"wp:term":[{"taxonomy":"product_cat","embeddable":true,"href":"https:\/\/garrcorpcomputer.com\/index.php\/wp-json\/wp\/v2\/product_cat?post=4189"},{"taxonomy":"product_tag","embeddable":true,"href":"https:\/\/garrcorpcomputer.com\/index.php\/wp-json\/wp\/v2\/product_tag?post=4189"}],"curies":[{"name":"wp","href":"https:\/\/api.w.org\/{rel}","templated":true}]}}