{"id":420,"date":"2021-07-29T23:53:10","date_gmt":"2021-07-29T23:53:10","guid":{"rendered":"https:\/\/garrcorpcomputer.com\/?post_type=product&#038;p=420"},"modified":"2021-08-12T23:46:49","modified_gmt":"2021-08-12T23:46:49","slug":"tarjeta-de-video-evga-210-1gb-ddr3","status":"publish","type":"product","link":"https:\/\/garrcorpcomputer.com\/index.php\/producto\/tarjeta-de-video-evga-210-1gb-ddr3\/","title":{"rendered":"Tarjeta de video EVGA 210 1GB DDR3"},"content":{"rendered":"","protected":false},"excerpt":{"rendered":"","protected":false},"featured_media":428,"comment_status":"closed","ping_status":"closed","template":"","meta":{"om_disable_all_campaigns":false,"_mi_skip_tracking":false,"spay_email":"","jetpack_publicize_message":"","jetpack_is_tweetstorm":false},"product_cat":[56],"product_tag":[],"jetpack_publicize_connections":[],"jetpack-related-posts":[{"id":5638,"url":"https:\/\/garrcorpcomputer.com\/index.php\/producto\/masterbox-mb520-rgb-mwe-white-full-range-650w\/","url_meta":{"origin":420,"position":0},"title":"MasterBox MB520 RGB + MWE White Full Range 650W","date":"9 de septiembre de 2021","format":false,"excerpt":"Panel frontal DarkMirror Ventiladores LED RGB y control de iluminaci\u00f3n Ingestas de rendimiento Panel lateral de vidrio templado Soporte para un total de 6 ventiladores y refrigeraci\u00f3n por agua Soporte de tarjeta gr\u00e1fica de hasta 410 mm Bandejas de almacenamiento y cubierta de PSU completa","rel":"","context":"Entrada similar","img":{"alt_text":"","src":"","width":0,"height":0},"classes":[]},{"id":4159,"url":"https:\/\/garrcorpcomputer.com\/index.php\/producto\/camara-roja-genius-qcam-6000\/","url_meta":{"origin":420,"position":1},"title":"Camara Roja Genius QCAM 6000","date":"27 de agosto de 2021","format":false,"excerpt":"FULL DEFINICI\u00d3N ALTA 1080P GRABAR EN FULL HD 1080P LLAMADAS DE V\u00cdDEO CON MICR\u00d3FONO DIGITAL INTEGRADO.","rel":"","context":"Entrada similar","img":{"alt_text":"","src":"https:\/\/i2.wp.com\/garrcorpcomputer.com\/wp-content\/uploads\/2021\/08\/camara-2.png?fit=465%2C391&ssl=1&resize=350%2C200","width":350,"height":200},"classes":[]},{"id":4453,"url":"https:\/\/garrcorpcomputer.com\/index.php\/producto\/portatil-lenovo-v145-14ast-amd-a6-9225-4gb-500gb-win-10h-81ms000xlm\/","url_meta":{"origin":420,"position":2},"title":"Port\u00e1til Lenovo V145-14ast Amd A6-9225 4GB 500GB Win 10H &#8211; 81MS000XLM","date":"31 de agosto de 2021","format":false,"excerpt":"Procesador: AMD A6-9225 2.6 GHz Memoria Ram: 4GB DDR4 Disco Duro: Disco duro de 500 Gb 5400 rpm Sistema Operativo de f\u00e1brica: Windows 10 Home Pantalla: 14 \"HD (1366 x 768) Teclado en espa\u00f1ol sin Teclado num\u00e9rico Audio: altavoces st\u00e9reo; Micr\u00f3fono Integrado Unidad de cd: No C\u00e1mara Web: Integrada Conectividad:\u2026","rel":"","context":"Entrada similar","img":{"alt_text":"","src":"https:\/\/i1.wp.com\/garrcorpcomputer.com\/wp-content\/uploads\/2021\/08\/portatil-4.png?fit=303%2C279&ssl=1&resize=350%2C200","width":350,"height":200},"classes":[]}],"jetpack_sharing_enabled":true,"_links":{"self":[{"href":"https:\/\/garrcorpcomputer.com\/index.php\/wp-json\/wp\/v2\/product\/420"}],"collection":[{"href":"https:\/\/garrcorpcomputer.com\/index.php\/wp-json\/wp\/v2\/product"}],"about":[{"href":"https:\/\/garrcorpcomputer.com\/index.php\/wp-json\/wp\/v2\/types\/product"}],"replies":[{"embeddable":true,"href":"https:\/\/garrcorpcomputer.com\/index.php\/wp-json\/wp\/v2\/comments?post=420"}],"version-history":[{"count":0,"href":"https:\/\/garrcorpcomputer.com\/index.php\/wp-json\/wp\/v2\/product\/420\/revisions"}],"wp:featuredmedia":[{"embeddable":true,"href":"https:\/\/garrcorpcomputer.com\/index.php\/wp-json\/wp\/v2\/media\/428"}],"wp:attachment":[{"href":"https:\/\/garrcorpcomputer.com\/index.php\/wp-json\/wp\/v2\/media?parent=420"}],"wp:term":[{"taxonomy":"product_cat","embeddable":true,"href":"https:\/\/garrcorpcomputer.com\/index.php\/wp-json\/wp\/v2\/product_cat?post=420"},{"taxonomy":"product_tag","embeddable":true,"href":"https:\/\/garrcorpcomputer.com\/index.php\/wp-json\/wp\/v2\/product_tag?post=420"}],"curies":[{"name":"wp","href":"https:\/\/api.w.org\/{rel}","templated":true}]}}