{"id":4203,"date":"2021-08-28T02:26:32","date_gmt":"2021-08-28T02:26:32","guid":{"rendered":"https:\/\/garrcorpcomputer.com\/?post_type=product&#038;p=4203"},"modified":"2021-09-14T17:49:08","modified_gmt":"2021-09-14T22:49:08","slug":"diadema-gamer-v10-aaa","status":"publish","type":"product","link":"https:\/\/garrcorpcomputer.com\/index.php\/producto\/diadema-gamer-v10-aaa\/","title":{"rendered":"Diadema Gamer V10 AAA"},"content":{"rendered":"<ul>\n<li>Sonido USB 7.1 est\u00e9reo<\/li>\n<li>Iluminaci\u00f3n RGB<\/li>\n<li>Aislamiento de sonido<\/li>\n<li>Micr\u00f3fono escualizable<\/li>\n<li>Control de volumen integrado en cable<\/li>\n<li>Cable encauchetado de alto calibre y longitud<\/li>\n<\/ul>\n","protected":false},"excerpt":{"rendered":"<p>Sonido USB 7.1 est\u00e9reo Iluminaci\u00f3n RGB Aislamiento de sonido Micr\u00f3fono escualizable Control de volumen integrado en cable Cable encauchetado de alto calibre y longitud<\/p>\n","protected":false},"featured_media":4205,"comment_status":"closed","ping_status":"closed","template":"","meta":{"om_disable_all_campaigns":false,"_mi_skip_tracking":false,"spay_email":"","jetpack_publicize_message":"","jetpack_is_tweetstorm":false},"product_cat":[346,328,75],"product_tag":[],"jetpack_publicize_connections":[],"jetpack-related-posts":[{"id":4150,"url":"https:\/\/garrcorpcomputer.com\/index.php\/producto\/diadema-gamer-lychas-hs-g560\/","url_meta":{"origin":4203,"position":0},"title":"Diadema Gamer Lychas HS-G560","date":"27 de agosto de 2021","format":false,"excerpt":"Audio real durante el juego conductores potentes y sonido vivo. Gracias a la poderosa unidad de sonido de 40 mm, los auriculares le permiten determinar con precisi\u00f3n la posici\u00f3n de sus enemigos. Audio 3.5mm Micr\u00f3fono 3.5mm Control de volumen en cable Longitud del cable 2mt Unidad de potencia 40 Auricular\u2026","rel":"","context":"Entrada similar","img":{"alt_text":"","src":"https:\/\/i2.wp.com\/garrcorpcomputer.com\/wp-content\/uploads\/2021\/08\/diadema-2.png?fit=468%2C407&ssl=1&resize=350%2C200","width":350,"height":200},"classes":[]},{"id":4234,"url":"https:\/\/garrcorpcomputer.com\/index.php\/producto\/diadema-usb-virtual-stereo-gamer-024-mv\/","url_meta":{"origin":4203,"position":1},"title":"Diadema USB virtual stereo Gamer 024-MV","date":"28 de agosto de 2021","format":false,"excerpt":"USB 7.1 canales Cable 2.4 metros\u00a0 Conector USB\u00a0 \u00a0Micr\u00f3fono escualizable Control de volumen en cable Aislamiento de sonido \u00a0","rel":"","context":"Entrada similar","img":{"alt_text":"","src":"https:\/\/i2.wp.com\/garrcorpcomputer.com\/wp-content\/uploads\/2021\/08\/diadema-14.png?fit=682%2C421&ssl=1&resize=350%2C200","width":350,"height":200},"classes":[]},{"id":4201,"url":"https:\/\/garrcorpcomputer.com\/index.php\/producto\/diadema-gamer-m06-aaa\/","url_meta":{"origin":4203,"position":2},"title":"Diadema Gamer M06 AAA","date":"28 de agosto de 2021","format":false,"excerpt":"Sonido USB 7.1 est\u00e9reo Iluminaci\u00f3n RGB Aislamiento de sonido Micr\u00f3fono escualizable Control de volumen en casco Cable encauchetado de alto calibre y longitud","rel":"","context":"Entrada similar","img":{"alt_text":"","src":"https:\/\/i2.wp.com\/garrcorpcomputer.com\/wp-content\/uploads\/2021\/08\/diadema-7.png?fit=384%2C481&ssl=1&resize=350%2C200","width":350,"height":200},"classes":[]},{"id":4206,"url":"https:\/\/garrcorpcomputer.com\/index.php\/producto\/diadema-gamer-920-aaa\/","url_meta":{"origin":4203,"position":3},"title":"Diadema Gamer 920 AAA","date":"28 de agosto de 2021","format":false,"excerpt":"Sonido USB 7.1 est\u00e9reo Iluminaci\u00f3n RGB Aislamiento de sonido Microfono escualizable Control de volumen en casco Cable encauchetado de alto calibre y longitud","rel":"","context":"Entrada similar","img":{"alt_text":"","src":"https:\/\/i1.wp.com\/garrcorpcomputer.com\/wp-content\/uploads\/2021\/08\/diadema-9.png?fit=413%2C466&ssl=1&resize=350%2C200","width":350,"height":200},"classes":[]},{"id":4208,"url":"https:\/\/garrcorpcomputer.com\/index.php\/producto\/diadema-gamer-v3s-aaa\/","url_meta":{"origin":4203,"position":4},"title":"Diadema Gamer V3S AAA","date":"28 de agosto de 2021","format":false,"excerpt":"Sonido USB 7.1 est\u00e9reo Iluminaci\u00f3n RGB Aislamiento de sonido Micr\u00f3fono escualizable Control de volumen en casco Cable encauchetado de alto calibre y longitud","rel":"","context":"Entrada similar","img":{"alt_text":"","src":"https:\/\/i2.wp.com\/garrcorpcomputer.com\/wp-content\/uploads\/2021\/08\/diadema10.png?fit=403%2C472&ssl=1&resize=350%2C200","width":350,"height":200},"classes":[]},{"id":4434,"url":"https:\/\/garrcorpcomputer.com\/index.php\/producto\/parlantes-usb-de-w-consmo-a8\/","url_meta":{"origin":4203,"position":5},"title":"PARLANTES USB DE W CONSMO A8","date":"30 de agosto de 2021","format":false,"excerpt":"potencia 5w x 2 RMS Dimensiones 11 de alto x 10.5 cent\u00edmetros de ancho Control de volumen en cable Interfaz USB para corriente Plug de 3.5 mm para sonido","rel":"","context":"Entrada similar","img":{"alt_text":"","src":"https:\/\/i2.wp.com\/garrcorpcomputer.com\/wp-content\/uploads\/2021\/08\/parlantes-1.png?fit=502%2C223&ssl=1&resize=350%2C200","width":350,"height":200},"classes":[]}],"jetpack_sharing_enabled":true,"_links":{"self":[{"href":"https:\/\/garrcorpcomputer.com\/index.php\/wp-json\/wp\/v2\/product\/4203"}],"collection":[{"href":"https:\/\/garrcorpcomputer.com\/index.php\/wp-json\/wp\/v2\/product"}],"about":[{"href":"https:\/\/garrcorpcomputer.com\/index.php\/wp-json\/wp\/v2\/types\/product"}],"replies":[{"embeddable":true,"href":"https:\/\/garrcorpcomputer.com\/index.php\/wp-json\/wp\/v2\/comments?post=4203"}],"version-history":[{"count":1,"href":"https:\/\/garrcorpcomputer.com\/index.php\/wp-json\/wp\/v2\/product\/4203\/revisions"}],"predecessor-version":[{"id":5926,"href":"https:\/\/garrcorpcomputer.com\/index.php\/wp-json\/wp\/v2\/product\/4203\/revisions\/5926"}],"wp:featuredmedia":[{"embeddable":true,"href":"https:\/\/garrcorpcomputer.com\/index.php\/wp-json\/wp\/v2\/media\/4205"}],"wp:attachment":[{"href":"https:\/\/garrcorpcomputer.com\/index.php\/wp-json\/wp\/v2\/media?parent=4203"}],"wp:term":[{"taxonomy":"product_cat","embeddable":true,"href":"https:\/\/garrcorpcomputer.com\/index.php\/wp-json\/wp\/v2\/product_cat?post=4203"},{"taxonomy":"product_tag","embeddable":true,"href":"https:\/\/garrcorpcomputer.com\/index.php\/wp-json\/wp\/v2\/product_tag?post=4203"}],"curies":[{"name":"wp","href":"https:\/\/api.w.org\/{rel}","templated":true}]}}