{"id":4206,"date":"2021-08-28T02:33:06","date_gmt":"2021-08-28T02:33:06","guid":{"rendered":"https:\/\/garrcorpcomputer.com\/?post_type=product&#038;p=4206"},"modified":"2021-09-14T17:39:13","modified_gmt":"2021-09-14T22:39:13","slug":"diadema-gamer-920-aaa","status":"publish","type":"product","link":"https:\/\/garrcorpcomputer.com\/index.php\/producto\/diadema-gamer-920-aaa\/","title":{"rendered":"Diadema Gamer 920 AAA"},"content":{"rendered":"<ul>\n<li>Sonido USB 7.1 est\u00e9reo<\/li>\n<li>Iluminaci\u00f3n RGB<\/li>\n<li>Aislamiento de sonido<\/li>\n<li>Microfono escualizable<\/li>\n<li>Control de volumen en casco<\/li>\n<li>Cable encauchetado de alto calibre y longitud<\/li>\n<\/ul>\n","protected":false},"excerpt":{"rendered":"<p>Sonido USB 7.1 est\u00e9reo Iluminaci\u00f3n RGB Aislamiento de sonido Microfono escualizable Control de volumen en casco Cable encauchetado de alto calibre y longitud<\/p>\n","protected":false},"featured_media":4207,"comment_status":"closed","ping_status":"closed","template":"","meta":{"om_disable_all_campaigns":false,"_mi_skip_tracking":false,"spay_email":"","jetpack_publicize_message":"","jetpack_is_tweetstorm":false},"product_cat":[346,328,75],"product_tag":[],"jetpack_publicize_connections":[],"jetpack-related-posts":[{"id":6024,"url":"https:\/\/garrcorpcomputer.com\/index.php\/producto\/barra-de-sonido-jaltech-pro-ref-jl-511\/","url_meta":{"origin":4206,"position":0},"title":"Barra de sonido Jaltech Pro Ref JL-511","date":"15 de septiembre de 2021","format":false,"excerpt":"Bluetooth 5.0 Super bass Material de lujo: madera con malla tejida Pantalla LED Control remoto Luces LED r\u00edtmicas Hasta 7 cambios de luz FM Puerto USB Auxiliar 3,5 mm Auxiliar RCA Ecualizador 30W 6 bocinas Adaptador de energ\u00eda: CA 110V a salida: 18V-1.5A Largo: 93 cm","rel":"","context":"Con 3 comentarios","img":{"alt_text":"","src":"","width":0,"height":0},"classes":[]},{"id":4201,"url":"https:\/\/garrcorpcomputer.com\/index.php\/producto\/diadema-gamer-m06-aaa\/","url_meta":{"origin":4206,"position":1},"title":"Diadema Gamer M06 AAA","date":"28 de agosto de 2021","format":false,"excerpt":"Sonido USB 7.1 est\u00e9reo Iluminaci\u00f3n RGB Aislamiento de sonido Micr\u00f3fono escualizable Control de volumen en casco Cable encauchetado de alto calibre y longitud","rel":"","context":"Entrada similar","img":{"alt_text":"","src":"https:\/\/i2.wp.com\/garrcorpcomputer.com\/wp-content\/uploads\/2021\/08\/diadema-7.png?fit=384%2C481&ssl=1&resize=350%2C200","width":350,"height":200},"classes":[]},{"id":4208,"url":"https:\/\/garrcorpcomputer.com\/index.php\/producto\/diadema-gamer-v3s-aaa\/","url_meta":{"origin":4206,"position":2},"title":"Diadema Gamer V3S AAA","date":"28 de agosto de 2021","format":false,"excerpt":"Sonido USB 7.1 est\u00e9reo Iluminaci\u00f3n RGB Aislamiento de sonido Micr\u00f3fono escualizable Control de volumen en casco Cable encauchetado de alto calibre y longitud","rel":"","context":"Entrada similar","img":{"alt_text":"","src":"https:\/\/i2.wp.com\/garrcorpcomputer.com\/wp-content\/uploads\/2021\/08\/diadema10.png?fit=403%2C472&ssl=1&resize=350%2C200","width":350,"height":200},"classes":[]},{"id":4203,"url":"https:\/\/garrcorpcomputer.com\/index.php\/producto\/diadema-gamer-v10-aaa\/","url_meta":{"origin":4206,"position":3},"title":"Diadema Gamer V10 AAA","date":"28 de agosto de 2021","format":false,"excerpt":"Sonido USB 7.1 est\u00e9reo Iluminaci\u00f3n RGB Aislamiento de sonido Micr\u00f3fono escualizable Control de volumen integrado en cable Cable encauchetado de alto calibre y longitud","rel":"","context":"Entrada similar","img":{"alt_text":"","src":"https:\/\/i1.wp.com\/garrcorpcomputer.com\/wp-content\/uploads\/2021\/08\/diadema-8.png?fit=493%2C493&ssl=1&resize=350%2C200","width":350,"height":200},"classes":[]},{"id":4434,"url":"https:\/\/garrcorpcomputer.com\/index.php\/producto\/parlantes-usb-de-w-consmo-a8\/","url_meta":{"origin":4206,"position":4},"title":"PARLANTES USB DE W CONSMO A8","date":"30 de agosto de 2021","format":false,"excerpt":"potencia 5w x 2 RMS Dimensiones 11 de alto x 10.5 cent\u00edmetros de ancho Control de volumen en cable Interfaz USB para corriente Plug de 3.5 mm para sonido","rel":"","context":"Entrada similar","img":{"alt_text":"","src":"https:\/\/i2.wp.com\/garrcorpcomputer.com\/wp-content\/uploads\/2021\/08\/parlantes-1.png?fit=502%2C223&ssl=1&resize=350%2C200","width":350,"height":200},"classes":[]},{"id":4430,"url":"https:\/\/garrcorpcomputer.com\/index.php\/producto\/parlantes-usb-de-3w-consmo-jns-18\/","url_meta":{"origin":4206,"position":5},"title":"PARLANTES USB DE 3W CONSMO JNS-18","date":"30 de agosto de 2021","format":false,"excerpt":"Potencia 3w x 2 RMS Dimensiones 14 de alto x 9 cent\u00edmetros de ancho Control de volumen y encendido Interfaz USB para corriente Plug de 3.5 mm para sonido","rel":"","context":"Entrada similar","img":{"alt_text":"","src":"https:\/\/i0.wp.com\/garrcorpcomputer.com\/wp-content\/uploads\/2021\/08\/parlantes.png?fit=411%2C347&ssl=1&resize=350%2C200","width":350,"height":200},"classes":[]}],"jetpack_sharing_enabled":true,"_links":{"self":[{"href":"https:\/\/garrcorpcomputer.com\/index.php\/wp-json\/wp\/v2\/product\/4206"}],"collection":[{"href":"https:\/\/garrcorpcomputer.com\/index.php\/wp-json\/wp\/v2\/product"}],"about":[{"href":"https:\/\/garrcorpcomputer.com\/index.php\/wp-json\/wp\/v2\/types\/product"}],"replies":[{"embeddable":true,"href":"https:\/\/garrcorpcomputer.com\/index.php\/wp-json\/wp\/v2\/comments?post=4206"}],"version-history":[{"count":1,"href":"https:\/\/garrcorpcomputer.com\/index.php\/wp-json\/wp\/v2\/product\/4206\/revisions"}],"predecessor-version":[{"id":5917,"href":"https:\/\/garrcorpcomputer.com\/index.php\/wp-json\/wp\/v2\/product\/4206\/revisions\/5917"}],"wp:featuredmedia":[{"embeddable":true,"href":"https:\/\/garrcorpcomputer.com\/index.php\/wp-json\/wp\/v2\/media\/4207"}],"wp:attachment":[{"href":"https:\/\/garrcorpcomputer.com\/index.php\/wp-json\/wp\/v2\/media?parent=4206"}],"wp:term":[{"taxonomy":"product_cat","embeddable":true,"href":"https:\/\/garrcorpcomputer.com\/index.php\/wp-json\/wp\/v2\/product_cat?post=4206"},{"taxonomy":"product_tag","embeddable":true,"href":"https:\/\/garrcorpcomputer.com\/index.php\/wp-json\/wp\/v2\/product_tag?post=4206"}],"curies":[{"name":"wp","href":"https:\/\/api.w.org\/{rel}","templated":true}]}}