{"id":4210,"date":"2021-08-28T03:08:03","date_gmt":"2021-08-28T03:08:03","guid":{"rendered":"https:\/\/garrcorpcomputer.com\/?post_type=product&#038;p=4210"},"modified":"2021-09-14T17:37:05","modified_gmt":"2021-09-14T22:37:05","slug":"diadema-gamer-tech-gt15d-ref-10915","status":"publish","type":"product","link":"https:\/\/garrcorpcomputer.com\/index.php\/producto\/diadema-gamer-tech-gt15d-ref-10915\/","title":{"rendered":"Diadema Gamer Tech GT15D Ref 10915"},"content":{"rendered":"<ul>\n<li>Interfaz al\u00e1mbrico<\/li>\n<li>Jack 3.5 X1 audio y micr\u00f3fono<\/li>\n<li>USB para luz Led azul<\/li>\n<li>Plug and play<\/li>\n<li>Sonido stereo<\/li>\n<li>Diadema ajustable<\/li>\n<\/ul>\n","protected":false},"excerpt":{"rendered":"<p>Interfaz al\u00e1mbrico Jack 3.5 X1 audio y micr\u00f3fono USB para luz Led azul Plug and play Sonido stereo Diadema ajustable<\/p>\n","protected":false},"featured_media":4212,"comment_status":"closed","ping_status":"closed","template":"","meta":{"om_disable_all_campaigns":false,"_mi_skip_tracking":false,"spay_email":"","jetpack_publicize_message":"","jetpack_is_tweetstorm":false},"product_cat":[346,328,75],"product_tag":[],"jetpack_publicize_connections":[],"jetpack-related-posts":[{"id":4276,"url":"https:\/\/garrcorpcomputer.com\/index.php\/producto\/diadema-gamer-hs-g560-genius\/","url_meta":{"origin":4210,"position":0},"title":"Diadema Gamer HS-G560 Genius","date":"29 de agosto de 2021","format":false,"excerpt":"2 conectores de 3.5 mm Micr\u00f3fono de brazo ajustable Control de volumen en cable Diadema ajustable Almohadillas suaves Reducci\u00f3n de ruido Cable de 2 mt","rel":"","context":"Entrada similar","img":{"alt_text":"","src":"https:\/\/i0.wp.com\/garrcorpcomputer.com\/wp-content\/uploads\/2021\/08\/diadema-18.png?fit=262%2C384&ssl=1&resize=350%2C200","width":350,"height":200},"classes":[]},{"id":4241,"url":"https:\/\/garrcorpcomputer.com\/index.php\/producto\/diadema-gamer-hv-h22390-ref-0108186\/","url_meta":{"origin":4210,"position":1},"title":"Diadema Gamer HV-H22390 Ref 0108186","date":"28 de agosto de 2021","format":false,"excerpt":"Diadema ajustable Sonido st\u00e9reo Iluminacion LED roja Microfono brazo ajustable Longitud del cable: 1.8m Enchufe: 3,5 mm + USB. Plug and Play","rel":"","context":"Entrada similar","img":{"alt_text":"","src":"https:\/\/i1.wp.com\/garrcorpcomputer.com\/wp-content\/uploads\/2021\/08\/diadema16.png?fit=662%2C503&ssl=1&resize=350%2C200","width":350,"height":200},"classes":[]},{"id":5902,"url":"https:\/\/garrcorpcomputer.com\/index.php\/producto\/diadema-usb-gamer-tech-kx15\/","url_meta":{"origin":4210,"position":2},"title":"Diadema USB Gamer Tech KX15","date":"13 de septiembre de 2021","format":false,"excerpt":"Diadema gamer para PS4 USB para LED \/ Luz LED fija 1 plug 3.5 mm para ps4 Micr\u00f3fono fijo alta definici\u00f3n Control de volumen Super bass Dise\u00f1o ergon\u00f3mico Multiplataforma","rel":"","context":"Con 2 comentarios","img":{"alt_text":"","src":"https:\/\/i0.wp.com\/garrcorpcomputer.com\/wp-content\/uploads\/2021\/09\/diadema-gamer-4.png?fit=340%2C414&ssl=1&resize=350%2C200","width":350,"height":200},"classes":[]},{"id":4193,"url":"https:\/\/garrcorpcomputer.com\/index.php\/producto\/diadema-usb-gamer-tech-gt7vd-10914\/","url_meta":{"origin":4210,"position":3},"title":"Diadema USB Gamer Tech GT7VD 10914","date":"28 de agosto de 2021","format":false,"excerpt":"Diadema gamer con vibraci\u00f3n USB para LED y sonido 7.1 Luz LED aleatorio Micr\u00f3fono fijo alta definici\u00f3n Control de volumen Super bass Dise\u00f1o ergon\u00f3mico Compatible con PLAY 4, Xbox one y otras consolas","rel":"","context":"Entrada similar","img":{"alt_text":"","src":"https:\/\/i1.wp.com\/garrcorpcomputer.com\/wp-content\/uploads\/2021\/08\/diadema-5-1.png?fit=392%2C483&ssl=1&resize=350%2C200","width":350,"height":200},"classes":[]},{"id":5889,"url":"https:\/\/garrcorpcomputer.com\/index.php\/producto\/diadema-usb-7-1-gamer-tech-gt8d\/","url_meta":{"origin":4210,"position":4},"title":"Diadema USB 7.1 Gamer Tech GT8D","date":"13 de septiembre de 2021","format":false,"excerpt":"Diadema gamer 7.1 USB para luz LED y sonido Luz LED aleatoria Micr\u00f3fono ajustable de alta definici\u00f3n Control de volumen Super bass Dise\u00f1o ergon\u00f3mico Compatible con PLAY 4 y otras consolas","rel":"","context":"Con 3 comentarios","img":{"alt_text":"","src":"https:\/\/i2.wp.com\/garrcorpcomputer.com\/wp-content\/uploads\/2021\/09\/diadema-gamer-1.png?fit=370%2C386&ssl=1&resize=350%2C200","width":350,"height":200},"classes":[]},{"id":5893,"url":"https:\/\/garrcorpcomputer.com\/index.php\/producto\/diadema-usb-7-1-gamer-tech-gt10\/","url_meta":{"origin":4210,"position":5},"title":"Diadema USB 7.1 Gamer Tech GT10","date":"13 de septiembre de 2021","format":false,"excerpt":"Diadema gamer 7.1 USB para luz LED y sonido Luz LED fija Micr\u00f3fono ajustable de\u00a0alta definici\u00f3n Control de volumen Super bass Dise\u00f1o ergon\u00f3mico Compatible con PLAY 4 y otras consolas","rel":"","context":"Con 2 comentarios","img":{"alt_text":"","src":"https:\/\/i1.wp.com\/garrcorpcomputer.com\/wp-content\/uploads\/2021\/09\/diadema-gamer-2.png?fit=392%2C423&ssl=1&resize=350%2C200","width":350,"height":200},"classes":[]}],"jetpack_sharing_enabled":true,"_links":{"self":[{"href":"https:\/\/garrcorpcomputer.com\/index.php\/wp-json\/wp\/v2\/product\/4210"}],"collection":[{"href":"https:\/\/garrcorpcomputer.com\/index.php\/wp-json\/wp\/v2\/product"}],"about":[{"href":"https:\/\/garrcorpcomputer.com\/index.php\/wp-json\/wp\/v2\/types\/product"}],"replies":[{"embeddable":true,"href":"https:\/\/garrcorpcomputer.com\/index.php\/wp-json\/wp\/v2\/comments?post=4210"}],"version-history":[{"count":1,"href":"https:\/\/garrcorpcomputer.com\/index.php\/wp-json\/wp\/v2\/product\/4210\/revisions"}],"predecessor-version":[{"id":5915,"href":"https:\/\/garrcorpcomputer.com\/index.php\/wp-json\/wp\/v2\/product\/4210\/revisions\/5915"}],"wp:featuredmedia":[{"embeddable":true,"href":"https:\/\/garrcorpcomputer.com\/index.php\/wp-json\/wp\/v2\/media\/4212"}],"wp:attachment":[{"href":"https:\/\/garrcorpcomputer.com\/index.php\/wp-json\/wp\/v2\/media?parent=4210"}],"wp:term":[{"taxonomy":"product_cat","embeddable":true,"href":"https:\/\/garrcorpcomputer.com\/index.php\/wp-json\/wp\/v2\/product_cat?post=4210"},{"taxonomy":"product_tag","embeddable":true,"href":"https:\/\/garrcorpcomputer.com\/index.php\/wp-json\/wp\/v2\/product_tag?post=4210"}],"curies":[{"name":"wp","href":"https:\/\/api.w.org\/{rel}","templated":true}]}}