{"id":4213,"date":"2021-08-28T03:14:03","date_gmt":"2021-08-28T03:14:03","guid":{"rendered":"https:\/\/garrcorpcomputer.com\/?post_type=product&#038;p=4213"},"modified":"2021-10-01T00:00:59","modified_gmt":"2021-10-01T05:00:59","slug":"diadema-gamer-tech-rgb-ref-11010","status":"publish","type":"product","link":"https:\/\/garrcorpcomputer.com\/index.php\/producto\/diadema-gamer-tech-rgb-ref-11010\/","title":{"rendered":"Diadema Gamer Tech Clan RGB Ref 11010"},"content":{"rendered":"<ul>\n<li>Iluminaci\u00f3n LED RGB<\/li>\n<li>Diadema para PS4, XBOX ONE y PC<\/li>\n<li>SUPER BASS<\/li>\n<li>Sonido envolvente<\/li>\n<li>Ajustable y ergon\u00f3mica<\/li>\n<li>Dise\u00f1o GAMER de lujo<\/li>\n<li>Material de alta calidad ABS<\/li>\n<li>Conexi\u00f3n 3,5 mm para audio<\/li>\n<li>USB para luces LED RGB<\/li>\n<li>Micr\u00f3fono ajustable de alta definici\u00f3n<\/li>\n<li>Control de volumen y silenciar micr\u00f3fono<\/li>\n<li>Di\u00e1metro del auricular: 50mm<\/li>\n<li>Cable: 2,2 m (cable de goma)<\/li>\n<li>Rango de frecuencia: 20-20 kHz<\/li>\n<li>Potencia m\u00e1xima: 30 MW<\/li>\n<li>Di\u00e1metro del micr\u00f3fono: 6mm x 2,7mm<\/li>\n<li>Corriente: &lt;200ma<\/li>\n<li>Voltaje: USB 5V<\/li>\n<\/ul>\n","protected":false},"excerpt":{"rendered":"<p>Iluminaci\u00f3n LED RGB Diadema para PS4, XBOX ONE y PC SUPER BASS Sonido envolvente Ajustable y ergon\u00f3mica Dise\u00f1o GAMER de lujo Material de alta calidad ABS Conexi\u00f3n 3,5 mm para audio USB para luces LED RGB Micr\u00f3fono ajustable de alta definici\u00f3n Control de volumen y silenciar micr\u00f3fono Di\u00e1metro del auricular: 50mm Cable: 2,2 m (cable &hellip;<\/p>\n<p class=\"read-more\"> <a class=\"\" href=\"https:\/\/garrcorpcomputer.com\/index.php\/producto\/diadema-gamer-tech-rgb-ref-11010\/\"> <span class=\"screen-reader-text\">Diadema Gamer Tech Clan RGB Ref 11010<\/span> Leer m\u00e1s &raquo;<\/a><\/p>\n","protected":false},"featured_media":4214,"comment_status":"closed","ping_status":"closed","template":"","meta":{"om_disable_all_campaigns":false,"_mi_skip_tracking":false,"spay_email":"","jetpack_publicize_message":"","jetpack_is_tweetstorm":false},"product_cat":[346,328],"product_tag":[],"jetpack_publicize_connections":[],"jetpack-related-posts":[{"id":4197,"url":"https:\/\/garrcorpcomputer.com\/index.php\/producto\/diadema-gamer-metalica-rgb-havit-hv-h2018u\/","url_meta":{"origin":4213,"position":0},"title":"Diadema Gamer Metalica RGB HAVIT HV-H2018U","date":"28 de agosto de 2021","format":false,"excerpt":"Cable acordonado de 2.2mt Enchufe USB 7.1 Micr\u00f3fono Control de volumen en cable","rel":"","context":"Entrada similar","img":{"alt_text":"","src":"https:\/\/i2.wp.com\/garrcorpcomputer.com\/wp-content\/uploads\/2021\/08\/diadema-6.png?fit=282%2C332&ssl=1&resize=350%2C200","width":350,"height":200},"classes":[]},{"id":4203,"url":"https:\/\/garrcorpcomputer.com\/index.php\/producto\/diadema-gamer-v10-aaa\/","url_meta":{"origin":4213,"position":1},"title":"Diadema Gamer V10 AAA","date":"28 de agosto de 2021","format":false,"excerpt":"Sonido USB 7.1 est\u00e9reo Iluminaci\u00f3n RGB Aislamiento de sonido Micr\u00f3fono escualizable Control de volumen integrado en cable Cable encauchetado de alto calibre y longitud","rel":"","context":"Entrada similar","img":{"alt_text":"","src":"https:\/\/i1.wp.com\/garrcorpcomputer.com\/wp-content\/uploads\/2021\/08\/diadema-8.png?fit=493%2C493&ssl=1&resize=350%2C200","width":350,"height":200},"classes":[]},{"id":4362,"url":"https:\/\/garrcorpcomputer.com\/index.php\/producto\/combo-gamer-3-en-1-cp-02\/","url_meta":{"origin":4213,"position":2},"title":"COMBO GAMER 3 EN 1 CP-02","date":"30 de agosto de 2021","format":false,"excerpt":"Diadema 2 plug de 3.5 mm Iluminaci\u00f3n LED multicolor Micr\u00f3fono interno en auricular Cable 2 mt Conexi\u00f3n USB plug and play","rel":"","context":"Entrada similar","img":{"alt_text":"","src":"https:\/\/i2.wp.com\/garrcorpcomputer.com\/wp-content\/uploads\/2021\/08\/COMBO-GAMER-11.png?fit=514%2C473&ssl=1&resize=350%2C200","width":350,"height":200},"classes":[]},{"id":4201,"url":"https:\/\/garrcorpcomputer.com\/index.php\/producto\/diadema-gamer-m06-aaa\/","url_meta":{"origin":4213,"position":3},"title":"Diadema Gamer M06 AAA","date":"28 de agosto de 2021","format":false,"excerpt":"Sonido USB 7.1 est\u00e9reo Iluminaci\u00f3n RGB Aislamiento de sonido Micr\u00f3fono escualizable Control de volumen en casco Cable encauchetado de alto calibre y longitud","rel":"","context":"Entrada similar","img":{"alt_text":"","src":"https:\/\/i2.wp.com\/garrcorpcomputer.com\/wp-content\/uploads\/2021\/08\/diadema-7.png?fit=384%2C481&ssl=1&resize=350%2C200","width":350,"height":200},"classes":[]},{"id":4206,"url":"https:\/\/garrcorpcomputer.com\/index.php\/producto\/diadema-gamer-920-aaa\/","url_meta":{"origin":4213,"position":4},"title":"Diadema Gamer 920 AAA","date":"28 de agosto de 2021","format":false,"excerpt":"Sonido USB 7.1 est\u00e9reo Iluminaci\u00f3n RGB Aislamiento de sonido Microfono escualizable Control de volumen en casco Cable encauchetado de alto calibre y longitud","rel":"","context":"Entrada similar","img":{"alt_text":"","src":"https:\/\/i1.wp.com\/garrcorpcomputer.com\/wp-content\/uploads\/2021\/08\/diadema-9.png?fit=413%2C466&ssl=1&resize=350%2C200","width":350,"height":200},"classes":[]},{"id":4208,"url":"https:\/\/garrcorpcomputer.com\/index.php\/producto\/diadema-gamer-v3s-aaa\/","url_meta":{"origin":4213,"position":5},"title":"Diadema Gamer V3S AAA","date":"28 de agosto de 2021","format":false,"excerpt":"Sonido USB 7.1 est\u00e9reo Iluminaci\u00f3n RGB Aislamiento de sonido Micr\u00f3fono escualizable Control de volumen en casco Cable encauchetado de alto calibre y longitud","rel":"","context":"Entrada similar","img":{"alt_text":"","src":"https:\/\/i2.wp.com\/garrcorpcomputer.com\/wp-content\/uploads\/2021\/08\/diadema10.png?fit=403%2C472&ssl=1&resize=350%2C200","width":350,"height":200},"classes":[]}],"jetpack_sharing_enabled":true,"_links":{"self":[{"href":"https:\/\/garrcorpcomputer.com\/index.php\/wp-json\/wp\/v2\/product\/4213"}],"collection":[{"href":"https:\/\/garrcorpcomputer.com\/index.php\/wp-json\/wp\/v2\/product"}],"about":[{"href":"https:\/\/garrcorpcomputer.com\/index.php\/wp-json\/wp\/v2\/types\/product"}],"replies":[{"embeddable":true,"href":"https:\/\/garrcorpcomputer.com\/index.php\/wp-json\/wp\/v2\/comments?post=4213"}],"version-history":[{"count":2,"href":"https:\/\/garrcorpcomputer.com\/index.php\/wp-json\/wp\/v2\/product\/4213\/revisions"}],"predecessor-version":[{"id":5906,"href":"https:\/\/garrcorpcomputer.com\/index.php\/wp-json\/wp\/v2\/product\/4213\/revisions\/5906"}],"wp:featuredmedia":[{"embeddable":true,"href":"https:\/\/garrcorpcomputer.com\/index.php\/wp-json\/wp\/v2\/media\/4214"}],"wp:attachment":[{"href":"https:\/\/garrcorpcomputer.com\/index.php\/wp-json\/wp\/v2\/media?parent=4213"}],"wp:term":[{"taxonomy":"product_cat","embeddable":true,"href":"https:\/\/garrcorpcomputer.com\/index.php\/wp-json\/wp\/v2\/product_cat?post=4213"},{"taxonomy":"product_tag","embeddable":true,"href":"https:\/\/garrcorpcomputer.com\/index.php\/wp-json\/wp\/v2\/product_tag?post=4213"}],"curies":[{"name":"wp","href":"https:\/\/api.w.org\/{rel}","templated":true}]}}