{"id":4234,"date":"2021-08-28T03:35:43","date_gmt":"2021-08-28T03:35:43","guid":{"rendered":"https:\/\/garrcorpcomputer.com\/?post_type=product&#038;p=4234"},"modified":"2021-09-14T17:51:27","modified_gmt":"2021-09-14T22:51:27","slug":"diadema-usb-virtual-stereo-gamer-024-mv","status":"publish","type":"product","link":"https:\/\/garrcorpcomputer.com\/index.php\/producto\/diadema-usb-virtual-stereo-gamer-024-mv\/","title":{"rendered":"Diadema USB virtual stereo Gamer 024-MV"},"content":{"rendered":"<ul>\n<li>USB 7.1 canales<\/li>\n<li><span style=\"font-size: 16px;\">Cable 2.4 metros\u00a0<\/span><\/li>\n<li><span style=\"font-size: 16px;\"> Conector USB\u00a0<\/span><\/li>\n<li><span style=\"font-size: 16px;\">\u00a0Micr\u00f3fono escualizable<\/span><\/li>\n<li><span style=\"font-size: 16px;\">Control de volumen en cable<\/span><\/li>\n<li><span style=\"font-size: 16px;\">Aislamiento de sonido<\/span><\/li>\n<\/ul>\n<p>&nbsp;<\/p>\n","protected":false},"excerpt":{"rendered":"<p>USB 7.1 canales Cable 2.4 metros\u00a0 Conector USB\u00a0 \u00a0Micr\u00f3fono escualizable Control de volumen en cable Aislamiento de sonido &nbsp;<\/p>\n","protected":false},"featured_media":4236,"comment_status":"closed","ping_status":"closed","template":"","meta":{"om_disable_all_campaigns":false,"_mi_skip_tracking":false,"spay_email":"","jetpack_publicize_message":"","jetpack_is_tweetstorm":false},"product_cat":[346,328,75],"product_tag":[],"jetpack_publicize_connections":[],"jetpack-related-posts":[{"id":4108,"url":"https:\/\/garrcorpcomputer.com\/index.php\/producto\/mouse-retractil-usb-genius-micro-traveler\/","url_meta":{"origin":4234,"position":0},"title":"Mouse retractil USB Genius micro Traveler","date":"27 de agosto de 2021","format":false,"excerpt":"M\u00faltiples colores para combinar con su notebook Gran potabilidad con cable retr\u00e1ctil Compatible con Windows y MacOS Interfaz USB Sensor \u00f3ptico DPI 1000 Botones 3 incluido scroll Longitud de cable de alimentaci\u00f3n 0.86m","rel":"","context":"Entrada similar","img":{"alt_text":"","src":"https:\/\/i0.wp.com\/garrcorpcomputer.com\/wp-content\/uploads\/2021\/08\/mouse-7.png?fit=962%2C356&ssl=1&resize=350%2C200","width":350,"height":200},"classes":[]},{"id":5960,"url":"https:\/\/garrcorpcomputer.com\/index.php\/producto\/teclado-usb-forza\/","url_meta":{"origin":4234,"position":1},"title":"Teclado USB Forza","date":"15 de septiembre de 2021","format":false,"excerpt":"USB 2.0 104 Teclas suaves Cable 1.23 Mts Conexi\u00f3n USB sin ferrita Sistema antiderrame Teclas silenciosas Dise\u00f1o ergon\u00f3mico Empaque Premium","rel":"","context":"Entrada similar","img":{"alt_text":"","src":"https:\/\/i0.wp.com\/garrcorpcomputer.com\/wp-content\/uploads\/2021\/09\/teclado-14.png?fit=423%2C202&ssl=1&resize=350%2C200","width":350,"height":200},"classes":[]},{"id":4380,"url":"https:\/\/garrcorpcomputer.com\/index.php\/producto\/mouse-usb-consmo-cp87\/","url_meta":{"origin":4234,"position":2},"title":"MOUSE USB CONSMO CP87","date":"30 de agosto de 2021","format":false,"excerpt":"Mouse con sensor \u00f3ptico 2 botones + scroll 1200 DPI Cable 1.5 mt Conexi\u00f3n USB plug and play","rel":"","context":"Entrada similar","img":{"alt_text":"","src":"https:\/\/i2.wp.com\/garrcorpcomputer.com\/wp-content\/uploads\/2021\/08\/mouse-10-1.png?fit=422%2C442&ssl=1&resize=350%2C200","width":350,"height":200},"classes":[]},{"id":5884,"url":"https:\/\/garrcorpcomputer.com\/index.php\/producto\/diadema-usb-jaltech-ref-q2\/","url_meta":{"origin":4234,"position":3},"title":"Diadema USB Jaltech Ref Q2","date":"13 de septiembre de 2021","format":false,"excerpt":"Conexi\u00f3n USB Control de volumen en solapa Cable 2 mtr Cancelaci\u00f3n de ruido","rel":"","context":"Con 1 comentario","img":{"alt_text":"","src":"https:\/\/i0.wp.com\/garrcorpcomputer.com\/wp-content\/uploads\/2021\/09\/diadema-6.png?fit=373%2C413&ssl=1&resize=350%2C200","width":350,"height":200},"classes":[]},{"id":5741,"url":"https:\/\/garrcorpcomputer.com\/index.php\/producto\/teclado-usb-gamer-tech-gt816t\/","url_meta":{"origin":4234,"position":4},"title":"Teclado USB Gamer Tech GT816T","date":"10 de septiembre de 2021","format":false,"excerpt":"Teclado gamer eco Cable USB alta calidad 105 tecla Dise\u00f1o ligero \u00a0Teclas azules gamer para mayor durabilidad","rel":"","context":"Entrada similar","img":{"alt_text":"","src":"https:\/\/i2.wp.com\/garrcorpcomputer.com\/wp-content\/uploads\/2021\/09\/teclado-gamer-1.png?fit=392%2C223&ssl=1&resize=350%2C200","width":350,"height":200},"classes":[]},{"id":4094,"url":"https:\/\/garrcorpcomputer.com\/index.php\/producto\/mouse-genius-usb-dx-120\/","url_meta":{"origin":4234,"position":5},"title":"Mouse Genius USB DX-120","date":"27 de agosto de 2021","format":false,"excerpt":"Genial para ambas manos Compatible con Windows y MacOS Interfaz USB Cable de 1,5 m Sensor \u00f3ptico DPI 1000 Botones 3 incluido scroll","rel":"","context":"Entrada similar","img":{"alt_text":"","src":"https:\/\/i0.wp.com\/garrcorpcomputer.com\/wp-content\/uploads\/2021\/08\/mouse-5.png?fit=989%2C424&ssl=1&resize=350%2C200","width":350,"height":200},"classes":[]}],"jetpack_sharing_enabled":true,"_links":{"self":[{"href":"https:\/\/garrcorpcomputer.com\/index.php\/wp-json\/wp\/v2\/product\/4234"}],"collection":[{"href":"https:\/\/garrcorpcomputer.com\/index.php\/wp-json\/wp\/v2\/product"}],"about":[{"href":"https:\/\/garrcorpcomputer.com\/index.php\/wp-json\/wp\/v2\/types\/product"}],"replies":[{"embeddable":true,"href":"https:\/\/garrcorpcomputer.com\/index.php\/wp-json\/wp\/v2\/comments?post=4234"}],"version-history":[{"count":1,"href":"https:\/\/garrcorpcomputer.com\/index.php\/wp-json\/wp\/v2\/product\/4234\/revisions"}],"predecessor-version":[{"id":5928,"href":"https:\/\/garrcorpcomputer.com\/index.php\/wp-json\/wp\/v2\/product\/4234\/revisions\/5928"}],"wp:featuredmedia":[{"embeddable":true,"href":"https:\/\/garrcorpcomputer.com\/index.php\/wp-json\/wp\/v2\/media\/4236"}],"wp:attachment":[{"href":"https:\/\/garrcorpcomputer.com\/index.php\/wp-json\/wp\/v2\/media?parent=4234"}],"wp:term":[{"taxonomy":"product_cat","embeddable":true,"href":"https:\/\/garrcorpcomputer.com\/index.php\/wp-json\/wp\/v2\/product_cat?post=4234"},{"taxonomy":"product_tag","embeddable":true,"href":"https:\/\/garrcorpcomputer.com\/index.php\/wp-json\/wp\/v2\/product_tag?post=4234"}],"curies":[{"name":"wp","href":"https:\/\/api.w.org\/{rel}","templated":true}]}}