{"id":4241,"date":"2021-08-28T03:51:21","date_gmt":"2021-08-28T03:51:21","guid":{"rendered":"https:\/\/garrcorpcomputer.com\/?post_type=product&#038;p=4241"},"modified":"2021-09-14T18:11:28","modified_gmt":"2021-09-14T23:11:28","slug":"diadema-gamer-hv-h22390-ref-0108186","status":"publish","type":"product","link":"https:\/\/garrcorpcomputer.com\/index.php\/producto\/diadema-gamer-hv-h22390-ref-0108186\/","title":{"rendered":"Diadema Gamer HV-H22390 Ref 0108186"},"content":{"rendered":"<ul>\n<li>Diadema ajustable<\/li>\n<li>Sonido st\u00e9reo<\/li>\n<li>Iluminacion LED roja<\/li>\n<li>Microfono brazo ajustable<\/li>\n<li>Longitud del cable: 1.8m<\/li>\n<li>Enchufe: 3,5 mm + USB.<\/li>\n<li>Plug and Play<\/li>\n<\/ul>\n","protected":false},"excerpt":{"rendered":"<p>Diadema ajustable Sonido st\u00e9reo Iluminacion LED roja Microfono brazo ajustable Longitud del cable: 1.8m Enchufe: 3,5 mm + USB. Plug and Play<\/p>\n","protected":false},"featured_media":4242,"comment_status":"closed","ping_status":"closed","template":"","meta":{"om_disable_all_campaigns":false,"_mi_skip_tracking":false,"spay_email":"","jetpack_publicize_message":"","jetpack_is_tweetstorm":false},"product_cat":[346,328,75],"product_tag":[],"jetpack_publicize_connections":[],"jetpack-related-posts":[{"id":4276,"url":"https:\/\/garrcorpcomputer.com\/index.php\/producto\/diadema-gamer-hs-g560-genius\/","url_meta":{"origin":4241,"position":0},"title":"Diadema Gamer HS-G560 Genius","date":"29 de agosto de 2021","format":false,"excerpt":"2 conectores de 3.5 mm Micr\u00f3fono de brazo ajustable Control de volumen en cable Diadema ajustable Almohadillas suaves Reducci\u00f3n de ruido Cable de 2 mt","rel":"","context":"Entrada similar","img":{"alt_text":"","src":"https:\/\/i0.wp.com\/garrcorpcomputer.com\/wp-content\/uploads\/2021\/08\/diadema-18.png?fit=262%2C384&ssl=1&resize=350%2C200","width":350,"height":200},"classes":[]},{"id":4289,"url":"https:\/\/garrcorpcomputer.com\/index.php\/producto\/combo-gamer-mouse-teclado-y-diadema-ctmgjr-012\/","url_meta":{"origin":4241,"position":1},"title":"Combo Gamer Mouse, Teclado y Diadema CTMGJR-012","date":"29 de agosto de 2021","format":false,"excerpt":"ILUMINACION LED BASE MET\u00c1LICA 12 TECLAS MUITIMEDIA REPOSA MU\u00d1ECAS MOUSE 6D 6 BOTONES DPI AJUSTABLE (800 - 2400) DIADEMA CON MICR\u00d3FONO RETROILUMINADA ALTA CALIDAD DE AUDIO CABLE SUPER LARGO Y BLINDADO BANDA DE AJUSTE A PRESI\u00d3N","rel":"","context":"Entrada similar","img":{"alt_text":"","src":"https:\/\/i0.wp.com\/garrcorpcomputer.com\/wp-content\/uploads\/2021\/08\/combo-gamer-2.png?fit=578%2C522&ssl=1&resize=350%2C200","width":350,"height":200},"classes":[]},{"id":4210,"url":"https:\/\/garrcorpcomputer.com\/index.php\/producto\/diadema-gamer-tech-gt15d-ref-10915\/","url_meta":{"origin":4241,"position":2},"title":"Diadema Gamer Tech GT15D Ref 10915","date":"28 de agosto de 2021","format":false,"excerpt":"Interfaz al\u00e1mbrico Jack 3.5 X1 audio y micr\u00f3fono USB para luz Led azul Plug and play Sonido stereo Diadema ajustable","rel":"","context":"Entrada similar","img":{"alt_text":"","src":"https:\/\/i2.wp.com\/garrcorpcomputer.com\/wp-content\/uploads\/2021\/08\/diadema-11.png?fit=542%2C570&ssl=1&resize=350%2C200","width":350,"height":200},"classes":[]},{"id":4213,"url":"https:\/\/garrcorpcomputer.com\/index.php\/producto\/diadema-gamer-tech-rgb-ref-11010\/","url_meta":{"origin":4241,"position":3},"title":"Diadema Gamer Tech Clan RGB Ref 11010","date":"28 de agosto de 2021","format":false,"excerpt":"Iluminaci\u00f3n LED RGB Diadema para PS4, XBOX ONE y PC SUPER BASS Sonido envolvente Ajustable y ergon\u00f3mica Dise\u00f1o GAMER de lujo Material de alta calidad ABS Conexi\u00f3n 3,5 mm para audio USB para luces LED RGB Micr\u00f3fono ajustable de alta definici\u00f3n Control de volumen y silenciar micr\u00f3fono Di\u00e1metro del auricular:\u2026","rel":"","context":"Entrada similar","img":{"alt_text":"","src":"https:\/\/i1.wp.com\/garrcorpcomputer.com\/wp-content\/uploads\/2021\/08\/diadema-12.png?fit=459%2C373&ssl=1&resize=350%2C200","width":350,"height":200},"classes":[]},{"id":5889,"url":"https:\/\/garrcorpcomputer.com\/index.php\/producto\/diadema-usb-7-1-gamer-tech-gt8d\/","url_meta":{"origin":4241,"position":4},"title":"Diadema USB 7.1 Gamer Tech GT8D","date":"13 de septiembre de 2021","format":false,"excerpt":"Diadema gamer 7.1 USB para luz LED y sonido Luz LED aleatoria Micr\u00f3fono ajustable de alta definici\u00f3n Control de volumen Super bass Dise\u00f1o ergon\u00f3mico Compatible con PLAY 4 y otras consolas","rel":"","context":"Con 3 comentarios","img":{"alt_text":"","src":"https:\/\/i2.wp.com\/garrcorpcomputer.com\/wp-content\/uploads\/2021\/09\/diadema-gamer-1.png?fit=370%2C386&ssl=1&resize=350%2C200","width":350,"height":200},"classes":[]},{"id":5893,"url":"https:\/\/garrcorpcomputer.com\/index.php\/producto\/diadema-usb-7-1-gamer-tech-gt10\/","url_meta":{"origin":4241,"position":5},"title":"Diadema USB 7.1 Gamer Tech GT10","date":"13 de septiembre de 2021","format":false,"excerpt":"Diadema gamer 7.1 USB para luz LED y sonido Luz LED fija Micr\u00f3fono ajustable de\u00a0alta definici\u00f3n Control de volumen Super bass Dise\u00f1o ergon\u00f3mico Compatible con PLAY 4 y otras consolas","rel":"","context":"Con 2 comentarios","img":{"alt_text":"","src":"https:\/\/i1.wp.com\/garrcorpcomputer.com\/wp-content\/uploads\/2021\/09\/diadema-gamer-2.png?fit=392%2C423&ssl=1&resize=350%2C200","width":350,"height":200},"classes":[]}],"jetpack_sharing_enabled":true,"_links":{"self":[{"href":"https:\/\/garrcorpcomputer.com\/index.php\/wp-json\/wp\/v2\/product\/4241"}],"collection":[{"href":"https:\/\/garrcorpcomputer.com\/index.php\/wp-json\/wp\/v2\/product"}],"about":[{"href":"https:\/\/garrcorpcomputer.com\/index.php\/wp-json\/wp\/v2\/types\/product"}],"replies":[{"embeddable":true,"href":"https:\/\/garrcorpcomputer.com\/index.php\/wp-json\/wp\/v2\/comments?post=4241"}],"version-history":[{"count":1,"href":"https:\/\/garrcorpcomputer.com\/index.php\/wp-json\/wp\/v2\/product\/4241\/revisions"}],"predecessor-version":[{"id":5931,"href":"https:\/\/garrcorpcomputer.com\/index.php\/wp-json\/wp\/v2\/product\/4241\/revisions\/5931"}],"wp:featuredmedia":[{"embeddable":true,"href":"https:\/\/garrcorpcomputer.com\/index.php\/wp-json\/wp\/v2\/media\/4242"}],"wp:attachment":[{"href":"https:\/\/garrcorpcomputer.com\/index.php\/wp-json\/wp\/v2\/media?parent=4241"}],"wp:term":[{"taxonomy":"product_cat","embeddable":true,"href":"https:\/\/garrcorpcomputer.com\/index.php\/wp-json\/wp\/v2\/product_cat?post=4241"},{"taxonomy":"product_tag","embeddable":true,"href":"https:\/\/garrcorpcomputer.com\/index.php\/wp-json\/wp\/v2\/product_tag?post=4241"}],"curies":[{"name":"wp","href":"https:\/\/api.w.org\/{rel}","templated":true}]}}