{"id":4247,"date":"2021-08-28T03:59:41","date_gmt":"2021-08-28T03:59:41","guid":{"rendered":"https:\/\/garrcorpcomputer.com\/?post_type=product&#038;p=4247"},"modified":"2021-09-14T18:10:15","modified_gmt":"2021-09-14T23:10:15","slug":"diadema-gamer-havit-hv-h2032d-ref-0108313","status":"publish","type":"product","link":"https:\/\/garrcorpcomputer.com\/index.php\/producto\/diadema-gamer-havit-hv-h2032d-ref-0108313\/","title":{"rendered":"Diadema Gamer Havit HV-H2032D Ref 0108313"},"content":{"rendered":"<ul>\n<li>Tipo de conexi\u00f3n: Al\u00e1mbrico<\/li>\n<li>Jack 3.5mm X2 1 Jack para audio<\/li>\n<li>1 jack para micr\u00f3fono<\/li>\n<li>USB para luces Led<\/li>\n<li>Plug and play<\/li>\n<li>Dimensiones cable: 2.0m<\/li>\n<li>Cable encauchetado<\/li>\n<\/ul>\n","protected":false},"excerpt":{"rendered":"<p>Tipo de conexi\u00f3n: Al\u00e1mbrico Jack 3.5mm X2 1 Jack para audio 1 jack para micr\u00f3fono USB para luces Led Plug and play Dimensiones cable: 2.0m Cable encauchetado<\/p>\n","protected":false},"featured_media":4248,"comment_status":"closed","ping_status":"closed","template":"","meta":{"om_disable_all_campaigns":false,"_mi_skip_tracking":false,"spay_email":"","jetpack_publicize_message":"","jetpack_is_tweetstorm":false},"product_cat":[346,328,75],"product_tag":[],"jetpack_publicize_connections":[],"jetpack-related-posts":[{"id":4215,"url":"https:\/\/garrcorpcomputer.com\/index.php\/producto\/diadema-gamer-havit-hv-h2232d-ref-0108230\/","url_meta":{"origin":4247,"position":0},"title":"Diadema Gamer Havit HV-H2232D Ref 0108230","date":"28 de agosto de 2021","format":false,"excerpt":"2 Jack 35mm + USB Iluminacion RGB Aislamiento de sonido Micr\u00f3fono escualizable Control de volumen en auricular","rel":"","context":"Entrada similar","img":{"alt_text":"","src":"https:\/\/i2.wp.com\/garrcorpcomputer.com\/wp-content\/uploads\/2021\/08\/diadema-13.png?fit=312%2C431&ssl=1&resize=350%2C200","width":350,"height":200},"classes":[]},{"id":4210,"url":"https:\/\/garrcorpcomputer.com\/index.php\/producto\/diadema-gamer-tech-gt15d-ref-10915\/","url_meta":{"origin":4247,"position":1},"title":"Diadema Gamer Tech GT15D Ref 10915","date":"28 de agosto de 2021","format":false,"excerpt":"Interfaz al\u00e1mbrico Jack 3.5 X1 audio y micr\u00f3fono USB para luz Led azul Plug and play Sonido stereo Diadema ajustable","rel":"","context":"Entrada similar","img":{"alt_text":"","src":"https:\/\/i2.wp.com\/garrcorpcomputer.com\/wp-content\/uploads\/2021\/08\/diadema-11.png?fit=542%2C570&ssl=1&resize=350%2C200","width":350,"height":200},"classes":[]},{"id":4453,"url":"https:\/\/garrcorpcomputer.com\/index.php\/producto\/portatil-lenovo-v145-14ast-amd-a6-9225-4gb-500gb-win-10h-81ms000xlm\/","url_meta":{"origin":4247,"position":2},"title":"Port\u00e1til Lenovo V145-14ast Amd A6-9225 4GB 500GB Win 10H &#8211; 81MS000XLM","date":"31 de agosto de 2021","format":false,"excerpt":"Procesador: AMD A6-9225 2.6 GHz Memoria Ram: 4GB DDR4 Disco Duro: Disco duro de 500 Gb 5400 rpm Sistema Operativo de f\u00e1brica: Windows 10 Home Pantalla: 14 \"HD (1366 x 768) Teclado en espa\u00f1ol sin Teclado num\u00e9rico Audio: altavoces st\u00e9reo; Micr\u00f3fono Integrado Unidad de cd: No C\u00e1mara Web: Integrada Conectividad:\u2026","rel":"","context":"Entrada similar","img":{"alt_text":"","src":"https:\/\/i1.wp.com\/garrcorpcomputer.com\/wp-content\/uploads\/2021\/08\/portatil-4.png?fit=303%2C279&ssl=1&resize=350%2C200","width":350,"height":200},"classes":[]},{"id":4362,"url":"https:\/\/garrcorpcomputer.com\/index.php\/producto\/combo-gamer-3-en-1-cp-02\/","url_meta":{"origin":4247,"position":3},"title":"COMBO GAMER 3 EN 1 CP-02","date":"30 de agosto de 2021","format":false,"excerpt":"Diadema 2 plug de 3.5 mm Iluminaci\u00f3n LED multicolor Micr\u00f3fono interno en auricular Cable 2 mt Conexi\u00f3n USB plug and play","rel":"","context":"Entrada similar","img":{"alt_text":"","src":"https:\/\/i2.wp.com\/garrcorpcomputer.com\/wp-content\/uploads\/2021\/08\/COMBO-GAMER-11.png?fit=514%2C473&ssl=1&resize=350%2C200","width":350,"height":200},"classes":[]},{"id":4402,"url":"https:\/\/garrcorpcomputer.com\/index.php\/producto\/diadema-para-pc-1-pluc-consmo-jd-809\/","url_meta":{"origin":4247,"position":4},"title":"DIADEMA PARA PC 1 PLUC CONSMO JD-809","date":"30 de agosto de 2021","format":false,"excerpt":"Interfaz de 3.5 mm 1 solo plug Cable de 1.5 mt Micr\u00f3fono externo en auricular","rel":"","context":"Entrada similar","img":{"alt_text":"","src":"https:\/\/i0.wp.com\/garrcorpcomputer.com\/wp-content\/uploads\/2021\/08\/diadema-22.png?fit=310%2C498&ssl=1&resize=350%2C200","width":350,"height":200},"classes":[]},{"id":4320,"url":"https:\/\/garrcorpcomputer.com\/index.php\/producto\/combo-gamer-multimedia-3-en-1-led-ctmgjr-014\/","url_meta":{"origin":4247,"position":5},"title":"COMBO GAMER MULTIMEDIA 3 EN 1 LED CTMGJR-014","date":"30 de agosto de 2021","format":false,"excerpt":"MOUSE GAMER 6 BOTONES SCROLL DENTADO CLICK CONFORTABLE CABLE ACORDONADO 800-1600-2000 DPI PLUG 3.5 MM + USB MICROFONO DE BRAZO AJUSTABLE","rel":"","context":"Entrada similar","img":{"alt_text":"","src":"https:\/\/i1.wp.com\/garrcorpcomputer.com\/wp-content\/uploads\/2021\/08\/COMBO-GAMER-4.png?fit=730%2C403&ssl=1&resize=350%2C200","width":350,"height":200},"classes":[]}],"jetpack_sharing_enabled":true,"_links":{"self":[{"href":"https:\/\/garrcorpcomputer.com\/index.php\/wp-json\/wp\/v2\/product\/4247"}],"collection":[{"href":"https:\/\/garrcorpcomputer.com\/index.php\/wp-json\/wp\/v2\/product"}],"about":[{"href":"https:\/\/garrcorpcomputer.com\/index.php\/wp-json\/wp\/v2\/types\/product"}],"replies":[{"embeddable":true,"href":"https:\/\/garrcorpcomputer.com\/index.php\/wp-json\/wp\/v2\/comments?post=4247"}],"version-history":[{"count":1,"href":"https:\/\/garrcorpcomputer.com\/index.php\/wp-json\/wp\/v2\/product\/4247\/revisions"}],"predecessor-version":[{"id":5930,"href":"https:\/\/garrcorpcomputer.com\/index.php\/wp-json\/wp\/v2\/product\/4247\/revisions\/5930"}],"wp:featuredmedia":[{"embeddable":true,"href":"https:\/\/garrcorpcomputer.com\/index.php\/wp-json\/wp\/v2\/media\/4248"}],"wp:attachment":[{"href":"https:\/\/garrcorpcomputer.com\/index.php\/wp-json\/wp\/v2\/media?parent=4247"}],"wp:term":[{"taxonomy":"product_cat","embeddable":true,"href":"https:\/\/garrcorpcomputer.com\/index.php\/wp-json\/wp\/v2\/product_cat?post=4247"},{"taxonomy":"product_tag","embeddable":true,"href":"https:\/\/garrcorpcomputer.com\/index.php\/wp-json\/wp\/v2\/product_tag?post=4247"}],"curies":[{"name":"wp","href":"https:\/\/api.w.org\/{rel}","templated":true}]}}