{"id":4273,"date":"2021-08-29T01:59:59","date_gmt":"2021-08-29T01:59:59","guid":{"rendered":"https:\/\/garrcorpcomputer.com\/?post_type=product&#038;p=4273"},"modified":"2021-09-14T18:09:06","modified_gmt":"2021-09-14T23:09:06","slug":"diadema-gamer-y-ries-ligth-x7-mst-1126g-2","status":"publish","type":"product","link":"https:\/\/garrcorpcomputer.com\/index.php\/producto\/diadema-gamer-y-ries-ligth-x7-mst-1126g-2\/","title":{"rendered":"Diadema Gamer Y-ries Ligth X7 MST-1126G-2"},"content":{"rendered":"<ul>\n<li>Micr\u00f3fono integrado<\/li>\n<li>Sonido est\u00e9reo<\/li>\n<li>Conexi\u00f3n USB para los colores RGB<\/li>\n<li>1.8 mt de cable<\/li>\n<li>2 conectores de 3.5 mm<\/li>\n<\/ul>\n","protected":false},"excerpt":{"rendered":"<p>Micr\u00f3fono integrado Sonido est\u00e9reo Conexi\u00f3n USB para los colores RGB 1.8 mt de cable 2 conectores de 3.5 mm<\/p>\n","protected":false},"featured_media":4274,"comment_status":"closed","ping_status":"closed","template":"","meta":{"om_disable_all_campaigns":false,"_mi_skip_tracking":false,"spay_email":"","jetpack_publicize_message":"","jetpack_is_tweetstorm":false},"product_cat":[346,328,75],"product_tag":[],"jetpack_publicize_connections":[],"jetpack-related-posts":[{"id":5821,"url":"https:\/\/garrcorpcomputer.com\/index.php\/producto\/base-refrigerante-reclinable-2\/","url_meta":{"origin":4273,"position":0},"title":"Base refrigerante reclinable 2","date":"11 de septiembre de 2021","format":false,"excerpt":"Doble ventilador 2 conexiones USB Bot\u00f3n de encendido Rejilla de metal \u00a0Reclinable multiposiciones Ideal para equipos entre 10\u201d y 17\u201d","rel":"","context":"Con 1 comentario","img":{"alt_text":"","src":"","width":0,"height":0},"classes":[]},{"id":4834,"url":"https:\/\/garrcorpcomputer.com\/index.php\/producto\/camara-turbo-1080p-turret-microfono-incorporado-audio-coaxial-0-01-lux-f1-2-dnr-exir-2-0-smart-ir-20m-ir-plastica-hikvision\/","url_meta":{"origin":4273,"position":1},"title":"C\u00e1mara turbo 1080P TURRET micr\u00f3fono incorporado audio coaxial 0.01 Lux\/ F1.2 DNR EXIR 2.0 Smart IR 20m IR pl\u00e1stica HIKVISION","date":"2 de septiembre de 2021","format":false,"excerpt":"DS-2CE76D0T-ITPFS","rel":"","context":"Entrada similar","img":{"alt_text":"","src":"","width":0,"height":0},"classes":[]},{"id":4839,"url":"https:\/\/garrcorpcomputer.com\/index.php\/producto\/camara-turbo-1080p-turret-3-6-mm-0-01-lux-f1-2-dnr-exir-2-0-smart-ir-30m-ir-ip67-metalica-hikvision\/","url_meta":{"origin":4273,"position":2},"title":"C\u00e1mara turbo 1080P TURRET 3.6 mm 0.01 Lux\/ F1.2 DNR EXIR 2.0 Smart IR 30m IR IP67 met\u00e1lica HIKVISION","date":"2 de septiembre de 2021","format":false,"excerpt":"DS-2CE76D0T-ITMF(C)(3.6mm)","rel":"","context":"Entrada similar","img":{"alt_text":"","src":"","width":0,"height":0},"classes":[]},{"id":5764,"url":"https:\/\/garrcorpcomputer.com\/index.php\/producto\/bombilla-inteligente-wifi-multicolor-2-pk\/","url_meta":{"origin":4273,"position":3},"title":"Bombilla inteligente wifi multicolor 2 PK","date":"11 de septiembre de 2021","format":false,"excerpt":"2 bombillos inteligentes multicolor con control por voz y APP Emparejamiento f\u00e1cil Aplicaci\u00f3n Nexxt Solutions Home compatible con iOS y Android \u00b7 Programaci\u00f3n de horarios para activar y desactivar la luz, en cualquier momento y desde cualquier lugar Escenas seleccionables conforme a las preferencias de cada usuario Elecci\u00f3n del color\u2026","rel":"","context":"Con 2 comentarios","img":{"alt_text":"","src":"https:\/\/i0.wp.com\/garrcorpcomputer.com\/wp-content\/uploads\/2021\/09\/iluminacion-1.png?fit=308%2C251&ssl=1&resize=350%2C200","width":350,"height":200},"classes":[]},{"id":1242,"url":"https:\/\/garrcorpcomputer.com\/index.php\/producto\/paq-rollo-termico-para-impresora-pos-80mm-x-2\/","url_meta":{"origin":4273,"position":4},"title":"PAQ ROLLO TERMICO PARA IMPRESORA POS  80MM x 2","date":"26 de agosto de 2021","format":false,"excerpt":"","rel":"","context":"Entrada similar","img":{"alt_text":"","src":"https:\/\/i0.wp.com\/garrcorpcomputer.com\/wp-content\/uploads\/2021\/08\/D_NQ_NP_722915-MCO45919318944_052021-O.png?fit=500%2C453&ssl=1&resize=350%2C200","width":350,"height":200},"classes":[]},{"id":4864,"url":"https:\/\/garrcorpcomputer.com\/index.php\/producto\/camara-turbo-1080p-bala-microfono-incorporado-audio-coaxial-0-01-lux-f1-2-dnr-smart-ir-25m-ir-plastica-hikvision\/","url_meta":{"origin":4273,"position":5},"title":"C\u00e1mara turbo 1080P bala micr\u00f3fono incorporado audio coaxial 0.01 Lux\/ F1.2 DNR Smart IR 25m IR pl\u00e1stica HIKVISION","date":"2 de septiembre de 2021","format":false,"excerpt":"DS-2CE16D0T-ITPFS","rel":"","context":"Entrada similar","img":{"alt_text":"","src":"","width":0,"height":0},"classes":[]}],"jetpack_sharing_enabled":true,"_links":{"self":[{"href":"https:\/\/garrcorpcomputer.com\/index.php\/wp-json\/wp\/v2\/product\/4273"}],"collection":[{"href":"https:\/\/garrcorpcomputer.com\/index.php\/wp-json\/wp\/v2\/product"}],"about":[{"href":"https:\/\/garrcorpcomputer.com\/index.php\/wp-json\/wp\/v2\/types\/product"}],"replies":[{"embeddable":true,"href":"https:\/\/garrcorpcomputer.com\/index.php\/wp-json\/wp\/v2\/comments?post=4273"}],"version-history":[{"count":1,"href":"https:\/\/garrcorpcomputer.com\/index.php\/wp-json\/wp\/v2\/product\/4273\/revisions"}],"predecessor-version":[{"id":5929,"href":"https:\/\/garrcorpcomputer.com\/index.php\/wp-json\/wp\/v2\/product\/4273\/revisions\/5929"}],"wp:featuredmedia":[{"embeddable":true,"href":"https:\/\/garrcorpcomputer.com\/index.php\/wp-json\/wp\/v2\/media\/4274"}],"wp:attachment":[{"href":"https:\/\/garrcorpcomputer.com\/index.php\/wp-json\/wp\/v2\/media?parent=4273"}],"wp:term":[{"taxonomy":"product_cat","embeddable":true,"href":"https:\/\/garrcorpcomputer.com\/index.php\/wp-json\/wp\/v2\/product_cat?post=4273"},{"taxonomy":"product_tag","embeddable":true,"href":"https:\/\/garrcorpcomputer.com\/index.php\/wp-json\/wp\/v2\/product_tag?post=4273"}],"curies":[{"name":"wp","href":"https:\/\/api.w.org\/{rel}","templated":true}]}}