{"id":4276,"date":"2021-08-29T02:04:42","date_gmt":"2021-08-29T02:04:42","guid":{"rendered":"https:\/\/garrcorpcomputer.com\/?post_type=product&#038;p=4276"},"modified":"2021-09-14T17:46:58","modified_gmt":"2021-09-14T22:46:58","slug":"diadema-gamer-hs-g560-genius","status":"publish","type":"product","link":"https:\/\/garrcorpcomputer.com\/index.php\/producto\/diadema-gamer-hs-g560-genius\/","title":{"rendered":"Diadema Gamer HS-G560 Genius"},"content":{"rendered":"<ul>\n<li>2 conectores de 3.5 mm<\/li>\n<li>Micr\u00f3fono de brazo ajustable<\/li>\n<li>Control de volumen en cable<\/li>\n<li>Diadema ajustable<\/li>\n<li>Almohadillas suaves<\/li>\n<li>Reducci\u00f3n de ruido<\/li>\n<li>Cable de 2 mt<\/li>\n<\/ul>\n","protected":false},"excerpt":{"rendered":"<p>2 conectores de 3.5 mm Micr\u00f3fono de brazo ajustable Control de volumen en cable Diadema ajustable Almohadillas suaves Reducci\u00f3n de ruido Cable de 2 mt<\/p>\n","protected":false},"featured_media":4277,"comment_status":"closed","ping_status":"closed","template":"","meta":{"om_disable_all_campaigns":false,"_mi_skip_tracking":false,"spay_email":"","jetpack_publicize_message":"","jetpack_is_tweetstorm":false},"product_cat":[346,328,75],"product_tag":[],"jetpack_publicize_connections":[],"jetpack-related-posts":[{"id":4414,"url":"https:\/\/garrcorpcomputer.com\/index.php\/producto\/diadema-usb-consmo-gh-15s\/","url_meta":{"origin":4276,"position":0},"title":"DIADEMA USB CONSMO GH-15S","date":"30 de agosto de 2021","format":false,"excerpt":"Interfaz 100% USB plug and play Cable de 2 mt Control y suspensi\u00f3n de audio y volumen Micr\u00f3fono escualizable de alta fidelidad Bocina y bandas ajustables","rel":"","context":"Entrada similar","img":{"alt_text":"","src":"https:\/\/i2.wp.com\/garrcorpcomputer.com\/wp-content\/uploads\/2021\/08\/diadema-26.png?fit=367%2C508&ssl=1&resize=350%2C200","width":350,"height":200},"classes":[]},{"id":4417,"url":"https:\/\/garrcorpcomputer.com\/index.php\/producto\/diadema-gamer-led-consmo-gh-217\/","url_meta":{"origin":4276,"position":1},"title":"DIADEMA GAMER LED CONSMO GH-217","date":"30 de agosto de 2021","format":false,"excerpt":"Interfaz de 3.5 mm de 2 plug para audio y micr\u00f3fono Interfaz USB para energ\u00eda Iluminaci\u00f3n LED multicolor Micr\u00f3fono y control de volumen en auricular Banda ajustable Cable encauchetado de 2 mt conexi\u00f3n USB plug and play","rel":"","context":"Entrada similar","img":{"alt_text":"","src":"https:\/\/i1.wp.com\/garrcorpcomputer.com\/wp-content\/uploads\/2021\/08\/diadema-27.png?fit=322%2C471&ssl=1&resize=350%2C200","width":350,"height":200},"classes":[]},{"id":4238,"url":"https:\/\/garrcorpcomputer.com\/index.php\/producto\/diadema-gamer-misde-h7-ref-1126g-4\/","url_meta":{"origin":4276,"position":2},"title":"Diadema Gamer misde H7 Ref 1126G-4","date":"28 de agosto de 2021","format":false,"excerpt":"Interfaz de 3.5 mm de 2 plug para audio y micr\u00f3fono Interfaz USB para energ\u00eda Iluminaci\u00f3n LED multicolor Micr\u00f3fono y control de volumen en auricular Banda ajustable Cable de 2 metros Conexion USB Plug and Play","rel":"","context":"Entrada similar","img":{"alt_text":"","src":"https:\/\/i2.wp.com\/garrcorpcomputer.com\/wp-content\/uploads\/2021\/08\/diadema-15.png?fit=360%2C471&ssl=1&resize=350%2C200","width":350,"height":200},"classes":[]},{"id":4241,"url":"https:\/\/garrcorpcomputer.com\/index.php\/producto\/diadema-gamer-hv-h22390-ref-0108186\/","url_meta":{"origin":4276,"position":3},"title":"Diadema Gamer HV-H22390 Ref 0108186","date":"28 de agosto de 2021","format":false,"excerpt":"Diadema ajustable Sonido st\u00e9reo Iluminacion LED roja Microfono brazo ajustable Longitud del cable: 1.8m Enchufe: 3,5 mm + USB. Plug and Play","rel":"","context":"Entrada similar","img":{"alt_text":"","src":"https:\/\/i1.wp.com\/garrcorpcomputer.com\/wp-content\/uploads\/2021\/08\/diadema16.png?fit=662%2C503&ssl=1&resize=350%2C200","width":350,"height":200},"classes":[]},{"id":4213,"url":"https:\/\/garrcorpcomputer.com\/index.php\/producto\/diadema-gamer-tech-rgb-ref-11010\/","url_meta":{"origin":4276,"position":4},"title":"Diadema Gamer Tech Clan RGB Ref 11010","date":"28 de agosto de 2021","format":false,"excerpt":"Iluminaci\u00f3n LED RGB Diadema para PS4, XBOX ONE y PC SUPER BASS Sonido envolvente Ajustable y ergon\u00f3mica Dise\u00f1o GAMER de lujo Material de alta calidad ABS Conexi\u00f3n 3,5 mm para audio USB para luces LED RGB Micr\u00f3fono ajustable de alta definici\u00f3n Control de volumen y silenciar micr\u00f3fono Di\u00e1metro del auricular:\u2026","rel":"","context":"Entrada similar","img":{"alt_text":"","src":"https:\/\/i1.wp.com\/garrcorpcomputer.com\/wp-content\/uploads\/2021\/08\/diadema-12.png?fit=459%2C373&ssl=1&resize=350%2C200","width":350,"height":200},"classes":[]},{"id":4115,"url":"https:\/\/garrcorpcomputer.com\/index.php\/producto\/diadema-con-microfono-genius-hs-m505x\/","url_meta":{"origin":4276,"position":5},"title":"Diadema con microfono Genius Hs-m505x","date":"27 de agosto de 2021","format":false,"excerpt":"Nuevo auricular HS-M505X, que proporciona comodidad y conveniencia. Conector de 3.5mm Control de volumen Vincha y micr\u00f3fono ajustable Longitud del cable 2mt Unidades de potencia de 40mm para graves potentes Frecuancia 20Hz-20K Hz Impedancia: 32hm Micr\u00f3fono omnidireccional incluido en el cable \u00a0 \u00a0","rel":"","context":"Entrada similar","img":{"alt_text":"","src":"https:\/\/i0.wp.com\/garrcorpcomputer.com\/wp-content\/uploads\/2021\/08\/diadema1.png?fit=909%2C534&ssl=1&resize=350%2C200","width":350,"height":200},"classes":[]}],"jetpack_sharing_enabled":true,"_links":{"self":[{"href":"https:\/\/garrcorpcomputer.com\/index.php\/wp-json\/wp\/v2\/product\/4276"}],"collection":[{"href":"https:\/\/garrcorpcomputer.com\/index.php\/wp-json\/wp\/v2\/product"}],"about":[{"href":"https:\/\/garrcorpcomputer.com\/index.php\/wp-json\/wp\/v2\/types\/product"}],"replies":[{"embeddable":true,"href":"https:\/\/garrcorpcomputer.com\/index.php\/wp-json\/wp\/v2\/comments?post=4276"}],"version-history":[{"count":1,"href":"https:\/\/garrcorpcomputer.com\/index.php\/wp-json\/wp\/v2\/product\/4276\/revisions"}],"predecessor-version":[{"id":5924,"href":"https:\/\/garrcorpcomputer.com\/index.php\/wp-json\/wp\/v2\/product\/4276\/revisions\/5924"}],"wp:featuredmedia":[{"embeddable":true,"href":"https:\/\/garrcorpcomputer.com\/index.php\/wp-json\/wp\/v2\/media\/4277"}],"wp:attachment":[{"href":"https:\/\/garrcorpcomputer.com\/index.php\/wp-json\/wp\/v2\/media?parent=4276"}],"wp:term":[{"taxonomy":"product_cat","embeddable":true,"href":"https:\/\/garrcorpcomputer.com\/index.php\/wp-json\/wp\/v2\/product_cat?post=4276"},{"taxonomy":"product_tag","embeddable":true,"href":"https:\/\/garrcorpcomputer.com\/index.php\/wp-json\/wp\/v2\/product_tag?post=4276"}],"curies":[{"name":"wp","href":"https:\/\/api.w.org\/{rel}","templated":true}]}}