{"id":4279,"date":"2021-08-29T02:11:36","date_gmt":"2021-08-29T02:11:36","guid":{"rendered":"https:\/\/garrcorpcomputer.com\/?post_type=product&#038;p=4279"},"modified":"2021-09-14T17:46:01","modified_gmt":"2021-09-14T22:46:01","slug":"diadema-c-microfono-gamer-headphones-p4-para-ps4-ref-mariola","status":"publish","type":"product","link":"https:\/\/garrcorpcomputer.com\/index.php\/producto\/diadema-c-microfono-gamer-headphones-p4-para-ps4-ref-mariola\/","title":{"rendered":"Diadema C\/Microfono Gamer Headphones P4 para PS4 Ref Mariola"},"content":{"rendered":"<ul>\n<li>Gaming Headset con micr\u00f3fono para PS4<\/li>\n<li>Control de volumen y conmutador de silencio<\/li>\n<li>1.3 mt de cable<\/li>\n<li>Micr\u00f3fono flexible con reducci\u00f3n de ruido<\/li>\n<li>Conector 3.5 mm<\/li>\n<\/ul>\n","protected":false},"excerpt":{"rendered":"<p>Gaming Headset con micr\u00f3fono para PS4 Control de volumen y conmutador de silencio 1.3 mt de cable Micr\u00f3fono flexible con reducci\u00f3n de ruido Conector 3.5 mm<\/p>\n","protected":false},"featured_media":4280,"comment_status":"closed","ping_status":"closed","template":"","meta":{"om_disable_all_campaigns":false,"_mi_skip_tracking":false,"spay_email":"","jetpack_publicize_message":"","jetpack_is_tweetstorm":false},"product_cat":[346,328,75],"product_tag":[],"jetpack_publicize_connections":[],"jetpack-related-posts":[{"id":5874,"url":"https:\/\/garrcorpcomputer.com\/index.php\/producto\/diadema-single-ear-ref-ps4\/","url_meta":{"origin":4279,"position":0},"title":"Diadema Single ear Ref PS4","date":"13 de septiembre de 2021","format":false,"excerpt":"Ideal para trabajo en casa y PS4 Plug 3.5mm Micr\u00f3fono Control de volumen y mute Cable 1.2mtrs","rel":"","context":"Con 2 comentarios","img":{"alt_text":"","src":"","width":0,"height":0},"classes":[]},{"id":5902,"url":"https:\/\/garrcorpcomputer.com\/index.php\/producto\/diadema-usb-gamer-tech-kx15\/","url_meta":{"origin":4279,"position":1},"title":"Diadema USB Gamer Tech KX15","date":"13 de septiembre de 2021","format":false,"excerpt":"Diadema gamer para PS4 USB para LED \/ Luz LED fija 1 plug 3.5 mm para ps4 Micr\u00f3fono fijo alta definici\u00f3n Control de volumen Super bass Dise\u00f1o ergon\u00f3mico Multiplataforma","rel":"","context":"Con 2 comentarios","img":{"alt_text":"","src":"https:\/\/i0.wp.com\/garrcorpcomputer.com\/wp-content\/uploads\/2021\/09\/diadema-gamer-4.png?fit=340%2C414&ssl=1&resize=350%2C200","width":350,"height":200},"classes":[]},{"id":4213,"url":"https:\/\/garrcorpcomputer.com\/index.php\/producto\/diadema-gamer-tech-rgb-ref-11010\/","url_meta":{"origin":4279,"position":2},"title":"Diadema Gamer Tech Clan RGB Ref 11010","date":"28 de agosto de 2021","format":false,"excerpt":"Iluminaci\u00f3n LED RGB Diadema para PS4, XBOX ONE y PC SUPER BASS Sonido envolvente Ajustable y ergon\u00f3mica Dise\u00f1o GAMER de lujo Material de alta calidad ABS Conexi\u00f3n 3,5 mm para audio USB para luces LED RGB Micr\u00f3fono ajustable de alta definici\u00f3n Control de volumen y silenciar micr\u00f3fono Di\u00e1metro del auricular:\u2026","rel":"","context":"Entrada similar","img":{"alt_text":"","src":"https:\/\/i1.wp.com\/garrcorpcomputer.com\/wp-content\/uploads\/2021\/08\/diadema-12.png?fit=459%2C373&ssl=1&resize=350%2C200","width":350,"height":200},"classes":[]},{"id":4115,"url":"https:\/\/garrcorpcomputer.com\/index.php\/producto\/diadema-con-microfono-genius-hs-m505x\/","url_meta":{"origin":4279,"position":3},"title":"Diadema con microfono Genius Hs-m505x","date":"27 de agosto de 2021","format":false,"excerpt":"Nuevo auricular HS-M505X, que proporciona comodidad y conveniencia. Conector de 3.5mm Control de volumen Vincha y micr\u00f3fono ajustable Longitud del cable 2mt Unidades de potencia de 40mm para graves potentes Frecuancia 20Hz-20K Hz Impedancia: 32hm Micr\u00f3fono omnidireccional incluido en el cable \u00a0 \u00a0","rel":"","context":"Entrada similar","img":{"alt_text":"","src":"https:\/\/i0.wp.com\/garrcorpcomputer.com\/wp-content\/uploads\/2021\/08\/diadema1.png?fit=909%2C534&ssl=1&resize=350%2C200","width":350,"height":200},"classes":[]},{"id":4143,"url":"https:\/\/garrcorpcomputer.com\/index.php\/producto\/diadema-con-microfono-genius-hs-400a\/","url_meta":{"origin":4279,"position":4},"title":"Diadema con micr\u00f3fono Genius HS-400A","date":"27 de agosto de 2021","format":false,"excerpt":"Los HS-400A tienen un dise\u00f1o estilo graffiti y un v\u00edvido contorno verde sumamente atractivo. Los auriculares permiten disfrutar de una excelente experiencia de sonido. Audio 3.5 mm Micr\u00f3fono 3.5 mm Longitud del cable 1.8 Control de volumen en cable Respuesta de frecuencia 20Hz- 20KHz Auricular y micr\u00f3fono ajustable Impeancia 32hm\u2026","rel":"","context":"Entrada similar","img":{"alt_text":"","src":"https:\/\/i2.wp.com\/garrcorpcomputer.com\/wp-content\/uploads\/2021\/08\/diadema2.png?fit=930%2C431&ssl=1&resize=350%2C200","width":350,"height":200},"classes":[]},{"id":6014,"url":"https:\/\/garrcorpcomputer.com\/index.php\/producto\/parlante-con-microfono-bluetooth-ref-kms-6685\/","url_meta":{"origin":4279,"position":5},"title":"Parlante con micr\u00f3fono bluetooth Ref KMS-6685","date":"15 de septiembre de 2021","format":false,"excerpt":"Bluetooth 5.0 + EDR FM y lector de memorias 10W Pmpo 1.200W Alto 35 cms Bater\u00eda recargable 1.200 mAh Incluye micr\u00f3fono Luces LED Rango BT 15 mtrs","rel":"","context":"Con 1 comentario","img":{"alt_text":"","src":"https:\/\/i2.wp.com\/garrcorpcomputer.com\/wp-content\/uploads\/2021\/09\/sonido-4.png?fit=252%2C362&ssl=1&resize=350%2C200","width":350,"height":200},"classes":[]}],"jetpack_sharing_enabled":true,"_links":{"self":[{"href":"https:\/\/garrcorpcomputer.com\/index.php\/wp-json\/wp\/v2\/product\/4279"}],"collection":[{"href":"https:\/\/garrcorpcomputer.com\/index.php\/wp-json\/wp\/v2\/product"}],"about":[{"href":"https:\/\/garrcorpcomputer.com\/index.php\/wp-json\/wp\/v2\/types\/product"}],"replies":[{"embeddable":true,"href":"https:\/\/garrcorpcomputer.com\/index.php\/wp-json\/wp\/v2\/comments?post=4279"}],"version-history":[{"count":1,"href":"https:\/\/garrcorpcomputer.com\/index.php\/wp-json\/wp\/v2\/product\/4279\/revisions"}],"predecessor-version":[{"id":5923,"href":"https:\/\/garrcorpcomputer.com\/index.php\/wp-json\/wp\/v2\/product\/4279\/revisions\/5923"}],"wp:featuredmedia":[{"embeddable":true,"href":"https:\/\/garrcorpcomputer.com\/index.php\/wp-json\/wp\/v2\/media\/4280"}],"wp:attachment":[{"href":"https:\/\/garrcorpcomputer.com\/index.php\/wp-json\/wp\/v2\/media?parent=4279"}],"wp:term":[{"taxonomy":"product_cat","embeddable":true,"href":"https:\/\/garrcorpcomputer.com\/index.php\/wp-json\/wp\/v2\/product_cat?post=4279"},{"taxonomy":"product_tag","embeddable":true,"href":"https:\/\/garrcorpcomputer.com\/index.php\/wp-json\/wp\/v2\/product_tag?post=4279"}],"curies":[{"name":"wp","href":"https:\/\/api.w.org\/{rel}","templated":true}]}}