{"id":4286,"date":"2021-08-29T02:27:36","date_gmt":"2021-08-29T02:27:36","guid":{"rendered":"https:\/\/garrcorpcomputer.com\/?post_type=product&#038;p=4286"},"modified":"2021-08-29T02:27:36","modified_gmt":"2021-08-29T02:27:36","slug":"combo-gamer-alambrico-multimedia-tym-3-en-1-ctmgjr-015","status":"publish","type":"product","link":"https:\/\/garrcorpcomputer.com\/index.php\/producto\/combo-gamer-alambrico-multimedia-tym-3-en-1-ctmgjr-015\/","title":{"rendered":"Combo Gamer Alambrico Multimedia TYM 3 en 1 CTMGJR-015"},"content":{"rendered":"<ul>\n<li>MATERIAL ABS<\/li>\n<li>ILUMINACI\u00d3N. 1 FUNCION LED RAINBOW<\/li>\n<li>104 TECLAS 12 DE ELLAS MUL TIMEDIA<\/li>\n<li>SENSIBLE AL TACTO<\/li>\n<li>MOUSE HASTA 3200 DPI<\/li>\n<li>4 BOTONES<\/li>\n<li>ILUMINACI\u00d3N LED 7 COLORES<\/li>\n<\/ul>\n","protected":false},"excerpt":{"rendered":"<p>MATERIAL ABS ILUMINACI\u00d3N. 1 FUNCION LED RAINBOW 104 TECLAS 12 DE ELLAS MUL TIMEDIA SENSIBLE AL TACTO MOUSE HASTA 3200 DPI 4 BOTONES ILUMINACI\u00d3N LED 7 COLORES<\/p>\n","protected":false},"featured_media":4287,"comment_status":"closed","ping_status":"closed","template":"","meta":{"om_disable_all_campaigns":false,"_mi_skip_tracking":false,"spay_email":"","jetpack_publicize_message":"","jetpack_is_tweetstorm":false},"product_cat":[18],"product_tag":[],"jetpack_publicize_connections":[],"jetpack-related-posts":[{"id":4362,"url":"https:\/\/garrcorpcomputer.com\/index.php\/producto\/combo-gamer-3-en-1-cp-02\/","url_meta":{"origin":4286,"position":0},"title":"COMBO GAMER 3 EN 1 CP-02","date":"30 de agosto de 2021","format":false,"excerpt":"Diadema 2 plug de 3.5 mm Iluminaci\u00f3n LED multicolor Micr\u00f3fono interno en auricular Cable 2 mt Conexi\u00f3n USB plug and play","rel":"","context":"Entrada similar","img":{"alt_text":"","src":"https:\/\/i2.wp.com\/garrcorpcomputer.com\/wp-content\/uploads\/2021\/08\/COMBO-GAMER-11.png?fit=514%2C473&ssl=1&resize=350%2C200","width":350,"height":200},"classes":[]},{"id":5777,"url":"https:\/\/garrcorpcomputer.com\/index.php\/producto\/led-strip-60l-3mtr\/","url_meta":{"origin":4286,"position":1},"title":"LED strip 60L 3MTR","date":"11 de septiembre de 2021","format":false,"excerpt":"Por tiempo limitado","rel":"","context":"Con 3 comentarios","img":{"alt_text":"","src":"https:\/\/i2.wp.com\/garrcorpcomputer.com\/wp-content\/uploads\/2021\/09\/iluminacion-4.png?fit=379%2C366&ssl=1&resize=350%2C200","width":350,"height":200},"classes":[]},{"id":5783,"url":"https:\/\/garrcorpcomputer.com\/index.php\/producto\/led-strip-60l-5mtr\/","url_meta":{"origin":4286,"position":2},"title":"LED strip 60L 5MTR","date":"11 de septiembre de 2021","format":false,"excerpt":"Por tiempo limitado","rel":"","context":"Con 2 comentarios","img":{"alt_text":"","src":"https:\/\/i2.wp.com\/garrcorpcomputer.com\/wp-content\/uploads\/2021\/09\/iluminacion-4.png?fit=379%2C366&ssl=1&resize=350%2C200","width":350,"height":200},"classes":[]},{"id":5771,"url":"https:\/\/garrcorpcomputer.com\/index.php\/producto\/led-strip-30l-3mtr\/","url_meta":{"origin":4286,"position":3},"title":"LED strip 30L 3MTR","date":"11 de septiembre de 2021","format":false,"excerpt":"Resistente al agua Por tiempo limitado","rel":"","context":"Con 2 comentarios","img":{"alt_text":"","src":"https:\/\/i1.wp.com\/garrcorpcomputer.com\/wp-content\/uploads\/2021\/09\/iluminacion-3.png?fit=281%2C273&ssl=1&resize=350%2C200","width":350,"height":200},"classes":[]},{"id":4417,"url":"https:\/\/garrcorpcomputer.com\/index.php\/producto\/diadema-gamer-led-consmo-gh-217\/","url_meta":{"origin":4286,"position":4},"title":"DIADEMA GAMER LED CONSMO GH-217","date":"30 de agosto de 2021","format":false,"excerpt":"Interfaz de 3.5 mm de 2 plug para audio y micr\u00f3fono Interfaz USB para energ\u00eda Iluminaci\u00f3n LED multicolor Micr\u00f3fono y control de volumen en auricular Banda ajustable Cable encauchetado de 2 mt conexi\u00f3n USB plug and play","rel":"","context":"Entrada similar","img":{"alt_text":"","src":"https:\/\/i1.wp.com\/garrcorpcomputer.com\/wp-content\/uploads\/2021\/08\/diadema-27.png?fit=322%2C471&ssl=1&resize=350%2C200","width":350,"height":200},"classes":[]},{"id":4359,"url":"https:\/\/garrcorpcomputer.com\/index.php\/producto\/combo-teclado-y-mouse-usb-gaming-retroiluminado-gk100\/","url_meta":{"origin":4286,"position":5},"title":"COMBO TECLADO Y MOUSE USB GAMING RETROILUMINADO GK100","date":"30 de agosto de 2021","format":false,"excerpt":"MOUSE ILUMINACI\u00d3N LED MULTICOLOR 2 BOTONES + SCROLL 1000 DPI CABLE 1.5 mt CONEXI\u00d3N USB PLUG AND PLAY","rel":"","context":"Entrada similar","img":{"alt_text":"","src":"https:\/\/i1.wp.com\/garrcorpcomputer.com\/wp-content\/uploads\/2021\/08\/TECLADO-7-1.png?fit=782%2C219&ssl=1&resize=350%2C200","width":350,"height":200},"classes":[]}],"jetpack_sharing_enabled":true,"_links":{"self":[{"href":"https:\/\/garrcorpcomputer.com\/index.php\/wp-json\/wp\/v2\/product\/4286"}],"collection":[{"href":"https:\/\/garrcorpcomputer.com\/index.php\/wp-json\/wp\/v2\/product"}],"about":[{"href":"https:\/\/garrcorpcomputer.com\/index.php\/wp-json\/wp\/v2\/types\/product"}],"replies":[{"embeddable":true,"href":"https:\/\/garrcorpcomputer.com\/index.php\/wp-json\/wp\/v2\/comments?post=4286"}],"version-history":[{"count":0,"href":"https:\/\/garrcorpcomputer.com\/index.php\/wp-json\/wp\/v2\/product\/4286\/revisions"}],"wp:featuredmedia":[{"embeddable":true,"href":"https:\/\/garrcorpcomputer.com\/index.php\/wp-json\/wp\/v2\/media\/4287"}],"wp:attachment":[{"href":"https:\/\/garrcorpcomputer.com\/index.php\/wp-json\/wp\/v2\/media?parent=4286"}],"wp:term":[{"taxonomy":"product_cat","embeddable":true,"href":"https:\/\/garrcorpcomputer.com\/index.php\/wp-json\/wp\/v2\/product_cat?post=4286"},{"taxonomy":"product_tag","embeddable":true,"href":"https:\/\/garrcorpcomputer.com\/index.php\/wp-json\/wp\/v2\/product_tag?post=4286"}],"curies":[{"name":"wp","href":"https:\/\/api.w.org\/{rel}","templated":true}]}}