{"id":4289,"date":"2021-08-29T02:34:31","date_gmt":"2021-08-29T02:34:31","guid":{"rendered":"https:\/\/garrcorpcomputer.com\/?post_type=product&#038;p=4289"},"modified":"2021-08-29T02:42:36","modified_gmt":"2021-08-29T02:42:36","slug":"combo-gamer-mouse-teclado-y-diadema-ctmgjr-012","status":"publish","type":"product","link":"https:\/\/garrcorpcomputer.com\/index.php\/producto\/combo-gamer-mouse-teclado-y-diadema-ctmgjr-012\/","title":{"rendered":"Combo Gamer Mouse, Teclado y Diadema CTMGJR-012"},"content":{"rendered":"<ul>\n<li>ILUMINACION LED<\/li>\n<li>BASE MET\u00c1LICA<\/li>\n<li>12 TECLAS MUITIMEDIA<\/li>\n<li>REPOSA MU\u00d1ECAS<\/li>\n<li>MOUSE 6D<\/li>\n<li>6 BOTONES<\/li>\n<li>DPI AJUSTABLE (800 &#8211; 2400)<\/li>\n<li>DIADEMA CON MICR\u00d3FONO RETROILUMINADA<\/li>\n<li>ALTA CALIDAD DE AUDIO<\/li>\n<li>CABLE SUPER LARGO Y BLINDADO<\/li>\n<li>BANDA DE AJUSTE A PRESI\u00d3N<\/li>\n<\/ul>\n","protected":false},"excerpt":{"rendered":"<p>ILUMINACION LED BASE MET\u00c1LICA 12 TECLAS MUITIMEDIA REPOSA MU\u00d1ECAS MOUSE 6D 6 BOTONES DPI AJUSTABLE (800 &#8211; 2400) DIADEMA CON MICR\u00d3FONO RETROILUMINADA ALTA CALIDAD DE AUDIO CABLE SUPER LARGO Y BLINDADO BANDA DE AJUSTE A PRESI\u00d3N<\/p>\n","protected":false},"featured_media":4290,"comment_status":"closed","ping_status":"closed","template":"","meta":{"om_disable_all_campaigns":false,"_mi_skip_tracking":false,"spay_email":"","jetpack_publicize_message":"","jetpack_is_tweetstorm":false},"product_cat":[34,75],"product_tag":[],"jetpack_publicize_connections":[],"jetpack-related-posts":[{"id":4362,"url":"https:\/\/garrcorpcomputer.com\/index.php\/producto\/combo-gamer-3-en-1-cp-02\/","url_meta":{"origin":4289,"position":0},"title":"COMBO GAMER 3 EN 1 CP-02","date":"30 de agosto de 2021","format":false,"excerpt":"Diadema 2 plug de 3.5 mm Iluminaci\u00f3n LED multicolor Micr\u00f3fono interno en auricular Cable 2 mt Conexi\u00f3n USB plug and play","rel":"","context":"Entrada similar","img":{"alt_text":"","src":"https:\/\/i2.wp.com\/garrcorpcomputer.com\/wp-content\/uploads\/2021\/08\/COMBO-GAMER-11.png?fit=514%2C473&ssl=1&resize=350%2C200","width":350,"height":200},"classes":[]},{"id":4292,"url":"https:\/\/garrcorpcomputer.com\/index.php\/producto\/combo-gamer-4-en-1-teclado-pad-mouse-mouse-y-altavoces-jrgb-jr-ctmgjr-013\/","url_meta":{"origin":4289,"position":1},"title":"Combo Gamer 4 en 1 (Teclado, Pad Mouse, Mouse y altavoces JRGB J&#038;R CTMGJR-013","date":"29 de agosto de 2021","format":false,"excerpt":"11 TECLAS MULTIMEDIA MOUSE 7D 7BOTONES DPI AJUSTABLE (800 - 4800) MOUSE PAD PROFESIONAL ALTAVOCES USB CON EXCELENTE CALIDAD DE SONIDO E ILUMINACI\u00d3N","rel":"","context":"Entrada similar","img":{"alt_text":"","src":"https:\/\/i1.wp.com\/garrcorpcomputer.com\/wp-content\/uploads\/2021\/08\/combo-gamer-3.png?fit=582%2C393&ssl=1&resize=350%2C200","width":350,"height":200},"classes":[]},{"id":4323,"url":"https:\/\/garrcorpcomputer.com\/index.php\/producto\/combo-gamer-inalambrico-classic-ctmgjr-009-jtc00068\/","url_meta":{"origin":4289,"position":2},"title":"COMBO GAMER INALAMBRICO CLASSIC CTMGJR-009 JTC00068","date":"30 de agosto de 2021","format":false,"excerpt":"COMBO GAMER INALAMBRICO 2 EN 1. TECLADO Y MOUSE CONEXION 24 GHZ FUNCIONAMIENTO HASTA 10M DE DISTANCIA (SIN OBST\u00c1CULOS) MOUSE 6D (6 BOTONES) SCROLL\u00a0 DENTADO DPI AJUSTABLE 800-1200-1600.","rel":"","context":"Entrada similar","img":{"alt_text":"","src":"https:\/\/i2.wp.com\/garrcorpcomputer.com\/wp-content\/uploads\/2021\/08\/COMBO-GAMER-5.png?fit=736%2C429&ssl=1&resize=350%2C200","width":350,"height":200},"classes":[]},{"id":4371,"url":"https:\/\/garrcorpcomputer.com\/index.php\/producto\/teclado-y-mouse-inalambrico-ws630\/","url_meta":{"origin":4289,"position":3},"title":"TECLADO Y MOUSE INAL\u00c1MBRICO WS630","date":"30 de agosto de 2021","format":false,"excerpt":"Teclado en espa\u00f1ol Conexi\u00f3n inal\u00e1mbrica 2.4 Ghz Teclado tipo mec\u00e1nico 108 teclas alfa num\u00e9ricas con impresi\u00f3n l\u00e1ser 1 bater\u00eda AA MOUSE Mouse de 1000 DPI Conexi\u00f3n inal\u00e1mbrica 2.4 Ghz 3 botones + scroll Alcance 10 mt 2 bater\u00edas \u00a0AAA","rel":"","context":"Entrada similar","img":{"alt_text":"","src":"https:\/\/i1.wp.com\/garrcorpcomputer.com\/wp-content\/uploads\/2021\/08\/combo-teclado-y-mouse-2.png?fit=752%2C213&ssl=1&resize=350%2C200","width":350,"height":200},"classes":[]},{"id":4349,"url":"https:\/\/garrcorpcomputer.com\/index.php\/producto\/combo-teclado-y-mouse-usb-g10\/","url_meta":{"origin":4289,"position":4},"title":"COMBO TECLADO Y MOUSE USB G10","date":"30 de agosto de 2021","format":false,"excerpt":"MOUSE 2 BOTONES + SCROLL LECTOR \u00d3PTICO 1000 DPI TECLADO EN ESPA\u00d1OL 108 TECLAS CON IMPRESI\u00d3N L\u00c1SER CONEXI\u00d3N USB PLUG AND PLAY","rel":"","context":"Entrada similar","img":{"alt_text":"","src":"https:\/\/i1.wp.com\/garrcorpcomputer.com\/wp-content\/uploads\/2021\/08\/TECLADO-4-2.png?fit=756%2C282&ssl=1&resize=350%2C200","width":350,"height":200},"classes":[]},{"id":4352,"url":"https:\/\/garrcorpcomputer.com\/index.php\/producto\/combo-teclado-y-mouse-alambrico-g17\/","url_meta":{"origin":4289,"position":5},"title":"COMBO TECLADO Y MOUSE AL\u00c1MBRICO G17","date":"30 de agosto de 2021","format":false,"excerpt":"MOUSE 2 BOTONES + SCROLL LECTOR \u00d3PTICO 1000 DPI TECLADO EN ESAP\u00d1OL 108 TECLAS CON IMPRESI\u00d3N L\u00c1SER CONEXI\u00d3N USB PLUG AND PLAY","rel":"","context":"Entrada similar","img":{"alt_text":"","src":"https:\/\/i1.wp.com\/garrcorpcomputer.com\/wp-content\/uploads\/2021\/08\/TECLADO-5-2.png?fit=651%2C237&ssl=1&resize=350%2C200","width":350,"height":200},"classes":[]}],"jetpack_sharing_enabled":true,"_links":{"self":[{"href":"https:\/\/garrcorpcomputer.com\/index.php\/wp-json\/wp\/v2\/product\/4289"}],"collection":[{"href":"https:\/\/garrcorpcomputer.com\/index.php\/wp-json\/wp\/v2\/product"}],"about":[{"href":"https:\/\/garrcorpcomputer.com\/index.php\/wp-json\/wp\/v2\/types\/product"}],"replies":[{"embeddable":true,"href":"https:\/\/garrcorpcomputer.com\/index.php\/wp-json\/wp\/v2\/comments?post=4289"}],"version-history":[{"count":0,"href":"https:\/\/garrcorpcomputer.com\/index.php\/wp-json\/wp\/v2\/product\/4289\/revisions"}],"wp:featuredmedia":[{"embeddable":true,"href":"https:\/\/garrcorpcomputer.com\/index.php\/wp-json\/wp\/v2\/media\/4290"}],"wp:attachment":[{"href":"https:\/\/garrcorpcomputer.com\/index.php\/wp-json\/wp\/v2\/media?parent=4289"}],"wp:term":[{"taxonomy":"product_cat","embeddable":true,"href":"https:\/\/garrcorpcomputer.com\/index.php\/wp-json\/wp\/v2\/product_cat?post=4289"},{"taxonomy":"product_tag","embeddable":true,"href":"https:\/\/garrcorpcomputer.com\/index.php\/wp-json\/wp\/v2\/product_tag?post=4289"}],"curies":[{"name":"wp","href":"https:\/\/api.w.org\/{rel}","templated":true}]}}