{"id":4292,"date":"2021-08-29T02:40:28","date_gmt":"2021-08-29T02:40:28","guid":{"rendered":"https:\/\/garrcorpcomputer.com\/?post_type=product&#038;p=4292"},"modified":"2021-08-29T02:40:29","modified_gmt":"2021-08-29T02:40:29","slug":"combo-gamer-4-en-1-teclado-pad-mouse-mouse-y-altavoces-jrgb-jr-ctmgjr-013","status":"publish","type":"product","link":"https:\/\/garrcorpcomputer.com\/index.php\/producto\/combo-gamer-4-en-1-teclado-pad-mouse-mouse-y-altavoces-jrgb-jr-ctmgjr-013\/","title":{"rendered":"Combo Gamer 4 en 1 (Teclado, Pad Mouse, Mouse y altavoces JRGB J&#038;R CTMGJR-013"},"content":{"rendered":"<ul>\n<li>11 TECLAS MULTIMEDIA<\/li>\n<li>MOUSE 7D<\/li>\n<li>7BOTONES<\/li>\n<li>DPI AJUSTABLE (800 &#8211; 4800)<\/li>\n<li>MOUSE PAD PROFESIONAL<\/li>\n<li>ALTAVOCES USB CON EXCELENTE CALIDAD DE SONIDO E ILUMINACI\u00d3N<\/li>\n<\/ul>\n","protected":false},"excerpt":{"rendered":"<p>11 TECLAS MULTIMEDIA MOUSE 7D 7BOTONES DPI AJUSTABLE (800 &#8211; 4800) MOUSE PAD PROFESIONAL ALTAVOCES USB CON EXCELENTE CALIDAD DE SONIDO E ILUMINACI\u00d3N<\/p>\n","protected":false},"featured_media":4293,"comment_status":"closed","ping_status":"closed","template":"","meta":{"om_disable_all_campaigns":false,"_mi_skip_tracking":false,"spay_email":"","jetpack_publicize_message":"","jetpack_is_tweetstorm":false},"product_cat":[34,75],"product_tag":[],"jetpack_publicize_connections":[],"jetpack-related-posts":[{"id":4336,"url":"https:\/\/garrcorpcomputer.com\/index.php\/producto\/combo-mouse-pad-gamer-tech-gtx7c-ref-10954\/","url_meta":{"origin":4292,"position":0},"title":"Combo Mouse Pad Gamer TECH GTX7C REF 10954","date":"30 de agosto de 2021","format":false,"excerpt":"Mouse para juegos 7d IC: 601 DPI: 800 \/ 1600 \/ 2000 \/ 2400 DPI, 7 respiraci\u00f3n de deslumbramiento de color Longitud del cable: 1,5 mts Vida \u00fatil: 3 millones de veces Tensi\u00f3n nominal: 5V Corrientes nominal: 100ma Pad mouse Tama\u00f1o: 287x244x2 mm La estructura de telara\u00f1a de alta densidad\u2026","rel":"","context":"Entrada similar","img":{"alt_text":"","src":"https:\/\/i2.wp.com\/garrcorpcomputer.com\/wp-content\/uploads\/2021\/08\/COMBO-GAMER-9-1.png?fit=491%2C532&ssl=1&resize=350%2C200","width":350,"height":200},"classes":[]},{"id":4371,"url":"https:\/\/garrcorpcomputer.com\/index.php\/producto\/teclado-y-mouse-inalambrico-ws630\/","url_meta":{"origin":4292,"position":1},"title":"TECLADO Y MOUSE INAL\u00c1MBRICO WS630","date":"30 de agosto de 2021","format":false,"excerpt":"Teclado en espa\u00f1ol Conexi\u00f3n inal\u00e1mbrica 2.4 Ghz Teclado tipo mec\u00e1nico 108 teclas alfa num\u00e9ricas con impresi\u00f3n l\u00e1ser 1 bater\u00eda AA MOUSE Mouse de 1000 DPI Conexi\u00f3n inal\u00e1mbrica 2.4 Ghz 3 botones + scroll Alcance 10 mt 2 bater\u00edas \u00a0AAA","rel":"","context":"Entrada similar","img":{"alt_text":"","src":"https:\/\/i1.wp.com\/garrcorpcomputer.com\/wp-content\/uploads\/2021\/08\/combo-teclado-y-mouse-2.png?fit=752%2C213&ssl=1&resize=350%2C200","width":350,"height":200},"classes":[]},{"id":4349,"url":"https:\/\/garrcorpcomputer.com\/index.php\/producto\/combo-teclado-y-mouse-usb-g10\/","url_meta":{"origin":4292,"position":2},"title":"COMBO TECLADO Y MOUSE USB G10","date":"30 de agosto de 2021","format":false,"excerpt":"MOUSE 2 BOTONES + SCROLL LECTOR \u00d3PTICO 1000 DPI TECLADO EN ESPA\u00d1OL 108 TECLAS CON IMPRESI\u00d3N L\u00c1SER CONEXI\u00d3N USB PLUG AND PLAY","rel":"","context":"Entrada similar","img":{"alt_text":"","src":"https:\/\/i1.wp.com\/garrcorpcomputer.com\/wp-content\/uploads\/2021\/08\/TECLADO-4-2.png?fit=756%2C282&ssl=1&resize=350%2C200","width":350,"height":200},"classes":[]},{"id":4352,"url":"https:\/\/garrcorpcomputer.com\/index.php\/producto\/combo-teclado-y-mouse-alambrico-g17\/","url_meta":{"origin":4292,"position":3},"title":"COMBO TECLADO Y MOUSE AL\u00c1MBRICO G17","date":"30 de agosto de 2021","format":false,"excerpt":"MOUSE 2 BOTONES + SCROLL LECTOR \u00d3PTICO 1000 DPI TECLADO EN ESAP\u00d1OL 108 TECLAS CON IMPRESI\u00d3N L\u00c1SER CONEXI\u00d3N USB PLUG AND PLAY","rel":"","context":"Entrada similar","img":{"alt_text":"","src":"https:\/\/i1.wp.com\/garrcorpcomputer.com\/wp-content\/uploads\/2021\/08\/TECLADO-5-2.png?fit=651%2C237&ssl=1&resize=350%2C200","width":350,"height":200},"classes":[]},{"id":5755,"url":"https:\/\/garrcorpcomputer.com\/index.php\/producto\/combo-usb-teclado-y-mouse-gamer-t-gt680c\/","url_meta":{"origin":4292,"position":4},"title":"Combo USB Teclado y mouse Gamer T GT680c","date":"10 de septiembre de 2021","format":false,"excerpt":"Combo teclado y mouse gamer Cambio de luces ON\/OFF Cable USB alta calidad con filtro Mouse retoiluminado 105 teclas 12 teclas de acceso directo a multimedia Teclado RGB","rel":"","context":"Entrada similar","img":{"alt_text":"","src":"https:\/\/i0.wp.com\/garrcorpcomputer.com\/wp-content\/uploads\/2021\/09\/combo-gamer-12.png?fit=430%2C238&ssl=1&resize=350%2C200","width":350,"height":200},"classes":[]},{"id":4368,"url":"https:\/\/garrcorpcomputer.com\/index.php\/producto\/combo-teclado-y-mouse-inalambrico-ws880\/","url_meta":{"origin":4292,"position":5},"title":"COMBO TECLADO Y MOUSE INAL\u00c1MBRICO WS880","date":"30 de agosto de 2021","format":false,"excerpt":"Teclado en espa\u00f1ol Conexi\u00f3n inal\u00e1mbrico 2.4 Ghz 108 teclas alfa num\u00e9ricas 10 teclas multimedia 1 bater\u00eda AA Mouse de 1000 DPI Conexi\u00f3n inal\u00e1mbrica 2.4 Ghz 3 botones + scroll 1 bot\u00f3n de encendido 2 bater\u00edas AAA","rel":"","context":"Entrada similar","img":{"alt_text":"","src":"https:\/\/i2.wp.com\/garrcorpcomputer.com\/wp-content\/uploads\/2021\/08\/combo-teclado-y-mouse-1.png?fit=772%2C220&ssl=1&resize=350%2C200","width":350,"height":200},"classes":[]}],"jetpack_sharing_enabled":true,"_links":{"self":[{"href":"https:\/\/garrcorpcomputer.com\/index.php\/wp-json\/wp\/v2\/product\/4292"}],"collection":[{"href":"https:\/\/garrcorpcomputer.com\/index.php\/wp-json\/wp\/v2\/product"}],"about":[{"href":"https:\/\/garrcorpcomputer.com\/index.php\/wp-json\/wp\/v2\/types\/product"}],"replies":[{"embeddable":true,"href":"https:\/\/garrcorpcomputer.com\/index.php\/wp-json\/wp\/v2\/comments?post=4292"}],"version-history":[{"count":0,"href":"https:\/\/garrcorpcomputer.com\/index.php\/wp-json\/wp\/v2\/product\/4292\/revisions"}],"wp:featuredmedia":[{"embeddable":true,"href":"https:\/\/garrcorpcomputer.com\/index.php\/wp-json\/wp\/v2\/media\/4293"}],"wp:attachment":[{"href":"https:\/\/garrcorpcomputer.com\/index.php\/wp-json\/wp\/v2\/media?parent=4292"}],"wp:term":[{"taxonomy":"product_cat","embeddable":true,"href":"https:\/\/garrcorpcomputer.com\/index.php\/wp-json\/wp\/v2\/product_cat?post=4292"},{"taxonomy":"product_tag","embeddable":true,"href":"https:\/\/garrcorpcomputer.com\/index.php\/wp-json\/wp\/v2\/product_tag?post=4292"}],"curies":[{"name":"wp","href":"https:\/\/api.w.org\/{rel}","templated":true}]}}