{"id":4320,"date":"2021-08-30T13:00:15","date_gmt":"2021-08-30T18:00:15","guid":{"rendered":"https:\/\/garrcorpcomputer.com\/?post_type=product&#038;p=4320"},"modified":"2021-08-30T13:00:15","modified_gmt":"2021-08-30T18:00:15","slug":"combo-gamer-multimedia-3-en-1-led-ctmgjr-014","status":"publish","type":"product","link":"https:\/\/garrcorpcomputer.com\/index.php\/producto\/combo-gamer-multimedia-3-en-1-led-ctmgjr-014\/","title":{"rendered":"COMBO GAMER MULTIMEDIA 3 EN 1 LED CTMGJR-014"},"content":{"rendered":"<ul>\n<li>MOUSE GAMER<\/li>\n<li>6 BOTONES<\/li>\n<li>SCROLL DENTADO<\/li>\n<li>CLICK CONFORTABLE<\/li>\n<li>CABLE ACORDONADO<\/li>\n<li>800-1600-2000 DPI<\/li>\n<li>PLUG 3.5 MM + USB<\/li>\n<li>MICROFONO DE BRAZO AJUSTABLE<\/li>\n<\/ul>\n","protected":false},"excerpt":{"rendered":"<p>MOUSE GAMER 6 BOTONES SCROLL DENTADO CLICK CONFORTABLE CABLE ACORDONADO 800-1600-2000 DPI PLUG 3.5 MM + USB MICROFONO DE BRAZO AJUSTABLE<\/p>\n","protected":false},"featured_media":4321,"comment_status":"closed","ping_status":"closed","template":"","meta":{"om_disable_all_campaigns":false,"_mi_skip_tracking":false,"spay_email":"","jetpack_publicize_message":"","jetpack_is_tweetstorm":false},"product_cat":[34,75],"product_tag":[],"jetpack_publicize_connections":[],"jetpack-related-posts":[{"id":718,"url":"https:\/\/garrcorpcomputer.com\/index.php\/producto\/mouse-gamer-jx7-version-2-0-led-gamer-7d-mgjr-042\/","url_meta":{"origin":4320,"position":0},"title":"MOUSE GAMER JX7 VERSION 2.0 LED GAMER 7D MGJR-042","date":"12 de agosto de 2021","format":false,"excerpt":"","rel":"","context":"Entrada similar","img":{"alt_text":"","src":"https:\/\/i2.wp.com\/garrcorpcomputer.com\/wp-content\/uploads\/2021\/08\/Mouse-1009.png?fit=533%2C443&ssl=1&resize=350%2C200","width":350,"height":200},"classes":[]},{"id":5741,"url":"https:\/\/garrcorpcomputer.com\/index.php\/producto\/teclado-usb-gamer-tech-gt816t\/","url_meta":{"origin":4320,"position":1},"title":"Teclado USB Gamer Tech GT816T","date":"10 de septiembre de 2021","format":false,"excerpt":"Teclado gamer eco Cable USB alta calidad 105 tecla Dise\u00f1o ligero \u00a0Teclas azules gamer para mayor durabilidad","rel":"","context":"Entrada similar","img":{"alt_text":"","src":"https:\/\/i2.wp.com\/garrcorpcomputer.com\/wp-content\/uploads\/2021\/09\/teclado-gamer-1.png?fit=392%2C223&ssl=1&resize=350%2C200","width":350,"height":200},"classes":[]},{"id":721,"url":"https:\/\/garrcorpcomputer.com\/index.php\/producto\/mouse-gamer-n3-ref-0113196\/","url_meta":{"origin":4320,"position":2},"title":"MOUSE GAMER N3 REF 0113196","date":"12 de agosto de 2021","format":false,"excerpt":"Al\u00e1mbrico Retroiluminaci\u00f3n Led","rel":"","context":"Entrada similar","img":{"alt_text":"","src":"https:\/\/i0.wp.com\/garrcorpcomputer.com\/wp-content\/uploads\/2021\/08\/Mouse-1014.png?fit=531%2C524&ssl=1&resize=350%2C200","width":350,"height":200},"classes":[]},{"id":4260,"url":"https:\/\/garrcorpcomputer.com\/index.php\/producto\/mouse-gamer-tech-usb-gt9\/","url_meta":{"origin":4320,"position":3},"title":"Mouse Gamer Tech USB GT9","date":"29 de agosto de 2021","format":false,"excerpt":"6 botones 3200 DPI","rel":"","context":"Entrada similar","img":{"alt_text":"","src":"https:\/\/i2.wp.com\/garrcorpcomputer.com\/wp-content\/uploads\/2021\/08\/mouse-8.png?fit=579%2C492&ssl=1&resize=350%2C200","width":350,"height":200},"classes":[]},{"id":5902,"url":"https:\/\/garrcorpcomputer.com\/index.php\/producto\/diadema-usb-gamer-tech-kx15\/","url_meta":{"origin":4320,"position":4},"title":"Diadema USB Gamer Tech KX15","date":"13 de septiembre de 2021","format":false,"excerpt":"Diadema gamer para PS4 USB para LED \/ Luz LED fija 1 plug 3.5 mm para ps4 Micr\u00f3fono fijo alta definici\u00f3n Control de volumen Super bass Dise\u00f1o ergon\u00f3mico Multiplataforma","rel":"","context":"Con 2 comentarios","img":{"alt_text":"","src":"https:\/\/i0.wp.com\/garrcorpcomputer.com\/wp-content\/uploads\/2021\/09\/diadema-gamer-4.png?fit=340%2C414&ssl=1&resize=350%2C200","width":350,"height":200},"classes":[]},{"id":5755,"url":"https:\/\/garrcorpcomputer.com\/index.php\/producto\/combo-usb-teclado-y-mouse-gamer-t-gt680c\/","url_meta":{"origin":4320,"position":5},"title":"Combo USB Teclado y mouse Gamer T GT680c","date":"10 de septiembre de 2021","format":false,"excerpt":"Combo teclado y mouse gamer Cambio de luces ON\/OFF Cable USB alta calidad con filtro Mouse retoiluminado 105 teclas 12 teclas de acceso directo a multimedia Teclado RGB","rel":"","context":"Entrada similar","img":{"alt_text":"","src":"https:\/\/i0.wp.com\/garrcorpcomputer.com\/wp-content\/uploads\/2021\/09\/combo-gamer-12.png?fit=430%2C238&ssl=1&resize=350%2C200","width":350,"height":200},"classes":[]}],"jetpack_sharing_enabled":true,"_links":{"self":[{"href":"https:\/\/garrcorpcomputer.com\/index.php\/wp-json\/wp\/v2\/product\/4320"}],"collection":[{"href":"https:\/\/garrcorpcomputer.com\/index.php\/wp-json\/wp\/v2\/product"}],"about":[{"href":"https:\/\/garrcorpcomputer.com\/index.php\/wp-json\/wp\/v2\/types\/product"}],"replies":[{"embeddable":true,"href":"https:\/\/garrcorpcomputer.com\/index.php\/wp-json\/wp\/v2\/comments?post=4320"}],"version-history":[{"count":0,"href":"https:\/\/garrcorpcomputer.com\/index.php\/wp-json\/wp\/v2\/product\/4320\/revisions"}],"wp:featuredmedia":[{"embeddable":true,"href":"https:\/\/garrcorpcomputer.com\/index.php\/wp-json\/wp\/v2\/media\/4321"}],"wp:attachment":[{"href":"https:\/\/garrcorpcomputer.com\/index.php\/wp-json\/wp\/v2\/media?parent=4320"}],"wp:term":[{"taxonomy":"product_cat","embeddable":true,"href":"https:\/\/garrcorpcomputer.com\/index.php\/wp-json\/wp\/v2\/product_cat?post=4320"},{"taxonomy":"product_tag","embeddable":true,"href":"https:\/\/garrcorpcomputer.com\/index.php\/wp-json\/wp\/v2\/product_tag?post=4320"}],"curies":[{"name":"wp","href":"https:\/\/api.w.org\/{rel}","templated":true}]}}