{"id":4326,"date":"2021-08-30T13:11:25","date_gmt":"2021-08-30T18:11:25","guid":{"rendered":"https:\/\/garrcorpcomputer.com\/?post_type=product&#038;p=4326"},"modified":"2021-09-10T22:04:06","modified_gmt":"2021-09-11T03:04:06","slug":"combo-teclado-y-mouse-gamer-alambrico-t-gt300c-ref-10907","status":"publish","type":"product","link":"https:\/\/garrcorpcomputer.com\/index.php\/producto\/combo-teclado-y-mouse-gamer-alambrico-t-gt300c-ref-10907\/","title":{"rendered":"COMBO TECLADO Y MOUSE GAMER ALAMBRICO T. GT300C REF 10907 cos"},"content":{"rendered":"<ul>\n<li>Combo teclado y mouse gamer<\/li>\n<li>Cambio de luces ON\/OFF<\/li>\n<li>Cable USB alta calidad con filtro<\/li>\n<li>Mouse 7 botones retoiluminado<\/li>\n<li>Hasta 3200 DPI<\/li>\n<li>105 teclas<\/li>\n<li>12 teclas de acceso directo a\u00a0multimedia<\/li>\n<li>Teclado RGB<\/li>\n<\/ul>\n","protected":false},"excerpt":{"rendered":"<p>Combo teclado y mouse gamer Cambio de luces ON\/OFF Cable USB alta calidad con filtro Mouse 7 botones retoiluminado Hasta 3200 DPI 105 teclas 12 teclas de acceso directo a\u00a0multimedia Teclado RGB<\/p>\n","protected":false},"featured_media":4327,"comment_status":"closed","ping_status":"closed","template":"","meta":{"om_disable_all_campaigns":false,"_mi_skip_tracking":false,"spay_email":"","jetpack_publicize_message":"","jetpack_is_tweetstorm":false},"product_cat":[343,328,75],"product_tag":[],"jetpack_publicize_connections":[],"jetpack-related-posts":[{"id":5755,"url":"https:\/\/garrcorpcomputer.com\/index.php\/producto\/combo-usb-teclado-y-mouse-gamer-t-gt680c\/","url_meta":{"origin":4326,"position":0},"title":"Combo USB Teclado y mouse Gamer T GT680c","date":"10 de septiembre de 2021","format":false,"excerpt":"Combo teclado y mouse gamer Cambio de luces ON\/OFF Cable USB alta calidad con filtro Mouse retoiluminado 105 teclas 12 teclas de acceso directo a multimedia Teclado RGB","rel":"","context":"Entrada similar","img":{"alt_text":"","src":"https:\/\/i0.wp.com\/garrcorpcomputer.com\/wp-content\/uploads\/2021\/09\/combo-gamer-12.png?fit=430%2C238&ssl=1&resize=350%2C200","width":350,"height":200},"classes":[]},{"id":4292,"url":"https:\/\/garrcorpcomputer.com\/index.php\/producto\/combo-gamer-4-en-1-teclado-pad-mouse-mouse-y-altavoces-jrgb-jr-ctmgjr-013\/","url_meta":{"origin":4326,"position":1},"title":"Combo Gamer 4 en 1 (Teclado, Pad Mouse, Mouse y altavoces JRGB J&#038;R CTMGJR-013","date":"29 de agosto de 2021","format":false,"excerpt":"11 TECLAS MULTIMEDIA MOUSE 7D 7BOTONES DPI AJUSTABLE (800 - 4800) MOUSE PAD PROFESIONAL ALTAVOCES USB CON EXCELENTE CALIDAD DE SONIDO E ILUMINACI\u00d3N","rel":"","context":"Entrada similar","img":{"alt_text":"","src":"https:\/\/i1.wp.com\/garrcorpcomputer.com\/wp-content\/uploads\/2021\/08\/combo-gamer-3.png?fit=582%2C393&ssl=1&resize=350%2C200","width":350,"height":200},"classes":[]},{"id":4289,"url":"https:\/\/garrcorpcomputer.com\/index.php\/producto\/combo-gamer-mouse-teclado-y-diadema-ctmgjr-012\/","url_meta":{"origin":4326,"position":2},"title":"Combo Gamer Mouse, Teclado y Diadema CTMGJR-012","date":"29 de agosto de 2021","format":false,"excerpt":"ILUMINACION LED BASE MET\u00c1LICA 12 TECLAS MUITIMEDIA REPOSA MU\u00d1ECAS MOUSE 6D 6 BOTONES DPI AJUSTABLE (800 - 2400) DIADEMA CON MICR\u00d3FONO RETROILUMINADA ALTA CALIDAD DE AUDIO CABLE SUPER LARGO Y BLINDADO BANDA DE AJUSTE A PRESI\u00d3N","rel":"","context":"Entrada similar","img":{"alt_text":"","src":"https:\/\/i0.wp.com\/garrcorpcomputer.com\/wp-content\/uploads\/2021\/08\/combo-gamer-2.png?fit=578%2C522&ssl=1&resize=350%2C200","width":350,"height":200},"classes":[]},{"id":4283,"url":"https:\/\/garrcorpcomputer.com\/index.php\/producto\/combo-gamer-metalico-alambrico-multimedia-ctmgjr-011\/","url_meta":{"origin":4326,"position":3},"title":"Combo Gamer Met\u00e1lico Alambrico Multimedia CTMGJR-011","date":"29 de agosto de 2021","format":false,"excerpt":"Teclado met\u00e1lico Teclas flotantes retroiluminadas 104 teclas 12 de ellas multimedia 3 colores Led Teclado latinoamericano Impresi\u00f3n l\u00e1ser sensible al tacto Mouse hasta 3200 DPI 6 botones","rel":"","context":"Entrada similar","img":{"alt_text":"","src":"https:\/\/i1.wp.com\/garrcorpcomputer.com\/wp-content\/uploads\/2021\/08\/combo-gamer.png?fit=543%2C242&ssl=1&resize=350%2C200","width":350,"height":200},"classes":[]},{"id":4329,"url":"https:\/\/garrcorpcomputer.com\/index.php\/producto\/combo-4-en-1-gamer-alambrico-gt2c-ref-11011\/","url_meta":{"origin":4326,"position":4},"title":"COMBO 4 EN 1 GAMER ALAMBRICO GT2C REF 11011","date":"30 de agosto de 2021","format":false,"excerpt":"TECLADO EN ESPA\u00d1OL 105 TECLAS TECLADO SILENCIOSO SONIDO DE ALTA FIDELIDAD","rel":"","context":"Entrada similar","img":{"alt_text":"","src":"https:\/\/i2.wp.com\/garrcorpcomputer.com\/wp-content\/uploads\/2021\/08\/COMBO-GAMER-7.png?fit=701%2C592&ssl=1&resize=350%2C200","width":350,"height":200},"classes":[]},{"id":4349,"url":"https:\/\/garrcorpcomputer.com\/index.php\/producto\/combo-teclado-y-mouse-usb-g10\/","url_meta":{"origin":4326,"position":5},"title":"COMBO TECLADO Y MOUSE USB G10","date":"30 de agosto de 2021","format":false,"excerpt":"MOUSE 2 BOTONES + SCROLL LECTOR \u00d3PTICO 1000 DPI TECLADO EN ESPA\u00d1OL 108 TECLAS CON IMPRESI\u00d3N L\u00c1SER CONEXI\u00d3N USB PLUG AND PLAY","rel":"","context":"Entrada similar","img":{"alt_text":"","src":"https:\/\/i1.wp.com\/garrcorpcomputer.com\/wp-content\/uploads\/2021\/08\/TECLADO-4-2.png?fit=756%2C282&ssl=1&resize=350%2C200","width":350,"height":200},"classes":[]}],"jetpack_sharing_enabled":true,"_links":{"self":[{"href":"https:\/\/garrcorpcomputer.com\/index.php\/wp-json\/wp\/v2\/product\/4326"}],"collection":[{"href":"https:\/\/garrcorpcomputer.com\/index.php\/wp-json\/wp\/v2\/product"}],"about":[{"href":"https:\/\/garrcorpcomputer.com\/index.php\/wp-json\/wp\/v2\/types\/product"}],"replies":[{"embeddable":true,"href":"https:\/\/garrcorpcomputer.com\/index.php\/wp-json\/wp\/v2\/comments?post=4326"}],"version-history":[{"count":2,"href":"https:\/\/garrcorpcomputer.com\/index.php\/wp-json\/wp\/v2\/product\/4326\/revisions"}],"predecessor-version":[{"id":5759,"href":"https:\/\/garrcorpcomputer.com\/index.php\/wp-json\/wp\/v2\/product\/4326\/revisions\/5759"}],"wp:featuredmedia":[{"embeddable":true,"href":"https:\/\/garrcorpcomputer.com\/index.php\/wp-json\/wp\/v2\/media\/4327"}],"wp:attachment":[{"href":"https:\/\/garrcorpcomputer.com\/index.php\/wp-json\/wp\/v2\/media?parent=4326"}],"wp:term":[{"taxonomy":"product_cat","embeddable":true,"href":"https:\/\/garrcorpcomputer.com\/index.php\/wp-json\/wp\/v2\/product_cat?post=4326"},{"taxonomy":"product_tag","embeddable":true,"href":"https:\/\/garrcorpcomputer.com\/index.php\/wp-json\/wp\/v2\/product_tag?post=4326"}],"curies":[{"name":"wp","href":"https:\/\/api.w.org\/{rel}","templated":true}]}}