{"id":4336,"date":"2021-08-30T13:30:25","date_gmt":"2021-08-30T18:30:25","guid":{"rendered":"https:\/\/garrcorpcomputer.com\/?post_type=product&#038;p=4336"},"modified":"2021-09-10T16:39:40","modified_gmt":"2021-09-10T21:39:40","slug":"combo-mouse-pad-gamer-tech-gtx7c-ref-10954","status":"publish","type":"product","link":"https:\/\/garrcorpcomputer.com\/index.php\/producto\/combo-mouse-pad-gamer-tech-gtx7c-ref-10954\/","title":{"rendered":"Combo Mouse Pad Gamer TECH GTX7C REF 10954"},"content":{"rendered":"<ul>\n<li>Mouse para juegos 7d<\/li>\n<li>IC: 601<\/li>\n<li>DPI: 800 \/ 1600 \/ 2000 \/ 2400<\/li>\n<li>DPI, 7 respiraci\u00f3n de deslumbramiento de color<\/li>\n<li>Longitud del cable: 1,5 mts<\/li>\n<li>Vida \u00fatil: 3 millones de veces<\/li>\n<li>Tensi\u00f3n nominal: 5V<\/li>\n<li>Corrientes nominal: 100ma<\/li>\n<li>Pad mouse<\/li>\n<li>Tama\u00f1o: 287x244x2 mm<\/li>\n<li>La estructura de telara\u00f1a de alta densidad brinda la mejor efecto de control del mouse<\/li>\n<li>\u00a0El borde de punto antiabrasi\u00f3n mejora el tiempo de servicio de la alfombrilla de rat\u00f3n para juegos<\/li>\n<li>Precisa al posicionamiento y seguimiento a nivel de p\u00edxel<\/li>\n<li>Fondo de goma en la superficie lisa<\/li>\n<\/ul>\n","protected":false},"excerpt":{"rendered":"<p>Mouse para juegos 7d IC: 601 DPI: 800 \/ 1600 \/ 2000 \/ 2400 DPI, 7 respiraci\u00f3n de deslumbramiento de color Longitud del cable: 1,5 mts Vida \u00fatil: 3 millones de veces Tensi\u00f3n nominal: 5V Corrientes nominal: 100ma Pad mouse Tama\u00f1o: 287x244x2 mm La estructura de telara\u00f1a de alta densidad brinda la mejor efecto de &hellip;<\/p>\n<p class=\"read-more\"> <a class=\"\" href=\"https:\/\/garrcorpcomputer.com\/index.php\/producto\/combo-mouse-pad-gamer-tech-gtx7c-ref-10954\/\"> <span class=\"screen-reader-text\">Combo Mouse Pad Gamer TECH GTX7C REF 10954<\/span> Leer m\u00e1s &raquo;<\/a><\/p>\n","protected":false},"featured_media":4484,"comment_status":"closed","ping_status":"closed","template":"","meta":{"om_disable_all_campaigns":false,"_mi_skip_tracking":false,"spay_email":"","jetpack_publicize_message":"","jetpack_is_tweetstorm":false},"product_cat":[343,328,75],"product_tag":[],"jetpack_publicize_connections":[],"jetpack-related-posts":[{"id":4292,"url":"https:\/\/garrcorpcomputer.com\/index.php\/producto\/combo-gamer-4-en-1-teclado-pad-mouse-mouse-y-altavoces-jrgb-jr-ctmgjr-013\/","url_meta":{"origin":4336,"position":0},"title":"Combo Gamer 4 en 1 (Teclado, Pad Mouse, Mouse y altavoces JRGB J&#038;R CTMGJR-013","date":"29 de agosto de 2021","format":false,"excerpt":"11 TECLAS MULTIMEDIA MOUSE 7D 7BOTONES DPI AJUSTABLE (800 - 4800) MOUSE PAD PROFESIONAL ALTAVOCES USB CON EXCELENTE CALIDAD DE SONIDO E ILUMINACI\u00d3N","rel":"","context":"Entrada similar","img":{"alt_text":"","src":"https:\/\/i1.wp.com\/garrcorpcomputer.com\/wp-content\/uploads\/2021\/08\/combo-gamer-3.png?fit=582%2C393&ssl=1&resize=350%2C200","width":350,"height":200},"classes":[]},{"id":714,"url":"https:\/\/garrcorpcomputer.com\/index.php\/producto\/mouse-gamertech-rusher-gt12\/","url_meta":{"origin":4336,"position":1},"title":"MOUSE GAMER TECH RUSHER GT12","date":"12 de agosto de 2021","format":false,"excerpt":"Iluminaci\u00f3n LED de colores RGB\u00a0con software 7 botones programables atreves del software Retro iluminado con cambio de luces Dise\u00f1o GAMER de lujo Mouse USB para juegos personalizado 7D DPI: 1200\/2400\/4800\/7200 Conexi\u00f3n USB Voltaje nominal: 5V Longitud del cable: 1,4 m","rel":"","context":"Entrada similar","img":{"alt_text":"","src":"https:\/\/i2.wp.com\/garrcorpcomputer.com\/wp-content\/uploads\/2021\/08\/Mouse-1068.png?fit=533%2C454&ssl=1&resize=350%2C200","width":350,"height":200},"classes":[]},{"id":712,"url":"https:\/\/garrcorpcomputer.com\/index.php\/producto\/mouse-gamertech-sniper-gt11-ref-11004\/","url_meta":{"origin":4336,"position":2},"title":"MOUSE GAMERTECH SNIPER GT11 REF 11004","date":"12 de agosto de 2021","format":false,"excerpt":"Iluminaci\u00f3n LED de colores RGB. 7 botones Retro iluminado con cambio de luces Dise\u00f1o GAMER de lujo Mouse USB para juegos\u00a0personalizado 7D DPI: 800 \/ 1600 \/ 2400 \/ 3200 \/ 4800 \/ 6400 Conexi\u00f3n USB Voltaje nominal: 5V Longitud del cable: 1,4 m","rel":"","context":"Entrada similar","img":{"alt_text":"","src":"https:\/\/i2.wp.com\/garrcorpcomputer.com\/wp-content\/uploads\/2021\/08\/Mouse-1020.png?fit=530%2C471&ssl=1&resize=350%2C200","width":350,"height":200},"classes":[]},{"id":716,"url":"https:\/\/garrcorpcomputer.com\/index.php\/producto\/mouse-gamertech-ace-gt13-ref-11006\/","url_meta":{"origin":4336,"position":3},"title":"MOUSE GAMERTECH ACE GT13 REF 11006","date":"12 de agosto de 2021","format":false,"excerpt":"Iluminaci\u00f3n LED de colores RGB con software Retro iluminado con cambio de luces 8 botones programables atreves del software Dise\u00f1o GAMER de lujo Mouse USB para juegos personalizado 8D DPI: 1200\/2400\/4800\/7200 Conexi\u00f3n USB Voltaje nominal: 5V Longitud del cable: 1,4 m","rel":"","context":"Entrada similar","img":{"alt_text":"","src":"https:\/\/i2.wp.com\/garrcorpcomputer.com\/wp-content\/uploads\/2021\/08\/Mouse-1021.png?fit=526%2C547&ssl=1&resize=350%2C200","width":350,"height":200},"classes":[]},{"id":4096,"url":"https:\/\/garrcorpcomputer.com\/index.php\/producto\/mouse-inalambrico-genius-nx-7000\/","url_meta":{"origin":4336,"position":4},"title":"Mouse inalambrico Genius NX-7000","date":"27 de agosto de 2021","format":false,"excerpt":"El NX-7000 utiliza 1200 dpi para una alta precisi\u00f3n de rastreo y puede usarse sobre casi cualquier superficie, como vidrio biselado, un sof\u00e1 o hasta en la alfombra. Compatible con Windows y MacOS Frecuencia 2.4 GHz BlueEye Sensor \u00f3ptico DPI 1200 Botones 3 incluido scroll Una pila AA","rel":"","context":"Entrada similar","img":{"alt_text":"","src":"https:\/\/i2.wp.com\/garrcorpcomputer.com\/wp-content\/uploads\/2021\/08\/mouse-6.png?fit=985%2C312&ssl=1&resize=350%2C200","width":350,"height":200},"classes":[]},{"id":4380,"url":"https:\/\/garrcorpcomputer.com\/index.php\/producto\/mouse-usb-consmo-cp87\/","url_meta":{"origin":4336,"position":5},"title":"MOUSE USB CONSMO CP87","date":"30 de agosto de 2021","format":false,"excerpt":"Mouse con sensor \u00f3ptico 2 botones + scroll 1200 DPI Cable 1.5 mt Conexi\u00f3n USB plug and play","rel":"","context":"Entrada similar","img":{"alt_text":"","src":"https:\/\/i2.wp.com\/garrcorpcomputer.com\/wp-content\/uploads\/2021\/08\/mouse-10-1.png?fit=422%2C442&ssl=1&resize=350%2C200","width":350,"height":200},"classes":[]}],"jetpack_sharing_enabled":true,"_links":{"self":[{"href":"https:\/\/garrcorpcomputer.com\/index.php\/wp-json\/wp\/v2\/product\/4336"}],"collection":[{"href":"https:\/\/garrcorpcomputer.com\/index.php\/wp-json\/wp\/v2\/product"}],"about":[{"href":"https:\/\/garrcorpcomputer.com\/index.php\/wp-json\/wp\/v2\/types\/product"}],"replies":[{"embeddable":true,"href":"https:\/\/garrcorpcomputer.com\/index.php\/wp-json\/wp\/v2\/comments?post=4336"}],"version-history":[{"count":0,"href":"https:\/\/garrcorpcomputer.com\/index.php\/wp-json\/wp\/v2\/product\/4336\/revisions"}],"wp:featuredmedia":[{"embeddable":true,"href":"https:\/\/garrcorpcomputer.com\/index.php\/wp-json\/wp\/v2\/media\/4484"}],"wp:attachment":[{"href":"https:\/\/garrcorpcomputer.com\/index.php\/wp-json\/wp\/v2\/media?parent=4336"}],"wp:term":[{"taxonomy":"product_cat","embeddable":true,"href":"https:\/\/garrcorpcomputer.com\/index.php\/wp-json\/wp\/v2\/product_cat?post=4336"},{"taxonomy":"product_tag","embeddable":true,"href":"https:\/\/garrcorpcomputer.com\/index.php\/wp-json\/wp\/v2\/product_tag?post=4336"}],"curies":[{"name":"wp","href":"https:\/\/api.w.org\/{rel}","templated":true}]}}