{"id":4362,"date":"2021-08-30T14:36:56","date_gmt":"2021-08-30T19:36:56","guid":{"rendered":"https:\/\/garrcorpcomputer.com\/?post_type=product&#038;p=4362"},"modified":"2021-08-30T14:43:12","modified_gmt":"2021-08-30T19:43:12","slug":"combo-gamer-3-en-1-cp-02","status":"publish","type":"product","link":"https:\/\/garrcorpcomputer.com\/index.php\/producto\/combo-gamer-3-en-1-cp-02\/","title":{"rendered":"COMBO GAMER 3 EN 1 CP-02"},"content":{"rendered":"<p>TECLADO<\/p>\n<ul>\n<li>108 teclas con impresi\u00f3n laser<\/li>\n<li>Chasis met\u00e1lico con iluminaci\u00f3n RGB<\/li>\n<li>Teclado en espa\u00f1ol tipo mec\u00e1nico<\/li>\n<li>Tecla de encendido bloq despl<\/li>\n<li>Conexi\u00f3n USB plug and play<\/li>\n<\/ul>\n<p>Mouse<\/p>\n<ul>\n<li>Gamer 5 botones + scroll<\/li>\n<li>Iluminaci\u00f3n LED multicolor<\/li>\n<li>Cable acordonado con filtro<\/li>\n<li>3200 DPI<\/li>\n<li>1.5 mt<\/li>\n<li>Conexi\u00f3n USB plug and play<\/li>\n<\/ul>\n","protected":false},"excerpt":{"rendered":"<p>Diadema<\/p>\n<ul>\n<li>2 plug de 3.5 mm<\/li>\n<li>Iluminaci\u00f3n LED multicolor<\/li>\n<li>Micr\u00f3fono interno en auricular<\/li>\n<li>Cable 2 mt<\/li>\n<li>Conexi\u00f3n USB plug and play<\/li>\n<\/ul>\n","protected":false},"featured_media":4363,"comment_status":"closed","ping_status":"closed","template":"","meta":{"om_disable_all_campaigns":false,"_mi_skip_tracking":false,"spay_email":"","jetpack_publicize_message":"","jetpack_is_tweetstorm":false},"product_cat":[34,75],"product_tag":[],"jetpack_publicize_connections":[],"jetpack-related-posts":[{"id":4359,"url":"https:\/\/garrcorpcomputer.com\/index.php\/producto\/combo-teclado-y-mouse-usb-gaming-retroiluminado-gk100\/","url_meta":{"origin":4362,"position":0},"title":"COMBO TECLADO Y MOUSE USB GAMING RETROILUMINADO GK100","date":"30 de agosto de 2021","format":false,"excerpt":"MOUSE ILUMINACI\u00d3N LED MULTICOLOR 2 BOTONES + SCROLL 1000 DPI CABLE 1.5 mt CONEXI\u00d3N USB PLUG AND PLAY","rel":"","context":"Entrada similar","img":{"alt_text":"","src":"https:\/\/i1.wp.com\/garrcorpcomputer.com\/wp-content\/uploads\/2021\/08\/TECLADO-7-1.png?fit=782%2C219&ssl=1&resize=350%2C200","width":350,"height":200},"classes":[]},{"id":4417,"url":"https:\/\/garrcorpcomputer.com\/index.php\/producto\/diadema-gamer-led-consmo-gh-217\/","url_meta":{"origin":4362,"position":1},"title":"DIADEMA GAMER LED CONSMO GH-217","date":"30 de agosto de 2021","format":false,"excerpt":"Interfaz de 3.5 mm de 2 plug para audio y micr\u00f3fono Interfaz USB para energ\u00eda Iluminaci\u00f3n LED multicolor Micr\u00f3fono y control de volumen en auricular Banda ajustable Cable encauchetado de 2 mt conexi\u00f3n USB plug and play","rel":"","context":"Entrada similar","img":{"alt_text":"","src":"https:\/\/i1.wp.com\/garrcorpcomputer.com\/wp-content\/uploads\/2021\/08\/diadema-27.png?fit=322%2C471&ssl=1&resize=350%2C200","width":350,"height":200},"classes":[]},{"id":4383,"url":"https:\/\/garrcorpcomputer.com\/index.php\/producto\/mouse-retroiluminado-gamer-usb-consmo-gm830\/","url_meta":{"origin":4362,"position":2},"title":"MOUSE RETROILUMINADO GAMER USB CONSMO GM830","date":"30 de agosto de 2021","format":false,"excerpt":"Mouse con sensor \u00f3ptico gamer Dise\u00f1o ergonomico Iluminaci\u00f3n LED multicolor Cable acordonado con filtro de 1.5 mt 7 botones + scroll Hasta 3200 DPI Conexi\u00f3n USB plug and play","rel":"","context":"Entrada similar","img":{"alt_text":"","src":"https:\/\/i1.wp.com\/garrcorpcomputer.com\/wp-content\/uploads\/2021\/08\/mouse-11-1.png?fit=323%2C503&ssl=1&resize=350%2C200","width":350,"height":200},"classes":[]},{"id":4238,"url":"https:\/\/garrcorpcomputer.com\/index.php\/producto\/diadema-gamer-misde-h7-ref-1126g-4\/","url_meta":{"origin":4362,"position":3},"title":"Diadema Gamer misde H7 Ref 1126G-4","date":"28 de agosto de 2021","format":false,"excerpt":"Interfaz de 3.5 mm de 2 plug para audio y micr\u00f3fono Interfaz USB para energ\u00eda Iluminaci\u00f3n LED multicolor Micr\u00f3fono y control de volumen en auricular Banda ajustable Cable de 2 metros Conexion USB Plug and Play","rel":"","context":"Entrada similar","img":{"alt_text":"","src":"https:\/\/i2.wp.com\/garrcorpcomputer.com\/wp-content\/uploads\/2021\/08\/diadema-15.png?fit=360%2C471&ssl=1&resize=350%2C200","width":350,"height":200},"classes":[]},{"id":4356,"url":"https:\/\/garrcorpcomputer.com\/index.php\/producto\/teclado-retroiluminado-usb-k590\/","url_meta":{"origin":4362,"position":4},"title":"TECLADO RETROILUMINADO USB K590","date":"30 de agosto de 2021","format":false,"excerpt":"108 TECLAS CON IMPRESI\u00d3N L\u00c1SER CHASIS CON ILUMINACI\u00d3N RGB TECLADO TIPO MEC\u00c1NICO TECLA ENCENDIDO RGB BLOQ DESPL CONEXI\u00d3N USB PLUG AND PLAY","rel":"","context":"Entrada similar","img":{"alt_text":"","src":"https:\/\/i0.wp.com\/garrcorpcomputer.com\/wp-content\/uploads\/2021\/08\/TECLADO-6-1.png?fit=751%2C253&ssl=1&resize=350%2C200","width":350,"height":200},"classes":[]},{"id":4175,"url":"https:\/\/garrcorpcomputer.com\/index.php\/producto\/teclado-usb-xenex-xcg-gkb20\/","url_meta":{"origin":4362,"position":5},"title":"Teclado USB XENEX XCG-GKB20","date":"28 de agosto de 2021","format":false,"excerpt":"Teclado de 104 teclas en espa\u00f1ol Conexi\u00f3n USB 2.0 Teclado con luz retroiluminado de 3 colores Largo del cable: 1.5 mt F\u00e1cil de instalar plug & play Admite 10 millones de pulsaciones","rel":"","context":"Entrada similar","img":{"alt_text":"","src":"https:\/\/i2.wp.com\/garrcorpcomputer.com\/wp-content\/uploads\/2021\/08\/teclado-6.png?fit=763%2C253&ssl=1&resize=350%2C200","width":350,"height":200},"classes":[]}],"jetpack_sharing_enabled":true,"_links":{"self":[{"href":"https:\/\/garrcorpcomputer.com\/index.php\/wp-json\/wp\/v2\/product\/4362"}],"collection":[{"href":"https:\/\/garrcorpcomputer.com\/index.php\/wp-json\/wp\/v2\/product"}],"about":[{"href":"https:\/\/garrcorpcomputer.com\/index.php\/wp-json\/wp\/v2\/types\/product"}],"replies":[{"embeddable":true,"href":"https:\/\/garrcorpcomputer.com\/index.php\/wp-json\/wp\/v2\/comments?post=4362"}],"version-history":[{"count":0,"href":"https:\/\/garrcorpcomputer.com\/index.php\/wp-json\/wp\/v2\/product\/4362\/revisions"}],"wp:featuredmedia":[{"embeddable":true,"href":"https:\/\/garrcorpcomputer.com\/index.php\/wp-json\/wp\/v2\/media\/4363"}],"wp:attachment":[{"href":"https:\/\/garrcorpcomputer.com\/index.php\/wp-json\/wp\/v2\/media?parent=4362"}],"wp:term":[{"taxonomy":"product_cat","embeddable":true,"href":"https:\/\/garrcorpcomputer.com\/index.php\/wp-json\/wp\/v2\/product_cat?post=4362"},{"taxonomy":"product_tag","embeddable":true,"href":"https:\/\/garrcorpcomputer.com\/index.php\/wp-json\/wp\/v2\/product_tag?post=4362"}],"curies":[{"name":"wp","href":"https:\/\/api.w.org\/{rel}","templated":true}]}}