{"id":4374,"date":"2021-08-30T15:02:23","date_gmt":"2021-08-30T20:02:23","guid":{"rendered":"https:\/\/garrcorpcomputer.com\/?post_type=product&#038;p=4374"},"modified":"2021-08-30T15:02:23","modified_gmt":"2021-08-30T20:02:23","slug":"teclado-inalambrico-w620","status":"publish","type":"product","link":"https:\/\/garrcorpcomputer.com\/index.php\/producto\/teclado-inalambrico-w620\/","title":{"rendered":"TECLADO INAL\u00c1MBRICO W620"},"content":{"rendered":"<ul>\n<li>Teclado en espa\u00f1ol<\/li>\n<li>Conexi\u00f3n inal\u00e1mbrica 2.4 Ghz<\/li>\n<li>108 teclas alfa num\u00e9ricas con impresi\u00f3n l\u00e1ser<\/li>\n<li>2 bater\u00edas AAA<\/li>\n<\/ul>\n","protected":false},"excerpt":{"rendered":"<p>Teclado en espa\u00f1ol Conexi\u00f3n inal\u00e1mbrica 2.4 Ghz 108 teclas alfa num\u00e9ricas con impresi\u00f3n l\u00e1ser 2 bater\u00edas AAA<\/p>\n","protected":false},"featured_media":4375,"comment_status":"closed","ping_status":"closed","template":"","meta":{"om_disable_all_campaigns":false,"_mi_skip_tracking":false,"spay_email":"","jetpack_publicize_message":"","jetpack_is_tweetstorm":false},"product_cat":[57,75],"product_tag":[],"jetpack_publicize_connections":[],"jetpack-related-posts":[{"id":4371,"url":"https:\/\/garrcorpcomputer.com\/index.php\/producto\/teclado-y-mouse-inalambrico-ws630\/","url_meta":{"origin":4374,"position":0},"title":"TECLADO Y MOUSE INAL\u00c1MBRICO WS630","date":"30 de agosto de 2021","format":false,"excerpt":"Teclado en espa\u00f1ol Conexi\u00f3n inal\u00e1mbrica 2.4 Ghz Teclado tipo mec\u00e1nico 108 teclas alfa num\u00e9ricas con impresi\u00f3n l\u00e1ser 1 bater\u00eda AA MOUSE Mouse de 1000 DPI Conexi\u00f3n inal\u00e1mbrica 2.4 Ghz 3 botones + scroll Alcance 10 mt 2 bater\u00edas \u00a0AAA","rel":"","context":"Entrada similar","img":{"alt_text":"","src":"https:\/\/i1.wp.com\/garrcorpcomputer.com\/wp-content\/uploads\/2021\/08\/combo-teclado-y-mouse-2.png?fit=752%2C213&ssl=1&resize=350%2C200","width":350,"height":200},"classes":[]},{"id":4368,"url":"https:\/\/garrcorpcomputer.com\/index.php\/producto\/combo-teclado-y-mouse-inalambrico-ws880\/","url_meta":{"origin":4374,"position":1},"title":"COMBO TECLADO Y MOUSE INAL\u00c1MBRICO WS880","date":"30 de agosto de 2021","format":false,"excerpt":"Teclado en espa\u00f1ol Conexi\u00f3n inal\u00e1mbrico 2.4 Ghz 108 teclas alfa num\u00e9ricas 10 teclas multimedia 1 bater\u00eda AA Mouse de 1000 DPI Conexi\u00f3n inal\u00e1mbrica 2.4 Ghz 3 botones + scroll 1 bot\u00f3n de encendido 2 bater\u00edas AAA","rel":"","context":"Entrada similar","img":{"alt_text":"","src":"https:\/\/i2.wp.com\/garrcorpcomputer.com\/wp-content\/uploads\/2021\/08\/combo-teclado-y-mouse-1.png?fit=772%2C220&ssl=1&resize=350%2C200","width":350,"height":200},"classes":[]},{"id":4343,"url":"https:\/\/garrcorpcomputer.com\/index.php\/producto\/teclado-multimedia-usb-consmo-k518\/","url_meta":{"origin":4374,"position":2},"title":"TECLADO MULTIMEDIA USB CONSMO K518","date":"30 de agosto de 2021","format":false,"excerpt":"108 TECLAS ALFA NUM\u00c9RICAS 10 TECLAS DE FUNCI\u00d3N MULTIMEDIA CON IMPRESI\u00d3N L\u00c1SER TECLADO EN ESPA\u00d1OL DISE\u00d1O TIPO GAMER CONEXI\u00d3N USB PLUG AND PLAY","rel":"","context":"Entrada similar","img":{"alt_text":"","src":"https:\/\/i1.wp.com\/garrcorpcomputer.com\/wp-content\/uploads\/2021\/08\/TECLADO-2-2.png?fit=680%2C290&ssl=1&resize=350%2C200","width":350,"height":200},"classes":[]},{"id":4349,"url":"https:\/\/garrcorpcomputer.com\/index.php\/producto\/combo-teclado-y-mouse-usb-g10\/","url_meta":{"origin":4374,"position":3},"title":"COMBO TECLADO Y MOUSE USB G10","date":"30 de agosto de 2021","format":false,"excerpt":"MOUSE 2 BOTONES + SCROLL LECTOR \u00d3PTICO 1000 DPI TECLADO EN ESPA\u00d1OL 108 TECLAS CON IMPRESI\u00d3N L\u00c1SER CONEXI\u00d3N USB PLUG AND PLAY","rel":"","context":"Entrada similar","img":{"alt_text":"","src":"https:\/\/i1.wp.com\/garrcorpcomputer.com\/wp-content\/uploads\/2021\/08\/TECLADO-4-2.png?fit=756%2C282&ssl=1&resize=350%2C200","width":350,"height":200},"classes":[]},{"id":4339,"url":"https:\/\/garrcorpcomputer.com\/index.php\/producto\/teclado-sencillo-usb-consmo-k13\/","url_meta":{"origin":4374,"position":4},"title":"TECLADO SENCILLO USB CONSMO K13","date":"30 de agosto de 2021","format":false,"excerpt":"Teclado en espa\u00f1ol 108 Teclas impresi\u00f3n l\u00e1ser Conexi\u00f3n USB plug and play","rel":"","context":"Entrada similar","img":{"alt_text":"","src":"https:\/\/i1.wp.com\/garrcorpcomputer.com\/wp-content\/uploads\/2021\/08\/TECLADO-1-4.png?fit=703%2C283&ssl=1&resize=350%2C200","width":350,"height":200},"classes":[]},{"id":4346,"url":"https:\/\/garrcorpcomputer.com\/index.php\/producto\/teclado-multimedia-usb-k52\/","url_meta":{"origin":4374,"position":5},"title":"TECLADO MULTIMEDIA USB K52","date":"30 de agosto de 2021","format":false,"excerpt":"TECLADO EN ESPA\u00d1OL 108 TECLAS ALFA NUM\u00c9RICAS 8 TECLAS FUNCI\u00d3N MULTIMEDIA CONEXI\u00d3N USB PLUG AND PLAY","rel":"","context":"Entrada similar","img":{"alt_text":"","src":"https:\/\/i1.wp.com\/garrcorpcomputer.com\/wp-content\/uploads\/2021\/08\/TECLADO-3-2.png?fit=693%2C296&ssl=1&resize=350%2C200","width":350,"height":200},"classes":[]}],"jetpack_sharing_enabled":true,"_links":{"self":[{"href":"https:\/\/garrcorpcomputer.com\/index.php\/wp-json\/wp\/v2\/product\/4374"}],"collection":[{"href":"https:\/\/garrcorpcomputer.com\/index.php\/wp-json\/wp\/v2\/product"}],"about":[{"href":"https:\/\/garrcorpcomputer.com\/index.php\/wp-json\/wp\/v2\/types\/product"}],"replies":[{"embeddable":true,"href":"https:\/\/garrcorpcomputer.com\/index.php\/wp-json\/wp\/v2\/comments?post=4374"}],"version-history":[{"count":0,"href":"https:\/\/garrcorpcomputer.com\/index.php\/wp-json\/wp\/v2\/product\/4374\/revisions"}],"wp:featuredmedia":[{"embeddable":true,"href":"https:\/\/garrcorpcomputer.com\/index.php\/wp-json\/wp\/v2\/media\/4375"}],"wp:attachment":[{"href":"https:\/\/garrcorpcomputer.com\/index.php\/wp-json\/wp\/v2\/media?parent=4374"}],"wp:term":[{"taxonomy":"product_cat","embeddable":true,"href":"https:\/\/garrcorpcomputer.com\/index.php\/wp-json\/wp\/v2\/product_cat?post=4374"},{"taxonomy":"product_tag","embeddable":true,"href":"https:\/\/garrcorpcomputer.com\/index.php\/wp-json\/wp\/v2\/product_tag?post=4374"}],"curies":[{"name":"wp","href":"https:\/\/api.w.org\/{rel}","templated":true}]}}