{"id":4383,"date":"2021-08-30T16:41:52","date_gmt":"2021-08-30T21:41:52","guid":{"rendered":"https:\/\/garrcorpcomputer.com\/?post_type=product&#038;p=4383"},"modified":"2021-08-30T16:56:34","modified_gmt":"2021-08-30T21:56:34","slug":"mouse-retroiluminado-gamer-usb-consmo-gm830","status":"publish","type":"product","link":"https:\/\/garrcorpcomputer.com\/index.php\/producto\/mouse-retroiluminado-gamer-usb-consmo-gm830\/","title":{"rendered":"MOUSE RETROILUMINADO GAMER USB CONSMO GM830"},"content":{"rendered":"<ul>\n<li>Mouse con sensor \u00f3ptico gamer<\/li>\n<li>Dise\u00f1o ergonomico<\/li>\n<li>Iluminaci\u00f3n LED multicolor<\/li>\n<li>Cable acordonado con filtro de 1.5 mt<\/li>\n<li>7 botones + scroll<\/li>\n<li>Hasta 3200 DPI<\/li>\n<li>Conexi\u00f3n USB plug and play<\/li>\n<\/ul>\n","protected":false},"excerpt":{"rendered":"<p>Mouse con sensor \u00f3ptico gamer Dise\u00f1o ergonomico Iluminaci\u00f3n LED multicolor Cable acordonado con filtro de 1.5 mt 7 botones + scroll Hasta 3200 DPI Conexi\u00f3n USB plug and play<\/p>\n","protected":false},"featured_media":4393,"comment_status":"closed","ping_status":"closed","template":"","meta":{"om_disable_all_campaigns":false,"_mi_skip_tracking":false,"spay_email":"","jetpack_publicize_message":"","jetpack_is_tweetstorm":false},"product_cat":[18],"product_tag":[],"jetpack_publicize_connections":[],"jetpack-related-posts":[{"id":696,"url":"https:\/\/garrcorpcomputer.com\/index.php\/producto\/mouse-usb-gamer-tech-gt6-10895\/","url_meta":{"origin":4383,"position":0},"title":"MOUSE USB GAMER TECH GT6 10895","date":"12 de agosto de 2021","format":false,"excerpt":"3200 DPI 7 botones Led RGB USB","rel":"","context":"Entrada similar","img":{"alt_text":"","src":"https:\/\/i1.wp.com\/garrcorpcomputer.com\/wp-content\/uploads\/2021\/08\/MOUSE-1012.png?fit=535%2C485&ssl=1&resize=350%2C200","width":350,"height":200},"classes":[]},{"id":5755,"url":"https:\/\/garrcorpcomputer.com\/index.php\/producto\/combo-usb-teclado-y-mouse-gamer-t-gt680c\/","url_meta":{"origin":4383,"position":1},"title":"Combo USB Teclado y mouse Gamer T GT680c","date":"10 de septiembre de 2021","format":false,"excerpt":"Combo teclado y mouse gamer Cambio de luces ON\/OFF Cable USB alta calidad con filtro Mouse retoiluminado 105 teclas 12 teclas de acceso directo a multimedia Teclado RGB","rel":"","context":"Entrada similar","img":{"alt_text":"","src":"https:\/\/i0.wp.com\/garrcorpcomputer.com\/wp-content\/uploads\/2021\/09\/combo-gamer-12.png?fit=430%2C238&ssl=1&resize=350%2C200","width":350,"height":200},"classes":[]},{"id":4260,"url":"https:\/\/garrcorpcomputer.com\/index.php\/producto\/mouse-gamer-tech-usb-gt9\/","url_meta":{"origin":4383,"position":2},"title":"Mouse Gamer Tech USB GT9","date":"29 de agosto de 2021","format":false,"excerpt":"6 botones 3200 DPI","rel":"","context":"Entrada similar","img":{"alt_text":"","src":"https:\/\/i2.wp.com\/garrcorpcomputer.com\/wp-content\/uploads\/2021\/08\/mouse-8.png?fit=579%2C492&ssl=1&resize=350%2C200","width":350,"height":200},"classes":[]},{"id":5727,"url":"https:\/\/garrcorpcomputer.com\/index.php\/producto\/mouse-usb-gamer-tech-gt7\/","url_meta":{"origin":4383,"position":3},"title":"Mouse USB Gamer Tech GT7","date":"10 de septiembre de 2021","format":false,"excerpt":"Empaque de lujo 7 botones DPI 800 \/ 1200 \/ 1600 \/ 2400 \/ 3200 Interfaz USB Retroiluminado Multicolor Efectos luces LED Filtro de ferrita","rel":"","context":"Entrada similar","img":{"alt_text":"","src":"https:\/\/i1.wp.com\/garrcorpcomputer.com\/wp-content\/uploads\/2021\/09\/mouse-22.png?fit=223%2C332&ssl=1&resize=350%2C200","width":350,"height":200},"classes":[]},{"id":689,"url":"https:\/\/garrcorpcomputer.com\/index.php\/producto\/mouse-usb-gamer-tech-gt3-ref-10892\/","url_meta":{"origin":4383,"position":4},"title":"MOUSE USB GAMER TECH GT3 Ref 10892","date":"12 de agosto de 2021","format":false,"excerpt":"3200 DPI 6 botones Led RGB","rel":"","context":"Entrada similar","img":{"alt_text":"","src":"https:\/\/i0.wp.com\/garrcorpcomputer.com\/wp-content\/uploads\/2021\/08\/mouse-1059.png?fit=559%2C534&ssl=1&resize=350%2C200","width":350,"height":200},"classes":[]},{"id":662,"url":"https:\/\/garrcorpcomputer.com\/index.php\/producto\/mouse-usb-gamer-tech-gt2-ref-10891\/","url_meta":{"origin":4383,"position":5},"title":"MOUSE USB GAMER TECH GT2 Ref 10891","date":"12 de agosto de 2021","format":false,"excerpt":"Empaque de lujo 6 botones DPI 800 \/ 1200 \/ 1600 \/ 2400 Interfaz USB Retroiluminado Multicolor Efectos luces LED Filtro de ferrita","rel":"","context":"Entrada similar","img":{"alt_text":"","src":"https:\/\/i1.wp.com\/garrcorpcomputer.com\/wp-content\/uploads\/2021\/08\/MOUSE-COD-1007.png?fit=800%2C600&ssl=1&resize=350%2C200","width":350,"height":200},"classes":[]}],"jetpack_sharing_enabled":true,"_links":{"self":[{"href":"https:\/\/garrcorpcomputer.com\/index.php\/wp-json\/wp\/v2\/product\/4383"}],"collection":[{"href":"https:\/\/garrcorpcomputer.com\/index.php\/wp-json\/wp\/v2\/product"}],"about":[{"href":"https:\/\/garrcorpcomputer.com\/index.php\/wp-json\/wp\/v2\/types\/product"}],"replies":[{"embeddable":true,"href":"https:\/\/garrcorpcomputer.com\/index.php\/wp-json\/wp\/v2\/comments?post=4383"}],"version-history":[{"count":0,"href":"https:\/\/garrcorpcomputer.com\/index.php\/wp-json\/wp\/v2\/product\/4383\/revisions"}],"wp:featuredmedia":[{"embeddable":true,"href":"https:\/\/garrcorpcomputer.com\/index.php\/wp-json\/wp\/v2\/media\/4393"}],"wp:attachment":[{"href":"https:\/\/garrcorpcomputer.com\/index.php\/wp-json\/wp\/v2\/media?parent=4383"}],"wp:term":[{"taxonomy":"product_cat","embeddable":true,"href":"https:\/\/garrcorpcomputer.com\/index.php\/wp-json\/wp\/v2\/product_cat?post=4383"},{"taxonomy":"product_tag","embeddable":true,"href":"https:\/\/garrcorpcomputer.com\/index.php\/wp-json\/wp\/v2\/product_tag?post=4383"}],"curies":[{"name":"wp","href":"https:\/\/api.w.org\/{rel}","templated":true}]}}