{"id":4389,"date":"2021-08-30T16:50:29","date_gmt":"2021-08-30T21:50:29","guid":{"rendered":"https:\/\/garrcorpcomputer.com\/?post_type=product&#038;p=4389"},"modified":"2021-08-30T16:50:29","modified_gmt":"2021-08-30T21:50:29","slug":"mouse-inalambrico-consmo-w170","status":"publish","type":"product","link":"https:\/\/garrcorpcomputer.com\/index.php\/producto\/mouse-inalambrico-consmo-w170\/","title":{"rendered":"MOUSE INALAMBRICO CONSMO W170"},"content":{"rendered":"<ul>\n<li>Conexi\u00f3n inal\u00e1mbrica 2.4 Ghz<\/li>\n<li>Alcance de 10 mt<\/li>\n<li>2 botones \u00b4scroll<\/li>\n<li>800 DPI<\/li>\n<li>1 bater\u00eda AA<\/li>\n<\/ul>\n","protected":false},"excerpt":{"rendered":"<p>Conexi\u00f3n inal\u00e1mbrica 2.4 Ghz Alcance de 10 mt 2 botones \u00b4scroll 800 DPI 1 bater\u00eda AA<\/p>\n","protected":false},"featured_media":4390,"comment_status":"closed","ping_status":"closed","template":"","meta":{"om_disable_all_campaigns":false,"_mi_skip_tracking":false,"spay_email":"","jetpack_publicize_message":"","jetpack_is_tweetstorm":false},"product_cat":[51,75],"product_tag":[],"jetpack_publicize_connections":[],"jetpack-related-posts":[{"id":4386,"url":"https:\/\/garrcorpcomputer.com\/index.php\/producto\/mouse-inalambrico-consmo-w450\/","url_meta":{"origin":4389,"position":0},"title":"MOUSE INALAMBRICO CONSMO W450","date":"30 de agosto de 2021","format":false,"excerpt":"Conexi\u00f3n inal\u00e1mbrica 2.4 Ghz Alcance de 10 mt 2 botones + scroll Hasta 1000 DPI 2 bater\u00edas AAA","rel":"","context":"Entrada similar","img":{"alt_text":"","src":"","width":0,"height":0},"classes":[]},{"id":4371,"url":"https:\/\/garrcorpcomputer.com\/index.php\/producto\/teclado-y-mouse-inalambrico-ws630\/","url_meta":{"origin":4389,"position":1},"title":"TECLADO Y MOUSE INAL\u00c1MBRICO WS630","date":"30 de agosto de 2021","format":false,"excerpt":"Teclado en espa\u00f1ol Conexi\u00f3n inal\u00e1mbrica 2.4 Ghz Teclado tipo mec\u00e1nico 108 teclas alfa num\u00e9ricas con impresi\u00f3n l\u00e1ser 1 bater\u00eda AA MOUSE Mouse de 1000 DPI Conexi\u00f3n inal\u00e1mbrica 2.4 Ghz 3 botones + scroll Alcance 10 mt 2 bater\u00edas \u00a0AAA","rel":"","context":"Entrada similar","img":{"alt_text":"","src":"https:\/\/i1.wp.com\/garrcorpcomputer.com\/wp-content\/uploads\/2021\/08\/combo-teclado-y-mouse-2.png?fit=752%2C213&ssl=1&resize=350%2C200","width":350,"height":200},"classes":[]},{"id":4368,"url":"https:\/\/garrcorpcomputer.com\/index.php\/producto\/combo-teclado-y-mouse-inalambrico-ws880\/","url_meta":{"origin":4389,"position":2},"title":"COMBO TECLADO Y MOUSE INAL\u00c1MBRICO WS880","date":"30 de agosto de 2021","format":false,"excerpt":"Teclado en espa\u00f1ol Conexi\u00f3n inal\u00e1mbrico 2.4 Ghz 108 teclas alfa num\u00e9ricas 10 teclas multimedia 1 bater\u00eda AA Mouse de 1000 DPI Conexi\u00f3n inal\u00e1mbrica 2.4 Ghz 3 botones + scroll 1 bot\u00f3n de encendido 2 bater\u00edas AAA","rel":"","context":"Entrada similar","img":{"alt_text":"","src":"https:\/\/i2.wp.com\/garrcorpcomputer.com\/wp-content\/uploads\/2021\/08\/combo-teclado-y-mouse-1.png?fit=772%2C220&ssl=1&resize=350%2C200","width":350,"height":200},"classes":[]},{"id":4377,"url":"https:\/\/garrcorpcomputer.com\/index.php\/producto\/mouse-sencillo-usb-consmo-mt-220\/","url_meta":{"origin":4389,"position":3},"title":"MOUSE SENCILLO USB CONSMO MT-220","date":"30 de agosto de 2021","format":false,"excerpt":"Mouse \u00f3ptico 2 botones + scroll 800 DPI Conexi\u00f3n USB plug and play","rel":"","context":"Entrada similar","img":{"alt_text":"","src":"https:\/\/i0.wp.com\/garrcorpcomputer.com\/wp-content\/uploads\/2021\/08\/mouse-9-1.png?fit=398%2C483&ssl=1&resize=350%2C200","width":350,"height":200},"classes":[]},{"id":4096,"url":"https:\/\/garrcorpcomputer.com\/index.php\/producto\/mouse-inalambrico-genius-nx-7000\/","url_meta":{"origin":4389,"position":4},"title":"Mouse inalambrico Genius NX-7000","date":"27 de agosto de 2021","format":false,"excerpt":"El NX-7000 utiliza 1200 dpi para una alta precisi\u00f3n de rastreo y puede usarse sobre casi cualquier superficie, como vidrio biselado, un sof\u00e1 o hasta en la alfombra. Compatible con Windows y MacOS Frecuencia 2.4 GHz BlueEye Sensor \u00f3ptico DPI 1200 Botones 3 incluido scroll Una pila AA","rel":"","context":"Entrada similar","img":{"alt_text":"","src":"https:\/\/i2.wp.com\/garrcorpcomputer.com\/wp-content\/uploads\/2021\/08\/mouse-6.png?fit=985%2C312&ssl=1&resize=350%2C200","width":350,"height":200},"classes":[]},{"id":4323,"url":"https:\/\/garrcorpcomputer.com\/index.php\/producto\/combo-gamer-inalambrico-classic-ctmgjr-009-jtc00068\/","url_meta":{"origin":4389,"position":5},"title":"COMBO GAMER INALAMBRICO CLASSIC CTMGJR-009 JTC00068","date":"30 de agosto de 2021","format":false,"excerpt":"COMBO GAMER INALAMBRICO 2 EN 1. TECLADO Y MOUSE CONEXION 24 GHZ FUNCIONAMIENTO HASTA 10M DE DISTANCIA (SIN OBST\u00c1CULOS) MOUSE 6D (6 BOTONES) SCROLL\u00a0 DENTADO DPI AJUSTABLE 800-1200-1600.","rel":"","context":"Entrada similar","img":{"alt_text":"","src":"https:\/\/i2.wp.com\/garrcorpcomputer.com\/wp-content\/uploads\/2021\/08\/COMBO-GAMER-5.png?fit=736%2C429&ssl=1&resize=350%2C200","width":350,"height":200},"classes":[]}],"jetpack_sharing_enabled":true,"_links":{"self":[{"href":"https:\/\/garrcorpcomputer.com\/index.php\/wp-json\/wp\/v2\/product\/4389"}],"collection":[{"href":"https:\/\/garrcorpcomputer.com\/index.php\/wp-json\/wp\/v2\/product"}],"about":[{"href":"https:\/\/garrcorpcomputer.com\/index.php\/wp-json\/wp\/v2\/types\/product"}],"replies":[{"embeddable":true,"href":"https:\/\/garrcorpcomputer.com\/index.php\/wp-json\/wp\/v2\/comments?post=4389"}],"version-history":[{"count":0,"href":"https:\/\/garrcorpcomputer.com\/index.php\/wp-json\/wp\/v2\/product\/4389\/revisions"}],"wp:featuredmedia":[{"embeddable":true,"href":"https:\/\/garrcorpcomputer.com\/index.php\/wp-json\/wp\/v2\/media\/4390"}],"wp:attachment":[{"href":"https:\/\/garrcorpcomputer.com\/index.php\/wp-json\/wp\/v2\/media?parent=4389"}],"wp:term":[{"taxonomy":"product_cat","embeddable":true,"href":"https:\/\/garrcorpcomputer.com\/index.php\/wp-json\/wp\/v2\/product_cat?post=4389"},{"taxonomy":"product_tag","embeddable":true,"href":"https:\/\/garrcorpcomputer.com\/index.php\/wp-json\/wp\/v2\/product_tag?post=4389"}],"curies":[{"name":"wp","href":"https:\/\/api.w.org\/{rel}","templated":true}]}}