{"id":4399,"date":"2021-08-30T17:25:25","date_gmt":"2021-08-30T22:25:25","guid":{"rendered":"https:\/\/garrcorpcomputer.com\/?post_type=product&#038;p=4399"},"modified":"2021-08-30T17:25:25","modified_gmt":"2021-08-30T22:25:25","slug":"diadema-sencilla-para-pc-consmo-jd-900","status":"publish","type":"product","link":"https:\/\/garrcorpcomputer.com\/index.php\/producto\/diadema-sencilla-para-pc-consmo-jd-900\/","title":{"rendered":"DIADEMA SENCILLA PARA PC CONSMO JD-900"},"content":{"rendered":"<ul>\n<li>Interfaz de 3.5 mm de 2 plug<\/li>\n<li>Cable de 1.5 mt<\/li>\n<li>Micr\u00f3fono escualizable<\/li>\n<\/ul>\n","protected":false},"excerpt":{"rendered":"<p>Interfaz de 3.5 mm de 2 plug Cable de 1.5 mt Micr\u00f3fono escualizable<\/p>\n","protected":false},"featured_media":4400,"comment_status":"closed","ping_status":"closed","template":"","meta":{"om_disable_all_campaigns":false,"_mi_skip_tracking":false,"spay_email":"","jetpack_publicize_message":"","jetpack_is_tweetstorm":false},"product_cat":[37,75],"product_tag":[],"jetpack_publicize_connections":[],"jetpack-related-posts":[{"id":4405,"url":"https:\/\/garrcorpcomputer.com\/index.php\/producto\/diadema-para-pc-consmo-jd-750\/","url_meta":{"origin":4399,"position":0},"title":"DIADEMA PARA PC CONSMO JD-750","date":"30 de agosto de 2021","format":false,"excerpt":"Interfaz de 3.5 mm de 2 plug Control de volumen en el cable Micr\u00f3fono y banda escualizable Bocinas acolchadas","rel":"","context":"Entrada similar","img":{"alt_text":"","src":"https:\/\/i2.wp.com\/garrcorpcomputer.com\/wp-content\/uploads\/2021\/08\/diadema-23.png?fit=354%2C455&ssl=1&resize=350%2C200","width":350,"height":200},"classes":[]},{"id":4408,"url":"https:\/\/garrcorpcomputer.com\/index.php\/producto\/diadema-tipo-gamer-de-plug-consmo-jd-032\/","url_meta":{"origin":4399,"position":1},"title":"DIADEMA TIPO GAMER DE PLUG CONSMO JD-032","date":"30 de agosto de 2021","format":false,"excerpt":"Dise\u00f1o tipo gamer Interfaz de 3.5 mm de 2 plug Sonido de alta fidelidad Control de volumen en el cable Micr\u00f3fono y banda escualizable Bocinas y bandas acolchadas Cable acordonado de 1.8 mt con control de volumen","rel":"","context":"Entrada similar","img":{"alt_text":"","src":"https:\/\/i1.wp.com\/garrcorpcomputer.com\/wp-content\/uploads\/2021\/08\/diadema-24.png?fit=420%2C442&ssl=1&resize=350%2C200","width":350,"height":200},"classes":[]},{"id":4402,"url":"https:\/\/garrcorpcomputer.com\/index.php\/producto\/diadema-para-pc-1-pluc-consmo-jd-809\/","url_meta":{"origin":4399,"position":2},"title":"DIADEMA PARA PC 1 PLUC CONSMO JD-809","date":"30 de agosto de 2021","format":false,"excerpt":"Interfaz de 3.5 mm 1 solo plug Cable de 1.5 mt Micr\u00f3fono externo en auricular","rel":"","context":"Entrada similar","img":{"alt_text":"","src":"https:\/\/i0.wp.com\/garrcorpcomputer.com\/wp-content\/uploads\/2021\/08\/diadema-22.png?fit=310%2C498&ssl=1&resize=350%2C200","width":350,"height":200},"classes":[]},{"id":4411,"url":"https:\/\/garrcorpcomputer.com\/index.php\/producto\/diadema-para-pc-consmo-jd868\/","url_meta":{"origin":4399,"position":3},"title":"DIADEMA PARA PC CONSMO JD868","date":"30 de agosto de 2021","format":false,"excerpt":"Interfaz de 3.5 mm de 2 plug Control de volumen en el cable Micr\u00f3fono siliconado en auricular Bocinas acolchadas Cable acordonado de 1.5 mt","rel":"","context":"Entrada similar","img":{"alt_text":"","src":"https:\/\/i0.wp.com\/garrcorpcomputer.com\/wp-content\/uploads\/2021\/08\/diadema-25.png?fit=404%2C460&ssl=1&resize=350%2C200","width":350,"height":200},"classes":[]},{"id":4417,"url":"https:\/\/garrcorpcomputer.com\/index.php\/producto\/diadema-gamer-led-consmo-gh-217\/","url_meta":{"origin":4399,"position":4},"title":"DIADEMA GAMER LED CONSMO GH-217","date":"30 de agosto de 2021","format":false,"excerpt":"Interfaz de 3.5 mm de 2 plug para audio y micr\u00f3fono Interfaz USB para energ\u00eda Iluminaci\u00f3n LED multicolor Micr\u00f3fono y control de volumen en auricular Banda ajustable Cable encauchetado de 2 mt conexi\u00f3n USB plug and play","rel":"","context":"Entrada similar","img":{"alt_text":"","src":"https:\/\/i1.wp.com\/garrcorpcomputer.com\/wp-content\/uploads\/2021\/08\/diadema-27.png?fit=322%2C471&ssl=1&resize=350%2C200","width":350,"height":200},"classes":[]},{"id":4396,"url":"https:\/\/garrcorpcomputer.com\/index.php\/producto\/diadema-para-pc-consmo-jd808\/","url_meta":{"origin":4399,"position":5},"title":"DIADEMA PARA PC CONSMO JD808","date":"30 de agosto de 2021","format":false,"excerpt":"Interfaz de 3.5 mm de 2 plug Cable acordonado con control de volumen Micr\u00f3fono incluido en cable","rel":"","context":"Entrada similar","img":{"alt_text":"","src":"https:\/\/i1.wp.com\/garrcorpcomputer.com\/wp-content\/uploads\/2021\/08\/diadema-20.png?fit=362%2C502&ssl=1&resize=350%2C200","width":350,"height":200},"classes":[]}],"jetpack_sharing_enabled":true,"_links":{"self":[{"href":"https:\/\/garrcorpcomputer.com\/index.php\/wp-json\/wp\/v2\/product\/4399"}],"collection":[{"href":"https:\/\/garrcorpcomputer.com\/index.php\/wp-json\/wp\/v2\/product"}],"about":[{"href":"https:\/\/garrcorpcomputer.com\/index.php\/wp-json\/wp\/v2\/types\/product"}],"replies":[{"embeddable":true,"href":"https:\/\/garrcorpcomputer.com\/index.php\/wp-json\/wp\/v2\/comments?post=4399"}],"version-history":[{"count":0,"href":"https:\/\/garrcorpcomputer.com\/index.php\/wp-json\/wp\/v2\/product\/4399\/revisions"}],"wp:featuredmedia":[{"embeddable":true,"href":"https:\/\/garrcorpcomputer.com\/index.php\/wp-json\/wp\/v2\/media\/4400"}],"wp:attachment":[{"href":"https:\/\/garrcorpcomputer.com\/index.php\/wp-json\/wp\/v2\/media?parent=4399"}],"wp:term":[{"taxonomy":"product_cat","embeddable":true,"href":"https:\/\/garrcorpcomputer.com\/index.php\/wp-json\/wp\/v2\/product_cat?post=4399"},{"taxonomy":"product_tag","embeddable":true,"href":"https:\/\/garrcorpcomputer.com\/index.php\/wp-json\/wp\/v2\/product_tag?post=4399"}],"curies":[{"name":"wp","href":"https:\/\/api.w.org\/{rel}","templated":true}]}}