{"id":4408,"date":"2021-08-30T17:47:15","date_gmt":"2021-08-30T22:47:15","guid":{"rendered":"https:\/\/garrcorpcomputer.com\/?post_type=product&#038;p=4408"},"modified":"2021-09-14T17:41:30","modified_gmt":"2021-09-14T22:41:30","slug":"diadema-tipo-gamer-de-plug-consmo-jd-032","status":"publish","type":"product","link":"https:\/\/garrcorpcomputer.com\/index.php\/producto\/diadema-tipo-gamer-de-plug-consmo-jd-032\/","title":{"rendered":"DIADEMA TIPO GAMER DE PLUG CONSMO JD-032"},"content":{"rendered":"<ul>\n<li>Dise\u00f1o tipo gamer<\/li>\n<li>Interfaz de 3.5 mm de 2 plug<\/li>\n<li>Sonido de alta fidelidad<\/li>\n<li>Control de volumen en el cable<\/li>\n<li>Micr\u00f3fono y banda escualizable<\/li>\n<li>Bocinas y bandas acolchadas<\/li>\n<li>Cable acordonado de 1.8 mt con control de volumen<\/li>\n<\/ul>\n","protected":false},"excerpt":{"rendered":"<p>Dise\u00f1o tipo gamer Interfaz de 3.5 mm de 2 plug Sonido de alta fidelidad Control de volumen en el cable Micr\u00f3fono y banda escualizable Bocinas y bandas acolchadas Cable acordonado de 1.8 mt con control de volumen<\/p>\n","protected":false},"featured_media":4409,"comment_status":"closed","ping_status":"closed","template":"","meta":{"om_disable_all_campaigns":false,"_mi_skip_tracking":false,"spay_email":"","jetpack_publicize_message":"","jetpack_is_tweetstorm":false},"product_cat":[346,328,75],"product_tag":[],"jetpack_publicize_connections":[],"jetpack-related-posts":[{"id":4417,"url":"https:\/\/garrcorpcomputer.com\/index.php\/producto\/diadema-gamer-led-consmo-gh-217\/","url_meta":{"origin":4408,"position":0},"title":"DIADEMA GAMER LED CONSMO GH-217","date":"30 de agosto de 2021","format":false,"excerpt":"Interfaz de 3.5 mm de 2 plug para audio y micr\u00f3fono Interfaz USB para energ\u00eda Iluminaci\u00f3n LED multicolor Micr\u00f3fono y control de volumen en auricular Banda ajustable Cable encauchetado de 2 mt conexi\u00f3n USB plug and play","rel":"","context":"Entrada similar","img":{"alt_text":"","src":"https:\/\/i1.wp.com\/garrcorpcomputer.com\/wp-content\/uploads\/2021\/08\/diadema-27.png?fit=322%2C471&ssl=1&resize=350%2C200","width":350,"height":200},"classes":[]},{"id":4238,"url":"https:\/\/garrcorpcomputer.com\/index.php\/producto\/diadema-gamer-misde-h7-ref-1126g-4\/","url_meta":{"origin":4408,"position":1},"title":"Diadema Gamer misde H7 Ref 1126G-4","date":"28 de agosto de 2021","format":false,"excerpt":"Interfaz de 3.5 mm de 2 plug para audio y micr\u00f3fono Interfaz USB para energ\u00eda Iluminaci\u00f3n LED multicolor Micr\u00f3fono y control de volumen en auricular Banda ajustable Cable de 2 metros Conexion USB Plug and Play","rel":"","context":"Entrada similar","img":{"alt_text":"","src":"https:\/\/i2.wp.com\/garrcorpcomputer.com\/wp-content\/uploads\/2021\/08\/diadema-15.png?fit=360%2C471&ssl=1&resize=350%2C200","width":350,"height":200},"classes":[]},{"id":4405,"url":"https:\/\/garrcorpcomputer.com\/index.php\/producto\/diadema-para-pc-consmo-jd-750\/","url_meta":{"origin":4408,"position":2},"title":"DIADEMA PARA PC CONSMO JD-750","date":"30 de agosto de 2021","format":false,"excerpt":"Interfaz de 3.5 mm de 2 plug Control de volumen en el cable Micr\u00f3fono y banda escualizable Bocinas acolchadas","rel":"","context":"Entrada similar","img":{"alt_text":"","src":"https:\/\/i2.wp.com\/garrcorpcomputer.com\/wp-content\/uploads\/2021\/08\/diadema-23.png?fit=354%2C455&ssl=1&resize=350%2C200","width":350,"height":200},"classes":[]},{"id":4414,"url":"https:\/\/garrcorpcomputer.com\/index.php\/producto\/diadema-usb-consmo-gh-15s\/","url_meta":{"origin":4408,"position":3},"title":"DIADEMA USB CONSMO GH-15S","date":"30 de agosto de 2021","format":false,"excerpt":"Interfaz 100% USB plug and play Cable de 2 mt Control y suspensi\u00f3n de audio y volumen Micr\u00f3fono escualizable de alta fidelidad Bocina y bandas ajustables","rel":"","context":"Entrada similar","img":{"alt_text":"","src":"https:\/\/i2.wp.com\/garrcorpcomputer.com\/wp-content\/uploads\/2021\/08\/diadema-26.png?fit=367%2C508&ssl=1&resize=350%2C200","width":350,"height":200},"classes":[]},{"id":4362,"url":"https:\/\/garrcorpcomputer.com\/index.php\/producto\/combo-gamer-3-en-1-cp-02\/","url_meta":{"origin":4408,"position":4},"title":"COMBO GAMER 3 EN 1 CP-02","date":"30 de agosto de 2021","format":false,"excerpt":"Diadema 2 plug de 3.5 mm Iluminaci\u00f3n LED multicolor Micr\u00f3fono interno en auricular Cable 2 mt Conexi\u00f3n USB plug and play","rel":"","context":"Entrada similar","img":{"alt_text":"","src":"https:\/\/i2.wp.com\/garrcorpcomputer.com\/wp-content\/uploads\/2021\/08\/COMBO-GAMER-11.png?fit=514%2C473&ssl=1&resize=350%2C200","width":350,"height":200},"classes":[]},{"id":4396,"url":"https:\/\/garrcorpcomputer.com\/index.php\/producto\/diadema-para-pc-consmo-jd808\/","url_meta":{"origin":4408,"position":5},"title":"DIADEMA PARA PC CONSMO JD808","date":"30 de agosto de 2021","format":false,"excerpt":"Interfaz de 3.5 mm de 2 plug Cable acordonado con control de volumen Micr\u00f3fono incluido en cable","rel":"","context":"Entrada similar","img":{"alt_text":"","src":"https:\/\/i1.wp.com\/garrcorpcomputer.com\/wp-content\/uploads\/2021\/08\/diadema-20.png?fit=362%2C502&ssl=1&resize=350%2C200","width":350,"height":200},"classes":[]}],"jetpack_sharing_enabled":true,"_links":{"self":[{"href":"https:\/\/garrcorpcomputer.com\/index.php\/wp-json\/wp\/v2\/product\/4408"}],"collection":[{"href":"https:\/\/garrcorpcomputer.com\/index.php\/wp-json\/wp\/v2\/product"}],"about":[{"href":"https:\/\/garrcorpcomputer.com\/index.php\/wp-json\/wp\/v2\/types\/product"}],"replies":[{"embeddable":true,"href":"https:\/\/garrcorpcomputer.com\/index.php\/wp-json\/wp\/v2\/comments?post=4408"}],"version-history":[{"count":1,"href":"https:\/\/garrcorpcomputer.com\/index.php\/wp-json\/wp\/v2\/product\/4408\/revisions"}],"predecessor-version":[{"id":5919,"href":"https:\/\/garrcorpcomputer.com\/index.php\/wp-json\/wp\/v2\/product\/4408\/revisions\/5919"}],"wp:featuredmedia":[{"embeddable":true,"href":"https:\/\/garrcorpcomputer.com\/index.php\/wp-json\/wp\/v2\/media\/4409"}],"wp:attachment":[{"href":"https:\/\/garrcorpcomputer.com\/index.php\/wp-json\/wp\/v2\/media?parent=4408"}],"wp:term":[{"taxonomy":"product_cat","embeddable":true,"href":"https:\/\/garrcorpcomputer.com\/index.php\/wp-json\/wp\/v2\/product_cat?post=4408"},{"taxonomy":"product_tag","embeddable":true,"href":"https:\/\/garrcorpcomputer.com\/index.php\/wp-json\/wp\/v2\/product_tag?post=4408"}],"curies":[{"name":"wp","href":"https:\/\/api.w.org\/{rel}","templated":true}]}}