{"id":4411,"date":"2021-08-30T17:54:03","date_gmt":"2021-08-30T22:54:03","guid":{"rendered":"https:\/\/garrcorpcomputer.com\/?post_type=product&#038;p=4411"},"modified":"2021-08-30T17:54:04","modified_gmt":"2021-08-30T22:54:04","slug":"diadema-para-pc-consmo-jd868","status":"publish","type":"product","link":"https:\/\/garrcorpcomputer.com\/index.php\/producto\/diadema-para-pc-consmo-jd868\/","title":{"rendered":"DIADEMA PARA PC CONSMO JD868"},"content":{"rendered":"<ul>\n<li>Interfaz de 3.5 mm de 2 plug<\/li>\n<li>Control de volumen en el cable<\/li>\n<li>Micr\u00f3fono siliconado en auricular<\/li>\n<li>Bocinas acolchadas<\/li>\n<li>Cable acordonado de 1.5 mt<\/li>\n<\/ul>\n","protected":false},"excerpt":{"rendered":"<p>Interfaz de 3.5 mm de 2 plug Control de volumen en el cable Micr\u00f3fono siliconado en auricular Bocinas acolchadas Cable acordonado de 1.5 mt<\/p>\n","protected":false},"featured_media":4412,"comment_status":"closed","ping_status":"closed","template":"","meta":{"om_disable_all_campaigns":false,"_mi_skip_tracking":false,"spay_email":"","jetpack_publicize_message":"","jetpack_is_tweetstorm":false},"product_cat":[37,75],"product_tag":[],"jetpack_publicize_connections":[],"jetpack-related-posts":[{"id":4396,"url":"https:\/\/garrcorpcomputer.com\/index.php\/producto\/diadema-para-pc-consmo-jd808\/","url_meta":{"origin":4411,"position":0},"title":"DIADEMA PARA PC CONSMO JD808","date":"30 de agosto de 2021","format":false,"excerpt":"Interfaz de 3.5 mm de 2 plug Cable acordonado con control de volumen Micr\u00f3fono incluido en cable","rel":"","context":"Entrada similar","img":{"alt_text":"","src":"https:\/\/i1.wp.com\/garrcorpcomputer.com\/wp-content\/uploads\/2021\/08\/diadema-20.png?fit=362%2C502&ssl=1&resize=350%2C200","width":350,"height":200},"classes":[]},{"id":4197,"url":"https:\/\/garrcorpcomputer.com\/index.php\/producto\/diadema-gamer-metalica-rgb-havit-hv-h2018u\/","url_meta":{"origin":4411,"position":1},"title":"Diadema Gamer Metalica RGB HAVIT HV-H2018U","date":"28 de agosto de 2021","format":false,"excerpt":"Cable acordonado de 2.2mt Enchufe USB 7.1 Micr\u00f3fono Control de volumen en cable","rel":"","context":"Entrada similar","img":{"alt_text":"","src":"https:\/\/i2.wp.com\/garrcorpcomputer.com\/wp-content\/uploads\/2021\/08\/diadema-6.png?fit=282%2C332&ssl=1&resize=350%2C200","width":350,"height":200},"classes":[]},{"id":4203,"url":"https:\/\/garrcorpcomputer.com\/index.php\/producto\/diadema-gamer-v10-aaa\/","url_meta":{"origin":4411,"position":2},"title":"Diadema Gamer V10 AAA","date":"28 de agosto de 2021","format":false,"excerpt":"Sonido USB 7.1 est\u00e9reo Iluminaci\u00f3n RGB Aislamiento de sonido Micr\u00f3fono escualizable Control de volumen integrado en cable Cable encauchetado de alto calibre y longitud","rel":"","context":"Entrada similar","img":{"alt_text":"","src":"https:\/\/i1.wp.com\/garrcorpcomputer.com\/wp-content\/uploads\/2021\/08\/diadema-8.png?fit=493%2C493&ssl=1&resize=350%2C200","width":350,"height":200},"classes":[]},{"id":4276,"url":"https:\/\/garrcorpcomputer.com\/index.php\/producto\/diadema-gamer-hs-g560-genius\/","url_meta":{"origin":4411,"position":3},"title":"Diadema Gamer HS-G560 Genius","date":"29 de agosto de 2021","format":false,"excerpt":"2 conectores de 3.5 mm Micr\u00f3fono de brazo ajustable Control de volumen en cable Diadema ajustable Almohadillas suaves Reducci\u00f3n de ruido Cable de 2 mt","rel":"","context":"Entrada similar","img":{"alt_text":"","src":"https:\/\/i0.wp.com\/garrcorpcomputer.com\/wp-content\/uploads\/2021\/08\/diadema-18.png?fit=262%2C384&ssl=1&resize=350%2C200","width":350,"height":200},"classes":[]},{"id":4234,"url":"https:\/\/garrcorpcomputer.com\/index.php\/producto\/diadema-usb-virtual-stereo-gamer-024-mv\/","url_meta":{"origin":4411,"position":4},"title":"Diadema USB virtual stereo Gamer 024-MV","date":"28 de agosto de 2021","format":false,"excerpt":"USB 7.1 canales Cable 2.4 metros\u00a0 Conector USB\u00a0 \u00a0Micr\u00f3fono escualizable Control de volumen en cable Aislamiento de sonido \u00a0","rel":"","context":"Entrada similar","img":{"alt_text":"","src":"https:\/\/i2.wp.com\/garrcorpcomputer.com\/wp-content\/uploads\/2021\/08\/diadema-14.png?fit=682%2C421&ssl=1&resize=350%2C200","width":350,"height":200},"classes":[]},{"id":4108,"url":"https:\/\/garrcorpcomputer.com\/index.php\/producto\/mouse-retractil-usb-genius-micro-traveler\/","url_meta":{"origin":4411,"position":5},"title":"Mouse retractil USB Genius micro Traveler","date":"27 de agosto de 2021","format":false,"excerpt":"M\u00faltiples colores para combinar con su notebook Gran potabilidad con cable retr\u00e1ctil Compatible con Windows y MacOS Interfaz USB Sensor \u00f3ptico DPI 1000 Botones 3 incluido scroll Longitud de cable de alimentaci\u00f3n 0.86m","rel":"","context":"Entrada similar","img":{"alt_text":"","src":"https:\/\/i0.wp.com\/garrcorpcomputer.com\/wp-content\/uploads\/2021\/08\/mouse-7.png?fit=962%2C356&ssl=1&resize=350%2C200","width":350,"height":200},"classes":[]}],"jetpack_sharing_enabled":true,"_links":{"self":[{"href":"https:\/\/garrcorpcomputer.com\/index.php\/wp-json\/wp\/v2\/product\/4411"}],"collection":[{"href":"https:\/\/garrcorpcomputer.com\/index.php\/wp-json\/wp\/v2\/product"}],"about":[{"href":"https:\/\/garrcorpcomputer.com\/index.php\/wp-json\/wp\/v2\/types\/product"}],"replies":[{"embeddable":true,"href":"https:\/\/garrcorpcomputer.com\/index.php\/wp-json\/wp\/v2\/comments?post=4411"}],"version-history":[{"count":0,"href":"https:\/\/garrcorpcomputer.com\/index.php\/wp-json\/wp\/v2\/product\/4411\/revisions"}],"wp:featuredmedia":[{"embeddable":true,"href":"https:\/\/garrcorpcomputer.com\/index.php\/wp-json\/wp\/v2\/media\/4412"}],"wp:attachment":[{"href":"https:\/\/garrcorpcomputer.com\/index.php\/wp-json\/wp\/v2\/media?parent=4411"}],"wp:term":[{"taxonomy":"product_cat","embeddable":true,"href":"https:\/\/garrcorpcomputer.com\/index.php\/wp-json\/wp\/v2\/product_cat?post=4411"},{"taxonomy":"product_tag","embeddable":true,"href":"https:\/\/garrcorpcomputer.com\/index.php\/wp-json\/wp\/v2\/product_tag?post=4411"}],"curies":[{"name":"wp","href":"https:\/\/api.w.org\/{rel}","templated":true}]}}