{"id":4417,"date":"2021-08-30T18:09:37","date_gmt":"2021-08-30T23:09:37","guid":{"rendered":"https:\/\/garrcorpcomputer.com\/?post_type=product&#038;p=4417"},"modified":"2021-09-14T17:40:24","modified_gmt":"2021-09-14T22:40:24","slug":"diadema-gamer-led-consmo-gh-217","status":"publish","type":"product","link":"https:\/\/garrcorpcomputer.com\/index.php\/producto\/diadema-gamer-led-consmo-gh-217\/","title":{"rendered":"DIADEMA GAMER LED CONSMO GH-217"},"content":{"rendered":"<ul>\n<li>Interfaz de 3.5 mm de 2 plug para audio y micr\u00f3fono<\/li>\n<li>Interfaz USB para energ\u00eda<\/li>\n<li>Iluminaci\u00f3n LED multicolor<\/li>\n<li>Micr\u00f3fono y control de volumen en auricular<\/li>\n<li>Banda ajustable<\/li>\n<li>Cable encauchetado de 2 mt<\/li>\n<li>conexi\u00f3n USB plug and play<\/li>\n<\/ul>\n","protected":false},"excerpt":{"rendered":"<p>Interfaz de 3.5 mm de 2 plug para audio y micr\u00f3fono Interfaz USB para energ\u00eda Iluminaci\u00f3n LED multicolor Micr\u00f3fono y control de volumen en auricular Banda ajustable Cable encauchetado de 2 mt conexi\u00f3n USB plug and play<\/p>\n","protected":false},"featured_media":4418,"comment_status":"closed","ping_status":"closed","template":"","meta":{"om_disable_all_campaigns":false,"_mi_skip_tracking":false,"spay_email":"","jetpack_publicize_message":"","jetpack_is_tweetstorm":false},"product_cat":[346,328,75],"product_tag":[],"jetpack_publicize_connections":[],"jetpack-related-posts":[{"id":4238,"url":"https:\/\/garrcorpcomputer.com\/index.php\/producto\/diadema-gamer-misde-h7-ref-1126g-4\/","url_meta":{"origin":4417,"position":0},"title":"Diadema Gamer misde H7 Ref 1126G-4","date":"28 de agosto de 2021","format":false,"excerpt":"Interfaz de 3.5 mm de 2 plug para audio y micr\u00f3fono Interfaz USB para energ\u00eda Iluminaci\u00f3n LED multicolor Micr\u00f3fono y control de volumen en auricular Banda ajustable Cable de 2 metros Conexion USB Plug and Play","rel":"","context":"Entrada similar","img":{"alt_text":"","src":"https:\/\/i2.wp.com\/garrcorpcomputer.com\/wp-content\/uploads\/2021\/08\/diadema-15.png?fit=360%2C471&ssl=1&resize=350%2C200","width":350,"height":200},"classes":[]},{"id":4210,"url":"https:\/\/garrcorpcomputer.com\/index.php\/producto\/diadema-gamer-tech-gt15d-ref-10915\/","url_meta":{"origin":4417,"position":1},"title":"Diadema Gamer Tech GT15D Ref 10915","date":"28 de agosto de 2021","format":false,"excerpt":"Interfaz al\u00e1mbrico Jack 3.5 X1 audio y micr\u00f3fono USB para luz Led azul Plug and play Sonido stereo Diadema ajustable","rel":"","context":"Entrada similar","img":{"alt_text":"","src":"https:\/\/i2.wp.com\/garrcorpcomputer.com\/wp-content\/uploads\/2021\/08\/diadema-11.png?fit=542%2C570&ssl=1&resize=350%2C200","width":350,"height":200},"classes":[]},{"id":4362,"url":"https:\/\/garrcorpcomputer.com\/index.php\/producto\/combo-gamer-3-en-1-cp-02\/","url_meta":{"origin":4417,"position":2},"title":"COMBO GAMER 3 EN 1 CP-02","date":"30 de agosto de 2021","format":false,"excerpt":"Diadema 2 plug de 3.5 mm Iluminaci\u00f3n LED multicolor Micr\u00f3fono interno en auricular Cable 2 mt Conexi\u00f3n USB plug and play","rel":"","context":"Entrada similar","img":{"alt_text":"","src":"https:\/\/i2.wp.com\/garrcorpcomputer.com\/wp-content\/uploads\/2021\/08\/COMBO-GAMER-11.png?fit=514%2C473&ssl=1&resize=350%2C200","width":350,"height":200},"classes":[]},{"id":4414,"url":"https:\/\/garrcorpcomputer.com\/index.php\/producto\/diadema-usb-consmo-gh-15s\/","url_meta":{"origin":4417,"position":3},"title":"DIADEMA USB CONSMO GH-15S","date":"30 de agosto de 2021","format":false,"excerpt":"Interfaz 100% USB plug and play Cable de 2 mt Control y suspensi\u00f3n de audio y volumen Micr\u00f3fono escualizable de alta fidelidad Bocina y bandas ajustables","rel":"","context":"Entrada similar","img":{"alt_text":"","src":"https:\/\/i2.wp.com\/garrcorpcomputer.com\/wp-content\/uploads\/2021\/08\/diadema-26.png?fit=367%2C508&ssl=1&resize=350%2C200","width":350,"height":200},"classes":[]},{"id":5902,"url":"https:\/\/garrcorpcomputer.com\/index.php\/producto\/diadema-usb-gamer-tech-kx15\/","url_meta":{"origin":4417,"position":4},"title":"Diadema USB Gamer Tech KX15","date":"13 de septiembre de 2021","format":false,"excerpt":"Diadema gamer para PS4 USB para LED \/ Luz LED fija 1 plug 3.5 mm para ps4 Micr\u00f3fono fijo alta definici\u00f3n Control de volumen Super bass Dise\u00f1o ergon\u00f3mico Multiplataforma","rel":"","context":"Con 2 comentarios","img":{"alt_text":"","src":"https:\/\/i0.wp.com\/garrcorpcomputer.com\/wp-content\/uploads\/2021\/09\/diadema-gamer-4.png?fit=340%2C414&ssl=1&resize=350%2C200","width":350,"height":200},"classes":[]},{"id":4320,"url":"https:\/\/garrcorpcomputer.com\/index.php\/producto\/combo-gamer-multimedia-3-en-1-led-ctmgjr-014\/","url_meta":{"origin":4417,"position":5},"title":"COMBO GAMER MULTIMEDIA 3 EN 1 LED CTMGJR-014","date":"30 de agosto de 2021","format":false,"excerpt":"MOUSE GAMER 6 BOTONES SCROLL DENTADO CLICK CONFORTABLE CABLE ACORDONADO 800-1600-2000 DPI PLUG 3.5 MM + USB MICROFONO DE BRAZO AJUSTABLE","rel":"","context":"Entrada similar","img":{"alt_text":"","src":"https:\/\/i1.wp.com\/garrcorpcomputer.com\/wp-content\/uploads\/2021\/08\/COMBO-GAMER-4.png?fit=730%2C403&ssl=1&resize=350%2C200","width":350,"height":200},"classes":[]}],"jetpack_sharing_enabled":true,"_links":{"self":[{"href":"https:\/\/garrcorpcomputer.com\/index.php\/wp-json\/wp\/v2\/product\/4417"}],"collection":[{"href":"https:\/\/garrcorpcomputer.com\/index.php\/wp-json\/wp\/v2\/product"}],"about":[{"href":"https:\/\/garrcorpcomputer.com\/index.php\/wp-json\/wp\/v2\/types\/product"}],"replies":[{"embeddable":true,"href":"https:\/\/garrcorpcomputer.com\/index.php\/wp-json\/wp\/v2\/comments?post=4417"}],"version-history":[{"count":1,"href":"https:\/\/garrcorpcomputer.com\/index.php\/wp-json\/wp\/v2\/product\/4417\/revisions"}],"predecessor-version":[{"id":5918,"href":"https:\/\/garrcorpcomputer.com\/index.php\/wp-json\/wp\/v2\/product\/4417\/revisions\/5918"}],"wp:featuredmedia":[{"embeddable":true,"href":"https:\/\/garrcorpcomputer.com\/index.php\/wp-json\/wp\/v2\/media\/4418"}],"wp:attachment":[{"href":"https:\/\/garrcorpcomputer.com\/index.php\/wp-json\/wp\/v2\/media?parent=4417"}],"wp:term":[{"taxonomy":"product_cat","embeddable":true,"href":"https:\/\/garrcorpcomputer.com\/index.php\/wp-json\/wp\/v2\/product_cat?post=4417"},{"taxonomy":"product_tag","embeddable":true,"href":"https:\/\/garrcorpcomputer.com\/index.php\/wp-json\/wp\/v2\/product_tag?post=4417"}],"curies":[{"name":"wp","href":"https:\/\/api.w.org\/{rel}","templated":true}]}}