{"id":4425,"date":"2021-08-30T18:30:20","date_gmt":"2021-08-30T23:30:20","guid":{"rendered":"https:\/\/garrcorpcomputer.com\/?post_type=product&#038;p=4425"},"modified":"2021-08-30T18:30:21","modified_gmt":"2021-08-30T23:30:21","slug":"base-refrigerante-consmo-f528","status":"publish","type":"product","link":"https:\/\/garrcorpcomputer.com\/index.php\/producto\/base-refrigerante-consmo-f528\/","title":{"rendered":"BASE REFRIGERANTE CONSMO F528"},"content":{"rendered":"<ul>\n<li>soporta equipos hasta 14 pulgadas<\/li>\n<li>Iluminaci\u00f3n Led<\/li>\n<li>Ventilador ultra silencioso<\/li>\n<li>Conexi\u00f3n USB plug and play<\/li>\n<\/ul>\n","protected":false},"excerpt":{"rendered":"<p>soporta equipos hasta 14 pulgadas Iluminaci\u00f3n Led Ventilador ultra silencioso Conexi\u00f3n USB plug and play<\/p>\n","protected":false},"featured_media":4426,"comment_status":"closed","ping_status":"closed","template":"","meta":{"om_disable_all_campaigns":false,"_mi_skip_tracking":false,"spay_email":"","jetpack_publicize_message":"","jetpack_is_tweetstorm":false},"product_cat":[27,75],"product_tag":[],"jetpack_publicize_connections":[],"jetpack-related-posts":[{"id":4420,"url":"https:\/\/garrcorpcomputer.com\/index.php\/producto\/base-refrigerante-reclinable-consmo-f638\/","url_meta":{"origin":4425,"position":0},"title":"BASE REFRIGERANTE RECLINABLE CONSMO F638","date":"30 de agosto de 2021","format":false,"excerpt":"Soporta equipos de 17 pulgadas 2 puertos USB Iluminaci\u00f3n LED Ajuste de 5 posiciones Ventilador ultra silencioso de 1200 RPM Conexi\u00f3n USB plug and play","rel":"","context":"Entrada similar","img":{"alt_text":"","src":"https:\/\/i2.wp.com\/garrcorpcomputer.com\/wp-content\/uploads\/2021\/08\/base-refrigerante.png?fit=353%2C261&ssl=1&resize=350%2C200","width":350,"height":200},"classes":[]},{"id":4417,"url":"https:\/\/garrcorpcomputer.com\/index.php\/producto\/diadema-gamer-led-consmo-gh-217\/","url_meta":{"origin":4425,"position":1},"title":"DIADEMA GAMER LED CONSMO GH-217","date":"30 de agosto de 2021","format":false,"excerpt":"Interfaz de 3.5 mm de 2 plug para audio y micr\u00f3fono Interfaz USB para energ\u00eda Iluminaci\u00f3n LED multicolor Micr\u00f3fono y control de volumen en auricular Banda ajustable Cable encauchetado de 2 mt conexi\u00f3n USB plug and play","rel":"","context":"Entrada similar","img":{"alt_text":"","src":"https:\/\/i1.wp.com\/garrcorpcomputer.com\/wp-content\/uploads\/2021\/08\/diadema-27.png?fit=322%2C471&ssl=1&resize=350%2C200","width":350,"height":200},"classes":[]},{"id":4383,"url":"https:\/\/garrcorpcomputer.com\/index.php\/producto\/mouse-retroiluminado-gamer-usb-consmo-gm830\/","url_meta":{"origin":4425,"position":2},"title":"MOUSE RETROILUMINADO GAMER USB CONSMO GM830","date":"30 de agosto de 2021","format":false,"excerpt":"Mouse con sensor \u00f3ptico gamer Dise\u00f1o ergonomico Iluminaci\u00f3n LED multicolor Cable acordonado con filtro de 1.5 mt 7 botones + scroll Hasta 3200 DPI Conexi\u00f3n USB plug and play","rel":"","context":"Entrada similar","img":{"alt_text":"","src":"https:\/\/i1.wp.com\/garrcorpcomputer.com\/wp-content\/uploads\/2021\/08\/mouse-11-1.png?fit=323%2C503&ssl=1&resize=350%2C200","width":350,"height":200},"classes":[]},{"id":4362,"url":"https:\/\/garrcorpcomputer.com\/index.php\/producto\/combo-gamer-3-en-1-cp-02\/","url_meta":{"origin":4425,"position":3},"title":"COMBO GAMER 3 EN 1 CP-02","date":"30 de agosto de 2021","format":false,"excerpt":"Diadema 2 plug de 3.5 mm Iluminaci\u00f3n LED multicolor Micr\u00f3fono interno en auricular Cable 2 mt Conexi\u00f3n USB plug and play","rel":"","context":"Entrada similar","img":{"alt_text":"","src":"https:\/\/i2.wp.com\/garrcorpcomputer.com\/wp-content\/uploads\/2021\/08\/COMBO-GAMER-11.png?fit=514%2C473&ssl=1&resize=350%2C200","width":350,"height":200},"classes":[]},{"id":4359,"url":"https:\/\/garrcorpcomputer.com\/index.php\/producto\/combo-teclado-y-mouse-usb-gaming-retroiluminado-gk100\/","url_meta":{"origin":4425,"position":4},"title":"COMBO TECLADO Y MOUSE USB GAMING RETROILUMINADO GK100","date":"30 de agosto de 2021","format":false,"excerpt":"MOUSE ILUMINACI\u00d3N LED MULTICOLOR 2 BOTONES + SCROLL 1000 DPI CABLE 1.5 mt CONEXI\u00d3N USB PLUG AND PLAY","rel":"","context":"Entrada similar","img":{"alt_text":"","src":"https:\/\/i1.wp.com\/garrcorpcomputer.com\/wp-content\/uploads\/2021\/08\/TECLADO-7-1.png?fit=782%2C219&ssl=1&resize=350%2C200","width":350,"height":200},"classes":[]},{"id":4339,"url":"https:\/\/garrcorpcomputer.com\/index.php\/producto\/teclado-sencillo-usb-consmo-k13\/","url_meta":{"origin":4425,"position":5},"title":"TECLADO SENCILLO USB CONSMO K13","date":"30 de agosto de 2021","format":false,"excerpt":"Teclado en espa\u00f1ol 108 Teclas impresi\u00f3n l\u00e1ser Conexi\u00f3n USB plug and play","rel":"","context":"Entrada similar","img":{"alt_text":"","src":"https:\/\/i1.wp.com\/garrcorpcomputer.com\/wp-content\/uploads\/2021\/08\/TECLADO-1-4.png?fit=703%2C283&ssl=1&resize=350%2C200","width":350,"height":200},"classes":[]}],"jetpack_sharing_enabled":true,"_links":{"self":[{"href":"https:\/\/garrcorpcomputer.com\/index.php\/wp-json\/wp\/v2\/product\/4425"}],"collection":[{"href":"https:\/\/garrcorpcomputer.com\/index.php\/wp-json\/wp\/v2\/product"}],"about":[{"href":"https:\/\/garrcorpcomputer.com\/index.php\/wp-json\/wp\/v2\/types\/product"}],"replies":[{"embeddable":true,"href":"https:\/\/garrcorpcomputer.com\/index.php\/wp-json\/wp\/v2\/comments?post=4425"}],"version-history":[{"count":0,"href":"https:\/\/garrcorpcomputer.com\/index.php\/wp-json\/wp\/v2\/product\/4425\/revisions"}],"wp:featuredmedia":[{"embeddable":true,"href":"https:\/\/garrcorpcomputer.com\/index.php\/wp-json\/wp\/v2\/media\/4426"}],"wp:attachment":[{"href":"https:\/\/garrcorpcomputer.com\/index.php\/wp-json\/wp\/v2\/media?parent=4425"}],"wp:term":[{"taxonomy":"product_cat","embeddable":true,"href":"https:\/\/garrcorpcomputer.com\/index.php\/wp-json\/wp\/v2\/product_cat?post=4425"},{"taxonomy":"product_tag","embeddable":true,"href":"https:\/\/garrcorpcomputer.com\/index.php\/wp-json\/wp\/v2\/product_tag?post=4425"}],"curies":[{"name":"wp","href":"https:\/\/api.w.org\/{rel}","templated":true}]}}