{"id":4430,"date":"2021-08-30T18:40:25","date_gmt":"2021-08-30T23:40:25","guid":{"rendered":"https:\/\/garrcorpcomputer.com\/?post_type=product&#038;p=4430"},"modified":"2021-08-30T18:40:26","modified_gmt":"2021-08-30T23:40:26","slug":"parlantes-usb-de-3w-consmo-jns-18","status":"publish","type":"product","link":"https:\/\/garrcorpcomputer.com\/index.php\/producto\/parlantes-usb-de-3w-consmo-jns-18\/","title":{"rendered":"PARLANTES USB DE 3W CONSMO JNS-18"},"content":{"rendered":"<ul>\n<li>Potencia 3w x 2 RMS<\/li>\n<li>Dimensiones 14 de alto x 9 cent\u00edmetros de ancho<\/li>\n<li>Control de volumen y encendido<\/li>\n<li>Interfaz USB para corriente<\/li>\n<li>Plug de 3.5 mm para sonido<\/li>\n<\/ul>\n","protected":false},"excerpt":{"rendered":"<p>Potencia 3w x 2 RMS Dimensiones 14 de alto x 9 cent\u00edmetros de ancho Control de volumen y encendido Interfaz USB para corriente Plug de 3.5 mm para sonido<\/p>\n","protected":false},"featured_media":4431,"comment_status":"closed","ping_status":"closed","template":"","meta":{"om_disable_all_campaigns":false,"_mi_skip_tracking":false,"spay_email":"","jetpack_publicize_message":"","jetpack_is_tweetstorm":false},"product_cat":[53,75],"product_tag":[],"jetpack_publicize_connections":[],"jetpack-related-posts":[{"id":4152,"url":"https:\/\/garrcorpcomputer.com\/index.php\/producto\/altavoz-genius-sp-hf-180\/","url_meta":{"origin":4430,"position":0},"title":"Altavoz Genius SP HF 180","date":"27 de agosto de 2021","format":false,"excerpt":"Altavoces est\u00e9reo de madera USB. Dise\u00f1o compacto sencillo con elegancia y estilo. Potencia m\u00e1xima total 6W (3W x 2) Alimentaci\u00f3n Conector USB Frecuencia 160Hz - 18KHz Control de volumen en cable Entrada de audio 3.5 mm Longitud de cable 1.2 m \u00a0Peso (g)\u00a0 Aprox. 644g Unidad de potencia 2","rel":"","context":"Entrada similar","img":{"alt_text":"","src":"https:\/\/i2.wp.com\/garrcorpcomputer.com\/wp-content\/uploads\/2021\/08\/altavoz-1.png?fit=938%2C387&ssl=1&resize=350%2C200","width":350,"height":200},"classes":[]},{"id":4434,"url":"https:\/\/garrcorpcomputer.com\/index.php\/producto\/parlantes-usb-de-w-consmo-a8\/","url_meta":{"origin":4430,"position":1},"title":"PARLANTES USB DE W CONSMO A8","date":"30 de agosto de 2021","format":false,"excerpt":"potencia 5w x 2 RMS Dimensiones 11 de alto x 10.5 cent\u00edmetros de ancho Control de volumen en cable Interfaz USB para corriente Plug de 3.5 mm para sonido","rel":"","context":"Entrada similar","img":{"alt_text":"","src":"https:\/\/i2.wp.com\/garrcorpcomputer.com\/wp-content\/uploads\/2021\/08\/parlantes-1.png?fit=502%2C223&ssl=1&resize=350%2C200","width":350,"height":200},"classes":[]},{"id":4445,"url":"https:\/\/garrcorpcomputer.com\/index.php\/producto\/portatil-asus-x509ua-ej345-core3-7020u-4gb-256gb-ssd-linux-m05910\/","url_meta":{"origin":4430,"position":2},"title":"Port\u00e1til Asus X509ua-ej345 Core!3- 7020u 4GB 256Gb Ssd Linux-M05910","date":"31 de agosto de 2021","format":false,"excerpt":"Procesador: Intel Core i3 7020U 2 N\u00facleos (DualCore) 2.30 GHz \u00a0Gr\u00e1ficos: Integrados Gr\u00e1ficos HD Intel\u00ae 620 Memoria RAM: 4GB OnBoard DDR4 2400 MHz Sistema operativo: Linux Disco Duro: 256GB SSD Conexi\u00f3n M2 PCIe Pantalla: 15.6 Pulgadas Full HD (1920 * 1080) con Bordes Reducidos (Nano Edge) Conectividad: Wi-Fi 5 (802.11\u2026","rel":"","context":"Entrada similar","img":{"alt_text":"","src":"https:\/\/i1.wp.com\/garrcorpcomputer.com\/wp-content\/uploads\/2021\/08\/portatil-1-1.png?fit=391%2C263&ssl=1&resize=350%2C200","width":350,"height":200},"classes":[]},{"id":4437,"url":"https:\/\/garrcorpcomputer.com\/index.php\/producto\/portatil-hp-240-g7-celeron-n4020-4gb-500-gb-linux-1m9u3lt\/","url_meta":{"origin":4430,"position":3},"title":"Port\u00e1til Hp 240 G7 Celeron N4020 4GB 500 GB Linux-1M9U3LT","date":"31 de agosto de 2021","format":false,"excerpt":"Procesador: Intel Celeron N4020 1.10 GHz Memoria Ram: 4GB DDR4 a 2400 mhz Disco duro: 500 GB Sistema operativo: Linux Fedora Pantalla: 14 \"hd (1366 x 768) Conexi\u00f3n: wifi, bluetooth C\u00e1mara: Si Audio: Altavoces est\u00e9reos Color: gris oscuro Dimensiones: 33,5 x 23,4 x 1,99 cm Peso: 1,52 kg aproximadamente Bater\u00eda:\u2026","rel":"","context":"Entrada similar","img":{"alt_text":"","src":"https:\/\/i2.wp.com\/garrcorpcomputer.com\/wp-content\/uploads\/2021\/08\/portatil-2.png?fit=302%2C231&ssl=1&resize=350%2C200","width":350,"height":200},"classes":[]},{"id":4460,"url":"https:\/\/garrcorpcomputer.com\/index.php\/producto\/portatil-hp-240-g7-celeron-n4020-4gb-500gb-linux-1m9u3lt\/","url_meta":{"origin":4430,"position":4},"title":"Port\u00e1til Hp 240 G7 Celeron N4020 4GB 500GB Linux-1M9U3LT","date":"31 de agosto de 2021","format":false,"excerpt":"Procesador: Intel Celeron N4020 1.10 GHz Memoria Ram: 4GB DDR4 a 2400 mhz Disco duro: 500 GB Sistema operativo: Linux Fedora Pantalla: 14 \"hd (1366 x 768) Conexi\u00f3n: wifi, bluetooth C\u00e1mara: Si Audio: Altavoces est\u00e9reos Color: gris oscuro Dimensiones: 33,5 x 23,4 x 1,99 cm Peso: 1,52 kg Aproximadamente Bater\u00eda:\u2026","rel":"","context":"Entrada similar","img":{"alt_text":"","src":"","width":0,"height":0},"classes":[]},{"id":4463,"url":"https:\/\/garrcorpcomputer.com\/index.php\/producto\/portatil-hp-240g7-celeron-n4020-8gb-1t-linux-14p-223y6lt\/","url_meta":{"origin":4430,"position":5},"title":"Port\u00e1til Hp 240G7 Celeron N4020 8GB 1t Linux 14p &#8211; 223Y6LT","date":"31 de agosto de 2021","format":false,"excerpt":"Procesador: Intel Celeron N4020 1.10 GHz Memoria Ram: 8GB DDR4 a 2400 mhz Disco duro: 1TB SATA 7200 RPM Sistema operativo: Freedos (sin sistema operativo) Pantalla: 14 \"hd (1366 x 768) Conexi\u00f3n: wifi, bluetooth C\u00e1mara: Si Audio: Altavoces est\u00e9reos Color: gris oscuro Dimensiones: 33,5 x 23,4 x 1,99 cm Peso:\u2026","rel":"","context":"Entrada similar","img":{"alt_text":"","src":"https:\/\/i1.wp.com\/garrcorpcomputer.com\/wp-content\/uploads\/2021\/08\/portatil-6-1.png?fit=321%2C222&ssl=1&resize=350%2C200","width":350,"height":200},"classes":[]}],"jetpack_sharing_enabled":true,"_links":{"self":[{"href":"https:\/\/garrcorpcomputer.com\/index.php\/wp-json\/wp\/v2\/product\/4430"}],"collection":[{"href":"https:\/\/garrcorpcomputer.com\/index.php\/wp-json\/wp\/v2\/product"}],"about":[{"href":"https:\/\/garrcorpcomputer.com\/index.php\/wp-json\/wp\/v2\/types\/product"}],"replies":[{"embeddable":true,"href":"https:\/\/garrcorpcomputer.com\/index.php\/wp-json\/wp\/v2\/comments?post=4430"}],"version-history":[{"count":0,"href":"https:\/\/garrcorpcomputer.com\/index.php\/wp-json\/wp\/v2\/product\/4430\/revisions"}],"wp:featuredmedia":[{"embeddable":true,"href":"https:\/\/garrcorpcomputer.com\/index.php\/wp-json\/wp\/v2\/media\/4431"}],"wp:attachment":[{"href":"https:\/\/garrcorpcomputer.com\/index.php\/wp-json\/wp\/v2\/media?parent=4430"}],"wp:term":[{"taxonomy":"product_cat","embeddable":true,"href":"https:\/\/garrcorpcomputer.com\/index.php\/wp-json\/wp\/v2\/product_cat?post=4430"},{"taxonomy":"product_tag","embeddable":true,"href":"https:\/\/garrcorpcomputer.com\/index.php\/wp-json\/wp\/v2\/product_tag?post=4430"}],"curies":[{"name":"wp","href":"https:\/\/api.w.org\/{rel}","templated":true}]}}