{"id":4437,"date":"2021-08-31T15:54:57","date_gmt":"2021-08-31T20:54:57","guid":{"rendered":"https:\/\/garrcorpcomputer.com\/?post_type=product&#038;p=4437"},"modified":"2021-08-31T21:00:30","modified_gmt":"2021-09-01T02:00:30","slug":"portatil-hp-240-g7-celeron-n4020-4gb-500-gb-linux-1m9u3lt","status":"publish","type":"product","link":"https:\/\/garrcorpcomputer.com\/index.php\/producto\/portatil-hp-240-g7-celeron-n4020-4gb-500-gb-linux-1m9u3lt\/","title":{"rendered":"Port\u00e1til Hp 240 G7 Celeron N4020 4GB 500 GB Linux-1M9U3LT"},"content":{"rendered":"<ul>\n<li><span style=\"vertical-align: inherit;\"><span style=\"vertical-align: inherit;\"><span style=\"vertical-align: inherit;\"><span style=\"vertical-align: inherit;\">Procesador: Intel Celeron N4020 1.10 GHz<\/span><\/span><\/span><\/span><\/li>\n<li><span style=\"vertical-align: inherit;\"><span style=\"vertical-align: inherit;\"><span style=\"vertical-align: inherit;\"><span style=\"vertical-align: inherit;\">Memoria Ram: 4GB DDR4 a 2400 mhz<\/span><\/span><\/span><\/span><\/li>\n<li><span style=\"vertical-align: inherit;\"><span style=\"vertical-align: inherit;\"><span style=\"vertical-align: inherit;\"><span style=\"vertical-align: inherit;\">Disco duro: 500 GB<\/span><\/span><\/span><\/span><\/li>\n<li><span style=\"vertical-align: inherit;\"><span style=\"vertical-align: inherit;\"><span style=\"vertical-align: inherit;\"><span style=\"vertical-align: inherit;\">Sistema operativo: Linux Fedora<\/span><\/span><\/span><\/span><\/li>\n<li><span style=\"vertical-align: inherit;\"><span style=\"vertical-align: inherit;\"><span style=\"vertical-align: inherit;\"><span style=\"vertical-align: inherit;\">Pantalla: 14 \u00abhd (1366 x 768)<\/span><\/span><\/span><\/span><\/li>\n<li><span style=\"vertical-align: inherit;\"><span style=\"vertical-align: inherit;\"><span style=\"vertical-align: inherit;\"><span style=\"vertical-align: inherit;\">Conexi\u00f3n: wifi, bluetooth<\/span><\/span><\/span><\/span><\/li>\n<li><span style=\"vertical-align: inherit;\"><span style=\"vertical-align: inherit;\"><span style=\"vertical-align: inherit;\"><span style=\"vertical-align: inherit;\">C\u00e1mara: Si<\/span><\/span><\/span><\/span><\/li>\n<li><span style=\"vertical-align: inherit;\"><span style=\"vertical-align: inherit;\"><span style=\"vertical-align: inherit;\"><span style=\"vertical-align: inherit;\">Audio: Altavoces est\u00e9reos<\/span><\/span><\/span><\/span><\/li>\n<li><span style=\"vertical-align: inherit;\"><span style=\"vertical-align: inherit;\"><span style=\"vertical-align: inherit;\"><span style=\"vertical-align: inherit;\">Color: gris oscuro<\/span><\/span><\/span><\/span><\/li>\n<li><span style=\"vertical-align: inherit;\"><span style=\"vertical-align: inherit;\"><span style=\"vertical-align: inherit;\"><span style=\"vertical-align: inherit;\">Dimensiones: 33,5 x 23,4 x 1,99 cm<\/span><\/span><\/span><\/span><\/li>\n<li><span style=\"vertical-align: inherit;\"><span style=\"vertical-align: inherit;\"><span style=\"vertical-align: inherit;\"><span style=\"vertical-align: inherit;\">Peso: 1,52 kg aproximadamente<\/span><\/span><\/span><\/span><\/li>\n<li><span style=\"vertical-align: inherit;\"><span style=\"vertical-align: inherit;\"><span style=\"vertical-align: inherit;\"><span style=\"vertical-align: inherit;\">Bater\u00eda: Iones de litio de 3 celdas y 41 Wh<\/span><\/span><\/span><\/span><\/li>\n<li><span style=\"vertical-align: inherit;\"><span style=\"vertical-align: inherit;\"><span style=\"vertical-align: inherit;\"><span style=\"vertical-align: inherit;\">Puertos: <\/span><\/span><\/span><\/span><br \/>\n<span style=\"vertical-align: inherit;\"><span style=\"vertical-align: inherit;\"><span style=\"vertical-align: inherit;\"><span style=\"vertical-align: inherit;\">1 x puertos USB 3.1 Gen 1 <\/span><\/span><\/span><\/span><br \/>\n<span style=\"vertical-align: inherit;\"><span style=\"vertical-align: inherit;\"><span style=\"vertical-align: inherit;\"><span style=\"vertical-align: inherit;\">2 x Puertos USB 2.0 <\/span><\/span><\/span><\/span><br \/>\n<span style=\"vertical-align: inherit;\"><span style=\"vertical-align: inherit;\"><span style=\"vertical-align: inherit;\"><span style=\"vertical-align: inherit;\">1 x Puerto HDMI <\/span><\/span><\/span><\/span><br \/>\n<span style=\"vertical-align: inherit;\"><span style=\"vertical-align: inherit;\"><span style=\"vertical-align: inherit;\"><span style=\"vertical-align: inherit;\">1 x Puerto RJ-45 \/ Ethernet <\/span><\/span><\/span><\/span><br \/>\n<span style=\"vertical-align: inherit;\"><span style=\"vertical-align: inherit;\"><span style=\"vertical-align: inherit;\"><span style=\"vertical-align: inherit;\">1 x Conector combinado de auriculares y micr\u00f3fono<\/span><\/span><\/span><\/span><\/li>\n<\/ul>\n<p>&nbsp;<\/p>\n","protected":false},"excerpt":{"rendered":"<p>Procesador: Intel Celeron N4020 1.10 GHz Memoria Ram: 4GB DDR4 a 2400 mhz Disco duro: 500 GB Sistema operativo: Linux Fedora Pantalla: 14 \u00abhd (1366 x 768) Conexi\u00f3n: wifi, bluetooth C\u00e1mara: Si Audio: Altavoces est\u00e9reos Color: gris oscuro Dimensiones: 33,5 x 23,4 x 1,99 cm Peso: 1,52 kg aproximadamente Bater\u00eda: Iones de litio de 3 &hellip;<\/p>\n<p class=\"read-more\"> <a class=\"\" href=\"https:\/\/garrcorpcomputer.com\/index.php\/producto\/portatil-hp-240-g7-celeron-n4020-4gb-500-gb-linux-1m9u3lt\/\"> <span class=\"screen-reader-text\">Port\u00e1til Hp 240 G7 Celeron N4020 4GB 500 GB Linux-1M9U3LT<\/span> Leer m\u00e1s &raquo;<\/a><\/p>\n","protected":false},"featured_media":4447,"comment_status":"closed","ping_status":"closed","template":"","meta":{"om_disable_all_campaigns":false,"_mi_skip_tracking":false,"spay_email":"","jetpack_publicize_message":"","jetpack_is_tweetstorm":false},"product_cat":[20,75],"product_tag":[],"jetpack_publicize_connections":[],"jetpack-related-posts":[{"id":4460,"url":"https:\/\/garrcorpcomputer.com\/index.php\/producto\/portatil-hp-240-g7-celeron-n4020-4gb-500gb-linux-1m9u3lt\/","url_meta":{"origin":4437,"position":0},"title":"Port\u00e1til Hp 240 G7 Celeron N4020 4GB 500GB Linux-1M9U3LT","date":"31 de agosto de 2021","format":false,"excerpt":"Procesador: Intel Celeron N4020 1.10 GHz Memoria Ram: 4GB DDR4 a 2400 mhz Disco duro: 500 GB Sistema operativo: Linux Fedora Pantalla: 14 \"hd (1366 x 768) Conexi\u00f3n: wifi, bluetooth C\u00e1mara: Si Audio: Altavoces est\u00e9reos Color: gris oscuro Dimensiones: 33,5 x 23,4 x 1,99 cm Peso: 1,52 kg Aproximadamente Bater\u00eda:\u2026","rel":"","context":"Entrada similar","img":{"alt_text":"","src":"","width":0,"height":0},"classes":[]},{"id":5439,"url":"https:\/\/garrcorpcomputer.com\/index.php\/producto\/portatil-hp-14-dk1018la-2\/","url_meta":{"origin":4437,"position":1},"title":"Port\u00e1til HP 240 G7","date":"7 de septiembre de 2021","format":false,"excerpt":"Consultar disponibilidad","rel":"","context":"Entrada similar","img":{"alt_text":"","src":"https:\/\/i0.wp.com\/garrcorpcomputer.com\/wp-content\/uploads\/2021\/09\/portatil-13.png?fit=302%2C219&ssl=1&resize=350%2C200","width":350,"height":200},"classes":[]},{"id":4466,"url":"https:\/\/garrcorpcomputer.com\/index.php\/producto\/portatil-hp-240-g7-celeron-n4020-8gb-1tera-linux-tablet-alcatel-223y6ltabm\/","url_meta":{"origin":4437,"position":2},"title":"Port\u00e1til Hp 240 G7 Celeron N4020 8GB 1tera Linux + Tablet Alcatel-223Y6LT#ABM","date":"31 de agosto de 2021","format":false,"excerpt":"Procesador: Intel Celeron N4020 1.10 GHz Memoria Ram: 8GB DDR4 a 2400 mhz Disco duro: 1TB SATA 7200 RPM Sistema operativo: Linux Fedora Pantalla: 14 \"hd (1366 x 768) Conexi\u00f3n: wifi, bluetooth C\u00e1mara: Si Audio: Altavoces est\u00e9reos Color: gris oscuro Dimensiones: 33,5 x 23,4 x 1,99 cm Peso: 1,52 kg\u2026","rel":"","context":"Entrada similar","img":{"alt_text":"","src":"https:\/\/i2.wp.com\/garrcorpcomputer.com\/wp-content\/uploads\/2021\/08\/portatil-7.png?fit=397%2C242&ssl=1&resize=350%2C200","width":350,"height":200},"classes":[]},{"id":4463,"url":"https:\/\/garrcorpcomputer.com\/index.php\/producto\/portatil-hp-240g7-celeron-n4020-8gb-1t-linux-14p-223y6lt\/","url_meta":{"origin":4437,"position":3},"title":"Port\u00e1til Hp 240G7 Celeron N4020 8GB 1t Linux 14p &#8211; 223Y6LT","date":"31 de agosto de 2021","format":false,"excerpt":"Procesador: Intel Celeron N4020 1.10 GHz Memoria Ram: 8GB DDR4 a 2400 mhz Disco duro: 1TB SATA 7200 RPM Sistema operativo: Freedos (sin sistema operativo) Pantalla: 14 \"hd (1366 x 768) Conexi\u00f3n: wifi, bluetooth C\u00e1mara: Si Audio: Altavoces est\u00e9reos Color: gris oscuro Dimensiones: 33,5 x 23,4 x 1,99 cm Peso:\u2026","rel":"","context":"Entrada similar","img":{"alt_text":"","src":"https:\/\/i1.wp.com\/garrcorpcomputer.com\/wp-content\/uploads\/2021\/08\/portatil-6-1.png?fit=321%2C222&ssl=1&resize=350%2C200","width":350,"height":200},"classes":[]},{"id":4472,"url":"https:\/\/garrcorpcomputer.com\/index.php\/producto\/portatil-hp-14-cf3049la-core5-1035g1-4gb-256gb-solido-linux-18v59la\/","url_meta":{"origin":4437,"position":4},"title":"Port\u00e1til Hp 14-cf3049la Core\u00a15 1035g1 4GB 256GB solido Linux-18V59LA","date":"31 de agosto de 2021","format":false,"excerpt":"Procesador: Intel Core i5-1035G1 a 1,00 GHz Memoria: 4GB DDR4 Almacenamiento: 256 SSD Pantalla: 14 \"1366 x 768 Sistema Operativo: Linux Unidad DVD: No Color: Gris Dimensiones: 32,4 x 22,59 x 1,99 cm Peso: 1,52 kg Aproximadamente Puertos: 1 USB Type-C 2 USB 1 HDMI 1.4b 1 RJ-45 1 conector\u2026","rel":"","context":"Entrada similar","img":{"alt_text":"","src":"https:\/\/i2.wp.com\/garrcorpcomputer.com\/wp-content\/uploads\/2021\/08\/portatil-9.png?fit=400%2C217&ssl=1&resize=350%2C200","width":350,"height":200},"classes":[]},{"id":4445,"url":"https:\/\/garrcorpcomputer.com\/index.php\/producto\/portatil-asus-x509ua-ej345-core3-7020u-4gb-256gb-ssd-linux-m05910\/","url_meta":{"origin":4437,"position":5},"title":"Port\u00e1til Asus X509ua-ej345 Core!3- 7020u 4GB 256Gb Ssd Linux-M05910","date":"31 de agosto de 2021","format":false,"excerpt":"Procesador: Intel Core i3 7020U 2 N\u00facleos (DualCore) 2.30 GHz \u00a0Gr\u00e1ficos: Integrados Gr\u00e1ficos HD Intel\u00ae 620 Memoria RAM: 4GB OnBoard DDR4 2400 MHz Sistema operativo: Linux Disco Duro: 256GB SSD Conexi\u00f3n M2 PCIe Pantalla: 15.6 Pulgadas Full HD (1920 * 1080) con Bordes Reducidos (Nano Edge) Conectividad: Wi-Fi 5 (802.11\u2026","rel":"","context":"Entrada similar","img":{"alt_text":"","src":"https:\/\/i1.wp.com\/garrcorpcomputer.com\/wp-content\/uploads\/2021\/08\/portatil-1-1.png?fit=391%2C263&ssl=1&resize=350%2C200","width":350,"height":200},"classes":[]}],"jetpack_sharing_enabled":true,"_links":{"self":[{"href":"https:\/\/garrcorpcomputer.com\/index.php\/wp-json\/wp\/v2\/product\/4437"}],"collection":[{"href":"https:\/\/garrcorpcomputer.com\/index.php\/wp-json\/wp\/v2\/product"}],"about":[{"href":"https:\/\/garrcorpcomputer.com\/index.php\/wp-json\/wp\/v2\/types\/product"}],"replies":[{"embeddable":true,"href":"https:\/\/garrcorpcomputer.com\/index.php\/wp-json\/wp\/v2\/comments?post=4437"}],"version-history":[{"count":0,"href":"https:\/\/garrcorpcomputer.com\/index.php\/wp-json\/wp\/v2\/product\/4437\/revisions"}],"wp:featuredmedia":[{"embeddable":true,"href":"https:\/\/garrcorpcomputer.com\/index.php\/wp-json\/wp\/v2\/media\/4447"}],"wp:attachment":[{"href":"https:\/\/garrcorpcomputer.com\/index.php\/wp-json\/wp\/v2\/media?parent=4437"}],"wp:term":[{"taxonomy":"product_cat","embeddable":true,"href":"https:\/\/garrcorpcomputer.com\/index.php\/wp-json\/wp\/v2\/product_cat?post=4437"},{"taxonomy":"product_tag","embeddable":true,"href":"https:\/\/garrcorpcomputer.com\/index.php\/wp-json\/wp\/v2\/product_tag?post=4437"}],"curies":[{"name":"wp","href":"https:\/\/api.w.org\/{rel}","templated":true}]}}