{"id":4445,"date":"2021-08-31T16:12:30","date_gmt":"2021-08-31T21:12:30","guid":{"rendered":"https:\/\/garrcorpcomputer.com\/?post_type=product&#038;p=4445"},"modified":"2021-08-31T21:01:38","modified_gmt":"2021-09-01T02:01:38","slug":"portatil-asus-x509ua-ej345-core3-7020u-4gb-256gb-ssd-linux-m05910","status":"publish","type":"product","link":"https:\/\/garrcorpcomputer.com\/index.php\/producto\/portatil-asus-x509ua-ej345-core3-7020u-4gb-256gb-ssd-linux-m05910\/","title":{"rendered":"Port\u00e1til Asus X509ua-ej345 Core!3- 7020u 4GB 256Gb Ssd Linux-M05910"},"content":{"rendered":"<ul>\n<li><span style=\"vertical-align: inherit;\"><span style=\"vertical-align: inherit;\">Procesador: Intel Core i3 7020U 2 N\u00facleos (DualCore) 2.30 GHz<\/span><\/span><\/li>\n<li><span style=\"vertical-align: inherit;\"><span style=\"vertical-align: inherit;\">\u00a0Gr\u00e1ficos: Integrados Gr\u00e1ficos HD Intel\u00ae 620<\/span><\/span><\/li>\n<li><span style=\"vertical-align: inherit;\"><span style=\"vertical-align: inherit;\">Memoria RAM: 4GB OnBoard DDR4 2400 MHz<\/span><\/span><\/li>\n<li><span style=\"vertical-align: inherit;\"><span style=\"vertical-align: inherit;\">Sistema operativo: Linux<\/span><\/span><\/li>\n<li><span style=\"vertical-align: inherit;\"><span style=\"vertical-align: inherit;\">Disco Duro: 256GB SSD Conexi\u00f3n M2 PCIe<\/span><\/span><\/li>\n<li><span style=\"vertical-align: inherit;\"><span style=\"vertical-align: inherit;\">Pantalla: 15.6 Pulgadas Full HD (1920 * 1080) con Bordes Reducidos (Nano Edge)<\/span><\/span><\/li>\n<li><span style=\"vertical-align: inherit;\"><span style=\"vertical-align: inherit;\">Conectividad: Wi-Fi 5 (802.11 ac) &#8211; Bluetooth V4.1 integrado<\/span><\/span><\/li>\n<li><span style=\"vertical-align: inherit;\"><span style=\"vertical-align: inherit;\">WebCam: VGA &#8211; Integrada en el Chasis<\/span><\/span><\/li>\n<li><span style=\"vertical-align: inherit;\"><span style=\"vertical-align: inherit;\">Parlantes: est\u00e9reo Integrado en el Chasis<\/span><\/span><\/li>\n<li><span style=\"vertical-align: inherit;\"><span style=\"vertical-align: inherit;\">Unidad cd \/ dvd: No tiene Unidad DVD<\/span><\/span><\/li>\n<li><span style=\"vertical-align: inherit;\"><span style=\"vertical-align: inherit;\">Bater\u00eda: Bater\u00eda 2 Celdas 32 Wh<\/span><\/span><\/li>\n<li><span style=\"vertical-align: inherit;\"><span style=\"vertical-align: inherit;\">Dimensiones: 35.72 x 23 x 2 cm<\/span><\/span><\/li>\n<li><span style=\"vertical-align: inherit;\"><span style=\"vertical-align: inherit;\">Peso: 1,75kg<\/span><\/span><\/li>\n<li><span style=\"vertical-align: inherit;\"><span style=\"vertical-align: inherit;\">Puertos: <\/span><\/span><br \/>\n<span style=\"vertical-align: inherit;\"><span style=\"vertical-align: inherit;\">1 x USB 3.1 Tipo-C <\/span><\/span><br \/>\n<span style=\"vertical-align: inherit;\"><span style=\"vertical-align: inherit;\">1 x USB 3.0 Tipo A <\/span><\/span><br \/>\n<span style=\"vertical-align: inherit;\"><span style=\"vertical-align: inherit;\">2 x USB 2.0 <\/span><\/span><br \/>\n<span style=\"vertical-align: inherit;\"><span style=\"vertical-align: inherit;\">1 x HDMI <\/span><\/span><br \/>\n<span style=\"vertical-align: inherit;\"><span style=\"vertical-align: inherit;\">1 x Audio <\/span><\/span><br \/>\n<span style=\"vertical-align: inherit;\"><span style=\"vertical-align: inherit;\">1 x Lector MicroSD <\/span><\/span><br \/>\n<span style=\"vertical-align: inherit;\"><span style=\"vertical-align: inherit;\">1 x Cargador<\/span><\/span><\/li>\n<\/ul>\n","protected":false},"excerpt":{"rendered":"<p>Procesador: Intel Core i3 7020U 2 N\u00facleos (DualCore) 2.30 GHz \u00a0Gr\u00e1ficos: Integrados Gr\u00e1ficos HD Intel\u00ae 620 Memoria RAM: 4GB OnBoard DDR4 2400 MHz Sistema operativo: Linux Disco Duro: 256GB SSD Conexi\u00f3n M2 PCIe Pantalla: 15.6 Pulgadas Full HD (1920 * 1080) con Bordes Reducidos (Nano Edge) Conectividad: Wi-Fi 5 (802.11 ac) &#8211; Bluetooth V4.1 integrado &hellip;<\/p>\n<p class=\"read-more\"> <a class=\"\" href=\"https:\/\/garrcorpcomputer.com\/index.php\/producto\/portatil-asus-x509ua-ej345-core3-7020u-4gb-256gb-ssd-linux-m05910\/\"> <span class=\"screen-reader-text\">Port\u00e1til Asus X509ua-ej345 Core!3- 7020u 4GB 256Gb Ssd Linux-M05910<\/span> Leer m\u00e1s &raquo;<\/a><\/p>\n","protected":false},"featured_media":4444,"comment_status":"closed","ping_status":"closed","template":"","meta":{"om_disable_all_campaigns":false,"_mi_skip_tracking":false,"spay_email":"","jetpack_publicize_message":"","jetpack_is_tweetstorm":false},"product_cat":[20,75],"product_tag":[],"jetpack_publicize_connections":[],"jetpack-related-posts":[{"id":5450,"url":"https:\/\/garrcorpcomputer.com\/index.php\/producto\/portatil-notebook-asus-x509ua-ej345\/","url_meta":{"origin":4445,"position":0},"title":"Port\u00e1til Notebook Asus X509UA-EJ345","date":"7 de septiembre de 2021","format":false,"excerpt":"Consultar disponibilidad","rel":"","context":"Entrada similar","img":{"alt_text":"","src":"","width":0,"height":0},"classes":[]},{"id":4472,"url":"https:\/\/garrcorpcomputer.com\/index.php\/producto\/portatil-hp-14-cf3049la-core5-1035g1-4gb-256gb-solido-linux-18v59la\/","url_meta":{"origin":4445,"position":1},"title":"Port\u00e1til Hp 14-cf3049la Core\u00a15 1035g1 4GB 256GB solido Linux-18V59LA","date":"31 de agosto de 2021","format":false,"excerpt":"Procesador: Intel Core i5-1035G1 a 1,00 GHz Memoria: 4GB DDR4 Almacenamiento: 256 SSD Pantalla: 14 \"1366 x 768 Sistema Operativo: Linux Unidad DVD: No Color: Gris Dimensiones: 32,4 x 22,59 x 1,99 cm Peso: 1,52 kg Aproximadamente Puertos: 1 USB Type-C 2 USB 1 HDMI 1.4b 1 RJ-45 1 conector\u2026","rel":"","context":"Entrada similar","img":{"alt_text":"","src":"https:\/\/i2.wp.com\/garrcorpcomputer.com\/wp-content\/uploads\/2021\/08\/portatil-9.png?fit=400%2C217&ssl=1&resize=350%2C200","width":350,"height":200},"classes":[]},{"id":4457,"url":"https:\/\/garrcorpcomputer.com\/index.php\/producto\/portatil-hp-15-da2027la-core5-10210u-4gb-256gb-m-2-freedos-2c6z2la\/","url_meta":{"origin":4445,"position":2},"title":"Port\u00e1til Hp 15-da2027la Core\u00a15 10210u 4GB 256GB M.2 Freedos-2C6Z2LA","date":"31 de agosto de 2021","format":false,"excerpt":"Procesador: Intel Core i5 10210U Quad Core 1.60 GHz a 4.20 GHz Memoria: 4 GB de SDRAM DDR4-2666 (1 x 4 GB) Almacenamiento: SSD 256GB DDR4-2666 Conexi\u00f3n M2 Gr\u00e1ficos: Gr\u00e1ficos Intel\u00ae UHD Pantalla: 15,6 \"en diagonal, HD (1366 x 768), BrightView, 220 nits, 45% NTSC Sistema Operativo: Free DOS (Sin\u2026","rel":"","context":"Entrada similar","img":{"alt_text":"","src":"https:\/\/i0.wp.com\/garrcorpcomputer.com\/wp-content\/uploads\/2021\/08\/portatil-5.png?fit=400%2C202&ssl=1&resize=350%2C200","width":350,"height":200},"classes":[]},{"id":4469,"url":"https:\/\/garrcorpcomputer.com\/index.php\/producto\/portatil-hp-15-da2025la-core3-10110u-4gb-256gb-freedos-2c6y7la\/","url_meta":{"origin":4445,"position":3},"title":"Port\u00e1til Hp 15-da2025la Core\u00a13 10110u 4GB 256GB Freedos &#8211; 2C6Y7LA","date":"31 de agosto de 2021","format":false,"excerpt":"Procesador: Intel Core i3-10110U frecuencia base de 2,1 Ghz Memoria: 4 GB de SDRAM DDR4-2666 (1 x 4 GB) Almacenamiento: SSD de 256 Gb Gr\u00e1ficos: Gr\u00e1ficos Intel\u00ae UHD Pantalla: 15,6 \"en diagonal, HD (1366 x 768), BrightView, 220 nits, 45% NTSC Sistema Operativo: Free DOS (Sin sistema operativo) C\u00e1mara: C\u00e1mara\u2026","rel":"","context":"Entrada similar","img":{"alt_text":"","src":"https:\/\/i2.wp.com\/garrcorpcomputer.com\/wp-content\/uploads\/2021\/08\/portatil-8.png?fit=322%2C214&ssl=1&resize=350%2C200","width":350,"height":200},"classes":[]},{"id":4478,"url":"https:\/\/garrcorpcomputer.com\/index.php\/producto\/portatil-hp-15-da2025la-core3-10110u-4gb-256gb-win-10-pro-2c6y7laabm\/","url_meta":{"origin":4445,"position":4},"title":"Port\u00e1til Hp 15-da2025la Core\u00a13 10110u 4GB 256GB Win 10 Pro-2C6Y7LA#ABM","date":"31 de agosto de 2021","format":false,"excerpt":"Procesador: Intel Core i3-10110U frecuencia base de 2,1 Ghz Memoria: 4 GB de SDRAM DDR4-2666 (1 x 4 GB) Almacenamiento: SSD de 256 Gb Gr\u00e1ficos: Gr\u00e1ficos Intel\u00ae UHD Pantalla: 15,6 \"en diagonal, HD (1366 x 768), BrightView, 220 nits, 45% NTSC Sistema Operativo: Windows 10 Pro C\u00e1mara: C\u00e1mara web con\u2026","rel":"","context":"Entrada similar","img":{"alt_text":"","src":"https:\/\/i0.wp.com\/garrcorpcomputer.com\/wp-content\/uploads\/2021\/08\/portatil-11.png?fit=322%2C220&ssl=1&resize=350%2C200","width":350,"height":200},"classes":[]},{"id":5453,"url":"https:\/\/garrcorpcomputer.com\/index.php\/producto\/portatil-lenovo-thinkbook-14-iml\/","url_meta":{"origin":4445,"position":5},"title":"Port\u00e1til Lenovo Thinkbook 14-IML","date":"7 de septiembre de 2021","format":false,"excerpt":"Procesador: Intel Core\u00a13 101 10U 2.1 Ghz Gr\u00e1ficos integrados Memoria Ram: 4GB Almacenamiento: SDD 256GB Pantalla: 14\"FHD OS: FreeDOS Color: gris mineral Sin unidad quemadora","rel":"","context":"Entrada similar","img":{"alt_text":"","src":"https:\/\/i1.wp.com\/garrcorpcomputer.com\/wp-content\/uploads\/2021\/09\/portatil-16.png?fit=280%2C218&ssl=1&resize=350%2C200","width":350,"height":200},"classes":[]}],"jetpack_sharing_enabled":true,"_links":{"self":[{"href":"https:\/\/garrcorpcomputer.com\/index.php\/wp-json\/wp\/v2\/product\/4445"}],"collection":[{"href":"https:\/\/garrcorpcomputer.com\/index.php\/wp-json\/wp\/v2\/product"}],"about":[{"href":"https:\/\/garrcorpcomputer.com\/index.php\/wp-json\/wp\/v2\/types\/product"}],"replies":[{"embeddable":true,"href":"https:\/\/garrcorpcomputer.com\/index.php\/wp-json\/wp\/v2\/comments?post=4445"}],"version-history":[{"count":0,"href":"https:\/\/garrcorpcomputer.com\/index.php\/wp-json\/wp\/v2\/product\/4445\/revisions"}],"wp:featuredmedia":[{"embeddable":true,"href":"https:\/\/garrcorpcomputer.com\/index.php\/wp-json\/wp\/v2\/media\/4444"}],"wp:attachment":[{"href":"https:\/\/garrcorpcomputer.com\/index.php\/wp-json\/wp\/v2\/media?parent=4445"}],"wp:term":[{"taxonomy":"product_cat","embeddable":true,"href":"https:\/\/garrcorpcomputer.com\/index.php\/wp-json\/wp\/v2\/product_cat?post=4445"},{"taxonomy":"product_tag","embeddable":true,"href":"https:\/\/garrcorpcomputer.com\/index.php\/wp-json\/wp\/v2\/product_tag?post=4445"}],"curies":[{"name":"wp","href":"https:\/\/api.w.org\/{rel}","templated":true}]}}