{"id":4453,"date":"2021-08-31T16:35:59","date_gmt":"2021-08-31T21:35:59","guid":{"rendered":"https:\/\/garrcorpcomputer.com\/?post_type=product&#038;p=4453"},"modified":"2021-08-31T21:03:24","modified_gmt":"2021-09-01T02:03:24","slug":"portatil-lenovo-v145-14ast-amd-a6-9225-4gb-500gb-win-10h-81ms000xlm","status":"publish","type":"product","link":"https:\/\/garrcorpcomputer.com\/index.php\/producto\/portatil-lenovo-v145-14ast-amd-a6-9225-4gb-500gb-win-10h-81ms000xlm\/","title":{"rendered":"Port\u00e1til Lenovo V145-14ast Amd A6-9225 4GB 500GB Win 10H &#8211; 81MS000XLM"},"content":{"rendered":"<ul>\n<li><span style=\"vertical-align: inherit;\"><span style=\"vertical-align: inherit;\">Procesador: AMD A6-9225 2.6 GHz<\/span><\/span><\/li>\n<li><span style=\"vertical-align: inherit;\"><span style=\"vertical-align: inherit;\">Memoria Ram: 4GB DDR4<\/span><\/span><\/li>\n<li><span style=\"vertical-align: inherit;\"><span style=\"vertical-align: inherit;\">Disco Duro: Disco duro de 500 Gb 5400 rpm<\/span><\/span><\/li>\n<li><span style=\"vertical-align: inherit;\"><span style=\"vertical-align: inherit;\">Sistema Operativo de f\u00e1brica: Windows 10 Home<\/span><\/span><\/li>\n<li><span style=\"vertical-align: inherit;\"><span style=\"vertical-align: inherit;\">Pantalla: 14 \u00abHD (1366 x 768)<\/span><\/span><\/li>\n<li><span style=\"vertical-align: inherit;\"><span style=\"vertical-align: inherit;\">Teclado en espa\u00f1ol sin Teclado num\u00e9rico<\/span><\/span><\/li>\n<li><span style=\"vertical-align: inherit;\"><span style=\"vertical-align: inherit;\">Audio: altavoces st\u00e9reo; <\/span><span style=\"vertical-align: inherit;\">Micr\u00f3fono Integrado<\/span><\/span><\/li>\n<li><span style=\"vertical-align: inherit;\"><span style=\"vertical-align: inherit;\">Unidad de cd: No<\/span><\/span><\/li>\n<li><span style=\"vertical-align: inherit;\"><span style=\"vertical-align: inherit;\">C\u00e1mara Web: Integrada<\/span><\/span><\/li>\n<li><span style=\"vertical-align: inherit;\"><span style=\"vertical-align: inherit;\">Conectividad: 802.11ac 1&#215;1 WiFi + Bluetooth<\/span><\/span><\/li>\n<li><span style=\"vertical-align: inherit;\"><span style=\"vertical-align: inherit;\">Bater\u00eda: 2 celdas 30WH<\/span><\/span><\/li>\n<li><span style=\"vertical-align: inherit;\"><span style=\"vertical-align: inherit;\">Peso: 2 kilogramos<\/span><\/span><\/li>\n<li><span style=\"vertical-align: inherit;\"><span style=\"vertical-align: inherit;\">Dimensiones: 333,9 mm x 247,9 mm x 22,4 mm<\/span><\/span><\/li>\n<li><span style=\"vertical-align: inherit;\"><span style=\"vertical-align: inherit;\">Color: negro<\/span><\/span><\/li>\n<li><span style=\"vertical-align: inherit;\"><span style=\"vertical-align: inherit;\">Puertos: <\/span><\/span><br \/>\n<span style=\"vertical-align: inherit;\"><span style=\"vertical-align: inherit;\">2 x 2 USB 3.1 <\/span><\/span><br \/>\n<span style=\"vertical-align: inherit;\"><span style=\"vertical-align: inherit;\">1 x HDMI <\/span><\/span><br \/>\n<span style=\"vertical-align: inherit;\"><span style=\"vertical-align: inherit;\">1 x Jack combo auriculares \/ micro <\/span><\/span><br \/>\n<span style=\"vertical-align: inherit;\"><span style=\"vertical-align: inherit;\">1 x Lector de tarjetas: SD (4 en 1) <\/span><\/span><br \/>\n<span style=\"vertical-align: inherit;\"><span style=\"vertical-align: inherit;\">1 x LAN: Gigabit Ethernet<\/span><\/span><\/li>\n<\/ul>\n","protected":false},"excerpt":{"rendered":"<p>Procesador: AMD A6-9225 2.6 GHz Memoria Ram: 4GB DDR4 Disco Duro: Disco duro de 500 Gb 5400 rpm Sistema Operativo de f\u00e1brica: Windows 10 Home Pantalla: 14 \u00abHD (1366 x 768) Teclado en espa\u00f1ol sin Teclado num\u00e9rico Audio: altavoces st\u00e9reo; Micr\u00f3fono Integrado Unidad de cd: No C\u00e1mara Web: Integrada Conectividad: 802.11ac 1&#215;1 WiFi + Bluetooth &hellip;<\/p>\n<p class=\"read-more\"> <a class=\"\" href=\"https:\/\/garrcorpcomputer.com\/index.php\/producto\/portatil-lenovo-v145-14ast-amd-a6-9225-4gb-500gb-win-10h-81ms000xlm\/\"> <span class=\"screen-reader-text\">Port\u00e1til Lenovo V145-14ast Amd A6-9225 4GB 500GB Win 10H &#8211; 81MS000XLM<\/span> Leer m\u00e1s &raquo;<\/a><\/p>\n","protected":false},"featured_media":4454,"comment_status":"closed","ping_status":"closed","template":"","meta":{"om_disable_all_campaigns":false,"_mi_skip_tracking":false,"spay_email":"","jetpack_publicize_message":"","jetpack_is_tweetstorm":false},"product_cat":[20,75],"product_tag":[],"jetpack_publicize_connections":[],"jetpack-related-posts":[{"id":5442,"url":"https:\/\/garrcorpcomputer.com\/index.php\/producto\/portatil-hp-245-g7-r3\/","url_meta":{"origin":4453,"position":0},"title":"Port\u00e1til HP 245 G7-R3","date":"7 de septiembre de 2021","format":false,"excerpt":"Consultar disponibilidad","rel":"","context":"Entrada similar","img":{"alt_text":"","src":"https:\/\/i2.wp.com\/garrcorpcomputer.com\/wp-content\/uploads\/2021\/09\/portatil-14.png?fit=292%2C214&ssl=1&resize=350%2C200","width":350,"height":200},"classes":[]},{"id":5431,"url":"https:\/\/garrcorpcomputer.com\/index.php\/producto\/portatil-hp-14-dk1018la\/","url_meta":{"origin":4453,"position":1},"title":"Port\u00e1til HP 14-DK1018LA","date":"7 de septiembre de 2021","format":false,"excerpt":"Consultar disponibilidad","rel":"","context":"Entrada similar","img":{"alt_text":"","src":"https:\/\/i1.wp.com\/garrcorpcomputer.com\/wp-content\/uploads\/2021\/09\/portatil-12-1.png?fit=293%2C211&ssl=1&resize=350%2C200","width":350,"height":200},"classes":[]},{"id":6078,"url":"https:\/\/garrcorpcomputer.com\/index.php\/producto\/caja-atx-cl-g93-r3640s\/","url_meta":{"origin":4453,"position":2},"title":"Caja ATX: CL-G93 R3640S Ryzen 5","date":"17 de septiembre de 2021","format":false,"excerpt":"Procesador 3.6GHz","rel":"","context":"Con 3 comentarios","img":{"alt_text":"","src":"","width":0,"height":0},"classes":[]},{"id":6075,"url":"https:\/\/garrcorpcomputer.com\/index.php\/producto\/caja-atx-cl-g93-r5640g-gs\/","url_meta":{"origin":4453,"position":3},"title":"Caja ATX: CL-G93 R5640G GS Ryzen 5","date":"17 de septiembre de 2021","format":false,"excerpt":"Procesador 3.9Ghz","rel":"","context":"Con 2 comentarios","img":{"alt_text":"","src":"","width":0,"height":0},"classes":[]},{"id":4437,"url":"https:\/\/garrcorpcomputer.com\/index.php\/producto\/portatil-hp-240-g7-celeron-n4020-4gb-500-gb-linux-1m9u3lt\/","url_meta":{"origin":4453,"position":4},"title":"Port\u00e1til Hp 240 G7 Celeron N4020 4GB 500 GB Linux-1M9U3LT","date":"31 de agosto de 2021","format":false,"excerpt":"Procesador: Intel Celeron N4020 1.10 GHz Memoria Ram: 4GB DDR4 a 2400 mhz Disco duro: 500 GB Sistema operativo: Linux Fedora Pantalla: 14 \"hd (1366 x 768) Conexi\u00f3n: wifi, bluetooth C\u00e1mara: Si Audio: Altavoces est\u00e9reos Color: gris oscuro Dimensiones: 33,5 x 23,4 x 1,99 cm Peso: 1,52 kg aproximadamente Bater\u00eda:\u2026","rel":"","context":"Entrada similar","img":{"alt_text":"","src":"https:\/\/i2.wp.com\/garrcorpcomputer.com\/wp-content\/uploads\/2021\/08\/portatil-2.png?fit=302%2C231&ssl=1&resize=350%2C200","width":350,"height":200},"classes":[]},{"id":4460,"url":"https:\/\/garrcorpcomputer.com\/index.php\/producto\/portatil-hp-240-g7-celeron-n4020-4gb-500gb-linux-1m9u3lt\/","url_meta":{"origin":4453,"position":5},"title":"Port\u00e1til Hp 240 G7 Celeron N4020 4GB 500GB Linux-1M9U3LT","date":"31 de agosto de 2021","format":false,"excerpt":"Procesador: Intel Celeron N4020 1.10 GHz Memoria Ram: 4GB DDR4 a 2400 mhz Disco duro: 500 GB Sistema operativo: Linux Fedora Pantalla: 14 \"hd (1366 x 768) Conexi\u00f3n: wifi, bluetooth C\u00e1mara: Si Audio: Altavoces est\u00e9reos Color: gris oscuro Dimensiones: 33,5 x 23,4 x 1,99 cm Peso: 1,52 kg Aproximadamente Bater\u00eda:\u2026","rel":"","context":"Entrada similar","img":{"alt_text":"","src":"","width":0,"height":0},"classes":[]}],"jetpack_sharing_enabled":true,"_links":{"self":[{"href":"https:\/\/garrcorpcomputer.com\/index.php\/wp-json\/wp\/v2\/product\/4453"}],"collection":[{"href":"https:\/\/garrcorpcomputer.com\/index.php\/wp-json\/wp\/v2\/product"}],"about":[{"href":"https:\/\/garrcorpcomputer.com\/index.php\/wp-json\/wp\/v2\/types\/product"}],"replies":[{"embeddable":true,"href":"https:\/\/garrcorpcomputer.com\/index.php\/wp-json\/wp\/v2\/comments?post=4453"}],"version-history":[{"count":0,"href":"https:\/\/garrcorpcomputer.com\/index.php\/wp-json\/wp\/v2\/product\/4453\/revisions"}],"wp:featuredmedia":[{"embeddable":true,"href":"https:\/\/garrcorpcomputer.com\/index.php\/wp-json\/wp\/v2\/media\/4454"}],"wp:attachment":[{"href":"https:\/\/garrcorpcomputer.com\/index.php\/wp-json\/wp\/v2\/media?parent=4453"}],"wp:term":[{"taxonomy":"product_cat","embeddable":true,"href":"https:\/\/garrcorpcomputer.com\/index.php\/wp-json\/wp\/v2\/product_cat?post=4453"},{"taxonomy":"product_tag","embeddable":true,"href":"https:\/\/garrcorpcomputer.com\/index.php\/wp-json\/wp\/v2\/product_tag?post=4453"}],"curies":[{"name":"wp","href":"https:\/\/api.w.org\/{rel}","templated":true}]}}