{"id":4466,"date":"2021-08-31T17:29:51","date_gmt":"2021-08-31T22:29:51","guid":{"rendered":"https:\/\/garrcorpcomputer.com\/?post_type=product&#038;p=4466"},"modified":"2021-08-31T21:05:35","modified_gmt":"2021-09-01T02:05:35","slug":"portatil-hp-240-g7-celeron-n4020-8gb-1tera-linux-tablet-alcatel-223y6ltabm","status":"publish","type":"product","link":"https:\/\/garrcorpcomputer.com\/index.php\/producto\/portatil-hp-240-g7-celeron-n4020-8gb-1tera-linux-tablet-alcatel-223y6ltabm\/","title":{"rendered":"Port\u00e1til Hp 240 G7 Celeron N4020 8GB 1tera Linux + Tablet Alcatel-223Y6LT#ABM"},"content":{"rendered":"<ul>\n<li><span style=\"vertical-align: inherit;\"><span style=\"vertical-align: inherit;\">Procesador: Intel Celeron N4020 1.10 GHz<\/span><\/span><\/li>\n<li><span style=\"vertical-align: inherit;\"><span style=\"vertical-align: inherit;\">Memoria Ram: 8GB DDR4 a 2400 mhz<\/span><\/span><\/li>\n<li><span style=\"vertical-align: inherit;\"><span style=\"vertical-align: inherit;\">Disco duro: 1TB SATA 7200 RPM<\/span><\/span><\/li>\n<li><span style=\"vertical-align: inherit;\"><span style=\"vertical-align: inherit;\">Sistema operativo: Linux Fedora<\/span><\/span><\/li>\n<li><span style=\"vertical-align: inherit;\"><span style=\"vertical-align: inherit;\">Pantalla: 14 \u00abhd (1366 x 768)<\/span><\/span><\/li>\n<li><span style=\"vertical-align: inherit;\"><span style=\"vertical-align: inherit;\">Conexi\u00f3n: wifi, bluetooth<\/span><\/span><\/li>\n<li><span style=\"vertical-align: inherit;\"><span style=\"vertical-align: inherit;\">C\u00e1mara: Si<\/span><\/span><\/li>\n<li><span style=\"vertical-align: inherit;\"><span style=\"vertical-align: inherit;\">Audio: Altavoces est\u00e9reos<\/span><\/span><\/li>\n<li><span style=\"vertical-align: inherit;\"><span style=\"vertical-align: inherit;\">Color: gris oscuro<\/span><\/span><\/li>\n<li><span style=\"vertical-align: inherit;\"><span style=\"vertical-align: inherit;\">Dimensiones: 33,5 x 23,4 x 1,99 cm<\/span><\/span><\/li>\n<li><span style=\"vertical-align: inherit;\"><span style=\"vertical-align: inherit;\">Peso: 1,52 kg Aproximadamente<\/span><\/span><\/li>\n<li><span style=\"vertical-align: inherit;\"><span style=\"vertical-align: inherit;\">Bater\u00eda: Iones de litio de 3 celdas y 41 Wh<\/span><\/span><\/li>\n<li><span style=\"vertical-align: inherit;\"><span style=\"vertical-align: inherit;\">Puertos: <\/span><\/span><br \/>\n<span style=\"vertical-align: inherit;\"><span style=\"vertical-align: inherit;\">1 x puertos USB 3.1 Gen 1 <\/span><\/span><br \/>\n<span style=\"vertical-align: inherit;\"><span style=\"vertical-align: inherit;\">2 x Puertos USB 2.0 <\/span><\/span><br \/>\n<span style=\"vertical-align: inherit;\"><span style=\"vertical-align: inherit;\">1 x Puerto HDMI <\/span><\/span><br \/>\n<span style=\"vertical-align: inherit;\"><span style=\"vertical-align: inherit;\">1 x Puerto RJ-45 \/ Ethernet <\/span><\/span><br \/>\n<span style=\"vertical-align: inherit;\"><span style=\"vertical-align: inherit;\">1 x Conector combinado de auriculares y micr\u00f3fono<\/span><\/span><\/li>\n<\/ul>\n","protected":false},"excerpt":{"rendered":"<p>Procesador: Intel Celeron N4020 1.10 GHz Memoria Ram: 8GB DDR4 a 2400 mhz Disco duro: 1TB SATA 7200 RPM Sistema operativo: Linux Fedora Pantalla: 14 \u00abhd (1366 x 768) Conexi\u00f3n: wifi, bluetooth C\u00e1mara: Si Audio: Altavoces est\u00e9reos Color: gris oscuro Dimensiones: 33,5 x 23,4 x 1,99 cm Peso: 1,52 kg Aproximadamente Bater\u00eda: Iones de litio &hellip;<\/p>\n<p class=\"read-more\"> <a class=\"\" href=\"https:\/\/garrcorpcomputer.com\/index.php\/producto\/portatil-hp-240-g7-celeron-n4020-8gb-1tera-linux-tablet-alcatel-223y6ltabm\/\"> <span class=\"screen-reader-text\">Port\u00e1til Hp 240 G7 Celeron N4020 8GB 1tera Linux + Tablet Alcatel-223Y6LT#ABM<\/span> Leer m\u00e1s &raquo;<\/a><\/p>\n","protected":false},"featured_media":4467,"comment_status":"closed","ping_status":"closed","template":"","meta":{"om_disable_all_campaigns":false,"_mi_skip_tracking":false,"spay_email":"","jetpack_publicize_message":"","jetpack_is_tweetstorm":false},"product_cat":[20,75],"product_tag":[],"jetpack_publicize_connections":[],"jetpack-related-posts":[{"id":4463,"url":"https:\/\/garrcorpcomputer.com\/index.php\/producto\/portatil-hp-240g7-celeron-n4020-8gb-1t-linux-14p-223y6lt\/","url_meta":{"origin":4466,"position":0},"title":"Port\u00e1til Hp 240G7 Celeron N4020 8GB 1t Linux 14p &#8211; 223Y6LT","date":"31 de agosto de 2021","format":false,"excerpt":"Procesador: Intel Celeron N4020 1.10 GHz Memoria Ram: 8GB DDR4 a 2400 mhz Disco duro: 1TB SATA 7200 RPM Sistema operativo: Freedos (sin sistema operativo) Pantalla: 14 \"hd (1366 x 768) Conexi\u00f3n: wifi, bluetooth C\u00e1mara: Si Audio: Altavoces est\u00e9reos Color: gris oscuro Dimensiones: 33,5 x 23,4 x 1,99 cm Peso:\u2026","rel":"","context":"Entrada similar","img":{"alt_text":"","src":"https:\/\/i1.wp.com\/garrcorpcomputer.com\/wp-content\/uploads\/2021\/08\/portatil-6-1.png?fit=321%2C222&ssl=1&resize=350%2C200","width":350,"height":200},"classes":[]},{"id":4437,"url":"https:\/\/garrcorpcomputer.com\/index.php\/producto\/portatil-hp-240-g7-celeron-n4020-4gb-500-gb-linux-1m9u3lt\/","url_meta":{"origin":4466,"position":1},"title":"Port\u00e1til Hp 240 G7 Celeron N4020 4GB 500 GB Linux-1M9U3LT","date":"31 de agosto de 2021","format":false,"excerpt":"Procesador: Intel Celeron N4020 1.10 GHz Memoria Ram: 4GB DDR4 a 2400 mhz Disco duro: 500 GB Sistema operativo: Linux Fedora Pantalla: 14 \"hd (1366 x 768) Conexi\u00f3n: wifi, bluetooth C\u00e1mara: Si Audio: Altavoces est\u00e9reos Color: gris oscuro Dimensiones: 33,5 x 23,4 x 1,99 cm Peso: 1,52 kg aproximadamente Bater\u00eda:\u2026","rel":"","context":"Entrada similar","img":{"alt_text":"","src":"https:\/\/i2.wp.com\/garrcorpcomputer.com\/wp-content\/uploads\/2021\/08\/portatil-2.png?fit=302%2C231&ssl=1&resize=350%2C200","width":350,"height":200},"classes":[]},{"id":4460,"url":"https:\/\/garrcorpcomputer.com\/index.php\/producto\/portatil-hp-240-g7-celeron-n4020-4gb-500gb-linux-1m9u3lt\/","url_meta":{"origin":4466,"position":2},"title":"Port\u00e1til Hp 240 G7 Celeron N4020 4GB 500GB Linux-1M9U3LT","date":"31 de agosto de 2021","format":false,"excerpt":"Procesador: Intel Celeron N4020 1.10 GHz Memoria Ram: 4GB DDR4 a 2400 mhz Disco duro: 500 GB Sistema operativo: Linux Fedora Pantalla: 14 \"hd (1366 x 768) Conexi\u00f3n: wifi, bluetooth C\u00e1mara: Si Audio: Altavoces est\u00e9reos Color: gris oscuro Dimensiones: 33,5 x 23,4 x 1,99 cm Peso: 1,52 kg Aproximadamente Bater\u00eda:\u2026","rel":"","context":"Entrada similar","img":{"alt_text":"","src":"","width":0,"height":0},"classes":[]},{"id":5439,"url":"https:\/\/garrcorpcomputer.com\/index.php\/producto\/portatil-hp-14-dk1018la-2\/","url_meta":{"origin":4466,"position":3},"title":"Port\u00e1til HP 240 G7","date":"7 de septiembre de 2021","format":false,"excerpt":"Consultar disponibilidad","rel":"","context":"Entrada similar","img":{"alt_text":"","src":"https:\/\/i0.wp.com\/garrcorpcomputer.com\/wp-content\/uploads\/2021\/09\/portatil-13.png?fit=302%2C219&ssl=1&resize=350%2C200","width":350,"height":200},"classes":[]},{"id":5464,"url":"https:\/\/garrcorpcomputer.com\/index.php\/producto\/portatil-hp-245-g7-2\/","url_meta":{"origin":4466,"position":4},"title":"Port\u00e1til HP 245 G7 3G573LT","date":"7 de septiembre de 2021","format":false,"excerpt":"Consultar disponibilidad","rel":"","context":"Entrada similar","img":{"alt_text":"","src":"https:\/\/i2.wp.com\/garrcorpcomputer.com\/wp-content\/uploads\/2021\/09\/portatil-19.png?fit=282%2C213&ssl=1&resize=350%2C200","width":350,"height":200},"classes":[]},{"id":6117,"url":"https:\/\/garrcorpcomputer.com\/index.php\/producto\/equipo-power-group-g10380hsm\/","url_meta":{"origin":4466,"position":5},"title":"EQUIPO POWER GROUP G10380HSM","date":"29 de abril de 2022","format":false,"excerpt":"EQUIPO POWER GROUP G10380HSM Caja ATX: X08 Procesador: INTEL CORE I3-10105 3.70GHZ Board: ASUS PRIME H410M-E Memoria: ADATA XPG GAMMIX D10 8GB DDR4 3000MHZ Almacenamiento: SSD HP 250GB M.2 PCIe Combo: Teclado y mouse OS: LINUX Monitor: ACER V206HQL 19.5\" HDMI","rel":"","context":"Con 2 comentarios","img":{"alt_text":"","src":"","width":0,"height":0},"classes":[]}],"jetpack_sharing_enabled":true,"_links":{"self":[{"href":"https:\/\/garrcorpcomputer.com\/index.php\/wp-json\/wp\/v2\/product\/4466"}],"collection":[{"href":"https:\/\/garrcorpcomputer.com\/index.php\/wp-json\/wp\/v2\/product"}],"about":[{"href":"https:\/\/garrcorpcomputer.com\/index.php\/wp-json\/wp\/v2\/types\/product"}],"replies":[{"embeddable":true,"href":"https:\/\/garrcorpcomputer.com\/index.php\/wp-json\/wp\/v2\/comments?post=4466"}],"version-history":[{"count":0,"href":"https:\/\/garrcorpcomputer.com\/index.php\/wp-json\/wp\/v2\/product\/4466\/revisions"}],"wp:featuredmedia":[{"embeddable":true,"href":"https:\/\/garrcorpcomputer.com\/index.php\/wp-json\/wp\/v2\/media\/4467"}],"wp:attachment":[{"href":"https:\/\/garrcorpcomputer.com\/index.php\/wp-json\/wp\/v2\/media?parent=4466"}],"wp:term":[{"taxonomy":"product_cat","embeddable":true,"href":"https:\/\/garrcorpcomputer.com\/index.php\/wp-json\/wp\/v2\/product_cat?post=4466"},{"taxonomy":"product_tag","embeddable":true,"href":"https:\/\/garrcorpcomputer.com\/index.php\/wp-json\/wp\/v2\/product_tag?post=4466"}],"curies":[{"name":"wp","href":"https:\/\/api.w.org\/{rel}","templated":true}]}}