{"id":4472,"date":"2021-08-31T18:27:15","date_gmt":"2021-08-31T23:27:15","guid":{"rendered":"https:\/\/garrcorpcomputer.com\/?post_type=product&#038;p=4472"},"modified":"2021-08-31T20:58:58","modified_gmt":"2021-09-01T01:58:58","slug":"portatil-hp-14-cf3049la-core5-1035g1-4gb-256gb-solido-linux-18v59la","status":"publish","type":"product","link":"https:\/\/garrcorpcomputer.com\/index.php\/producto\/portatil-hp-14-cf3049la-core5-1035g1-4gb-256gb-solido-linux-18v59la\/","title":{"rendered":"Port\u00e1til Hp 14-cf3049la Core\u00a15 1035g1 4GB 256GB solido Linux-18V59LA"},"content":{"rendered":"<ul>\n<li><span style=\"vertical-align: inherit;\"><span style=\"vertical-align: inherit;\">Procesador: Intel Core i5-1035G1 a 1,00 GHz<\/span><\/span><\/li>\n<li><span style=\"vertical-align: inherit;\"><span style=\"vertical-align: inherit;\">Memoria: 4GB DDR4<\/span><\/span><\/li>\n<li><span style=\"vertical-align: inherit;\"><span style=\"vertical-align: inherit;\">Almacenamiento: 256 SSD<\/span><\/span><\/li>\n<li><span style=\"vertical-align: inherit;\"><span style=\"vertical-align: inherit;\">Pantalla: 14 \u00ab1366 x 768<\/span><\/span><\/li>\n<li><span style=\"vertical-align: inherit;\"><span style=\"vertical-align: inherit;\">Sistema Operativo: Linux<\/span><\/span><\/li>\n<li><span style=\"vertical-align: inherit;\"><span style=\"vertical-align: inherit;\">Unidad DVD: No<\/span><\/span><\/li>\n<li><span style=\"vertical-align: inherit;\"><span style=\"vertical-align: inherit;\">Color: Gris<\/span><\/span><\/li>\n<li><span style=\"vertical-align: inherit;\"><span style=\"vertical-align: inherit;\">Dimensiones: 32,4 x 22,59 x 1,99 cm<\/span><\/span><\/li>\n<li><span style=\"vertical-align: inherit;\"><span style=\"vertical-align: inherit;\">Peso: 1,52 kg Aproximadamente<\/span><\/span><\/li>\n<li><span style=\"vertical-align: inherit;\"><span style=\"vertical-align: inherit;\">Puertos: <\/span><\/span><br \/>\n<span style=\"vertical-align: inherit;\"><span style=\"vertical-align: inherit;\">1 USB Type-C <\/span><\/span><br \/>\n<span style=\"vertical-align: inherit;\"><span style=\"vertical-align: inherit;\">2 USB <\/span><\/span><br \/>\n<span style=\"vertical-align: inherit;\"><span style=\"vertical-align: inherit;\">1 HDMI 1.4b <\/span><\/span><br \/>\n<span style=\"vertical-align: inherit;\"><span style=\"vertical-align: inherit;\">1 RJ-45 <\/span><\/span><br \/>\n<span style=\"vertical-align: inherit;\"><span style=\"vertical-align: inherit;\">1 conector inteligente CA <\/span><\/span><br \/>\n<span style=\"vertical-align: inherit;\"><span style=\"vertical-align: inherit;\">1 combinaci\u00f3n de auriculares y micr\u00f3fono<\/span><\/span><\/li>\n<\/ul>\n","protected":false},"excerpt":{"rendered":"<p>Procesador: Intel Core i5-1035G1 a 1,00 GHz Memoria: 4GB DDR4 Almacenamiento: 256 SSD Pantalla: 14 \u00ab1366 x 768 Sistema Operativo: Linux Unidad DVD: No Color: Gris Dimensiones: 32,4 x 22,59 x 1,99 cm Peso: 1,52 kg Aproximadamente Puertos: 1 USB Type-C 2 USB 1 HDMI 1.4b 1 RJ-45 1 conector inteligente CA 1 combinaci\u00f3n de &hellip;<\/p>\n<p class=\"read-more\"> <a class=\"\" href=\"https:\/\/garrcorpcomputer.com\/index.php\/producto\/portatil-hp-14-cf3049la-core5-1035g1-4gb-256gb-solido-linux-18v59la\/\"> <span class=\"screen-reader-text\">Port\u00e1til Hp 14-cf3049la Core\u00a15 1035g1 4GB 256GB solido Linux-18V59LA<\/span> Leer m\u00e1s &raquo;<\/a><\/p>\n","protected":false},"featured_media":4473,"comment_status":"closed","ping_status":"closed","template":"","meta":{"om_disable_all_campaigns":false,"_mi_skip_tracking":false,"spay_email":"","jetpack_publicize_message":"","jetpack_is_tweetstorm":false},"product_cat":[20,75],"product_tag":[],"jetpack_publicize_connections":[],"jetpack-related-posts":[{"id":4445,"url":"https:\/\/garrcorpcomputer.com\/index.php\/producto\/portatil-asus-x509ua-ej345-core3-7020u-4gb-256gb-ssd-linux-m05910\/","url_meta":{"origin":4472,"position":0},"title":"Port\u00e1til Asus X509ua-ej345 Core!3- 7020u 4GB 256Gb Ssd Linux-M05910","date":"31 de agosto de 2021","format":false,"excerpt":"Procesador: Intel Core i3 7020U 2 N\u00facleos (DualCore) 2.30 GHz \u00a0Gr\u00e1ficos: Integrados Gr\u00e1ficos HD Intel\u00ae 620 Memoria RAM: 4GB OnBoard DDR4 2400 MHz Sistema operativo: Linux Disco Duro: 256GB SSD Conexi\u00f3n M2 PCIe Pantalla: 15.6 Pulgadas Full HD (1920 * 1080) con Bordes Reducidos (Nano Edge) Conectividad: Wi-Fi 5 (802.11\u2026","rel":"","context":"Entrada similar","img":{"alt_text":"","src":"https:\/\/i1.wp.com\/garrcorpcomputer.com\/wp-content\/uploads\/2021\/08\/portatil-1-1.png?fit=391%2C263&ssl=1&resize=350%2C200","width":350,"height":200},"classes":[]},{"id":4437,"url":"https:\/\/garrcorpcomputer.com\/index.php\/producto\/portatil-hp-240-g7-celeron-n4020-4gb-500-gb-linux-1m9u3lt\/","url_meta":{"origin":4472,"position":1},"title":"Port\u00e1til Hp 240 G7 Celeron N4020 4GB 500 GB Linux-1M9U3LT","date":"31 de agosto de 2021","format":false,"excerpt":"Procesador: Intel Celeron N4020 1.10 GHz Memoria Ram: 4GB DDR4 a 2400 mhz Disco duro: 500 GB Sistema operativo: Linux Fedora Pantalla: 14 \"hd (1366 x 768) Conexi\u00f3n: wifi, bluetooth C\u00e1mara: Si Audio: Altavoces est\u00e9reos Color: gris oscuro Dimensiones: 33,5 x 23,4 x 1,99 cm Peso: 1,52 kg aproximadamente Bater\u00eda:\u2026","rel":"","context":"Entrada similar","img":{"alt_text":"","src":"https:\/\/i2.wp.com\/garrcorpcomputer.com\/wp-content\/uploads\/2021\/08\/portatil-2.png?fit=302%2C231&ssl=1&resize=350%2C200","width":350,"height":200},"classes":[]},{"id":4460,"url":"https:\/\/garrcorpcomputer.com\/index.php\/producto\/portatil-hp-240-g7-celeron-n4020-4gb-500gb-linux-1m9u3lt\/","url_meta":{"origin":4472,"position":2},"title":"Port\u00e1til Hp 240 G7 Celeron N4020 4GB 500GB Linux-1M9U3LT","date":"31 de agosto de 2021","format":false,"excerpt":"Procesador: Intel Celeron N4020 1.10 GHz Memoria Ram: 4GB DDR4 a 2400 mhz Disco duro: 500 GB Sistema operativo: Linux Fedora Pantalla: 14 \"hd (1366 x 768) Conexi\u00f3n: wifi, bluetooth C\u00e1mara: Si Audio: Altavoces est\u00e9reos Color: gris oscuro Dimensiones: 33,5 x 23,4 x 1,99 cm Peso: 1,52 kg Aproximadamente Bater\u00eda:\u2026","rel":"","context":"Entrada similar","img":{"alt_text":"","src":"","width":0,"height":0},"classes":[]},{"id":4450,"url":"https:\/\/garrcorpcomputer.com\/index.php\/producto\/portatil-lenovo-thinkbook-14-core-i3-10110u-4gb-1tera-w10h-licencia-kaspersky-20rv00qulm\/","url_meta":{"origin":4472,"position":3},"title":"Portatil Lenovo Thinkbook 14 Core I3 10110u 4GB 1tera W10h + licencia kaspersky &#8211; 20RV00QULm","date":"31 de agosto de 2021","format":false,"excerpt":"\u00a0 \u00a0","rel":"","context":"Entrada similar","img":{"alt_text":"","src":"https:\/\/i1.wp.com\/garrcorpcomputer.com\/wp-content\/uploads\/2021\/08\/portatil-3.png?fit=371%2C246&ssl=1&resize=350%2C200","width":350,"height":200},"classes":[]},{"id":4475,"url":"https:\/\/garrcorpcomputer.com\/index.php\/producto\/portatil-hp-15-dw1057la-core3-10110u-15-4gb-1tb-win-10-h-2a4q5la\/","url_meta":{"origin":4472,"position":4},"title":"Port\u00e1til Hp 15-dw1057la Core\u00a13-10110u 15 4GB 1tb Win 10 h-2A4Q5LA","date":"31 de agosto de 2021","format":false,"excerpt":"Procesador: Intel Core i3-10110u a 2,10 GHz Memoria: 4GB de SDRAM DDR4-2666 (1 x 4 GB) Almacenamiento: 1TB HDD 5400rpm Pantalla: 15,6 \"(1366 x 768) Sistema Operativo: Windows 10 Home Unidad DVD: No Conectividad: Wifi-Bluetooth Color: negro Dimensiones: 35,85 x 24,2 x 1,99 cm Peso: 1,74 kg Aproximadamente Bater\u00eda: Iones\u2026","rel":"","context":"Entrada similar","img":{"alt_text":"","src":"https:\/\/i1.wp.com\/garrcorpcomputer.com\/wp-content\/uploads\/2021\/08\/portatil-10.png?fit=404%2C224&ssl=1&resize=350%2C200","width":350,"height":200},"classes":[]},{"id":4457,"url":"https:\/\/garrcorpcomputer.com\/index.php\/producto\/portatil-hp-15-da2027la-core5-10210u-4gb-256gb-m-2-freedos-2c6z2la\/","url_meta":{"origin":4472,"position":5},"title":"Port\u00e1til Hp 15-da2027la Core\u00a15 10210u 4GB 256GB M.2 Freedos-2C6Z2LA","date":"31 de agosto de 2021","format":false,"excerpt":"Procesador: Intel Core i5 10210U Quad Core 1.60 GHz a 4.20 GHz Memoria: 4 GB de SDRAM DDR4-2666 (1 x 4 GB) Almacenamiento: SSD 256GB DDR4-2666 Conexi\u00f3n M2 Gr\u00e1ficos: Gr\u00e1ficos Intel\u00ae UHD Pantalla: 15,6 \"en diagonal, HD (1366 x 768), BrightView, 220 nits, 45% NTSC Sistema Operativo: Free DOS (Sin\u2026","rel":"","context":"Entrada similar","img":{"alt_text":"","src":"https:\/\/i0.wp.com\/garrcorpcomputer.com\/wp-content\/uploads\/2021\/08\/portatil-5.png?fit=400%2C202&ssl=1&resize=350%2C200","width":350,"height":200},"classes":[]}],"jetpack_sharing_enabled":true,"_links":{"self":[{"href":"https:\/\/garrcorpcomputer.com\/index.php\/wp-json\/wp\/v2\/product\/4472"}],"collection":[{"href":"https:\/\/garrcorpcomputer.com\/index.php\/wp-json\/wp\/v2\/product"}],"about":[{"href":"https:\/\/garrcorpcomputer.com\/index.php\/wp-json\/wp\/v2\/types\/product"}],"replies":[{"embeddable":true,"href":"https:\/\/garrcorpcomputer.com\/index.php\/wp-json\/wp\/v2\/comments?post=4472"}],"version-history":[{"count":0,"href":"https:\/\/garrcorpcomputer.com\/index.php\/wp-json\/wp\/v2\/product\/4472\/revisions"}],"wp:featuredmedia":[{"embeddable":true,"href":"https:\/\/garrcorpcomputer.com\/index.php\/wp-json\/wp\/v2\/media\/4473"}],"wp:attachment":[{"href":"https:\/\/garrcorpcomputer.com\/index.php\/wp-json\/wp\/v2\/media?parent=4472"}],"wp:term":[{"taxonomy":"product_cat","embeddable":true,"href":"https:\/\/garrcorpcomputer.com\/index.php\/wp-json\/wp\/v2\/product_cat?post=4472"},{"taxonomy":"product_tag","embeddable":true,"href":"https:\/\/garrcorpcomputer.com\/index.php\/wp-json\/wp\/v2\/product_tag?post=4472"}],"curies":[{"name":"wp","href":"https:\/\/api.w.org\/{rel}","templated":true}]}}