{"id":4475,"date":"2021-08-31T18:34:49","date_gmt":"2021-08-31T23:34:49","guid":{"rendered":"https:\/\/garrcorpcomputer.com\/?post_type=product&#038;p=4475"},"modified":"2021-08-31T20:58:26","modified_gmt":"2021-09-01T01:58:26","slug":"portatil-hp-15-dw1057la-core3-10110u-15-4gb-1tb-win-10-h-2a4q5la","status":"publish","type":"product","link":"https:\/\/garrcorpcomputer.com\/index.php\/producto\/portatil-hp-15-dw1057la-core3-10110u-15-4gb-1tb-win-10-h-2a4q5la\/","title":{"rendered":"Port\u00e1til Hp 15-dw1057la Core\u00a13-10110u 15 4GB 1tb Win 10 h-2A4Q5LA"},"content":{"rendered":"<ul>\n<li><span style=\"vertical-align: inherit;\"><span style=\"vertical-align: inherit;\">Procesador: Intel Core i3-10110u a 2,10 GHz<\/span><\/span><\/li>\n<li><span style=\"vertical-align: inherit;\"><span style=\"vertical-align: inherit;\">Memoria: 4GB de SDRAM DDR4-2666 (1 x 4 GB)<\/span><\/span><\/li>\n<li><span style=\"vertical-align: inherit;\"><span style=\"vertical-align: inherit;\">Almacenamiento: 1TB HDD 5400rpm<\/span><\/span><\/li>\n<li><span style=\"vertical-align: inherit;\"><span style=\"vertical-align: inherit;\">Pantalla: 15,6 \u00ab(1366 x 768)<\/span><\/span><\/li>\n<li><span style=\"vertical-align: inherit;\"><span style=\"vertical-align: inherit;\">Sistema Operativo: Windows 10 Home<\/span><\/span><\/li>\n<li><span style=\"vertical-align: inherit;\"><span style=\"vertical-align: inherit;\">Unidad DVD: No<\/span><\/span><\/li>\n<li><span style=\"vertical-align: inherit;\"><span style=\"vertical-align: inherit;\">Conectividad: Wifi-Bluetooth<\/span><\/span><\/li>\n<li><span style=\"vertical-align: inherit;\"><span style=\"vertical-align: inherit;\">Color: negro<\/span><\/span><\/li>\n<li><span style=\"vertical-align: inherit;\"><span style=\"vertical-align: inherit;\">Dimensiones: 35,85 x 24,2 x 1,99 cm<\/span><\/span><\/li>\n<li><span style=\"vertical-align: inherit;\"><span style=\"vertical-align: inherit;\">Peso: 1,74 kg Aproximadamente<\/span><\/span><\/li>\n<li><span style=\"vertical-align: inherit;\"><span style=\"vertical-align: inherit;\">Bater\u00eda: Iones de litio de 3 celdas y 41 Wh<\/span><\/span><\/li>\n<li><span style=\"vertical-align: inherit;\"><span style=\"vertical-align: inherit;\">Puertos: <\/span><\/span><br \/>\n<span style=\"vertical-align: inherit;\"><span style=\"vertical-align: inherit;\">1 x USB SuperSpeed \u200b\u200bType-C\u00ae de 5 Gbps Velocidad de se\u00f1alizaci\u00f3n <\/span><\/span><br \/>\n<span style=\"vertical-align: inherit;\"><span style=\"vertical-align: inherit;\">2 x USB SuperSpeed \u200b\u200bType-A de 5 Gbps Velocidad de se\u00f1alizaci\u00f3n; <\/span><\/span><br \/>\n<span style=\"vertical-align: inherit;\"><span style=\"vertical-align: inherit;\">1 x HDMI 1.4b <\/span><\/span><br \/>\n<span style=\"vertical-align: inherit;\"><span style=\"vertical-align: inherit;\">1 x RJ-45; <\/span><\/span><br \/>\n<span style=\"vertical-align: inherit;\"><span style=\"vertical-align: inherit;\">1 x pin de CA inteligente <\/span><\/span><br \/>\n<span style=\"vertical-align: inherit;\"><span style=\"vertical-align: inherit;\">1 x combinaci\u00f3n de auriculares y micr\u00f3fono <\/span><\/span><br \/>\n<span style=\"vertical-align: inherit;\"><span style=\"vertical-align: inherit;\">Incluye 1 Licencia internet Security 1 Dispositivo 1 A\u00f1o<\/span><\/span><\/li>\n<\/ul>\n","protected":false},"excerpt":{"rendered":"<p>Procesador: Intel Core i3-10110u a 2,10 GHz Memoria: 4GB de SDRAM DDR4-2666 (1 x 4 GB) Almacenamiento: 1TB HDD 5400rpm Pantalla: 15,6 \u00ab(1366 x 768) Sistema Operativo: Windows 10 Home Unidad DVD: No Conectividad: Wifi-Bluetooth Color: negro Dimensiones: 35,85 x 24,2 x 1,99 cm Peso: 1,74 kg Aproximadamente Bater\u00eda: Iones de litio de 3 celdas &hellip;<\/p>\n<p class=\"read-more\"> <a class=\"\" href=\"https:\/\/garrcorpcomputer.com\/index.php\/producto\/portatil-hp-15-dw1057la-core3-10110u-15-4gb-1tb-win-10-h-2a4q5la\/\"> <span class=\"screen-reader-text\">Port\u00e1til Hp 15-dw1057la Core\u00a13-10110u 15 4GB 1tb Win 10 h-2A4Q5LA<\/span> Leer m\u00e1s &raquo;<\/a><\/p>\n","protected":false},"featured_media":4476,"comment_status":"closed","ping_status":"closed","template":"","meta":{"om_disable_all_campaigns":false,"_mi_skip_tracking":false,"spay_email":"","jetpack_publicize_message":"","jetpack_is_tweetstorm":false},"product_cat":[20,75],"product_tag":[],"jetpack_publicize_connections":[],"jetpack-related-posts":[{"id":4450,"url":"https:\/\/garrcorpcomputer.com\/index.php\/producto\/portatil-lenovo-thinkbook-14-core-i3-10110u-4gb-1tera-w10h-licencia-kaspersky-20rv00qulm\/","url_meta":{"origin":4475,"position":0},"title":"Portatil Lenovo Thinkbook 14 Core I3 10110u 4GB 1tera W10h + licencia kaspersky &#8211; 20RV00QULm","date":"31 de agosto de 2021","format":false,"excerpt":"\u00a0 \u00a0","rel":"","context":"Entrada similar","img":{"alt_text":"","src":"https:\/\/i1.wp.com\/garrcorpcomputer.com\/wp-content\/uploads\/2021\/08\/portatil-3.png?fit=371%2C246&ssl=1&resize=350%2C200","width":350,"height":200},"classes":[]},{"id":4478,"url":"https:\/\/garrcorpcomputer.com\/index.php\/producto\/portatil-hp-15-da2025la-core3-10110u-4gb-256gb-win-10-pro-2c6y7laabm\/","url_meta":{"origin":4475,"position":1},"title":"Port\u00e1til Hp 15-da2025la Core\u00a13 10110u 4GB 256GB Win 10 Pro-2C6Y7LA#ABM","date":"31 de agosto de 2021","format":false,"excerpt":"Procesador: Intel Core i3-10110U frecuencia base de 2,1 Ghz Memoria: 4 GB de SDRAM DDR4-2666 (1 x 4 GB) Almacenamiento: SSD de 256 Gb Gr\u00e1ficos: Gr\u00e1ficos Intel\u00ae UHD Pantalla: 15,6 \"en diagonal, HD (1366 x 768), BrightView, 220 nits, 45% NTSC Sistema Operativo: Windows 10 Pro C\u00e1mara: C\u00e1mara web con\u2026","rel":"","context":"Entrada similar","img":{"alt_text":"","src":"https:\/\/i0.wp.com\/garrcorpcomputer.com\/wp-content\/uploads\/2021\/08\/portatil-11.png?fit=322%2C220&ssl=1&resize=350%2C200","width":350,"height":200},"classes":[]},{"id":4469,"url":"https:\/\/garrcorpcomputer.com\/index.php\/producto\/portatil-hp-15-da2025la-core3-10110u-4gb-256gb-freedos-2c6y7la\/","url_meta":{"origin":4475,"position":2},"title":"Port\u00e1til Hp 15-da2025la Core\u00a13 10110u 4GB 256GB Freedos &#8211; 2C6Y7LA","date":"31 de agosto de 2021","format":false,"excerpt":"Procesador: Intel Core i3-10110U frecuencia base de 2,1 Ghz Memoria: 4 GB de SDRAM DDR4-2666 (1 x 4 GB) Almacenamiento: SSD de 256 Gb Gr\u00e1ficos: Gr\u00e1ficos Intel\u00ae UHD Pantalla: 15,6 \"en diagonal, HD (1366 x 768), BrightView, 220 nits, 45% NTSC Sistema Operativo: Free DOS (Sin sistema operativo) C\u00e1mara: C\u00e1mara\u2026","rel":"","context":"Entrada similar","img":{"alt_text":"","src":"https:\/\/i2.wp.com\/garrcorpcomputer.com\/wp-content\/uploads\/2021\/08\/portatil-8.png?fit=322%2C214&ssl=1&resize=350%2C200","width":350,"height":200},"classes":[]},{"id":5456,"url":"https:\/\/garrcorpcomputer.com\/index.php\/producto\/portatil-240g7\/","url_meta":{"origin":4475,"position":3},"title":"Port\u00e1til 240G7","date":"7 de septiembre de 2021","format":false,"excerpt":"Consultar disponibilidad","rel":"","context":"Entrada similar","img":{"alt_text":"","src":"https:\/\/i2.wp.com\/garrcorpcomputer.com\/wp-content\/uploads\/2021\/09\/portatil-17.png?fit=292%2C213&ssl=1&resize=350%2C200","width":350,"height":200},"classes":[]},{"id":5431,"url":"https:\/\/garrcorpcomputer.com\/index.php\/producto\/portatil-hp-14-dk1018la\/","url_meta":{"origin":4475,"position":4},"title":"Port\u00e1til HP 14-DK1018LA","date":"7 de septiembre de 2021","format":false,"excerpt":"Consultar disponibilidad","rel":"","context":"Entrada similar","img":{"alt_text":"","src":"https:\/\/i1.wp.com\/garrcorpcomputer.com\/wp-content\/uploads\/2021\/09\/portatil-12-1.png?fit=293%2C211&ssl=1&resize=350%2C200","width":350,"height":200},"classes":[]},{"id":4457,"url":"https:\/\/garrcorpcomputer.com\/index.php\/producto\/portatil-hp-15-da2027la-core5-10210u-4gb-256gb-m-2-freedos-2c6z2la\/","url_meta":{"origin":4475,"position":5},"title":"Port\u00e1til Hp 15-da2027la Core\u00a15 10210u 4GB 256GB M.2 Freedos-2C6Z2LA","date":"31 de agosto de 2021","format":false,"excerpt":"Procesador: Intel Core i5 10210U Quad Core 1.60 GHz a 4.20 GHz Memoria: 4 GB de SDRAM DDR4-2666 (1 x 4 GB) Almacenamiento: SSD 256GB DDR4-2666 Conexi\u00f3n M2 Gr\u00e1ficos: Gr\u00e1ficos Intel\u00ae UHD Pantalla: 15,6 \"en diagonal, HD (1366 x 768), BrightView, 220 nits, 45% NTSC Sistema Operativo: Free DOS (Sin\u2026","rel":"","context":"Entrada similar","img":{"alt_text":"","src":"https:\/\/i0.wp.com\/garrcorpcomputer.com\/wp-content\/uploads\/2021\/08\/portatil-5.png?fit=400%2C202&ssl=1&resize=350%2C200","width":350,"height":200},"classes":[]}],"jetpack_sharing_enabled":true,"_links":{"self":[{"href":"https:\/\/garrcorpcomputer.com\/index.php\/wp-json\/wp\/v2\/product\/4475"}],"collection":[{"href":"https:\/\/garrcorpcomputer.com\/index.php\/wp-json\/wp\/v2\/product"}],"about":[{"href":"https:\/\/garrcorpcomputer.com\/index.php\/wp-json\/wp\/v2\/types\/product"}],"replies":[{"embeddable":true,"href":"https:\/\/garrcorpcomputer.com\/index.php\/wp-json\/wp\/v2\/comments?post=4475"}],"version-history":[{"count":0,"href":"https:\/\/garrcorpcomputer.com\/index.php\/wp-json\/wp\/v2\/product\/4475\/revisions"}],"wp:featuredmedia":[{"embeddable":true,"href":"https:\/\/garrcorpcomputer.com\/index.php\/wp-json\/wp\/v2\/media\/4476"}],"wp:attachment":[{"href":"https:\/\/garrcorpcomputer.com\/index.php\/wp-json\/wp\/v2\/media?parent=4475"}],"wp:term":[{"taxonomy":"product_cat","embeddable":true,"href":"https:\/\/garrcorpcomputer.com\/index.php\/wp-json\/wp\/v2\/product_cat?post=4475"},{"taxonomy":"product_tag","embeddable":true,"href":"https:\/\/garrcorpcomputer.com\/index.php\/wp-json\/wp\/v2\/product_tag?post=4475"}],"curies":[{"name":"wp","href":"https:\/\/api.w.org\/{rel}","templated":true}]}}